{"id":20,"date":"2021-02-08T19:25:37","date_gmt":"2021-02-08T18:25:37","guid":{"rendered":"https:\/\/hosekra.com\/containers\/?page_id=20"},"modified":"2021-02-09T21:15:43","modified_gmt":"2021-02-09T20:15:43","slug":"container-eigenschaften","status":"publish","type":"page","link":"https:\/\/hosekra.com\/containers\/uber-containers\/container-eigenschaften\/","title":{"rendered":"Container Eigenschaften"},"content":{"rendered":"<h2>Zusammenbau<\/h2>\n<p>Alle Hosekra-\tContainer bestehen aus verzinkten Metallelementen, was eine lange Lebensdauer bedeutet, praktisch ohne Wartung. F\u00fcr den Boden sorgen 13 angeordnete verzinkte Profile, die daf\u00fcr sorgen, dass der Container vom Boden abgehoben ist. Auf die Profile wird 5 cm Isolierung gelegt, und OSB-Platten drauf geschraubt,  um einen stabilen, starken, flachen Boden zu bilden. \u00dcber den OSB-Platten wird noch ein hochwertiger Vinylbodenbelag aufgeklebt. Die Konstruktion der Container besteht aus verzinkten Profilen, die mit hochwertigen Isolierplatten- Paneelen (5cm) abgedeckt sind. Der Container (Boden, W\u00e4nde, Dach) ist vollst\u00e4ndig isoliert. Mit PVC Fenster und T\u00fcren. Im Inneren befindet sich eine elektrische Standardverkabelung mit einem Schaltschrank, einer Steckdose und einer Deckenleuchte. <\/p>\n<h2>Vorteile<\/h2>\n<p>Erstklassige Verarbeitung aus hochwertigen Materialien machen Hosekra-Container praktisch wartungsfrei, die sowohl f\u00fcr zu Hause als auch f\u00fcr Produktion, f\u00fcr \u00f6ffentliche Bereiche, auf Baustellen, neben \u00f6ffentlichen Geb\u00e4uden, f\u00fcr B\u00fcros, f\u00fcr Lager, f\u00fcr private Ecken, f\u00fcr eine praktische Werkstatt geeignet sind. Wir liefern den Container montiert und fertig zum Zustellungsort, wir entladen es in etwa einer halben Stunde. Der Container ist w\u00e4rmeisoliert und kann sowohl im Sommer als auch im Winter verwendet werden. Im Fall von Container Verschiebung machen wir das ganz einfach und ohne Probleme.<\/p>\n<h2>Gr\u00f6\u00dfen<\/h2>\n<p>Wir sind sehr flexibel in Bezug auf die Containergr\u00f6\u00dfe. Die h\u00e4ufigste Ma\u00dfe, die sich als am n\u00fctzlichsten erwiesen hat, ist die L\u00e4nge 6 m x Breite 2,3 m x H\u00f6he 2,3 m. Selbstverst\u00e4ndlich k\u00f6nnen wir die Ma\u00dfen auch nach Kundenwunsch anpassen, so dass die maximale L\u00e4nge 8 m, die Breite 2,5 m und die H\u00f6he 2,8 m betr\u00e4gt. Wenn der Kunde einen kleineren Container ben\u00f6tigt, k\u00f6nnen wir nach Wunsch auch einen herstellen. Falls der gr\u00f6\u00dfte Container nicht ausreicht, k\u00f6nnen wir 2 Container zusammen verbinden als Doppelcontainer.<\/p>\n","protected":false},"excerpt":{"rendered":"<p>Zusammenbau Alle Hosekra- Container bestehen aus verzinkten Metallelementen, was eine lange Lebensdauer bedeutet, praktisch ohne Wartung. F\u00fcr den Boden sorgen 13 angeordnete verzinkte Profile, die daf\u00fcr sorgen, dass der Container vom Boden abgehoben ist. Auf die Profile wird 5 cm Isolierung gelegt, und OSB-Platten drauf geschraubt, um einen stabilen, starken, flachen Boden zu bilden. \u00dcber [&hellip;]<\/p>\n","protected":false},"author":1,"featured_media":0,"parent":2,"menu_order":0,"comment_status":"closed","ping_status":"closed","template":"page-with-sidebar.php","meta":{"ngg_post_thumbnail":0,"footnotes":""},"class_list":["post-20","page","type-page","status-publish","hentry"],"_links":{"self":[{"href":"https:\/\/hosekra.com\/containers\/wp-json\/wp\/v2\/pages\/20","targetHints":{"allow":["GET"]}}],"collection":[{"href":"https:\/\/hosekra.com\/containers\/wp-json\/wp\/v2\/pages"}],"about":[{"href":"https:\/\/hosekra.com\/containers\/wp-json\/wp\/v2\/types\/page"}],"author":[{"embeddable":true,"href":"https:\/\/hosekra.com\/containers\/wp-json\/wp\/v2\/users\/1"}],"replies":[{"embeddable":true,"href":"https:\/\/hosekra.com\/containers\/wp-json\/wp\/v2\/comments?post=20"}],"version-history":[{"count":3,"href":"https:\/\/hosekra.com\/containers\/wp-json\/wp\/v2\/pages\/20\/revisions"}],"predecessor-version":[{"id":126,"href":"https:\/\/hosekra.com\/containers\/wp-json\/wp\/v2\/pages\/20\/revisions\/126"}],"up":[{"embeddable":true,"href":"https:\/\/hosekra.com\/containers\/wp-json\/wp\/v2\/pages\/2"}],"wp:attachment":[{"href":"https:\/\/hosekra.com\/containers\/wp-json\/wp\/v2\/media?parent=20"}],"curies":[{"name":"wp","href":"https:\/\/api.w.org\/{rel}","templated":true}]}}