{"id":14,"date":"2024-06-17T20:58:30","date_gmt":"2024-06-17T18:58:30","guid":{"rendered":"https:\/\/hosekra.com\/living\/?page_id=14"},"modified":"2025-11-27T20:51:53","modified_gmt":"2025-11-27T19:51:53","slug":"vikend-mountain","status":"publish","type":"page","link":"https:\/\/hosekra.com\/modular\/modeli\/vikend-mountain\/","title":{"rendered":"Vikend Mountain"},"content":{"rendered":"<p class=\"lead text-uppercase\">Nova destinacija za sodobno, prilagodljivo bivanje.<\/p>\n<p>Predstavljamo vam Hosekra Modular bivalni vikend Mountain, najnovej\u0161i produkt v na\u0161i liniji, ki zdru\u017euje udobje mobilnih hi\u0161k in kontejnerjev. Zasnovan za popolno sprostitev in bivanje v objemu narave z dotikom elegance in topline.<\/p>\n<div class=\"play-container\"><img loading=\"lazy\" decoding=\"async\" src=\"https:\/\/hosekra.com\/modular\/wp-content\/uploads\/sites\/18\/Mountain_Dnevna_Svetloba.jpg\" alt=\"Vikend MOUNTAIN\" width=\"1156\" height=\"530\" class=\"size-full wp-image-75\" srcset=\"https:\/\/hosekra.com\/modular\/wp-content\/uploads\/sites\/18\/Mountain_Dnevna_Svetloba.jpg 1156w, https:\/\/hosekra.com\/modular\/wp-content\/uploads\/sites\/18\/Mountain_Dnevna_Svetloba-548x251.jpg 548w, https:\/\/hosekra.com\/modular\/wp-content\/uploads\/sites\/18\/Mountain_Dnevna_Svetloba-1024x469.jpg 1024w, https:\/\/hosekra.com\/modular\/wp-content\/uploads\/sites\/18\/Mountain_Dnevna_Svetloba-768x352.jpg 768w\" sizes=\"auto, (max-width: 1156px) 100vw, 1156px\" \/><a class=\"btn-play btn-play-image\" title=\"Vikend Mountain\" href=\"https:\/\/www.youtube.com\/watch?v=bocPzMvNq8M\">Oglejte si video<\/a><\/div>\n<div class=\"wrapper-general\">\n<a href=\"https:\/\/hosekra.com\/modular\/wp-content\/uploads\/sites\/18\/vikend_Mountain_modular.pdf\">Katalog vikend Mountain (.pdf)<\/a>\n<\/div>\n<p>Hosekra Modular bivalni vikend Mountain je popoln prostor za sprostitev in pobeg od vsakdanjega stresa. Notranjost v svetlih be\u017e odtenkih ustvarja ob\u010dutek miru in odprtosti, medtem ko pohi\u0161tvo v videzu lesa dodaja naravno toplino in doma\u010dnost. Opremljen z raztegljivim kav\u010dem za udobno bivanje, kopalnico in manj\u0161o kuhinjo v antracit barvi, tako zdru\u017euje funkcionalnost in estetiko na najvi\u0161ji ravni.<\/p>\n<p>Hosekra Modular vikend Mountain prina\u0161a eleganco in toplino v va\u0161 vsakdan. Raztegljiv kav\u010d omogo\u010da udobno bivanje za ve\u010d oseb, medtem ko manj\u0161a kuhinja nudi vse potrebno za pripravo okusnih obrokov. Dekoracija dodaja dodatno toplino in doma\u010dnost, ki vam omogo\u010da, da se popolnoma sprostite in u\u017eivate v vsakem trenutku.<\/p>\n<h2>Prostorska zasnova<\/h2>\n<div class=\"row\"><div class=\"col-sm-6\">\n<h3 class=\"subtitle\">Zunanjost<\/h3>\n<p><a href=\"https:\/\/hosekra.com\/modular\/wp-content\/uploads\/sites\/18\/Mountain-Vikend-Zunanjost.jpg\" data-rel=\"lightbox-image-0\" data-rl_title=\"Mountain Vikend &#8211; Zunanjost\" data-rl_caption=\"\" title=\"Mountain Vikend &#8211; Zunanjost\"><img loading=\"lazy\" decoding=\"async\" src=\"https:\/\/hosekra.com\/modular\/wp-content\/uploads\/sites\/18\/Mountain-Vikend-Zunanjost.jpg\" alt=\"Mountain Vikend - Zunanjost\" width=\"1600\" height=\"900\" class=\"alignnone size-full wp-image-126\" srcset=\"https:\/\/hosekra.com\/modular\/wp-content\/uploads\/sites\/18\/Mountain-Vikend-Zunanjost.jpg 1600w, https:\/\/hosekra.com\/modular\/wp-content\/uploads\/sites\/18\/Mountain-Vikend-Zunanjost-548x308.jpg 548w, https:\/\/hosekra.com\/modular\/wp-content\/uploads\/sites\/18\/Mountain-Vikend-Zunanjost-1024x576.jpg 1024w, https:\/\/hosekra.com\/modular\/wp-content\/uploads\/sites\/18\/Mountain-Vikend-Zunanjost-768x432.jpg 768w, https:\/\/hosekra.com\/modular\/wp-content\/uploads\/sites\/18\/Mountain-Vikend-Zunanjost-1536x864.jpg 1536w\" sizes=\"auto, (max-width: 1600px) 100vw, 1600px\" \/><\/a><br \/>\n<\/div><div class=\"col-sm-6\"><\/p>\n<h3 class=\"subtitle\">Stranski Pogled<\/h3>\n<p><a href=\"https:\/\/hosekra.com\/modular\/wp-content\/uploads\/sites\/18\/Mountain-Stranski-Pogled-1.jpg\" data-rel=\"lightbox-image-1\" data-rl_title=\"PDF Creator\" data-rl_caption=\"http:\/\/www.pdf-tools.com\" title=\"PDF Creator\"><img loading=\"lazy\" decoding=\"async\" src=\"https:\/\/hosekra.com\/modular\/wp-content\/uploads\/sites\/18\/Mountain-Stranski-Pogled-1.jpg\" alt=\"Mountain Stranski Pogled\" width=\"1600\" height=\"900\" class=\"alignnone size-full wp-image-127\" \/><\/a><br \/>\n<\/div><\/div><\/p>\n<h2>Galerija<\/h2>\nngg_shortcode_0_placeholder\n","protected":false},"excerpt":{"rendered":"<p>Nova destinacija za sodobno, prilagodljivo bivanje. Predstavljamo vam Hosekra Modular bivalni vikend Mountain, najnovej\u0161i produkt v na\u0161i liniji, ki zdru\u017euje udobje mobilnih hi\u0161k in kontejnerjev. Zasnovan za popolno sprostitev in bivanje v objemu narave z dotikom elegance in topline. Oglejte si video Katalog vikend Mountain (.pdf) Hosekra Modular bivalni vikend Mountain je popoln prostor za [&hellip;]<\/p>\n","protected":false},"author":1,"featured_media":0,"parent":12,"menu_order":21,"comment_status":"closed","ping_status":"closed","template":"produkti.php","meta":{"ngg_post_thumbnail":0,"footnotes":""},"class_list":["post-14","page","type-page","status-publish","hentry"],"yoast_head":"<!-- This site is optimized with the Yoast SEO plugin v27.4 - https:\/\/yoast.com\/product\/yoast-seo-wordpress\/ -->\n<title>Vikend Mountain - Hosekra Modular<\/title>\n<meta name=\"robots\" content=\"index, follow, max-snippet:-1, max-image-preview:large, max-video-preview:-1\" \/>\n<link rel=\"canonical\" href=\"https:\/\/hosekra.com\/modular\/modeli\/vikend-mountain\/\" \/>\n<meta property=\"og:locale\" content=\"sl_SI\" \/>\n<meta property=\"og:type\" content=\"article\" \/>\n<meta property=\"og:title\" content=\"Vikend Mountain - Hosekra Modular\" \/>\n<meta property=\"og:description\" content=\"Nova destinacija za sodobno, prilagodljivo bivanje. Predstavljamo vam Hosekra Modular bivalni vikend Mountain, najnovej\u0161i produkt v na\u0161i liniji, ki zdru\u017euje udobje mobilnih hi\u0161k in kontejnerjev. Zasnovan za popolno sprostitev in bivanje v objemu narave z dotikom elegance in topline. Oglejte si video Katalog vikend Mountain (.pdf) Hosekra Modular bivalni vikend Mountain je popoln prostor za [&hellip;]\" \/>\n<meta property=\"og:url\" content=\"https:\/\/hosekra.com\/modular\/modeli\/vikend-mountain\/\" \/>\n<meta property=\"og:site_name\" content=\"Hosekra Modular\" \/>\n<meta property=\"article:modified_time\" content=\"2025-11-27T19:51:53+00:00\" \/>\n<meta property=\"og:image\" content=\"https:\/\/hosekra.com\/modular\/wp-content\/uploads\/sites\/18\/Mountain_Dnevna_Svetloba.jpg\" \/>\n\t<meta property=\"og:image:width\" content=\"1156\" \/>\n\t<meta property=\"og:image:height\" content=\"530\" \/>\n\t<meta property=\"og:image:type\" content=\"image\/jpeg\" \/>\n<meta name=\"twitter:card\" content=\"summary_large_image\" \/>\n<meta name=\"twitter:label1\" content=\"Est. reading time\" \/>\n\t<meta name=\"twitter:data1\" content=\"1 minuta\" \/>\n<script type=\"application\/ld+json\" class=\"yoast-schema-graph\">{\"@context\":\"https:\\\/\\\/schema.org\",\"@graph\":[{\"@type\":\"WebPage\",\"@id\":\"https:\\\/\\\/hosekra.com\\\/modular\\\/modeli\\\/vikend-mountain\\\/\",\"url\":\"https:\\\/\\\/hosekra.com\\\/modular\\\/modeli\\\/vikend-mountain\\\/\",\"name\":\"Vikend Mountain - Hosekra Modular\",\"isPartOf\":{\"@id\":\"https:\\\/\\\/hosekra.com\\\/modular\\\/#website\"},\"primaryImageOfPage\":{\"@id\":\"https:\\\/\\\/hosekra.com\\\/modular\\\/modeli\\\/vikend-mountain\\\/#primaryimage\"},\"image\":{\"@id\":\"https:\\\/\\\/hosekra.com\\\/modular\\\/modeli\\\/vikend-mountain\\\/#primaryimage\"},\"thumbnailUrl\":\"https:\\\/\\\/hosekra.com\\\/modular\\\/wp-content\\\/uploads\\\/sites\\\/18\\\/Mountain_Dnevna_Svetloba.jpg\",\"datePublished\":\"2024-06-17T18:58:30+00:00\",\"dateModified\":\"2025-11-27T19:51:53+00:00\",\"breadcrumb\":{\"@id\":\"https:\\\/\\\/hosekra.com\\\/modular\\\/modeli\\\/vikend-mountain\\\/#breadcrumb\"},\"inLanguage\":\"sl-SI\",\"potentialAction\":[{\"@type\":\"ReadAction\",\"target\":[\"https:\\\/\\\/hosekra.com\\\/modular\\\/modeli\\\/vikend-mountain\\\/\"]}]},{\"@type\":\"ImageObject\",\"inLanguage\":\"sl-SI\",\"@id\":\"https:\\\/\\\/hosekra.com\\\/modular\\\/modeli\\\/vikend-mountain\\\/#primaryimage\",\"url\":\"https:\\\/\\\/hosekra.com\\\/modular\\\/wp-content\\\/uploads\\\/sites\\\/18\\\/Mountain_Dnevna_Svetloba.jpg\",\"contentUrl\":\"https:\\\/\\\/hosekra.com\\\/modular\\\/wp-content\\\/uploads\\\/sites\\\/18\\\/Mountain_Dnevna_Svetloba.jpg\",\"width\":1156,\"height\":530,\"caption\":\"Vikend MOUNTAIN\"},{\"@type\":\"BreadcrumbList\",\"@id\":\"https:\\\/\\\/hosekra.com\\\/modular\\\/modeli\\\/vikend-mountain\\\/#breadcrumb\",\"itemListElement\":[{\"@type\":\"ListItem\",\"position\":1,\"name\":\"Home\",\"item\":\"https:\\\/\\\/hosekra.com\\\/modular\\\/\"},{\"@type\":\"ListItem\",\"position\":2,\"name\":\"Modeli\",\"item\":\"https:\\\/\\\/hosekra.com\\\/modular\\\/modeli\\\/\"},{\"@type\":\"ListItem\",\"position\":3,\"name\":\"Vikend Mountain\"}]},{\"@type\":\"WebSite\",\"@id\":\"https:\\\/\\\/hosekra.com\\\/modular\\\/#website\",\"url\":\"https:\\\/\\\/hosekra.com\\\/modular\\\/\",\"name\":\"Hosekra Modular\",\"description\":\"Prihodnost Bivanja\",\"potentialAction\":[{\"@type\":\"SearchAction\",\"target\":{\"@type\":\"EntryPoint\",\"urlTemplate\":\"https:\\\/\\\/hosekra.com\\\/modular\\\/?s={search_term_string}\"},\"query-input\":{\"@type\":\"PropertyValueSpecification\",\"valueRequired\":true,\"valueName\":\"search_term_string\"}}],\"inLanguage\":\"sl-SI\"}]}<\/script>\n<!-- \/ Yoast SEO plugin. -->","yoast_head_json":{"title":"Vikend Mountain - Hosekra Modular","robots":{"index":"index","follow":"follow","max-snippet":"max-snippet:-1","max-image-preview":"max-image-preview:large","max-video-preview":"max-video-preview:-1"},"canonical":"https:\/\/hosekra.com\/modular\/modeli\/vikend-mountain\/","og_locale":"sl_SI","og_type":"article","og_title":"Vikend Mountain - Hosekra Modular","og_description":"Nova destinacija za sodobno, prilagodljivo bivanje. Predstavljamo vam Hosekra Modular bivalni vikend Mountain, najnovej\u0161i produkt v na\u0161i liniji, ki zdru\u017euje udobje mobilnih hi\u0161k in kontejnerjev. Zasnovan za popolno sprostitev in bivanje v objemu narave z dotikom elegance in topline. Oglejte si video Katalog vikend Mountain (.pdf) Hosekra Modular bivalni vikend Mountain je popoln prostor za [&hellip;]","og_url":"https:\/\/hosekra.com\/modular\/modeli\/vikend-mountain\/","og_site_name":"Hosekra Modular","article_modified_time":"2025-11-27T19:51:53+00:00","og_image":[{"width":1156,"height":530,"url":"https:\/\/hosekra.com\/modular\/wp-content\/uploads\/sites\/18\/Mountain_Dnevna_Svetloba.jpg","type":"image\/jpeg"}],"twitter_card":"summary_large_image","twitter_misc":{"Est. reading time":"1 minuta"},"schema":{"@context":"https:\/\/schema.org","@graph":[{"@type":"WebPage","@id":"https:\/\/hosekra.com\/modular\/modeli\/vikend-mountain\/","url":"https:\/\/hosekra.com\/modular\/modeli\/vikend-mountain\/","name":"Vikend Mountain - Hosekra Modular","isPartOf":{"@id":"https:\/\/hosekra.com\/modular\/#website"},"primaryImageOfPage":{"@id":"https:\/\/hosekra.com\/modular\/modeli\/vikend-mountain\/#primaryimage"},"image":{"@id":"https:\/\/hosekra.com\/modular\/modeli\/vikend-mountain\/#primaryimage"},"thumbnailUrl":"https:\/\/hosekra.com\/modular\/wp-content\/uploads\/sites\/18\/Mountain_Dnevna_Svetloba.jpg","datePublished":"2024-06-17T18:58:30+00:00","dateModified":"2025-11-27T19:51:53+00:00","breadcrumb":{"@id":"https:\/\/hosekra.com\/modular\/modeli\/vikend-mountain\/#breadcrumb"},"inLanguage":"sl-SI","potentialAction":[{"@type":"ReadAction","target":["https:\/\/hosekra.com\/modular\/modeli\/vikend-mountain\/"]}]},{"@type":"ImageObject","inLanguage":"sl-SI","@id":"https:\/\/hosekra.com\/modular\/modeli\/vikend-mountain\/#primaryimage","url":"https:\/\/hosekra.com\/modular\/wp-content\/uploads\/sites\/18\/Mountain_Dnevna_Svetloba.jpg","contentUrl":"https:\/\/hosekra.com\/modular\/wp-content\/uploads\/sites\/18\/Mountain_Dnevna_Svetloba.jpg","width":1156,"height":530,"caption":"Vikend MOUNTAIN"},{"@type":"BreadcrumbList","@id":"https:\/\/hosekra.com\/modular\/modeli\/vikend-mountain\/#breadcrumb","itemListElement":[{"@type":"ListItem","position":1,"name":"Home","item":"https:\/\/hosekra.com\/modular\/"},{"@type":"ListItem","position":2,"name":"Modeli","item":"https:\/\/hosekra.com\/modular\/modeli\/"},{"@type":"ListItem","position":3,"name":"Vikend Mountain"}]},{"@type":"WebSite","@id":"https:\/\/hosekra.com\/modular\/#website","url":"https:\/\/hosekra.com\/modular\/","name":"Hosekra Modular","description":"Prihodnost Bivanja","potentialAction":[{"@type":"SearchAction","target":{"@type":"EntryPoint","urlTemplate":"https:\/\/hosekra.com\/modular\/?s={search_term_string}"},"query-input":{"@type":"PropertyValueSpecification","valueRequired":true,"valueName":"search_term_string"}}],"inLanguage":"sl-SI"}]}},"_links":{"self":[{"href":"https:\/\/hosekra.com\/modular\/wp-json\/wp\/v2\/pages\/14","targetHints":{"allow":["GET"]}}],"collection":[{"href":"https:\/\/hosekra.com\/modular\/wp-json\/wp\/v2\/pages"}],"about":[{"href":"https:\/\/hosekra.com\/modular\/wp-json\/wp\/v2\/types\/page"}],"author":[{"embeddable":true,"href":"https:\/\/hosekra.com\/modular\/wp-json\/wp\/v2\/users\/1"}],"replies":[{"embeddable":true,"href":"https:\/\/hosekra.com\/modular\/wp-json\/wp\/v2\/comments?post=14"}],"version-history":[{"count":50,"href":"https:\/\/hosekra.com\/modular\/wp-json\/wp\/v2\/pages\/14\/revisions"}],"predecessor-version":[{"id":663,"href":"https:\/\/hosekra.com\/modular\/wp-json\/wp\/v2\/pages\/14\/revisions\/663"}],"up":[{"embeddable":true,"href":"https:\/\/hosekra.com\/modular\/wp-json\/wp\/v2\/pages\/12"}],"wp:attachment":[{"href":"https:\/\/hosekra.com\/modular\/wp-json\/wp\/v2\/media?parent=14"}],"curies":[{"name":"wp","href":"https:\/\/api.w.org\/{rel}","templated":true}]}}