{"id":18,"date":"2024-06-17T20:59:31","date_gmt":"2024-06-17T18:59:31","guid":{"rendered":"https:\/\/hosekra.com\/living\/?page_id=18"},"modified":"2025-11-27T18:48:12","modified_gmt":"2025-11-27T17:48:12","slug":"vikend-rustic","status":"publish","type":"page","link":"https:\/\/hosekra.com\/modular\/modeli\/vikend-rustic\/","title":{"rendered":"Vikend Rustic"},"content":{"rendered":"<p class=\"lead text-uppercase\">Popolna harmonija z naravo.<\/p>\n<p>Hosekra Modular vikend Rustic je ve\u010d kot le preprost bivalni prostor v naravi &#8211; je va\u0161a destinacija za sprostitev, u\u017eivanje v naravi in ustvarjanje nepozabnih trenutkov z najdra\u017ejimi. Odkrili boste novo dimenzijo pre\u017eivljanja prostega \u010dasa v naravi, kjer se udobje in rustikalni \u0161arm zdru\u017eita v popolno harmonijo.<\/p>\n<div class=\"play-container\"><img loading=\"lazy\" decoding=\"async\" src=\"https:\/\/hosekra.com\/modular\/wp-content\/uploads\/sites\/18\/Rustic_Dnevna_Svetloba.jpg\" alt=\"VikendRUSTIC\" width=\"1156\" height=\"530\" class=\"size-full wp-image-77\" srcset=\"https:\/\/hosekra.com\/modular\/wp-content\/uploads\/sites\/18\/Rustic_Dnevna_Svetloba.jpg 1156w, https:\/\/hosekra.com\/modular\/wp-content\/uploads\/sites\/18\/Rustic_Dnevna_Svetloba-548x251.jpg 548w, https:\/\/hosekra.com\/modular\/wp-content\/uploads\/sites\/18\/Rustic_Dnevna_Svetloba-1024x469.jpg 1024w, https:\/\/hosekra.com\/modular\/wp-content\/uploads\/sites\/18\/Rustic_Dnevna_Svetloba-768x352.jpg 768w\" sizes=\"auto, (max-width: 1156px) 100vw, 1156px\" \/><a class=\"btn-play btn-play-image\" title=\"Vikend Rustic\" href=\"https:\/\/www.youtube.com\/watch?v=vtYqkpNQsSE\">Oglejte si video<\/a><\/div>\n<div class=\"wrapper-general\">\n<a href=\"https:\/\/hosekra.com\/modular\/wp-content\/uploads\/sites\/18\/vikend_Rustic_modular.pdf\">Katalog vikend Rustic (.pdf)<\/a>\n<\/div>\n<p>S svojim rustikalnim stilom in naravnimi materiali, na\u0161 Hosekra Modular vikend Rustic iz\u017eareva toplino in udobje. Zunanjost je skrbno zasnovana, da se zlije z okolico in ohranja harmonijo z naravo. Notranjost je opremljena z rustikalnim pohi\u0161tvom, ki daje prostoru pristen in doma\u010d ob\u010dutek, medtem ko naravni dodatki ustvarjajo prijetno vzdu\u0161je, ki vas bo popolnoma sprostilo in napolnilo z energijo.<\/p>\n<h2>Prostorska zasnova<\/h2>\n<div class=\"row\"><div class=\"col-sm-6\">\n<h3 class=\"subtitle\">Zunanjost<\/h3>\n<p><a href=\"https:\/\/hosekra.com\/modular\/wp-content\/uploads\/sites\/18\/RusticVikned-Zunanjost-2.jpg\" data-rel=\"lightbox-image-0\" data-rl_title=\"Rustic Vikned Zunanjost\" data-rl_caption=\"\" title=\"Rustic Vikned Zunanjost\"><img loading=\"lazy\" decoding=\"async\" src=\"https:\/\/hosekra.com\/modular\/wp-content\/uploads\/sites\/18\/RusticVikned-Zunanjost-2.jpg\" alt=\"Rustic Vikned Zunanjost\" width=\"1600\" height=\"900\" class=\"alignnone size-full wp-image-221\" srcset=\"https:\/\/hosekra.com\/modular\/wp-content\/uploads\/sites\/18\/RusticVikned-Zunanjost-2.jpg 1600w, https:\/\/hosekra.com\/modular\/wp-content\/uploads\/sites\/18\/RusticVikned-Zunanjost-2-548x308.jpg 548w, https:\/\/hosekra.com\/modular\/wp-content\/uploads\/sites\/18\/RusticVikned-Zunanjost-2-1024x576.jpg 1024w, https:\/\/hosekra.com\/modular\/wp-content\/uploads\/sites\/18\/RusticVikned-Zunanjost-2-768x432.jpg 768w, https:\/\/hosekra.com\/modular\/wp-content\/uploads\/sites\/18\/RusticVikned-Zunanjost-2-1536x864.jpg 1536w\" sizes=\"auto, (max-width: 1600px) 100vw, 1600px\" \/><\/a><br \/>\n<\/div><div class=\"col-sm-6\"><\/p>\n<h3 class=\"subtitle\">Stranski Pogled<\/h3>\n<p><a href=\"https:\/\/hosekra.com\/modular\/wp-content\/uploads\/sites\/18\/Rustic-Stranski-Pogled-2.jpg\" data-rel=\"lightbox-image-1\" data-rl_title=\"Rustic Stranski Pogled\" data-rl_caption=\"\" title=\"Rustic Stranski Pogled\"><img loading=\"lazy\" decoding=\"async\" src=\"https:\/\/hosekra.com\/modular\/wp-content\/uploads\/sites\/18\/Rustic-Stranski-Pogled-2.jpg\" alt=\"Rustic Stranski Pogled\" width=\"1600\" height=\"900\" class=\"alignnone size-full wp-image-222\" srcset=\"https:\/\/hosekra.com\/modular\/wp-content\/uploads\/sites\/18\/Rustic-Stranski-Pogled-2.jpg 1600w, https:\/\/hosekra.com\/modular\/wp-content\/uploads\/sites\/18\/Rustic-Stranski-Pogled-2-548x308.jpg 548w, https:\/\/hosekra.com\/modular\/wp-content\/uploads\/sites\/18\/Rustic-Stranski-Pogled-2-1024x576.jpg 1024w, https:\/\/hosekra.com\/modular\/wp-content\/uploads\/sites\/18\/Rustic-Stranski-Pogled-2-768x432.jpg 768w, https:\/\/hosekra.com\/modular\/wp-content\/uploads\/sites\/18\/Rustic-Stranski-Pogled-2-1536x864.jpg 1536w\" sizes=\"auto, (max-width: 1600px) 100vw, 1600px\" \/><\/a><br \/>\n<\/div><\/div><\/p>\n<h2>Galerija<\/h2>\nngg_shortcode_0_placeholder\n","protected":false},"excerpt":{"rendered":"<p>Popolna harmonija z naravo. Hosekra Modular vikend Rustic je ve\u010d kot le preprost bivalni prostor v naravi &#8211; je va\u0161a destinacija za sprostitev, u\u017eivanje v naravi in ustvarjanje nepozabnih trenutkov z najdra\u017ejimi. Odkrili boste novo dimenzijo pre\u017eivljanja prostega \u010dasa v naravi, kjer se udobje in rustikalni \u0161arm zdru\u017eita v popolno harmonijo. Oglejte si video Katalog [&hellip;]<\/p>\n","protected":false},"author":1,"featured_media":0,"parent":12,"menu_order":23,"comment_status":"closed","ping_status":"closed","template":"produkti.php","meta":{"ngg_post_thumbnail":0,"footnotes":""},"class_list":["post-18","page","type-page","status-publish","hentry"],"yoast_head":"<!-- This site is optimized with the Yoast SEO plugin v27.4 - https:\/\/yoast.com\/product\/yoast-seo-wordpress\/ -->\n<title>Vikend Rustic - Hosekra Modular<\/title>\n<meta name=\"robots\" content=\"index, follow, max-snippet:-1, max-image-preview:large, max-video-preview:-1\" \/>\n<link rel=\"canonical\" href=\"https:\/\/hosekra.com\/modular\/modeli\/vikend-rustic\/\" \/>\n<meta property=\"og:locale\" content=\"sl_SI\" \/>\n<meta property=\"og:type\" content=\"article\" \/>\n<meta property=\"og:title\" content=\"Vikend Rustic - Hosekra Modular\" \/>\n<meta property=\"og:description\" content=\"Popolna harmonija z naravo. Hosekra Modular vikend Rustic je ve\u010d kot le preprost bivalni prostor v naravi &#8211; je va\u0161a destinacija za sprostitev, u\u017eivanje v naravi in ustvarjanje nepozabnih trenutkov z najdra\u017ejimi. Odkrili boste novo dimenzijo pre\u017eivljanja prostega \u010dasa v naravi, kjer se udobje in rustikalni \u0161arm zdru\u017eita v popolno harmonijo. Oglejte si video Katalog [&hellip;]\" \/>\n<meta property=\"og:url\" content=\"https:\/\/hosekra.com\/modular\/modeli\/vikend-rustic\/\" \/>\n<meta property=\"og:site_name\" content=\"Hosekra Modular\" \/>\n<meta property=\"article:modified_time\" content=\"2025-11-27T17:48:12+00:00\" \/>\n<meta property=\"og:image\" content=\"https:\/\/hosekra.com\/modular\/wp-content\/uploads\/sites\/18\/Rustic_Dnevna_Svetloba.jpg\" \/>\n\t<meta property=\"og:image:width\" content=\"1156\" \/>\n\t<meta property=\"og:image:height\" content=\"530\" \/>\n\t<meta property=\"og:image:type\" content=\"image\/jpeg\" \/>\n<meta name=\"twitter:card\" content=\"summary_large_image\" \/>\n<meta name=\"twitter:label1\" content=\"Est. reading time\" \/>\n\t<meta name=\"twitter:data1\" content=\"1 minuta\" \/>\n<script type=\"application\/ld+json\" class=\"yoast-schema-graph\">{\"@context\":\"https:\\\/\\\/schema.org\",\"@graph\":[{\"@type\":\"WebPage\",\"@id\":\"https:\\\/\\\/hosekra.com\\\/modular\\\/modeli\\\/vikend-rustic\\\/\",\"url\":\"https:\\\/\\\/hosekra.com\\\/modular\\\/modeli\\\/vikend-rustic\\\/\",\"name\":\"Vikend Rustic - Hosekra Modular\",\"isPartOf\":{\"@id\":\"https:\\\/\\\/hosekra.com\\\/modular\\\/#website\"},\"primaryImageOfPage\":{\"@id\":\"https:\\\/\\\/hosekra.com\\\/modular\\\/modeli\\\/vikend-rustic\\\/#primaryimage\"},\"image\":{\"@id\":\"https:\\\/\\\/hosekra.com\\\/modular\\\/modeli\\\/vikend-rustic\\\/#primaryimage\"},\"thumbnailUrl\":\"https:\\\/\\\/hosekra.com\\\/modular\\\/wp-content\\\/uploads\\\/sites\\\/18\\\/Rustic_Dnevna_Svetloba.jpg\",\"datePublished\":\"2024-06-17T18:59:31+00:00\",\"dateModified\":\"2025-11-27T17:48:12+00:00\",\"breadcrumb\":{\"@id\":\"https:\\\/\\\/hosekra.com\\\/modular\\\/modeli\\\/vikend-rustic\\\/#breadcrumb\"},\"inLanguage\":\"sl-SI\",\"potentialAction\":[{\"@type\":\"ReadAction\",\"target\":[\"https:\\\/\\\/hosekra.com\\\/modular\\\/modeli\\\/vikend-rustic\\\/\"]}]},{\"@type\":\"ImageObject\",\"inLanguage\":\"sl-SI\",\"@id\":\"https:\\\/\\\/hosekra.com\\\/modular\\\/modeli\\\/vikend-rustic\\\/#primaryimage\",\"url\":\"https:\\\/\\\/hosekra.com\\\/modular\\\/wp-content\\\/uploads\\\/sites\\\/18\\\/Rustic_Dnevna_Svetloba.jpg\",\"contentUrl\":\"https:\\\/\\\/hosekra.com\\\/modular\\\/wp-content\\\/uploads\\\/sites\\\/18\\\/Rustic_Dnevna_Svetloba.jpg\",\"width\":1156,\"height\":530,\"caption\":\"VikendRUSTIC\"},{\"@type\":\"BreadcrumbList\",\"@id\":\"https:\\\/\\\/hosekra.com\\\/modular\\\/modeli\\\/vikend-rustic\\\/#breadcrumb\",\"itemListElement\":[{\"@type\":\"ListItem\",\"position\":1,\"name\":\"Home\",\"item\":\"https:\\\/\\\/hosekra.com\\\/modular\\\/\"},{\"@type\":\"ListItem\",\"position\":2,\"name\":\"Modeli\",\"item\":\"https:\\\/\\\/hosekra.com\\\/modular\\\/modeli\\\/\"},{\"@type\":\"ListItem\",\"position\":3,\"name\":\"Vikend Rustic\"}]},{\"@type\":\"WebSite\",\"@id\":\"https:\\\/\\\/hosekra.com\\\/modular\\\/#website\",\"url\":\"https:\\\/\\\/hosekra.com\\\/modular\\\/\",\"name\":\"Hosekra Modular\",\"description\":\"Prihodnost Bivanja\",\"potentialAction\":[{\"@type\":\"SearchAction\",\"target\":{\"@type\":\"EntryPoint\",\"urlTemplate\":\"https:\\\/\\\/hosekra.com\\\/modular\\\/?s={search_term_string}\"},\"query-input\":{\"@type\":\"PropertyValueSpecification\",\"valueRequired\":true,\"valueName\":\"search_term_string\"}}],\"inLanguage\":\"sl-SI\"}]}<\/script>\n<!-- \/ Yoast SEO plugin. -->","yoast_head_json":{"title":"Vikend Rustic - Hosekra Modular","robots":{"index":"index","follow":"follow","max-snippet":"max-snippet:-1","max-image-preview":"max-image-preview:large","max-video-preview":"max-video-preview:-1"},"canonical":"https:\/\/hosekra.com\/modular\/modeli\/vikend-rustic\/","og_locale":"sl_SI","og_type":"article","og_title":"Vikend Rustic - Hosekra Modular","og_description":"Popolna harmonija z naravo. Hosekra Modular vikend Rustic je ve\u010d kot le preprost bivalni prostor v naravi &#8211; je va\u0161a destinacija za sprostitev, u\u017eivanje v naravi in ustvarjanje nepozabnih trenutkov z najdra\u017ejimi. Odkrili boste novo dimenzijo pre\u017eivljanja prostega \u010dasa v naravi, kjer se udobje in rustikalni \u0161arm zdru\u017eita v popolno harmonijo. Oglejte si video Katalog [&hellip;]","og_url":"https:\/\/hosekra.com\/modular\/modeli\/vikend-rustic\/","og_site_name":"Hosekra Modular","article_modified_time":"2025-11-27T17:48:12+00:00","og_image":[{"width":1156,"height":530,"url":"https:\/\/hosekra.com\/modular\/wp-content\/uploads\/sites\/18\/Rustic_Dnevna_Svetloba.jpg","type":"image\/jpeg"}],"twitter_card":"summary_large_image","twitter_misc":{"Est. reading time":"1 minuta"},"schema":{"@context":"https:\/\/schema.org","@graph":[{"@type":"WebPage","@id":"https:\/\/hosekra.com\/modular\/modeli\/vikend-rustic\/","url":"https:\/\/hosekra.com\/modular\/modeli\/vikend-rustic\/","name":"Vikend Rustic - Hosekra Modular","isPartOf":{"@id":"https:\/\/hosekra.com\/modular\/#website"},"primaryImageOfPage":{"@id":"https:\/\/hosekra.com\/modular\/modeli\/vikend-rustic\/#primaryimage"},"image":{"@id":"https:\/\/hosekra.com\/modular\/modeli\/vikend-rustic\/#primaryimage"},"thumbnailUrl":"https:\/\/hosekra.com\/modular\/wp-content\/uploads\/sites\/18\/Rustic_Dnevna_Svetloba.jpg","datePublished":"2024-06-17T18:59:31+00:00","dateModified":"2025-11-27T17:48:12+00:00","breadcrumb":{"@id":"https:\/\/hosekra.com\/modular\/modeli\/vikend-rustic\/#breadcrumb"},"inLanguage":"sl-SI","potentialAction":[{"@type":"ReadAction","target":["https:\/\/hosekra.com\/modular\/modeli\/vikend-rustic\/"]}]},{"@type":"ImageObject","inLanguage":"sl-SI","@id":"https:\/\/hosekra.com\/modular\/modeli\/vikend-rustic\/#primaryimage","url":"https:\/\/hosekra.com\/modular\/wp-content\/uploads\/sites\/18\/Rustic_Dnevna_Svetloba.jpg","contentUrl":"https:\/\/hosekra.com\/modular\/wp-content\/uploads\/sites\/18\/Rustic_Dnevna_Svetloba.jpg","width":1156,"height":530,"caption":"VikendRUSTIC"},{"@type":"BreadcrumbList","@id":"https:\/\/hosekra.com\/modular\/modeli\/vikend-rustic\/#breadcrumb","itemListElement":[{"@type":"ListItem","position":1,"name":"Home","item":"https:\/\/hosekra.com\/modular\/"},{"@type":"ListItem","position":2,"name":"Modeli","item":"https:\/\/hosekra.com\/modular\/modeli\/"},{"@type":"ListItem","position":3,"name":"Vikend Rustic"}]},{"@type":"WebSite","@id":"https:\/\/hosekra.com\/modular\/#website","url":"https:\/\/hosekra.com\/modular\/","name":"Hosekra Modular","description":"Prihodnost Bivanja","potentialAction":[{"@type":"SearchAction","target":{"@type":"EntryPoint","urlTemplate":"https:\/\/hosekra.com\/modular\/?s={search_term_string}"},"query-input":{"@type":"PropertyValueSpecification","valueRequired":true,"valueName":"search_term_string"}}],"inLanguage":"sl-SI"}]}},"_links":{"self":[{"href":"https:\/\/hosekra.com\/modular\/wp-json\/wp\/v2\/pages\/18","targetHints":{"allow":["GET"]}}],"collection":[{"href":"https:\/\/hosekra.com\/modular\/wp-json\/wp\/v2\/pages"}],"about":[{"href":"https:\/\/hosekra.com\/modular\/wp-json\/wp\/v2\/types\/page"}],"author":[{"embeddable":true,"href":"https:\/\/hosekra.com\/modular\/wp-json\/wp\/v2\/users\/1"}],"replies":[{"embeddable":true,"href":"https:\/\/hosekra.com\/modular\/wp-json\/wp\/v2\/comments?post=18"}],"version-history":[{"count":8,"href":"https:\/\/hosekra.com\/modular\/wp-json\/wp\/v2\/pages\/18\/revisions"}],"predecessor-version":[{"id":652,"href":"https:\/\/hosekra.com\/modular\/wp-json\/wp\/v2\/pages\/18\/revisions\/652"}],"up":[{"embeddable":true,"href":"https:\/\/hosekra.com\/modular\/wp-json\/wp\/v2\/pages\/12"}],"wp:attachment":[{"href":"https:\/\/hosekra.com\/modular\/wp-json\/wp\/v2\/media?parent=18"}],"curies":[{"name":"wp","href":"https:\/\/api.w.org\/{rel}","templated":true}]}}