{"id":2,"date":"2024-06-17T18:32:27","date_gmt":"2024-06-17T18:32:27","guid":{"rendered":"https:\/\/hosekra.com\/living\/?page_id=2"},"modified":"2025-12-05T21:07:41","modified_gmt":"2025-12-05T20:07:41","slug":"koncept","status":"publish","type":"page","link":"https:\/\/hosekra.com\/modular\/koncept\/","title":{"rendered":"Koncept"},"content":{"rendered":"<p>Hosekra Modular prina\u0161a inovativno re\u0161itev na podro\u010dju bivanja, ki zdru\u017euje najbolj\u0161e zna\u010dilnosti mobilnih hi\u0161k in kontejnerjev. Na\u0161a vizija je ustvariti fleksibilne, udobne in trajnostne bivalne enote, ki ustrezajo razli\u010dnim potrebam in \u017eeljam uporabnikov. Na\u0161e enote so prilagodljive v velikosti, zasnovane z najnovej\u0161o tehnologijo in grajene z mislijo na okolje.<\/p>\n<p><img loading=\"lazy\" decoding=\"async\" src=\"https:\/\/hosekra.com\/modular\/wp-content\/uploads\/sites\/18\/homeskonterjnerji_modular.jpg\" alt=\"Homes + Konterjnerji = Modular\" width=\"1200\" height=\"300\" class=\"alignnone size-full wp-image-595\" srcset=\"https:\/\/hosekra.com\/modular\/wp-content\/uploads\/sites\/18\/homeskonterjnerji_modular.jpg 1200w, https:\/\/hosekra.com\/modular\/wp-content\/uploads\/sites\/18\/homeskonterjnerji_modular-548x137.jpg 548w, https:\/\/hosekra.com\/modular\/wp-content\/uploads\/sites\/18\/homeskonterjnerji_modular-1024x256.jpg 1024w, https:\/\/hosekra.com\/modular\/wp-content\/uploads\/sites\/18\/homeskonterjnerji_modular-768x192.jpg 768w\" sizes=\"auto, (max-width: 1200px) 100vw, 1200px\" \/><\/p>\n<h2>Mobilne Hi\u0161ke<\/h2>\n<p>Mobilne hi\u0161ke so zasnovane tako, da ponujajo udobje in funkcionalnost stalnega bivali\u0161\u010da, hkrati pa ohranjajo mobilnost in prilagodljivost. Idealne za tiste, ki i\u0161\u010dejo hitro in u\u010dinkovito re\u0161itev za za\u010dasno ali stalno bivanje. Opremljene z vsemi potrebnimi priklju\u010dki za vodo, elektriko in kanalizacijo, kar omogo\u010da enostavno postavitev in uporabo.<\/p>\n<h2>Kontejnerji<\/h2>\n<p>Kontejnerji Hosekra ponujajo \u0161e ve\u010djo prilagodljivost pri oblikovanju in gradnji bivalnih enot. Omogo\u010dajo ustvarjanje prostorov, ki so prilagojeni specifi\u010dnim potrebam in \u017eeljam uporabnikov, bodisi za poslovne namene, za\u010dasno bivanje ali stalno uporabo.<\/p>\n<p>Oboji so izjemno trpe\u017eni, zgrajeni iz visokokakovostnih materialov in zagotavljajo visoko stopnjo izolacije, kar omogo\u010da udobno bivanje v vseh letnih \u010dasih. Poleg tega so bivalne  enote enostavne za prevoz in postavitev, kar omogo\u010da hitro in stro\u0161kovno u\u010dinkovito namestitev.<\/p>\n<p>&nbsp;<\/p>\n<div class=\"wrapper-general\">Hosekra Modular ponuja inovativno in trajnostno re\u0161itev za sodobne potrebe po bivanju. Z zdru\u017eevanjem najbolj\u0161ih lastnosti mobilnih hi\u0161k in kontejnerjev omogo\u010damo ustvarjanje prilagodljivih, udobnih in trajnih bivalnih prostorov. Na\u0161e enote so zasnovane z mislijo na prihodnost, kar pomeni, da so okolju prijazne, energetsko u\u010dinkovite in prilagojene potrebam sodobnega uporabnika.<\/div>\n<p>&nbsp;<\/p>\n<h2>Prednosti Hosekra Modular<\/h2>\n<div class=\"row\"><div class=\"col-sm-6\"><\/p>\n<h6 class=\"text-uppercase\">Prilagodljivost:<\/h6>\n<p>Na\u0161e enote so prilagodljive glede na dimenzije in notranjo razporeditev, kar omogo\u010da, da ustrezajo razli\u010dnim potrebam in okusom.<\/p>\n<h6 class=\"text-uppercase\">Trajnost:<\/h6>\n<p>Uporabljamo trajnostne materiale in energetsko u\u010dinkovite re\u0161itve, kar zmanj\u0161uje vpliv na okolje.<\/p>\n<h6 class=\"text-uppercase\">Mobilnost:<\/h6>\n<p>Bivalne enote so zasnovane za enostaven prevoz in namestitev, kar omogo\u010da hitro in u\u010dinkovito postavitev na razli\u010dnih lokacijah.<br \/>\n<\/div>\n<div class=\"col-sm-6\"><\/p>\n<h6 class=\"text-uppercase\">Udobje:<\/h6>\n<p>Na\u0161e bivalne enote so opremljene z vso potrebno infrastrukturo za udobno bivanje, vklju\u010dno z izolacijo, ogrevanjem, hlajenjem in modernimi priklju\u010dki.<\/p>\n<h6 class=\"text-uppercase\">Var\u010dnost:<\/h6>\n<p>Gradnja z uporabo mobilnih hi\u0161k in kontejnerjev je stro\u0161kovno u\u010dinkovita, saj zmanj\u0161uje \u010das in stro\u0161ke gradnje v primerjavi s tradicionalnimi metodami.<br \/>\n<\/div><\/div>\n<p><!--\n&nbsp;\n\n\n\n<div class=\"wrapper-general\">\n<a href=\"https:\/\/hosekra.com\/modular\/wp-content\/uploads\/sites\/18\/letak_living.pdf\">Letak Modular (.pdf)<\/a>\n<\/div>\n\n\n--><\/p>\n","protected":false},"excerpt":{"rendered":"<p>Hosekra Modular prina\u0161a inovativno re\u0161itev na podro\u010dju bivanja, ki zdru\u017euje najbolj\u0161e zna\u010dilnosti mobilnih hi\u0161k in kontejnerjev. Na\u0161a vizija je ustvariti fleksibilne, udobne in trajnostne bivalne enote, ki ustrezajo razli\u010dnim potrebam in \u017eeljam uporabnikov. Na\u0161e enote so prilagodljive v velikosti, zasnovane z najnovej\u0161o tehnologijo in grajene z mislijo na okolje. Mobilne Hi\u0161ke Mobilne hi\u0161ke so zasnovane [&hellip;]<\/p>\n","protected":false},"author":1,"featured_media":0,"parent":0,"menu_order":10,"comment_status":"closed","ping_status":"open","template":"","meta":{"ngg_post_thumbnail":0,"footnotes":""},"class_list":["post-2","page","type-page","status-publish","hentry"],"yoast_head":"<!-- This site is optimized with the Yoast SEO plugin v27.4 - https:\/\/yoast.com\/product\/yoast-seo-wordpress\/ -->\n<title>Koncept - Hosekra Modular<\/title>\n<meta name=\"robots\" content=\"index, follow, max-snippet:-1, max-image-preview:large, max-video-preview:-1\" \/>\n<link rel=\"canonical\" href=\"https:\/\/hosekra.com\/modular\/koncept\/\" \/>\n<meta property=\"og:locale\" content=\"sl_SI\" \/>\n<meta property=\"og:type\" content=\"article\" \/>\n<meta property=\"og:title\" content=\"Koncept - Hosekra Modular\" \/>\n<meta property=\"og:description\" content=\"Hosekra Modular prina\u0161a inovativno re\u0161itev na podro\u010dju bivanja, ki zdru\u017euje najbolj\u0161e zna\u010dilnosti mobilnih hi\u0161k in kontejnerjev. Na\u0161a vizija je ustvariti fleksibilne, udobne in trajnostne bivalne enote, ki ustrezajo razli\u010dnim potrebam in \u017eeljam uporabnikov. Na\u0161e enote so prilagodljive v velikosti, zasnovane z najnovej\u0161o tehnologijo in grajene z mislijo na okolje. Mobilne Hi\u0161ke Mobilne hi\u0161ke so zasnovane [&hellip;]\" \/>\n<meta property=\"og:url\" content=\"https:\/\/hosekra.com\/modular\/koncept\/\" \/>\n<meta property=\"og:site_name\" content=\"Hosekra Modular\" \/>\n<meta property=\"article:modified_time\" content=\"2025-12-05T20:07:41+00:00\" \/>\n<meta property=\"og:image\" content=\"https:\/\/hosekra.com\/modular\/wp-content\/uploads\/sites\/18\/homeskonterjnerji_modular.jpg\" \/>\n\t<meta property=\"og:image:width\" content=\"1200\" \/>\n\t<meta property=\"og:image:height\" content=\"300\" \/>\n\t<meta property=\"og:image:type\" content=\"image\/jpeg\" \/>\n<meta name=\"twitter:card\" content=\"summary_large_image\" \/>\n<meta name=\"twitter:label1\" content=\"Est. reading time\" \/>\n\t<meta name=\"twitter:data1\" content=\"2 minuti\" \/>\n<script type=\"application\/ld+json\" class=\"yoast-schema-graph\">{\"@context\":\"https:\\\/\\\/schema.org\",\"@graph\":[{\"@type\":\"WebPage\",\"@id\":\"https:\\\/\\\/hosekra.com\\\/modular\\\/koncept\\\/\",\"url\":\"https:\\\/\\\/hosekra.com\\\/modular\\\/koncept\\\/\",\"name\":\"Koncept - Hosekra Modular\",\"isPartOf\":{\"@id\":\"https:\\\/\\\/hosekra.com\\\/modular\\\/#website\"},\"primaryImageOfPage\":{\"@id\":\"https:\\\/\\\/hosekra.com\\\/modular\\\/koncept\\\/#primaryimage\"},\"image\":{\"@id\":\"https:\\\/\\\/hosekra.com\\\/modular\\\/koncept\\\/#primaryimage\"},\"thumbnailUrl\":\"https:\\\/\\\/hosekra.com\\\/modular\\\/wp-content\\\/uploads\\\/sites\\\/18\\\/homeskonterjnerji_modular.jpg\",\"datePublished\":\"2024-06-17T18:32:27+00:00\",\"dateModified\":\"2025-12-05T20:07:41+00:00\",\"breadcrumb\":{\"@id\":\"https:\\\/\\\/hosekra.com\\\/modular\\\/koncept\\\/#breadcrumb\"},\"inLanguage\":\"sl-SI\",\"potentialAction\":[{\"@type\":\"ReadAction\",\"target\":[\"https:\\\/\\\/hosekra.com\\\/modular\\\/koncept\\\/\"]}]},{\"@type\":\"ImageObject\",\"inLanguage\":\"sl-SI\",\"@id\":\"https:\\\/\\\/hosekra.com\\\/modular\\\/koncept\\\/#primaryimage\",\"url\":\"https:\\\/\\\/hosekra.com\\\/modular\\\/wp-content\\\/uploads\\\/sites\\\/18\\\/homeskonterjnerji_modular.jpg\",\"contentUrl\":\"https:\\\/\\\/hosekra.com\\\/modular\\\/wp-content\\\/uploads\\\/sites\\\/18\\\/homeskonterjnerji_modular.jpg\",\"width\":1200,\"height\":300,\"caption\":\"Homes + Konterjnerji = Modular\"},{\"@type\":\"BreadcrumbList\",\"@id\":\"https:\\\/\\\/hosekra.com\\\/modular\\\/koncept\\\/#breadcrumb\",\"itemListElement\":[{\"@type\":\"ListItem\",\"position\":1,\"name\":\"Home\",\"item\":\"https:\\\/\\\/hosekra.com\\\/modular\\\/\"},{\"@type\":\"ListItem\",\"position\":2,\"name\":\"Koncept\"}]},{\"@type\":\"WebSite\",\"@id\":\"https:\\\/\\\/hosekra.com\\\/modular\\\/#website\",\"url\":\"https:\\\/\\\/hosekra.com\\\/modular\\\/\",\"name\":\"Hosekra Modular\",\"description\":\"Prihodnost Bivanja\",\"potentialAction\":[{\"@type\":\"SearchAction\",\"target\":{\"@type\":\"EntryPoint\",\"urlTemplate\":\"https:\\\/\\\/hosekra.com\\\/modular\\\/?s={search_term_string}\"},\"query-input\":{\"@type\":\"PropertyValueSpecification\",\"valueRequired\":true,\"valueName\":\"search_term_string\"}}],\"inLanguage\":\"sl-SI\"}]}<\/script>\n<!-- \/ Yoast SEO plugin. -->","yoast_head_json":{"title":"Koncept - Hosekra Modular","robots":{"index":"index","follow":"follow","max-snippet":"max-snippet:-1","max-image-preview":"max-image-preview:large","max-video-preview":"max-video-preview:-1"},"canonical":"https:\/\/hosekra.com\/modular\/koncept\/","og_locale":"sl_SI","og_type":"article","og_title":"Koncept - Hosekra Modular","og_description":"Hosekra Modular prina\u0161a inovativno re\u0161itev na podro\u010dju bivanja, ki zdru\u017euje najbolj\u0161e zna\u010dilnosti mobilnih hi\u0161k in kontejnerjev. Na\u0161a vizija je ustvariti fleksibilne, udobne in trajnostne bivalne enote, ki ustrezajo razli\u010dnim potrebam in \u017eeljam uporabnikov. Na\u0161e enote so prilagodljive v velikosti, zasnovane z najnovej\u0161o tehnologijo in grajene z mislijo na okolje. Mobilne Hi\u0161ke Mobilne hi\u0161ke so zasnovane [&hellip;]","og_url":"https:\/\/hosekra.com\/modular\/koncept\/","og_site_name":"Hosekra Modular","article_modified_time":"2025-12-05T20:07:41+00:00","og_image":[{"width":1200,"height":300,"url":"https:\/\/hosekra.com\/modular\/wp-content\/uploads\/sites\/18\/homeskonterjnerji_modular.jpg","type":"image\/jpeg"}],"twitter_card":"summary_large_image","twitter_misc":{"Est. reading time":"2 minuti"},"schema":{"@context":"https:\/\/schema.org","@graph":[{"@type":"WebPage","@id":"https:\/\/hosekra.com\/modular\/koncept\/","url":"https:\/\/hosekra.com\/modular\/koncept\/","name":"Koncept - Hosekra Modular","isPartOf":{"@id":"https:\/\/hosekra.com\/modular\/#website"},"primaryImageOfPage":{"@id":"https:\/\/hosekra.com\/modular\/koncept\/#primaryimage"},"image":{"@id":"https:\/\/hosekra.com\/modular\/koncept\/#primaryimage"},"thumbnailUrl":"https:\/\/hosekra.com\/modular\/wp-content\/uploads\/sites\/18\/homeskonterjnerji_modular.jpg","datePublished":"2024-06-17T18:32:27+00:00","dateModified":"2025-12-05T20:07:41+00:00","breadcrumb":{"@id":"https:\/\/hosekra.com\/modular\/koncept\/#breadcrumb"},"inLanguage":"sl-SI","potentialAction":[{"@type":"ReadAction","target":["https:\/\/hosekra.com\/modular\/koncept\/"]}]},{"@type":"ImageObject","inLanguage":"sl-SI","@id":"https:\/\/hosekra.com\/modular\/koncept\/#primaryimage","url":"https:\/\/hosekra.com\/modular\/wp-content\/uploads\/sites\/18\/homeskonterjnerji_modular.jpg","contentUrl":"https:\/\/hosekra.com\/modular\/wp-content\/uploads\/sites\/18\/homeskonterjnerji_modular.jpg","width":1200,"height":300,"caption":"Homes + Konterjnerji = Modular"},{"@type":"BreadcrumbList","@id":"https:\/\/hosekra.com\/modular\/koncept\/#breadcrumb","itemListElement":[{"@type":"ListItem","position":1,"name":"Home","item":"https:\/\/hosekra.com\/modular\/"},{"@type":"ListItem","position":2,"name":"Koncept"}]},{"@type":"WebSite","@id":"https:\/\/hosekra.com\/modular\/#website","url":"https:\/\/hosekra.com\/modular\/","name":"Hosekra Modular","description":"Prihodnost Bivanja","potentialAction":[{"@type":"SearchAction","target":{"@type":"EntryPoint","urlTemplate":"https:\/\/hosekra.com\/modular\/?s={search_term_string}"},"query-input":{"@type":"PropertyValueSpecification","valueRequired":true,"valueName":"search_term_string"}}],"inLanguage":"sl-SI"}]}},"_links":{"self":[{"href":"https:\/\/hosekra.com\/modular\/wp-json\/wp\/v2\/pages\/2","targetHints":{"allow":["GET"]}}],"collection":[{"href":"https:\/\/hosekra.com\/modular\/wp-json\/wp\/v2\/pages"}],"about":[{"href":"https:\/\/hosekra.com\/modular\/wp-json\/wp\/v2\/types\/page"}],"author":[{"embeddable":true,"href":"https:\/\/hosekra.com\/modular\/wp-json\/wp\/v2\/users\/1"}],"replies":[{"embeddable":true,"href":"https:\/\/hosekra.com\/modular\/wp-json\/wp\/v2\/comments?post=2"}],"version-history":[{"count":37,"href":"https:\/\/hosekra.com\/modular\/wp-json\/wp\/v2\/pages\/2\/revisions"}],"predecessor-version":[{"id":731,"href":"https:\/\/hosekra.com\/modular\/wp-json\/wp\/v2\/pages\/2\/revisions\/731"}],"wp:attachment":[{"href":"https:\/\/hosekra.com\/modular\/wp-json\/wp\/v2\/media?parent=2"}],"curies":[{"name":"wp","href":"https:\/\/api.w.org\/{rel}","templated":true}]}}