{"id":20,"date":"2024-06-17T20:59:53","date_gmt":"2024-06-17T18:59:53","guid":{"rendered":"https:\/\/hosekra.com\/living\/?page_id=20"},"modified":"2025-11-27T18:47:47","modified_gmt":"2025-11-27T17:47:47","slug":"pisarna-urban","status":"publish","type":"page","link":"https:\/\/hosekra.com\/modular\/modeli\/pisarna-urban\/","title":{"rendered":"Pisarna Urban"},"content":{"rendered":"<p class=\"lead text-uppercase\">Prostor, kjer se estetika, funkcionalnost in udobje zdru\u017eijo.<\/p>\n<p>Hosekra Modular pisarna URBAN  je rezultat na\u0161ega sodelovanja z vodilnimi oblikovalci in strokovnjaki za delovno okolje. Zasnovan je tako, da zdru\u017euje funkcionalnost in slog v eni elegantni enoti. Ta prostor je namenjen ustvarjanju produktivnega delovnega okolja, kjer se udobje in u\u010dinkovitost prepletata.<\/p>\n<div class=\"play-container\"><img loading=\"lazy\" decoding=\"async\" src=\"https:\/\/hosekra.com\/modular\/wp-content\/uploads\/sites\/18\/Boss_Dnevna_Svetloba.jpg\" alt=\"Boss Dnevna Svetloba\" width=\"1156\" height=\"530\" class=\"alignnone size-full wp-image-487\" srcset=\"https:\/\/hosekra.com\/modular\/wp-content\/uploads\/sites\/18\/Boss_Dnevna_Svetloba.jpg 1156w, https:\/\/hosekra.com\/modular\/wp-content\/uploads\/sites\/18\/Boss_Dnevna_Svetloba-548x251.jpg 548w, https:\/\/hosekra.com\/modular\/wp-content\/uploads\/sites\/18\/Boss_Dnevna_Svetloba-1024x469.jpg 1024w, https:\/\/hosekra.com\/modular\/wp-content\/uploads\/sites\/18\/Boss_Dnevna_Svetloba-768x352.jpg 768w\" sizes=\"auto, (max-width: 1156px) 100vw, 1156px\" \/><a class=\"btn-play btn-play-image\" title=\"Pisarna Urban\" href=\"https:\/\/www.youtube.com\/watch?v=I-jKr1krA-s\">Oglejte si video<\/a><\/div>\n<div class=\"wrapper-general\">\n<a href=\"https:\/\/hosekra.com\/modular\/wp-content\/uploads\/sites\/18\/pisarna_Urban_modular.pdf\">Katalog pisarna Urban (.pdf)<\/a>\n<\/div>\n<p>Opremljen je z modernim prostorom za delo, udobnimi pisarni\u0161kimi stoli, inovativno opremo za sestanke ter prostorom za sprostitev med delovnim \u010dasom. Prilagodljiva notranjost vam omogo\u010da, da prostor prilagodite glede na svoje delovne potrebe, bodisi za samostojno delo, virtualne sestanke ali ustvarjanje kreativnih projektov.<\/p>\n<h2>Prostorska zasnova<\/h2>\n<div class=\"row\"><div class=\"col-sm-6\">\n<h3 class=\"subtitle\">Zunanjost<\/h3>\n<p><a href=\"https:\/\/hosekra.com\/modular\/wp-content\/uploads\/sites\/18\/UrbanBoss-Zunanjost.jpg\" data-rel=\"lightbox-image-0\" data-rl_title=\"Urban Boss Zunanjost\" data-rl_caption=\"\" title=\"Urban Boss Zunanjost\"><img loading=\"lazy\" decoding=\"async\" src=\"https:\/\/hosekra.com\/modular\/wp-content\/uploads\/sites\/18\/UrbanBoss-Zunanjost.jpg\" alt=\"\" width=\"1600\" height=\"900\" class=\"size-full wp-image-254\" srcset=\"https:\/\/hosekra.com\/modular\/wp-content\/uploads\/sites\/18\/UrbanBoss-Zunanjost.jpg 1600w, https:\/\/hosekra.com\/modular\/wp-content\/uploads\/sites\/18\/UrbanBoss-Zunanjost-548x308.jpg 548w, https:\/\/hosekra.com\/modular\/wp-content\/uploads\/sites\/18\/UrbanBoss-Zunanjost-1024x576.jpg 1024w, https:\/\/hosekra.com\/modular\/wp-content\/uploads\/sites\/18\/UrbanBoss-Zunanjost-768x432.jpg 768w, https:\/\/hosekra.com\/modular\/wp-content\/uploads\/sites\/18\/UrbanBoss-Zunanjost-1536x864.jpg 1536w\" sizes=\"auto, (max-width: 1600px) 100vw, 1600px\" \/><\/a><br \/>\n<\/div><div class=\"col-sm-6\"><\/p>\n<h3 class=\"subtitle\">Stranski Pogled<\/h3>\n<p><a href=\"https:\/\/hosekra.com\/modular\/wp-content\/uploads\/sites\/18\/Boss-Stranski-Pogled-2.jpg\" data-rel=\"lightbox-image-1\" data-rl_title=\"Boss Stranski Pogled\" data-rl_caption=\"\" title=\"Boss Stranski Pogled\"><img loading=\"lazy\" decoding=\"async\" src=\"https:\/\/hosekra.com\/modular\/wp-content\/uploads\/sites\/18\/Boss-Stranski-Pogled-2.jpg\" alt=\"\" width=\"1600\" height=\"900\" class=\"size-full wp-image-255\" srcset=\"https:\/\/hosekra.com\/modular\/wp-content\/uploads\/sites\/18\/Boss-Stranski-Pogled-2.jpg 1600w, https:\/\/hosekra.com\/modular\/wp-content\/uploads\/sites\/18\/Boss-Stranski-Pogled-2-548x308.jpg 548w, https:\/\/hosekra.com\/modular\/wp-content\/uploads\/sites\/18\/Boss-Stranski-Pogled-2-1024x576.jpg 1024w, https:\/\/hosekra.com\/modular\/wp-content\/uploads\/sites\/18\/Boss-Stranski-Pogled-2-768x432.jpg 768w, https:\/\/hosekra.com\/modular\/wp-content\/uploads\/sites\/18\/Boss-Stranski-Pogled-2-1536x864.jpg 1536w\" sizes=\"auto, (max-width: 1600px) 100vw, 1600px\" \/><\/a><br \/>\n<\/div><\/div><\/p>\n<h2>Galerija<\/h2>\nngg_shortcode_0_placeholder\n","protected":false},"excerpt":{"rendered":"<p>Prostor, kjer se estetika, funkcionalnost in udobje zdru\u017eijo. Hosekra Modular pisarna URBAN je rezultat na\u0161ega sodelovanja z vodilnimi oblikovalci in strokovnjaki za delovno okolje. Zasnovan je tako, da zdru\u017euje funkcionalnost in slog v eni elegantni enoti. Ta prostor je namenjen ustvarjanju produktivnega delovnega okolja, kjer se udobje in u\u010dinkovitost prepletata. Oglejte si video Katalog pisarna [&hellip;]<\/p>\n","protected":false},"author":1,"featured_media":0,"parent":12,"menu_order":24,"comment_status":"closed","ping_status":"closed","template":"produkti.php","meta":{"ngg_post_thumbnail":0,"footnotes":""},"class_list":["post-20","page","type-page","status-publish","hentry"],"yoast_head":"<!-- This site is optimized with the Yoast SEO plugin v27.4 - https:\/\/yoast.com\/product\/yoast-seo-wordpress\/ -->\n<title>Pisarna Urban - Hosekra Modular<\/title>\n<meta name=\"robots\" content=\"index, follow, max-snippet:-1, max-image-preview:large, max-video-preview:-1\" \/>\n<link rel=\"canonical\" href=\"https:\/\/hosekra.com\/modular\/modeli\/pisarna-urban\/\" \/>\n<meta property=\"og:locale\" content=\"sl_SI\" \/>\n<meta property=\"og:type\" content=\"article\" \/>\n<meta property=\"og:title\" content=\"Pisarna Urban - Hosekra Modular\" \/>\n<meta property=\"og:description\" content=\"Prostor, kjer se estetika, funkcionalnost in udobje zdru\u017eijo. Hosekra Modular pisarna URBAN je rezultat na\u0161ega sodelovanja z vodilnimi oblikovalci in strokovnjaki za delovno okolje. Zasnovan je tako, da zdru\u017euje funkcionalnost in slog v eni elegantni enoti. Ta prostor je namenjen ustvarjanju produktivnega delovnega okolja, kjer se udobje in u\u010dinkovitost prepletata. Oglejte si video Katalog pisarna [&hellip;]\" \/>\n<meta property=\"og:url\" content=\"https:\/\/hosekra.com\/modular\/modeli\/pisarna-urban\/\" \/>\n<meta property=\"og:site_name\" content=\"Hosekra Modular\" \/>\n<meta property=\"article:modified_time\" content=\"2025-11-27T17:47:47+00:00\" \/>\n<meta property=\"og:image\" content=\"https:\/\/hosekra.com\/modular\/wp-content\/uploads\/sites\/18\/Boss_Dnevna_Svetloba.jpg\" \/>\n\t<meta property=\"og:image:width\" content=\"1156\" \/>\n\t<meta property=\"og:image:height\" content=\"530\" \/>\n\t<meta property=\"og:image:type\" content=\"image\/jpeg\" \/>\n<meta name=\"twitter:card\" content=\"summary_large_image\" \/>\n<meta name=\"twitter:label1\" content=\"Est. reading time\" \/>\n\t<meta name=\"twitter:data1\" content=\"1 minuta\" \/>\n<script type=\"application\/ld+json\" class=\"yoast-schema-graph\">{\"@context\":\"https:\\\/\\\/schema.org\",\"@graph\":[{\"@type\":\"WebPage\",\"@id\":\"https:\\\/\\\/hosekra.com\\\/modular\\\/modeli\\\/pisarna-urban\\\/\",\"url\":\"https:\\\/\\\/hosekra.com\\\/modular\\\/modeli\\\/pisarna-urban\\\/\",\"name\":\"Pisarna Urban - Hosekra Modular\",\"isPartOf\":{\"@id\":\"https:\\\/\\\/hosekra.com\\\/modular\\\/#website\"},\"primaryImageOfPage\":{\"@id\":\"https:\\\/\\\/hosekra.com\\\/modular\\\/modeli\\\/pisarna-urban\\\/#primaryimage\"},\"image\":{\"@id\":\"https:\\\/\\\/hosekra.com\\\/modular\\\/modeli\\\/pisarna-urban\\\/#primaryimage\"},\"thumbnailUrl\":\"https:\\\/\\\/hosekra.com\\\/modular\\\/wp-content\\\/uploads\\\/sites\\\/18\\\/Boss_Dnevna_Svetloba.jpg\",\"datePublished\":\"2024-06-17T18:59:53+00:00\",\"dateModified\":\"2025-11-27T17:47:47+00:00\",\"breadcrumb\":{\"@id\":\"https:\\\/\\\/hosekra.com\\\/modular\\\/modeli\\\/pisarna-urban\\\/#breadcrumb\"},\"inLanguage\":\"sl-SI\",\"potentialAction\":[{\"@type\":\"ReadAction\",\"target\":[\"https:\\\/\\\/hosekra.com\\\/modular\\\/modeli\\\/pisarna-urban\\\/\"]}]},{\"@type\":\"ImageObject\",\"inLanguage\":\"sl-SI\",\"@id\":\"https:\\\/\\\/hosekra.com\\\/modular\\\/modeli\\\/pisarna-urban\\\/#primaryimage\",\"url\":\"https:\\\/\\\/hosekra.com\\\/modular\\\/wp-content\\\/uploads\\\/sites\\\/18\\\/Boss_Dnevna_Svetloba.jpg\",\"contentUrl\":\"https:\\\/\\\/hosekra.com\\\/modular\\\/wp-content\\\/uploads\\\/sites\\\/18\\\/Boss_Dnevna_Svetloba.jpg\",\"width\":1156,\"height\":530,\"caption\":\"Boss Dnevna Svetloba\"},{\"@type\":\"BreadcrumbList\",\"@id\":\"https:\\\/\\\/hosekra.com\\\/modular\\\/modeli\\\/pisarna-urban\\\/#breadcrumb\",\"itemListElement\":[{\"@type\":\"ListItem\",\"position\":1,\"name\":\"Home\",\"item\":\"https:\\\/\\\/hosekra.com\\\/modular\\\/\"},{\"@type\":\"ListItem\",\"position\":2,\"name\":\"Modeli\",\"item\":\"https:\\\/\\\/hosekra.com\\\/modular\\\/modeli\\\/\"},{\"@type\":\"ListItem\",\"position\":3,\"name\":\"Pisarna Urban\"}]},{\"@type\":\"WebSite\",\"@id\":\"https:\\\/\\\/hosekra.com\\\/modular\\\/#website\",\"url\":\"https:\\\/\\\/hosekra.com\\\/modular\\\/\",\"name\":\"Hosekra Modular\",\"description\":\"Prihodnost Bivanja\",\"potentialAction\":[{\"@type\":\"SearchAction\",\"target\":{\"@type\":\"EntryPoint\",\"urlTemplate\":\"https:\\\/\\\/hosekra.com\\\/modular\\\/?s={search_term_string}\"},\"query-input\":{\"@type\":\"PropertyValueSpecification\",\"valueRequired\":true,\"valueName\":\"search_term_string\"}}],\"inLanguage\":\"sl-SI\"}]}<\/script>\n<!-- \/ Yoast SEO plugin. -->","yoast_head_json":{"title":"Pisarna Urban - Hosekra Modular","robots":{"index":"index","follow":"follow","max-snippet":"max-snippet:-1","max-image-preview":"max-image-preview:large","max-video-preview":"max-video-preview:-1"},"canonical":"https:\/\/hosekra.com\/modular\/modeli\/pisarna-urban\/","og_locale":"sl_SI","og_type":"article","og_title":"Pisarna Urban - Hosekra Modular","og_description":"Prostor, kjer se estetika, funkcionalnost in udobje zdru\u017eijo. Hosekra Modular pisarna URBAN je rezultat na\u0161ega sodelovanja z vodilnimi oblikovalci in strokovnjaki za delovno okolje. Zasnovan je tako, da zdru\u017euje funkcionalnost in slog v eni elegantni enoti. Ta prostor je namenjen ustvarjanju produktivnega delovnega okolja, kjer se udobje in u\u010dinkovitost prepletata. Oglejte si video Katalog pisarna [&hellip;]","og_url":"https:\/\/hosekra.com\/modular\/modeli\/pisarna-urban\/","og_site_name":"Hosekra Modular","article_modified_time":"2025-11-27T17:47:47+00:00","og_image":[{"width":1156,"height":530,"url":"https:\/\/hosekra.com\/modular\/wp-content\/uploads\/sites\/18\/Boss_Dnevna_Svetloba.jpg","type":"image\/jpeg"}],"twitter_card":"summary_large_image","twitter_misc":{"Est. reading time":"1 minuta"},"schema":{"@context":"https:\/\/schema.org","@graph":[{"@type":"WebPage","@id":"https:\/\/hosekra.com\/modular\/modeli\/pisarna-urban\/","url":"https:\/\/hosekra.com\/modular\/modeli\/pisarna-urban\/","name":"Pisarna Urban - Hosekra Modular","isPartOf":{"@id":"https:\/\/hosekra.com\/modular\/#website"},"primaryImageOfPage":{"@id":"https:\/\/hosekra.com\/modular\/modeli\/pisarna-urban\/#primaryimage"},"image":{"@id":"https:\/\/hosekra.com\/modular\/modeli\/pisarna-urban\/#primaryimage"},"thumbnailUrl":"https:\/\/hosekra.com\/modular\/wp-content\/uploads\/sites\/18\/Boss_Dnevna_Svetloba.jpg","datePublished":"2024-06-17T18:59:53+00:00","dateModified":"2025-11-27T17:47:47+00:00","breadcrumb":{"@id":"https:\/\/hosekra.com\/modular\/modeli\/pisarna-urban\/#breadcrumb"},"inLanguage":"sl-SI","potentialAction":[{"@type":"ReadAction","target":["https:\/\/hosekra.com\/modular\/modeli\/pisarna-urban\/"]}]},{"@type":"ImageObject","inLanguage":"sl-SI","@id":"https:\/\/hosekra.com\/modular\/modeli\/pisarna-urban\/#primaryimage","url":"https:\/\/hosekra.com\/modular\/wp-content\/uploads\/sites\/18\/Boss_Dnevna_Svetloba.jpg","contentUrl":"https:\/\/hosekra.com\/modular\/wp-content\/uploads\/sites\/18\/Boss_Dnevna_Svetloba.jpg","width":1156,"height":530,"caption":"Boss Dnevna Svetloba"},{"@type":"BreadcrumbList","@id":"https:\/\/hosekra.com\/modular\/modeli\/pisarna-urban\/#breadcrumb","itemListElement":[{"@type":"ListItem","position":1,"name":"Home","item":"https:\/\/hosekra.com\/modular\/"},{"@type":"ListItem","position":2,"name":"Modeli","item":"https:\/\/hosekra.com\/modular\/modeli\/"},{"@type":"ListItem","position":3,"name":"Pisarna Urban"}]},{"@type":"WebSite","@id":"https:\/\/hosekra.com\/modular\/#website","url":"https:\/\/hosekra.com\/modular\/","name":"Hosekra Modular","description":"Prihodnost Bivanja","potentialAction":[{"@type":"SearchAction","target":{"@type":"EntryPoint","urlTemplate":"https:\/\/hosekra.com\/modular\/?s={search_term_string}"},"query-input":{"@type":"PropertyValueSpecification","valueRequired":true,"valueName":"search_term_string"}}],"inLanguage":"sl-SI"}]}},"_links":{"self":[{"href":"https:\/\/hosekra.com\/modular\/wp-json\/wp\/v2\/pages\/20","targetHints":{"allow":["GET"]}}],"collection":[{"href":"https:\/\/hosekra.com\/modular\/wp-json\/wp\/v2\/pages"}],"about":[{"href":"https:\/\/hosekra.com\/modular\/wp-json\/wp\/v2\/types\/page"}],"author":[{"embeddable":true,"href":"https:\/\/hosekra.com\/modular\/wp-json\/wp\/v2\/users\/1"}],"replies":[{"embeddable":true,"href":"https:\/\/hosekra.com\/modular\/wp-json\/wp\/v2\/comments?post=20"}],"version-history":[{"count":10,"href":"https:\/\/hosekra.com\/modular\/wp-json\/wp\/v2\/pages\/20\/revisions"}],"predecessor-version":[{"id":651,"href":"https:\/\/hosekra.com\/modular\/wp-json\/wp\/v2\/pages\/20\/revisions\/651"}],"up":[{"embeddable":true,"href":"https:\/\/hosekra.com\/modular\/wp-json\/wp\/v2\/pages\/12"}],"wp:attachment":[{"href":"https:\/\/hosekra.com\/modular\/wp-json\/wp\/v2\/media?parent=20"}],"curies":[{"name":"wp","href":"https:\/\/api.w.org\/{rel}","templated":true}]}}