{"id":22,"date":"2024-06-17T21:00:13","date_gmt":"2024-06-17T19:00:13","guid":{"rendered":"https:\/\/hosekra.com\/living\/?page_id=22"},"modified":"2025-11-27T18:47:29","modified_gmt":"2025-11-27T17:47:29","slug":"pisarna-vista","status":"publish","type":"page","link":"https:\/\/hosekra.com\/modular\/modeli\/pisarna-vista\/","title":{"rendered":"Pisarna Vista"},"content":{"rendered":"<p class=\"lead text-uppercase\">Miren in u\u010dinkovit pisarn\u0161ki prostor.<\/p>\n<p>Predstavljamo vam Hosekra Modular pisarna Vista, najnovej\u0161i dodatek v na\u0161i liniji, ki zdru\u017euje udobje mobilnih hi\u0161k in kontejnerjev. Zasnovana za mirno in u\u010dinkovito pisarni\u0161ko dejavnost, idealena za ra\u010dunovodstvo ali podobne poklice.<\/p>\n<p><strong>Va\u0161 Delovni Prostor za Uspeh<\/strong><\/p>\n<p>Hosekra Modular pisarna Vista je popoln prostor za profesionalno delo v mirnem in urejenem okolju. Pisarni\u0161ki prostor je zasnovan s tremi delovnimi postajami, ki vklju\u010dujejo pisalne mize, pisarni\u0161ke stole in separej\u010dke za la\u017eje in bolj koncentrirano delo. Ob vsaki mizi je Hosekrin fasadni panel, namenjen za zaznamke in obe\u0161anje pomembnih informacij, kar omogo\u010da u\u010dinkovito organizacijo dela.<\/p>\n<div class=\"play-container\"><img loading=\"lazy\" decoding=\"async\" src=\"https:\/\/hosekra.com\/modular\/wp-content\/uploads\/sites\/18\/Pisarna_Vista-Dnevna_Svetloba.jpg\" alt=\"Pisarna VISTA\" width=\"1156\" height=\"530\" class=\"size-full wp-image-71\" srcset=\"https:\/\/hosekra.com\/modular\/wp-content\/uploads\/sites\/18\/Pisarna_Vista-Dnevna_Svetloba.jpg 1156w, https:\/\/hosekra.com\/modular\/wp-content\/uploads\/sites\/18\/Pisarna_Vista-Dnevna_Svetloba-548x251.jpg 548w, https:\/\/hosekra.com\/modular\/wp-content\/uploads\/sites\/18\/Pisarna_Vista-Dnevna_Svetloba-1024x469.jpg 1024w, https:\/\/hosekra.com\/modular\/wp-content\/uploads\/sites\/18\/Pisarna_Vista-Dnevna_Svetloba-768x352.jpg 768w\" sizes=\"auto, (max-width: 1156px) 100vw, 1156px\" \/><a class=\"btn-play btn-play-image\" title=\"Pisarna Vista\" href=\"https:\/\/www.youtube.com\/watch?v=HwMYNi0sUzA\">Oglejte si video<\/a><\/div>\n<div class=\"wrapper-general\">\n<a href=\"https:\/\/hosekra.com\/modular\/wp-content\/uploads\/sites\/18\/pisarna_Vista_modular.pdf\">Katalog pisarna Vista (.pdf)<\/a>\n<\/div>\n<p>Hosekra Modular pisarna Vista zdru\u017euje eleganco in funkcionalnost. Pohi\u0161tvo v videzu lesa v kombinaciji z belo barvo ustvarja prijetno in profesionalno vzdu\u0161je, medtem ko sivi stoli zagotavljajo udobje med delom. V prvem delu pisarne je manj\u0161i prostor za stranke z dvema stoloma in manj\u0161o mizico, kar omogo\u010da prijetne in profesionalne sestanke. V zadnjem delu prostora je velika omara za shranjevanje ter predalnik za dodatno organizacijo.<\/p>\n<p>Hosekra Modular pisarna Vista je ve\u010d kot le pisarni\u0161ki prostor &#8211; je va\u0161 osebni prostor za mirno in u\u010dinkovito delo. Dosegli novo raven produktivnosti in profesionalizma, medtem ko se boste osredoto\u010dili na svoje delovne cilje.<\/p>\n<p>Stopite v stik z nami danes in rezervirajte svojo Hosekra Modular pisarno Vista za edinstveno delovno izku\u0161njo, ki vas bo navdihnila, napolnila z energijo in pozitivnimi vibracijami.<\/p>\n<h2>Prostorska zasnova<\/h2>\n<div class=\"row\"><div class=\"col-sm-6\">\n<h3 class=\"subtitle\">Zunanjost<\/h3>\n<p><a href=\"https:\/\/hosekra.com\/modular\/wp-content\/uploads\/sites\/18\/Pisarna-Vista-Zunanjost.jpg\" data-rel=\"lightbox-image-0\" data-rl_title=\"Pisarna Vista Zunanjost\" data-rl_caption=\"\" title=\"Pisarna Vista Zunanjost\"><img loading=\"lazy\" decoding=\"async\" src=\"https:\/\/hosekra.com\/modular\/wp-content\/uploads\/sites\/18\/Pisarna-Vista-Zunanjost.jpg\" alt=\"Pisarna Vista Zunanjost\" width=\"1600\" height=\"900\" class=\"alignnone size-full wp-image-283\" srcset=\"https:\/\/hosekra.com\/modular\/wp-content\/uploads\/sites\/18\/Pisarna-Vista-Zunanjost.jpg 1600w, https:\/\/hosekra.com\/modular\/wp-content\/uploads\/sites\/18\/Pisarna-Vista-Zunanjost-548x308.jpg 548w, https:\/\/hosekra.com\/modular\/wp-content\/uploads\/sites\/18\/Pisarna-Vista-Zunanjost-1024x576.jpg 1024w, https:\/\/hosekra.com\/modular\/wp-content\/uploads\/sites\/18\/Pisarna-Vista-Zunanjost-768x432.jpg 768w, https:\/\/hosekra.com\/modular\/wp-content\/uploads\/sites\/18\/Pisarna-Vista-Zunanjost-1536x864.jpg 1536w\" sizes=\"auto, (max-width: 1600px) 100vw, 1600px\" \/><\/a><br \/>\n<\/div><div class=\"col-sm-6\"><\/p>\n<h3 class=\"subtitle\">Stranski Pogled<\/h3>\n<p><a href=\"https:\/\/hosekra.com\/modular\/wp-content\/uploads\/sites\/18\/Pisarna-Vista-3D-Pogled.jpg\" data-rel=\"lightbox-image-1\" data-rl_title=\"Pisarna Vista 3D Pogled\" data-rl_caption=\"\" title=\"Pisarna Vista 3D Pogled\"><img loading=\"lazy\" decoding=\"async\" src=\"https:\/\/hosekra.com\/modular\/wp-content\/uploads\/sites\/18\/Pisarna-Vista-3D-Pogled.jpg\" alt=\"Pisarna Vista 3D Pogled\" width=\"1600\" height=\"900\" class=\"alignnone size-full wp-image-282\" srcset=\"https:\/\/hosekra.com\/modular\/wp-content\/uploads\/sites\/18\/Pisarna-Vista-3D-Pogled.jpg 1600w, https:\/\/hosekra.com\/modular\/wp-content\/uploads\/sites\/18\/Pisarna-Vista-3D-Pogled-548x308.jpg 548w, https:\/\/hosekra.com\/modular\/wp-content\/uploads\/sites\/18\/Pisarna-Vista-3D-Pogled-1024x576.jpg 1024w, https:\/\/hosekra.com\/modular\/wp-content\/uploads\/sites\/18\/Pisarna-Vista-3D-Pogled-768x432.jpg 768w, https:\/\/hosekra.com\/modular\/wp-content\/uploads\/sites\/18\/Pisarna-Vista-3D-Pogled-1536x864.jpg 1536w\" sizes=\"auto, (max-width: 1600px) 100vw, 1600px\" \/><\/a><br \/>\n<\/div><\/div><\/p>\n<h2>Galerija<\/h2>\nngg_shortcode_0_placeholder\n","protected":false},"excerpt":{"rendered":"<p>Miren in u\u010dinkovit pisarn\u0161ki prostor. Predstavljamo vam Hosekra Modular pisarna Vista, najnovej\u0161i dodatek v na\u0161i liniji, ki zdru\u017euje udobje mobilnih hi\u0161k in kontejnerjev. Zasnovana za mirno in u\u010dinkovito pisarni\u0161ko dejavnost, idealena za ra\u010dunovodstvo ali podobne poklice. Va\u0161 Delovni Prostor za Uspeh Hosekra Modular pisarna Vista je popoln prostor za profesionalno delo v mirnem in urejenem [&hellip;]<\/p>\n","protected":false},"author":1,"featured_media":0,"parent":12,"menu_order":25,"comment_status":"closed","ping_status":"closed","template":"produkti.php","meta":{"ngg_post_thumbnail":0,"footnotes":""},"class_list":["post-22","page","type-page","status-publish","hentry"],"yoast_head":"<!-- This site is optimized with the Yoast SEO plugin v27.4 - https:\/\/yoast.com\/product\/yoast-seo-wordpress\/ -->\n<title>Pisarna Vista - Hosekra Modular<\/title>\n<meta name=\"robots\" content=\"index, follow, max-snippet:-1, max-image-preview:large, max-video-preview:-1\" \/>\n<link rel=\"canonical\" href=\"https:\/\/hosekra.com\/modular\/modeli\/pisarna-vista\/\" \/>\n<meta property=\"og:locale\" content=\"sl_SI\" \/>\n<meta property=\"og:type\" content=\"article\" \/>\n<meta property=\"og:title\" content=\"Pisarna Vista - Hosekra Modular\" \/>\n<meta property=\"og:description\" content=\"Miren in u\u010dinkovit pisarn\u0161ki prostor. Predstavljamo vam Hosekra Modular pisarna Vista, najnovej\u0161i dodatek v na\u0161i liniji, ki zdru\u017euje udobje mobilnih hi\u0161k in kontejnerjev. Zasnovana za mirno in u\u010dinkovito pisarni\u0161ko dejavnost, idealena za ra\u010dunovodstvo ali podobne poklice. Va\u0161 Delovni Prostor za Uspeh Hosekra Modular pisarna Vista je popoln prostor za profesionalno delo v mirnem in urejenem [&hellip;]\" \/>\n<meta property=\"og:url\" content=\"https:\/\/hosekra.com\/modular\/modeli\/pisarna-vista\/\" \/>\n<meta property=\"og:site_name\" content=\"Hosekra Modular\" \/>\n<meta property=\"article:modified_time\" content=\"2025-11-27T17:47:29+00:00\" \/>\n<meta property=\"og:image\" content=\"https:\/\/hosekra.com\/modular\/wp-content\/uploads\/sites\/18\/Pisarna_Vista-Dnevna_Svetloba.jpg\" \/>\n\t<meta property=\"og:image:width\" content=\"1156\" \/>\n\t<meta property=\"og:image:height\" content=\"530\" \/>\n\t<meta property=\"og:image:type\" content=\"image\/jpeg\" \/>\n<meta name=\"twitter:card\" content=\"summary_large_image\" \/>\n<meta name=\"twitter:label1\" content=\"Est. reading time\" \/>\n\t<meta name=\"twitter:data1\" content=\"1 minuta\" \/>\n<script type=\"application\/ld+json\" class=\"yoast-schema-graph\">{\"@context\":\"https:\\\/\\\/schema.org\",\"@graph\":[{\"@type\":\"WebPage\",\"@id\":\"https:\\\/\\\/hosekra.com\\\/modular\\\/modeli\\\/pisarna-vista\\\/\",\"url\":\"https:\\\/\\\/hosekra.com\\\/modular\\\/modeli\\\/pisarna-vista\\\/\",\"name\":\"Pisarna Vista - Hosekra Modular\",\"isPartOf\":{\"@id\":\"https:\\\/\\\/hosekra.com\\\/modular\\\/#website\"},\"primaryImageOfPage\":{\"@id\":\"https:\\\/\\\/hosekra.com\\\/modular\\\/modeli\\\/pisarna-vista\\\/#primaryimage\"},\"image\":{\"@id\":\"https:\\\/\\\/hosekra.com\\\/modular\\\/modeli\\\/pisarna-vista\\\/#primaryimage\"},\"thumbnailUrl\":\"https:\\\/\\\/hosekra.com\\\/modular\\\/wp-content\\\/uploads\\\/sites\\\/18\\\/Pisarna_Vista-Dnevna_Svetloba.jpg\",\"datePublished\":\"2024-06-17T19:00:13+00:00\",\"dateModified\":\"2025-11-27T17:47:29+00:00\",\"breadcrumb\":{\"@id\":\"https:\\\/\\\/hosekra.com\\\/modular\\\/modeli\\\/pisarna-vista\\\/#breadcrumb\"},\"inLanguage\":\"sl-SI\",\"potentialAction\":[{\"@type\":\"ReadAction\",\"target\":[\"https:\\\/\\\/hosekra.com\\\/modular\\\/modeli\\\/pisarna-vista\\\/\"]}]},{\"@type\":\"ImageObject\",\"inLanguage\":\"sl-SI\",\"@id\":\"https:\\\/\\\/hosekra.com\\\/modular\\\/modeli\\\/pisarna-vista\\\/#primaryimage\",\"url\":\"https:\\\/\\\/hosekra.com\\\/modular\\\/wp-content\\\/uploads\\\/sites\\\/18\\\/Pisarna_Vista-Dnevna_Svetloba.jpg\",\"contentUrl\":\"https:\\\/\\\/hosekra.com\\\/modular\\\/wp-content\\\/uploads\\\/sites\\\/18\\\/Pisarna_Vista-Dnevna_Svetloba.jpg\",\"width\":1156,\"height\":530,\"caption\":\"Pisarna VISTA\"},{\"@type\":\"BreadcrumbList\",\"@id\":\"https:\\\/\\\/hosekra.com\\\/modular\\\/modeli\\\/pisarna-vista\\\/#breadcrumb\",\"itemListElement\":[{\"@type\":\"ListItem\",\"position\":1,\"name\":\"Home\",\"item\":\"https:\\\/\\\/hosekra.com\\\/modular\\\/\"},{\"@type\":\"ListItem\",\"position\":2,\"name\":\"Modeli\",\"item\":\"https:\\\/\\\/hosekra.com\\\/modular\\\/modeli\\\/\"},{\"@type\":\"ListItem\",\"position\":3,\"name\":\"Pisarna Vista\"}]},{\"@type\":\"WebSite\",\"@id\":\"https:\\\/\\\/hosekra.com\\\/modular\\\/#website\",\"url\":\"https:\\\/\\\/hosekra.com\\\/modular\\\/\",\"name\":\"Hosekra Modular\",\"description\":\"Prihodnost Bivanja\",\"potentialAction\":[{\"@type\":\"SearchAction\",\"target\":{\"@type\":\"EntryPoint\",\"urlTemplate\":\"https:\\\/\\\/hosekra.com\\\/modular\\\/?s={search_term_string}\"},\"query-input\":{\"@type\":\"PropertyValueSpecification\",\"valueRequired\":true,\"valueName\":\"search_term_string\"}}],\"inLanguage\":\"sl-SI\"}]}<\/script>\n<!-- \/ Yoast SEO plugin. -->","yoast_head_json":{"title":"Pisarna Vista - Hosekra Modular","robots":{"index":"index","follow":"follow","max-snippet":"max-snippet:-1","max-image-preview":"max-image-preview:large","max-video-preview":"max-video-preview:-1"},"canonical":"https:\/\/hosekra.com\/modular\/modeli\/pisarna-vista\/","og_locale":"sl_SI","og_type":"article","og_title":"Pisarna Vista - Hosekra Modular","og_description":"Miren in u\u010dinkovit pisarn\u0161ki prostor. Predstavljamo vam Hosekra Modular pisarna Vista, najnovej\u0161i dodatek v na\u0161i liniji, ki zdru\u017euje udobje mobilnih hi\u0161k in kontejnerjev. Zasnovana za mirno in u\u010dinkovito pisarni\u0161ko dejavnost, idealena za ra\u010dunovodstvo ali podobne poklice. Va\u0161 Delovni Prostor za Uspeh Hosekra Modular pisarna Vista je popoln prostor za profesionalno delo v mirnem in urejenem [&hellip;]","og_url":"https:\/\/hosekra.com\/modular\/modeli\/pisarna-vista\/","og_site_name":"Hosekra Modular","article_modified_time":"2025-11-27T17:47:29+00:00","og_image":[{"width":1156,"height":530,"url":"https:\/\/hosekra.com\/modular\/wp-content\/uploads\/sites\/18\/Pisarna_Vista-Dnevna_Svetloba.jpg","type":"image\/jpeg"}],"twitter_card":"summary_large_image","twitter_misc":{"Est. reading time":"1 minuta"},"schema":{"@context":"https:\/\/schema.org","@graph":[{"@type":"WebPage","@id":"https:\/\/hosekra.com\/modular\/modeli\/pisarna-vista\/","url":"https:\/\/hosekra.com\/modular\/modeli\/pisarna-vista\/","name":"Pisarna Vista - Hosekra Modular","isPartOf":{"@id":"https:\/\/hosekra.com\/modular\/#website"},"primaryImageOfPage":{"@id":"https:\/\/hosekra.com\/modular\/modeli\/pisarna-vista\/#primaryimage"},"image":{"@id":"https:\/\/hosekra.com\/modular\/modeli\/pisarna-vista\/#primaryimage"},"thumbnailUrl":"https:\/\/hosekra.com\/modular\/wp-content\/uploads\/sites\/18\/Pisarna_Vista-Dnevna_Svetloba.jpg","datePublished":"2024-06-17T19:00:13+00:00","dateModified":"2025-11-27T17:47:29+00:00","breadcrumb":{"@id":"https:\/\/hosekra.com\/modular\/modeli\/pisarna-vista\/#breadcrumb"},"inLanguage":"sl-SI","potentialAction":[{"@type":"ReadAction","target":["https:\/\/hosekra.com\/modular\/modeli\/pisarna-vista\/"]}]},{"@type":"ImageObject","inLanguage":"sl-SI","@id":"https:\/\/hosekra.com\/modular\/modeli\/pisarna-vista\/#primaryimage","url":"https:\/\/hosekra.com\/modular\/wp-content\/uploads\/sites\/18\/Pisarna_Vista-Dnevna_Svetloba.jpg","contentUrl":"https:\/\/hosekra.com\/modular\/wp-content\/uploads\/sites\/18\/Pisarna_Vista-Dnevna_Svetloba.jpg","width":1156,"height":530,"caption":"Pisarna VISTA"},{"@type":"BreadcrumbList","@id":"https:\/\/hosekra.com\/modular\/modeli\/pisarna-vista\/#breadcrumb","itemListElement":[{"@type":"ListItem","position":1,"name":"Home","item":"https:\/\/hosekra.com\/modular\/"},{"@type":"ListItem","position":2,"name":"Modeli","item":"https:\/\/hosekra.com\/modular\/modeli\/"},{"@type":"ListItem","position":3,"name":"Pisarna Vista"}]},{"@type":"WebSite","@id":"https:\/\/hosekra.com\/modular\/#website","url":"https:\/\/hosekra.com\/modular\/","name":"Hosekra Modular","description":"Prihodnost Bivanja","potentialAction":[{"@type":"SearchAction","target":{"@type":"EntryPoint","urlTemplate":"https:\/\/hosekra.com\/modular\/?s={search_term_string}"},"query-input":{"@type":"PropertyValueSpecification","valueRequired":true,"valueName":"search_term_string"}}],"inLanguage":"sl-SI"}]}},"_links":{"self":[{"href":"https:\/\/hosekra.com\/modular\/wp-json\/wp\/v2\/pages\/22","targetHints":{"allow":["GET"]}}],"collection":[{"href":"https:\/\/hosekra.com\/modular\/wp-json\/wp\/v2\/pages"}],"about":[{"href":"https:\/\/hosekra.com\/modular\/wp-json\/wp\/v2\/types\/page"}],"author":[{"embeddable":true,"href":"https:\/\/hosekra.com\/modular\/wp-json\/wp\/v2\/users\/1"}],"replies":[{"embeddable":true,"href":"https:\/\/hosekra.com\/modular\/wp-json\/wp\/v2\/comments?post=22"}],"version-history":[{"count":8,"href":"https:\/\/hosekra.com\/modular\/wp-json\/wp\/v2\/pages\/22\/revisions"}],"predecessor-version":[{"id":650,"href":"https:\/\/hosekra.com\/modular\/wp-json\/wp\/v2\/pages\/22\/revisions\/650"}],"up":[{"embeddable":true,"href":"https:\/\/hosekra.com\/modular\/wp-json\/wp\/v2\/pages\/12"}],"wp:attachment":[{"href":"https:\/\/hosekra.com\/modular\/wp-json\/wp\/v2\/media?parent=22"}],"curies":[{"name":"wp","href":"https:\/\/api.w.org\/{rel}","templated":true}]}}