{"id":24,"date":"2024-06-17T21:00:30","date_gmt":"2024-06-17T19:00:30","guid":{"rendered":"https:\/\/hosekra.com\/living\/?page_id=24"},"modified":"2025-11-27T18:47:13","modified_gmt":"2025-11-27T17:47:13","slug":"pisarna-cosmo","status":"publish","type":"page","link":"https:\/\/hosekra.com\/modular\/modeli\/pisarna-cosmo\/","title":{"rendered":"Pisarna Cosmo"},"content":{"rendered":"<p class=\"lead text-uppercase\">Produktivnost na va\u0161em pragu!<\/p>\n<p>Predstavljamo vam Hosekra Modular pisarna Cosmo, najnovej\u0161i dodatek v na\u0161i liniji. Pisarna je zasnovana za profesionalno delovno okolje z dotikom elegance in \u017eenstvenosti.<\/p>\n<div class=\"play-container\"><img loading=\"lazy\" decoding=\"async\" src=\"https:\/\/hosekra.com\/modular\/wp-content\/uploads\/sites\/18\/LadyBoss_Dnevna_Svetloba.jpg\" alt=\"Pisarna COSMO\" width=\"1156\" height=\"530\" class=\"size-full wp-image-74\" srcset=\"https:\/\/hosekra.com\/modular\/wp-content\/uploads\/sites\/18\/LadyBoss_Dnevna_Svetloba.jpg 1156w, https:\/\/hosekra.com\/modular\/wp-content\/uploads\/sites\/18\/LadyBoss_Dnevna_Svetloba-548x251.jpg 548w, https:\/\/hosekra.com\/modular\/wp-content\/uploads\/sites\/18\/LadyBoss_Dnevna_Svetloba-1024x469.jpg 1024w, https:\/\/hosekra.com\/modular\/wp-content\/uploads\/sites\/18\/LadyBoss_Dnevna_Svetloba-768x352.jpg 768w\" sizes=\"auto, (max-width: 1156px) 100vw, 1156px\" \/><a class=\"btn-play btn-play-image\" title=\"Pisarna Cosmo\" href=\"https:\/\/www.youtube.com\/watch?v=jJZg1yT5v1o\">Oglejte si video<\/a><\/div>\n<div class=\"wrapper-general\">\n<a href=\"https:\/\/hosekra.com\/modular\/wp-content\/uploads\/sites\/18\/pisarna_Cosmo_modular.pdf\">Katalog pisarna Cosmo (.pdf)<\/a>\n<\/div>\n<p>Hosekra Modular pisarna Cosmo je popoln prostor za delo, sestanke in sprostitev. Na stenah vas pozdravlja tapeta v pomirjujo\u010di turkizni barvi, ki prina\u0161a sve\u017eino in navdih. Oprema v beli barvi vklju\u010duje veliko pisalno mizo, nizke omarice za shranjevanje in odlaganje, ter okroglo mizo s \u0161tirimi stoli, ki je primerna za sestanke, malico ali dru\u017eenje. Na drugi strani prostora je velika omara za shranjevanje, ki zagotavlja dovolj prostora za vse va\u0161e potreb\u0161\u010dine.<\/p>\n<p>Hosekra Modular pisarna Cosmo je opremljena z mislijo na \u017eenstveno eleganco in funkcionalnost. Dekoracija prina\u0161a dodatno toplino in navdih v va\u0161 delovni prostor, medtem ko beli pohi\u0161tveni elementi ustvarjajo ob\u010dutek \u010distosti in reda. Na\u0161a pisarna vam omogo\u010da, da se osredoto\u010dite na svoje delo v okolju, ki je tako estetsko prijetno kot funkcionalno.<\/p>\n<h2>Prostorska zasnova<\/h2>\n<div class=\"row\"><div class=\"col-sm-6\">\n<h3 class=\"subtitle\">Zunanjost<\/h3>\n<p><a href=\"https:\/\/hosekra.com\/modular\/wp-content\/uploads\/sites\/18\/CosmoLadyBoss-Zunanjost-1.jpg\" data-rel=\"lightbox-image-0\" data-rl_title=\"Cosmo Lady Boss Zunanjost\" data-rl_caption=\"\" title=\"Cosmo Lady Boss Zunanjost\"><img loading=\"lazy\" decoding=\"async\" src=\"https:\/\/hosekra.com\/modular\/wp-content\/uploads\/sites\/18\/CosmoLadyBoss-Zunanjost-1.jpg\" alt=\"Cosmo Lady Boss Zunanjost\" width=\"1600\" height=\"900\" class=\"alignnone size-full wp-image-317\" srcset=\"https:\/\/hosekra.com\/modular\/wp-content\/uploads\/sites\/18\/CosmoLadyBoss-Zunanjost-1.jpg 1600w, https:\/\/hosekra.com\/modular\/wp-content\/uploads\/sites\/18\/CosmoLadyBoss-Zunanjost-1-548x308.jpg 548w, https:\/\/hosekra.com\/modular\/wp-content\/uploads\/sites\/18\/CosmoLadyBoss-Zunanjost-1-1024x576.jpg 1024w, https:\/\/hosekra.com\/modular\/wp-content\/uploads\/sites\/18\/CosmoLadyBoss-Zunanjost-1-768x432.jpg 768w, https:\/\/hosekra.com\/modular\/wp-content\/uploads\/sites\/18\/CosmoLadyBoss-Zunanjost-1-1536x864.jpg 1536w\" sizes=\"auto, (max-width: 1600px) 100vw, 1600px\" \/><\/a><br \/>\n<\/div><div class=\"col-sm-6\"><\/p>\n<h3 class=\"subtitle\">Stranski Pogled<\/h3>\n<p><a href=\"https:\/\/hosekra.com\/modular\/wp-content\/uploads\/sites\/18\/LadyBoss-Stranski-Pogled-1.jpg\" data-rel=\"lightbox-image-1\" data-rl_title=\"Lady Boss Stranski Pogled\" data-rl_caption=\"\" title=\"Lady Boss Stranski Pogled\"><img loading=\"lazy\" decoding=\"async\" src=\"https:\/\/hosekra.com\/modular\/wp-content\/uploads\/sites\/18\/LadyBoss-Stranski-Pogled-1.jpg\" alt=\"Lady Boss Stranski Pogled\" width=\"1600\" height=\"900\" class=\"alignnone size-full wp-image-318\" srcset=\"https:\/\/hosekra.com\/modular\/wp-content\/uploads\/sites\/18\/LadyBoss-Stranski-Pogled-1.jpg 1600w, https:\/\/hosekra.com\/modular\/wp-content\/uploads\/sites\/18\/LadyBoss-Stranski-Pogled-1-548x308.jpg 548w, https:\/\/hosekra.com\/modular\/wp-content\/uploads\/sites\/18\/LadyBoss-Stranski-Pogled-1-1024x576.jpg 1024w, https:\/\/hosekra.com\/modular\/wp-content\/uploads\/sites\/18\/LadyBoss-Stranski-Pogled-1-768x432.jpg 768w, https:\/\/hosekra.com\/modular\/wp-content\/uploads\/sites\/18\/LadyBoss-Stranski-Pogled-1-1536x864.jpg 1536w\" sizes=\"auto, (max-width: 1600px) 100vw, 1600px\" \/><\/a><br \/>\n<\/div><\/div><\/p>\n<h2>Galerija<\/h2>\nngg_shortcode_0_placeholder\n","protected":false},"excerpt":{"rendered":"<p>Produktivnost na va\u0161em pragu! Predstavljamo vam Hosekra Modular pisarna Cosmo, najnovej\u0161i dodatek v na\u0161i liniji. Pisarna je zasnovana za profesionalno delovno okolje z dotikom elegance in \u017eenstvenosti. Oglejte si video Katalog pisarna Cosmo (.pdf) Hosekra Modular pisarna Cosmo je popoln prostor za delo, sestanke in sprostitev. Na stenah vas pozdravlja tapeta v pomirjujo\u010di turkizni barvi, [&hellip;]<\/p>\n","protected":false},"author":1,"featured_media":0,"parent":12,"menu_order":26,"comment_status":"closed","ping_status":"closed","template":"produkti.php","meta":{"ngg_post_thumbnail":0,"footnotes":""},"class_list":["post-24","page","type-page","status-publish","hentry"],"yoast_head":"<!-- This site is optimized with the Yoast SEO plugin v27.4 - https:\/\/yoast.com\/product\/yoast-seo-wordpress\/ -->\n<title>Pisarna Cosmo - Hosekra Modular<\/title>\n<meta name=\"robots\" content=\"index, follow, max-snippet:-1, max-image-preview:large, max-video-preview:-1\" \/>\n<link rel=\"canonical\" href=\"https:\/\/hosekra.com\/modular\/modeli\/pisarna-cosmo\/\" \/>\n<meta property=\"og:locale\" content=\"sl_SI\" \/>\n<meta property=\"og:type\" content=\"article\" \/>\n<meta property=\"og:title\" content=\"Pisarna Cosmo - Hosekra Modular\" \/>\n<meta property=\"og:description\" content=\"Produktivnost na va\u0161em pragu! Predstavljamo vam Hosekra Modular pisarna Cosmo, najnovej\u0161i dodatek v na\u0161i liniji. Pisarna je zasnovana za profesionalno delovno okolje z dotikom elegance in \u017eenstvenosti. Oglejte si video Katalog pisarna Cosmo (.pdf) Hosekra Modular pisarna Cosmo je popoln prostor za delo, sestanke in sprostitev. Na stenah vas pozdravlja tapeta v pomirjujo\u010di turkizni barvi, [&hellip;]\" \/>\n<meta property=\"og:url\" content=\"https:\/\/hosekra.com\/modular\/modeli\/pisarna-cosmo\/\" \/>\n<meta property=\"og:site_name\" content=\"Hosekra Modular\" \/>\n<meta property=\"article:modified_time\" content=\"2025-11-27T17:47:13+00:00\" \/>\n<meta property=\"og:image\" content=\"https:\/\/hosekra.com\/modular\/wp-content\/uploads\/sites\/18\/LadyBoss_Dnevna_Svetloba.jpg\" \/>\n\t<meta property=\"og:image:width\" content=\"1156\" \/>\n\t<meta property=\"og:image:height\" content=\"530\" \/>\n\t<meta property=\"og:image:type\" content=\"image\/jpeg\" \/>\n<meta name=\"twitter:card\" content=\"summary_large_image\" \/>\n<meta name=\"twitter:label1\" content=\"Est. reading time\" \/>\n\t<meta name=\"twitter:data1\" content=\"1 minuta\" \/>\n<script type=\"application\/ld+json\" class=\"yoast-schema-graph\">{\"@context\":\"https:\\\/\\\/schema.org\",\"@graph\":[{\"@type\":\"WebPage\",\"@id\":\"https:\\\/\\\/hosekra.com\\\/modular\\\/modeli\\\/pisarna-cosmo\\\/\",\"url\":\"https:\\\/\\\/hosekra.com\\\/modular\\\/modeli\\\/pisarna-cosmo\\\/\",\"name\":\"Pisarna Cosmo - Hosekra Modular\",\"isPartOf\":{\"@id\":\"https:\\\/\\\/hosekra.com\\\/modular\\\/#website\"},\"primaryImageOfPage\":{\"@id\":\"https:\\\/\\\/hosekra.com\\\/modular\\\/modeli\\\/pisarna-cosmo\\\/#primaryimage\"},\"image\":{\"@id\":\"https:\\\/\\\/hosekra.com\\\/modular\\\/modeli\\\/pisarna-cosmo\\\/#primaryimage\"},\"thumbnailUrl\":\"https:\\\/\\\/hosekra.com\\\/modular\\\/wp-content\\\/uploads\\\/sites\\\/18\\\/LadyBoss_Dnevna_Svetloba.jpg\",\"datePublished\":\"2024-06-17T19:00:30+00:00\",\"dateModified\":\"2025-11-27T17:47:13+00:00\",\"breadcrumb\":{\"@id\":\"https:\\\/\\\/hosekra.com\\\/modular\\\/modeli\\\/pisarna-cosmo\\\/#breadcrumb\"},\"inLanguage\":\"sl-SI\",\"potentialAction\":[{\"@type\":\"ReadAction\",\"target\":[\"https:\\\/\\\/hosekra.com\\\/modular\\\/modeli\\\/pisarna-cosmo\\\/\"]}]},{\"@type\":\"ImageObject\",\"inLanguage\":\"sl-SI\",\"@id\":\"https:\\\/\\\/hosekra.com\\\/modular\\\/modeli\\\/pisarna-cosmo\\\/#primaryimage\",\"url\":\"https:\\\/\\\/hosekra.com\\\/modular\\\/wp-content\\\/uploads\\\/sites\\\/18\\\/LadyBoss_Dnevna_Svetloba.jpg\",\"contentUrl\":\"https:\\\/\\\/hosekra.com\\\/modular\\\/wp-content\\\/uploads\\\/sites\\\/18\\\/LadyBoss_Dnevna_Svetloba.jpg\",\"width\":1156,\"height\":530,\"caption\":\"Pisarna COSMO\"},{\"@type\":\"BreadcrumbList\",\"@id\":\"https:\\\/\\\/hosekra.com\\\/modular\\\/modeli\\\/pisarna-cosmo\\\/#breadcrumb\",\"itemListElement\":[{\"@type\":\"ListItem\",\"position\":1,\"name\":\"Home\",\"item\":\"https:\\\/\\\/hosekra.com\\\/modular\\\/\"},{\"@type\":\"ListItem\",\"position\":2,\"name\":\"Modeli\",\"item\":\"https:\\\/\\\/hosekra.com\\\/modular\\\/modeli\\\/\"},{\"@type\":\"ListItem\",\"position\":3,\"name\":\"Pisarna Cosmo\"}]},{\"@type\":\"WebSite\",\"@id\":\"https:\\\/\\\/hosekra.com\\\/modular\\\/#website\",\"url\":\"https:\\\/\\\/hosekra.com\\\/modular\\\/\",\"name\":\"Hosekra Modular\",\"description\":\"Prihodnost Bivanja\",\"potentialAction\":[{\"@type\":\"SearchAction\",\"target\":{\"@type\":\"EntryPoint\",\"urlTemplate\":\"https:\\\/\\\/hosekra.com\\\/modular\\\/?s={search_term_string}\"},\"query-input\":{\"@type\":\"PropertyValueSpecification\",\"valueRequired\":true,\"valueName\":\"search_term_string\"}}],\"inLanguage\":\"sl-SI\"}]}<\/script>\n<!-- \/ Yoast SEO plugin. -->","yoast_head_json":{"title":"Pisarna Cosmo - Hosekra Modular","robots":{"index":"index","follow":"follow","max-snippet":"max-snippet:-1","max-image-preview":"max-image-preview:large","max-video-preview":"max-video-preview:-1"},"canonical":"https:\/\/hosekra.com\/modular\/modeli\/pisarna-cosmo\/","og_locale":"sl_SI","og_type":"article","og_title":"Pisarna Cosmo - Hosekra Modular","og_description":"Produktivnost na va\u0161em pragu! Predstavljamo vam Hosekra Modular pisarna Cosmo, najnovej\u0161i dodatek v na\u0161i liniji. Pisarna je zasnovana za profesionalno delovno okolje z dotikom elegance in \u017eenstvenosti. Oglejte si video Katalog pisarna Cosmo (.pdf) Hosekra Modular pisarna Cosmo je popoln prostor za delo, sestanke in sprostitev. Na stenah vas pozdravlja tapeta v pomirjujo\u010di turkizni barvi, [&hellip;]","og_url":"https:\/\/hosekra.com\/modular\/modeli\/pisarna-cosmo\/","og_site_name":"Hosekra Modular","article_modified_time":"2025-11-27T17:47:13+00:00","og_image":[{"width":1156,"height":530,"url":"https:\/\/hosekra.com\/modular\/wp-content\/uploads\/sites\/18\/LadyBoss_Dnevna_Svetloba.jpg","type":"image\/jpeg"}],"twitter_card":"summary_large_image","twitter_misc":{"Est. reading time":"1 minuta"},"schema":{"@context":"https:\/\/schema.org","@graph":[{"@type":"WebPage","@id":"https:\/\/hosekra.com\/modular\/modeli\/pisarna-cosmo\/","url":"https:\/\/hosekra.com\/modular\/modeli\/pisarna-cosmo\/","name":"Pisarna Cosmo - Hosekra Modular","isPartOf":{"@id":"https:\/\/hosekra.com\/modular\/#website"},"primaryImageOfPage":{"@id":"https:\/\/hosekra.com\/modular\/modeli\/pisarna-cosmo\/#primaryimage"},"image":{"@id":"https:\/\/hosekra.com\/modular\/modeli\/pisarna-cosmo\/#primaryimage"},"thumbnailUrl":"https:\/\/hosekra.com\/modular\/wp-content\/uploads\/sites\/18\/LadyBoss_Dnevna_Svetloba.jpg","datePublished":"2024-06-17T19:00:30+00:00","dateModified":"2025-11-27T17:47:13+00:00","breadcrumb":{"@id":"https:\/\/hosekra.com\/modular\/modeli\/pisarna-cosmo\/#breadcrumb"},"inLanguage":"sl-SI","potentialAction":[{"@type":"ReadAction","target":["https:\/\/hosekra.com\/modular\/modeli\/pisarna-cosmo\/"]}]},{"@type":"ImageObject","inLanguage":"sl-SI","@id":"https:\/\/hosekra.com\/modular\/modeli\/pisarna-cosmo\/#primaryimage","url":"https:\/\/hosekra.com\/modular\/wp-content\/uploads\/sites\/18\/LadyBoss_Dnevna_Svetloba.jpg","contentUrl":"https:\/\/hosekra.com\/modular\/wp-content\/uploads\/sites\/18\/LadyBoss_Dnevna_Svetloba.jpg","width":1156,"height":530,"caption":"Pisarna COSMO"},{"@type":"BreadcrumbList","@id":"https:\/\/hosekra.com\/modular\/modeli\/pisarna-cosmo\/#breadcrumb","itemListElement":[{"@type":"ListItem","position":1,"name":"Home","item":"https:\/\/hosekra.com\/modular\/"},{"@type":"ListItem","position":2,"name":"Modeli","item":"https:\/\/hosekra.com\/modular\/modeli\/"},{"@type":"ListItem","position":3,"name":"Pisarna Cosmo"}]},{"@type":"WebSite","@id":"https:\/\/hosekra.com\/modular\/#website","url":"https:\/\/hosekra.com\/modular\/","name":"Hosekra Modular","description":"Prihodnost Bivanja","potentialAction":[{"@type":"SearchAction","target":{"@type":"EntryPoint","urlTemplate":"https:\/\/hosekra.com\/modular\/?s={search_term_string}"},"query-input":{"@type":"PropertyValueSpecification","valueRequired":true,"valueName":"search_term_string"}}],"inLanguage":"sl-SI"}]}},"_links":{"self":[{"href":"https:\/\/hosekra.com\/modular\/wp-json\/wp\/v2\/pages\/24","targetHints":{"allow":["GET"]}}],"collection":[{"href":"https:\/\/hosekra.com\/modular\/wp-json\/wp\/v2\/pages"}],"about":[{"href":"https:\/\/hosekra.com\/modular\/wp-json\/wp\/v2\/types\/page"}],"author":[{"embeddable":true,"href":"https:\/\/hosekra.com\/modular\/wp-json\/wp\/v2\/users\/1"}],"replies":[{"embeddable":true,"href":"https:\/\/hosekra.com\/modular\/wp-json\/wp\/v2\/comments?post=24"}],"version-history":[{"count":8,"href":"https:\/\/hosekra.com\/modular\/wp-json\/wp\/v2\/pages\/24\/revisions"}],"predecessor-version":[{"id":649,"href":"https:\/\/hosekra.com\/modular\/wp-json\/wp\/v2\/pages\/24\/revisions\/649"}],"up":[{"embeddable":true,"href":"https:\/\/hosekra.com\/modular\/wp-json\/wp\/v2\/pages\/12"}],"wp:attachment":[{"href":"https:\/\/hosekra.com\/modular\/wp-json\/wp\/v2\/media?parent=24"}],"curies":[{"name":"wp","href":"https:\/\/api.w.org\/{rel}","templated":true}]}}