{"id":26,"date":"2024-06-17T21:00:57","date_gmt":"2024-06-17T19:00:57","guid":{"rendered":"https:\/\/hosekra.com\/living\/?page_id=26"},"modified":"2025-11-27T18:46:18","modified_gmt":"2025-11-27T17:46:18","slug":"wellness-harmony","status":"publish","type":"page","link":"https:\/\/hosekra.com\/modular\/modeli\/wellness-harmony\/","title":{"rendered":"Wellness Harmony"},"content":{"rendered":"<p class=\"lead text-uppercase\">Oaza miru in dobrega po\u010dutja.<\/p>\n<p>Hosekra Modular wellness Harmony je popoln prostor za sprostitev in pobeg od vsakdanjega stresa. Opremljen s savno, dvema lesenima po\u010divalnikoma za udobno sprostitev, ter kopalnico s tu\u0161em,<br \/>\numivalnikom, ogledalom in sanitarijami, vam Harmony prina\u0161a vse, kar potrebujete za popolno wellness izku\u0161njo. Steklene povr\u0161ine omogo\u010dajo obilico naravne svetlobe. Lesene obloge na stenah<br \/>\nustvarjajo ob\u010dutek topline in doma\u010dnosti. Prostor omogo\u010da globoko sprostitev, medtem ko udobna po\u010divalnika nudita popolno mesto za po\u010ditek in obnovitev energije.<\/p>\n<p>Edinstvena izku\u0161nja sprostitve, ki vas bo napolnila z energijo, mirnostjo in pozitivnimi vibracijami.<\/p>\n<div class=\"play-container\"><img loading=\"lazy\" decoding=\"async\" src=\"https:\/\/hosekra.com\/modular\/wp-content\/uploads\/sites\/18\/Harmony_Wellness-Savna.jpg\" alt=\"Harmony Wellness Savna\" width=\"1156\" height=\"530\" class=\"alignnone size-full wp-image-443\" srcset=\"https:\/\/hosekra.com\/modular\/wp-content\/uploads\/sites\/18\/Harmony_Wellness-Savna.jpg 1156w, https:\/\/hosekra.com\/modular\/wp-content\/uploads\/sites\/18\/Harmony_Wellness-Savna-548x251.jpg 548w, https:\/\/hosekra.com\/modular\/wp-content\/uploads\/sites\/18\/Harmony_Wellness-Savna-1024x469.jpg 1024w, https:\/\/hosekra.com\/modular\/wp-content\/uploads\/sites\/18\/Harmony_Wellness-Savna-768x352.jpg 768w\" sizes=\"auto, (max-width: 1156px) 100vw, 1156px\" \/><a class=\"btn-play btn-play-image\" title=\"Harmony Wellness Savna\" href=\"https:\/\/www.youtube.com\/watch?v=CcAxkib_BCI\">Oglejte si video<\/a><\/div>\n<div class=\"wrapper-general\">\n<a href=\"https:\/\/hosekra.com\/modular\/wp-content\/uploads\/sites\/18\/wellness_Harmony_modular-2.pdf\">Katalog wellness Harmony (.pdf)<\/a>\n<\/div>\n<p>Hosekra Modular wellness Harmony je ve\u010d kot le wellness prostor &#8211; je va\u0161a osebna oaza za sprostitev, luksuz in povezovanje z naravo. Z na\u0161im wellnessom boste dosegli novo raven harmonije in notranjega miru, medtem ko se boste osredoto\u010dili na svoje telo in um. Premi\u0161ljena oprema prina\u0161a razko\u0161je in udobje v va\u0161 vsakdan. Lesene obloge in dekorativne slike na stenah dodajajo estetsko vrednost in toplino, medtem ko rastline prina\u0161ajo dotik narave v notranjost.<\/p>\n<h2>Prostorska zasnova<\/h2>\n<div class=\"row\"><div class=\"col-sm-6\">\n<h3 class=\"subtitle\">Zunanjost<\/h3>\n<p><a href=\"https:\/\/hosekra.com\/modular\/wp-content\/uploads\/sites\/18\/Harmony-Wellness-Savna-Zunanjost.jpg\" data-rel=\"lightbox-image-0\" data-rl_title=\"Harmony Wellness Savna Zunanjost\" data-rl_caption=\"\" title=\"Harmony Wellness Savna Zunanjost\"><img loading=\"lazy\" decoding=\"async\" src=\"https:\/\/hosekra.com\/modular\/wp-content\/uploads\/sites\/18\/Harmony-Wellness-Savna-Zunanjost.jpg\" alt=\"Harmony Wellness Savna Zunanjost\" width=\"1600\" height=\"900\" class=\"alignnone size-full wp-image-413\" srcset=\"https:\/\/hosekra.com\/modular\/wp-content\/uploads\/sites\/18\/Harmony-Wellness-Savna-Zunanjost.jpg 1600w, https:\/\/hosekra.com\/modular\/wp-content\/uploads\/sites\/18\/Harmony-Wellness-Savna-Zunanjost-548x308.jpg 548w, https:\/\/hosekra.com\/modular\/wp-content\/uploads\/sites\/18\/Harmony-Wellness-Savna-Zunanjost-1024x576.jpg 1024w, https:\/\/hosekra.com\/modular\/wp-content\/uploads\/sites\/18\/Harmony-Wellness-Savna-Zunanjost-768x432.jpg 768w, https:\/\/hosekra.com\/modular\/wp-content\/uploads\/sites\/18\/Harmony-Wellness-Savna-Zunanjost-1536x864.jpg 1536w\" sizes=\"auto, (max-width: 1600px) 100vw, 1600px\" \/><\/a><br \/>\n<\/div><div class=\"col-sm-6\"><\/p>\n<h3 class=\"subtitle\">Stranski Pogled<\/h3>\n<p><a href=\"https:\/\/hosekra.com\/modular\/wp-content\/uploads\/sites\/18\/Harmony-Wellness-Savna-3D-Pogled.jpg\" data-rel=\"lightbox-image-1\" data-rl_title=\"Harmony Wellness Savna 3D Pogled\" data-rl_caption=\"\" title=\"Harmony Wellness Savna 3D Pogled\"><img loading=\"lazy\" decoding=\"async\" src=\"https:\/\/hosekra.com\/modular\/wp-content\/uploads\/sites\/18\/Harmony-Wellness-Savna-3D-Pogled.jpg\" alt=\"Harmony Wellness Savna 3D Pogled\" width=\"1600\" height=\"900\" class=\"alignnone size-full wp-image-412\" srcset=\"https:\/\/hosekra.com\/modular\/wp-content\/uploads\/sites\/18\/Harmony-Wellness-Savna-3D-Pogled.jpg 1600w, https:\/\/hosekra.com\/modular\/wp-content\/uploads\/sites\/18\/Harmony-Wellness-Savna-3D-Pogled-548x308.jpg 548w, https:\/\/hosekra.com\/modular\/wp-content\/uploads\/sites\/18\/Harmony-Wellness-Savna-3D-Pogled-1024x576.jpg 1024w, https:\/\/hosekra.com\/modular\/wp-content\/uploads\/sites\/18\/Harmony-Wellness-Savna-3D-Pogled-768x432.jpg 768w, https:\/\/hosekra.com\/modular\/wp-content\/uploads\/sites\/18\/Harmony-Wellness-Savna-3D-Pogled-1536x864.jpg 1536w\" sizes=\"auto, (max-width: 1600px) 100vw, 1600px\" \/><\/a><br \/>\n<\/div><\/div><\/p>\n<h2>Galerija<\/h2>\nngg_shortcode_0_placeholder\n","protected":false},"excerpt":{"rendered":"<p>Oaza miru in dobrega po\u010dutja. Hosekra Modular wellness Harmony je popoln prostor za sprostitev in pobeg od vsakdanjega stresa. Opremljen s savno, dvema lesenima po\u010divalnikoma za udobno sprostitev, ter kopalnico s tu\u0161em, umivalnikom, ogledalom in sanitarijami, vam Harmony prina\u0161a vse, kar potrebujete za popolno wellness izku\u0161njo. Steklene povr\u0161ine omogo\u010dajo obilico naravne svetlobe. Lesene obloge na [&hellip;]<\/p>\n","protected":false},"author":1,"featured_media":0,"parent":12,"menu_order":28,"comment_status":"closed","ping_status":"closed","template":"produkti.php","meta":{"ngg_post_thumbnail":0,"footnotes":""},"class_list":["post-26","page","type-page","status-publish","hentry"],"yoast_head":"<!-- This site is optimized with the Yoast SEO plugin v27.4 - https:\/\/yoast.com\/product\/yoast-seo-wordpress\/ -->\n<title>Wellness Harmony - Hosekra Modular<\/title>\n<meta name=\"robots\" content=\"index, follow, max-snippet:-1, max-image-preview:large, max-video-preview:-1\" \/>\n<link rel=\"canonical\" href=\"https:\/\/hosekra.com\/modular\/modeli\/wellness-harmony\/\" \/>\n<meta property=\"og:locale\" content=\"sl_SI\" \/>\n<meta property=\"og:type\" content=\"article\" \/>\n<meta property=\"og:title\" content=\"Wellness Harmony - Hosekra Modular\" \/>\n<meta property=\"og:description\" content=\"Oaza miru in dobrega po\u010dutja. Hosekra Modular wellness Harmony je popoln prostor za sprostitev in pobeg od vsakdanjega stresa. Opremljen s savno, dvema lesenima po\u010divalnikoma za udobno sprostitev, ter kopalnico s tu\u0161em, umivalnikom, ogledalom in sanitarijami, vam Harmony prina\u0161a vse, kar potrebujete za popolno wellness izku\u0161njo. Steklene povr\u0161ine omogo\u010dajo obilico naravne svetlobe. Lesene obloge na [&hellip;]\" \/>\n<meta property=\"og:url\" content=\"https:\/\/hosekra.com\/modular\/modeli\/wellness-harmony\/\" \/>\n<meta property=\"og:site_name\" content=\"Hosekra Modular\" \/>\n<meta property=\"article:modified_time\" content=\"2025-11-27T17:46:18+00:00\" \/>\n<meta property=\"og:image\" content=\"https:\/\/hosekra.com\/modular\/wp-content\/uploads\/sites\/18\/Harmony_Wellness-Savna.jpg\" \/>\n\t<meta property=\"og:image:width\" content=\"1156\" \/>\n\t<meta property=\"og:image:height\" content=\"530\" \/>\n\t<meta property=\"og:image:type\" content=\"image\/jpeg\" \/>\n<meta name=\"twitter:card\" content=\"summary_large_image\" \/>\n<meta name=\"twitter:label1\" content=\"Est. reading time\" \/>\n\t<meta name=\"twitter:data1\" content=\"1 minuta\" \/>\n<script type=\"application\/ld+json\" class=\"yoast-schema-graph\">{\"@context\":\"https:\\\/\\\/schema.org\",\"@graph\":[{\"@type\":\"WebPage\",\"@id\":\"https:\\\/\\\/hosekra.com\\\/modular\\\/modeli\\\/wellness-harmony\\\/\",\"url\":\"https:\\\/\\\/hosekra.com\\\/modular\\\/modeli\\\/wellness-harmony\\\/\",\"name\":\"Wellness Harmony - Hosekra Modular\",\"isPartOf\":{\"@id\":\"https:\\\/\\\/hosekra.com\\\/modular\\\/#website\"},\"primaryImageOfPage\":{\"@id\":\"https:\\\/\\\/hosekra.com\\\/modular\\\/modeli\\\/wellness-harmony\\\/#primaryimage\"},\"image\":{\"@id\":\"https:\\\/\\\/hosekra.com\\\/modular\\\/modeli\\\/wellness-harmony\\\/#primaryimage\"},\"thumbnailUrl\":\"https:\\\/\\\/hosekra.com\\\/modular\\\/wp-content\\\/uploads\\\/sites\\\/18\\\/Harmony_Wellness-Savna.jpg\",\"datePublished\":\"2024-06-17T19:00:57+00:00\",\"dateModified\":\"2025-11-27T17:46:18+00:00\",\"breadcrumb\":{\"@id\":\"https:\\\/\\\/hosekra.com\\\/modular\\\/modeli\\\/wellness-harmony\\\/#breadcrumb\"},\"inLanguage\":\"sl-SI\",\"potentialAction\":[{\"@type\":\"ReadAction\",\"target\":[\"https:\\\/\\\/hosekra.com\\\/modular\\\/modeli\\\/wellness-harmony\\\/\"]}]},{\"@type\":\"ImageObject\",\"inLanguage\":\"sl-SI\",\"@id\":\"https:\\\/\\\/hosekra.com\\\/modular\\\/modeli\\\/wellness-harmony\\\/#primaryimage\",\"url\":\"https:\\\/\\\/hosekra.com\\\/modular\\\/wp-content\\\/uploads\\\/sites\\\/18\\\/Harmony_Wellness-Savna.jpg\",\"contentUrl\":\"https:\\\/\\\/hosekra.com\\\/modular\\\/wp-content\\\/uploads\\\/sites\\\/18\\\/Harmony_Wellness-Savna.jpg\",\"width\":1156,\"height\":530,\"caption\":\"Harmony Wellness Savna\"},{\"@type\":\"BreadcrumbList\",\"@id\":\"https:\\\/\\\/hosekra.com\\\/modular\\\/modeli\\\/wellness-harmony\\\/#breadcrumb\",\"itemListElement\":[{\"@type\":\"ListItem\",\"position\":1,\"name\":\"Home\",\"item\":\"https:\\\/\\\/hosekra.com\\\/modular\\\/\"},{\"@type\":\"ListItem\",\"position\":2,\"name\":\"Modeli\",\"item\":\"https:\\\/\\\/hosekra.com\\\/modular\\\/modeli\\\/\"},{\"@type\":\"ListItem\",\"position\":3,\"name\":\"Wellness Harmony\"}]},{\"@type\":\"WebSite\",\"@id\":\"https:\\\/\\\/hosekra.com\\\/modular\\\/#website\",\"url\":\"https:\\\/\\\/hosekra.com\\\/modular\\\/\",\"name\":\"Hosekra Modular\",\"description\":\"Prihodnost Bivanja\",\"potentialAction\":[{\"@type\":\"SearchAction\",\"target\":{\"@type\":\"EntryPoint\",\"urlTemplate\":\"https:\\\/\\\/hosekra.com\\\/modular\\\/?s={search_term_string}\"},\"query-input\":{\"@type\":\"PropertyValueSpecification\",\"valueRequired\":true,\"valueName\":\"search_term_string\"}}],\"inLanguage\":\"sl-SI\"}]}<\/script>\n<!-- \/ Yoast SEO plugin. -->","yoast_head_json":{"title":"Wellness Harmony - Hosekra Modular","robots":{"index":"index","follow":"follow","max-snippet":"max-snippet:-1","max-image-preview":"max-image-preview:large","max-video-preview":"max-video-preview:-1"},"canonical":"https:\/\/hosekra.com\/modular\/modeli\/wellness-harmony\/","og_locale":"sl_SI","og_type":"article","og_title":"Wellness Harmony - Hosekra Modular","og_description":"Oaza miru in dobrega po\u010dutja. Hosekra Modular wellness Harmony je popoln prostor za sprostitev in pobeg od vsakdanjega stresa. Opremljen s savno, dvema lesenima po\u010divalnikoma za udobno sprostitev, ter kopalnico s tu\u0161em, umivalnikom, ogledalom in sanitarijami, vam Harmony prina\u0161a vse, kar potrebujete za popolno wellness izku\u0161njo. Steklene povr\u0161ine omogo\u010dajo obilico naravne svetlobe. Lesene obloge na [&hellip;]","og_url":"https:\/\/hosekra.com\/modular\/modeli\/wellness-harmony\/","og_site_name":"Hosekra Modular","article_modified_time":"2025-11-27T17:46:18+00:00","og_image":[{"width":1156,"height":530,"url":"https:\/\/hosekra.com\/modular\/wp-content\/uploads\/sites\/18\/Harmony_Wellness-Savna.jpg","type":"image\/jpeg"}],"twitter_card":"summary_large_image","twitter_misc":{"Est. reading time":"1 minuta"},"schema":{"@context":"https:\/\/schema.org","@graph":[{"@type":"WebPage","@id":"https:\/\/hosekra.com\/modular\/modeli\/wellness-harmony\/","url":"https:\/\/hosekra.com\/modular\/modeli\/wellness-harmony\/","name":"Wellness Harmony - Hosekra Modular","isPartOf":{"@id":"https:\/\/hosekra.com\/modular\/#website"},"primaryImageOfPage":{"@id":"https:\/\/hosekra.com\/modular\/modeli\/wellness-harmony\/#primaryimage"},"image":{"@id":"https:\/\/hosekra.com\/modular\/modeli\/wellness-harmony\/#primaryimage"},"thumbnailUrl":"https:\/\/hosekra.com\/modular\/wp-content\/uploads\/sites\/18\/Harmony_Wellness-Savna.jpg","datePublished":"2024-06-17T19:00:57+00:00","dateModified":"2025-11-27T17:46:18+00:00","breadcrumb":{"@id":"https:\/\/hosekra.com\/modular\/modeli\/wellness-harmony\/#breadcrumb"},"inLanguage":"sl-SI","potentialAction":[{"@type":"ReadAction","target":["https:\/\/hosekra.com\/modular\/modeli\/wellness-harmony\/"]}]},{"@type":"ImageObject","inLanguage":"sl-SI","@id":"https:\/\/hosekra.com\/modular\/modeli\/wellness-harmony\/#primaryimage","url":"https:\/\/hosekra.com\/modular\/wp-content\/uploads\/sites\/18\/Harmony_Wellness-Savna.jpg","contentUrl":"https:\/\/hosekra.com\/modular\/wp-content\/uploads\/sites\/18\/Harmony_Wellness-Savna.jpg","width":1156,"height":530,"caption":"Harmony Wellness Savna"},{"@type":"BreadcrumbList","@id":"https:\/\/hosekra.com\/modular\/modeli\/wellness-harmony\/#breadcrumb","itemListElement":[{"@type":"ListItem","position":1,"name":"Home","item":"https:\/\/hosekra.com\/modular\/"},{"@type":"ListItem","position":2,"name":"Modeli","item":"https:\/\/hosekra.com\/modular\/modeli\/"},{"@type":"ListItem","position":3,"name":"Wellness Harmony"}]},{"@type":"WebSite","@id":"https:\/\/hosekra.com\/modular\/#website","url":"https:\/\/hosekra.com\/modular\/","name":"Hosekra Modular","description":"Prihodnost Bivanja","potentialAction":[{"@type":"SearchAction","target":{"@type":"EntryPoint","urlTemplate":"https:\/\/hosekra.com\/modular\/?s={search_term_string}"},"query-input":{"@type":"PropertyValueSpecification","valueRequired":true,"valueName":"search_term_string"}}],"inLanguage":"sl-SI"}]}},"_links":{"self":[{"href":"https:\/\/hosekra.com\/modular\/wp-json\/wp\/v2\/pages\/26","targetHints":{"allow":["GET"]}}],"collection":[{"href":"https:\/\/hosekra.com\/modular\/wp-json\/wp\/v2\/pages"}],"about":[{"href":"https:\/\/hosekra.com\/modular\/wp-json\/wp\/v2\/types\/page"}],"author":[{"embeddable":true,"href":"https:\/\/hosekra.com\/modular\/wp-json\/wp\/v2\/users\/1"}],"replies":[{"embeddable":true,"href":"https:\/\/hosekra.com\/modular\/wp-json\/wp\/v2\/comments?post=26"}],"version-history":[{"count":11,"href":"https:\/\/hosekra.com\/modular\/wp-json\/wp\/v2\/pages\/26\/revisions"}],"predecessor-version":[{"id":646,"href":"https:\/\/hosekra.com\/modular\/wp-json\/wp\/v2\/pages\/26\/revisions\/646"}],"up":[{"embeddable":true,"href":"https:\/\/hosekra.com\/modular\/wp-json\/wp\/v2\/pages\/12"}],"wp:attachment":[{"href":"https:\/\/hosekra.com\/modular\/wp-json\/wp\/v2\/media?parent=26"}],"curies":[{"name":"wp","href":"https:\/\/api.w.org\/{rel}","templated":true}]}}