{"id":28,"date":"2024-06-17T21:01:23","date_gmt":"2024-06-17T19:01:23","guid":{"rendered":"https:\/\/hosekra.com\/living\/?page_id=28"},"modified":"2025-11-27T18:45:52","modified_gmt":"2025-11-27T17:45:52","slug":"wellness-sunset-spa","status":"publish","type":"page","link":"https:\/\/hosekra.com\/modular\/modeli\/wellness-sunset-spa\/","title":{"rendered":"Wellness Sunset Spa"},"content":{"rendered":"<p class=\"lead text-uppercase\">Va\u0161a oaza sprostitve!<\/p>\n<p>Predstavljamo vam Hosekra Modular wellness Sunset Spa, najnovej\u0161i dodatek v na\u0161i liniji, ki zdru\u017euje najbolj\u0161e iz sveta mobilnih hi\u0161k in kontejnerjev. Zasnovan za popolno sprostitev in u\u017eivanje v naravi z dotikom razko\u0161ja.<\/p>\n<div class=\"play-container\"><img loading=\"lazy\" decoding=\"async\" src=\"https:\/\/hosekra.com\/modular\/wp-content\/uploads\/sites\/18\/Sunset_Spa-Wellnes.jpg\" alt=\"Wellness SUNSET SPA\" width=\"1156\" height=\"530\" class=\"size-full wp-image-72\" srcset=\"https:\/\/hosekra.com\/modular\/wp-content\/uploads\/sites\/18\/Sunset_Spa-Wellnes.jpg 1156w, https:\/\/hosekra.com\/modular\/wp-content\/uploads\/sites\/18\/Sunset_Spa-Wellnes-548x251.jpg 548w, https:\/\/hosekra.com\/modular\/wp-content\/uploads\/sites\/18\/Sunset_Spa-Wellnes-1024x469.jpg 1024w, https:\/\/hosekra.com\/modular\/wp-content\/uploads\/sites\/18\/Sunset_Spa-Wellnes-768x352.jpg 768w\" sizes=\"auto, (max-width: 1156px) 100vw, 1156px\" \/><a class=\"btn-play btn-play-image\" title=\"Wellness Sunset Spa\" href=\"https:\/\/www.youtube.com\/watch?v=uyhI1zC8pvE\">Oglejte si video<\/a><\/div>\n<div class=\"wrapper-general\">\n<a href=\"https:\/\/hosekra.com\/modular\/wp-content\/uploads\/sites\/18\/wellness_Sunset_spa_modular.pdf\">Katalog wellness Sunset Spa (.pdf)<\/a>\n<\/div>\n<p>Masa\u017ena kad vam nudi vrhunsko sprostitev po dolgem dnevu, medtem ko ogrevana lesena po\u010divalnika zagotavljata udobje in toplino, tudi v hladnej\u0161ih dneh. Notranjost je zasnovana z uporabo naravnih materialov in elegantnih detajlov, ki ustvarjajo mirno in spro\u0161\u010dujo\u010de vzdu\u0161je.<\/p>\n<h2>Prostorska zasnova<\/h2>\n<div class=\"row\"><div class=\"col-sm-6\">\n<h3 class=\"subtitle\">Zunanjost<\/h3>\n<p><a href=\"https:\/\/hosekra.com\/modular\/wp-content\/uploads\/sites\/18\/Sunset-Spa-Wellness-Zunanjost.jpg\" data-rel=\"lightbox-image-0\" data-rl_title=\"Sunset Spa Wellness Zunanjost\" data-rl_caption=\"\" title=\"Sunset Spa Wellness Zunanjost\"><img loading=\"lazy\" decoding=\"async\" src=\"https:\/\/hosekra.com\/modular\/wp-content\/uploads\/sites\/18\/Sunset-Spa-Wellness-Zunanjost.jpg\" alt=\"Sunset Spa Wellness Zunanjost\" width=\"1600\" height=\"900\" class=\"alignnone size-full wp-image-348\" srcset=\"https:\/\/hosekra.com\/modular\/wp-content\/uploads\/sites\/18\/Sunset-Spa-Wellness-Zunanjost.jpg 1600w, https:\/\/hosekra.com\/modular\/wp-content\/uploads\/sites\/18\/Sunset-Spa-Wellness-Zunanjost-548x308.jpg 548w, https:\/\/hosekra.com\/modular\/wp-content\/uploads\/sites\/18\/Sunset-Spa-Wellness-Zunanjost-1024x576.jpg 1024w, https:\/\/hosekra.com\/modular\/wp-content\/uploads\/sites\/18\/Sunset-Spa-Wellness-Zunanjost-768x432.jpg 768w, https:\/\/hosekra.com\/modular\/wp-content\/uploads\/sites\/18\/Sunset-Spa-Wellness-Zunanjost-1536x864.jpg 1536w\" sizes=\"auto, (max-width: 1600px) 100vw, 1600px\" \/><\/a><br \/>\n<\/div><div class=\"col-sm-6\"><\/p>\n<h3 class=\"subtitle\">Stranski Pogled<\/h3>\n<p><a href=\"https:\/\/hosekra.com\/modular\/wp-content\/uploads\/sites\/18\/Sunset-Spa-Wellness-3D-Pogled.jpg\" data-rel=\"lightbox-image-1\" data-rl_title=\"Sunset Spa Wellness 3D Pogled\" data-rl_caption=\"\" title=\"Sunset Spa Wellness 3D Pogled\"><img loading=\"lazy\" decoding=\"async\" src=\"https:\/\/hosekra.com\/modular\/wp-content\/uploads\/sites\/18\/Sunset-Spa-Wellness-3D-Pogled.jpg\" alt=\"Sunset Spa Wellness 3D Pogled\" width=\"1600\" height=\"900\" class=\"alignnone size-full wp-image-347\" srcset=\"https:\/\/hosekra.com\/modular\/wp-content\/uploads\/sites\/18\/Sunset-Spa-Wellness-3D-Pogled.jpg 1600w, https:\/\/hosekra.com\/modular\/wp-content\/uploads\/sites\/18\/Sunset-Spa-Wellness-3D-Pogled-548x308.jpg 548w, https:\/\/hosekra.com\/modular\/wp-content\/uploads\/sites\/18\/Sunset-Spa-Wellness-3D-Pogled-1024x576.jpg 1024w, https:\/\/hosekra.com\/modular\/wp-content\/uploads\/sites\/18\/Sunset-Spa-Wellness-3D-Pogled-768x432.jpg 768w, https:\/\/hosekra.com\/modular\/wp-content\/uploads\/sites\/18\/Sunset-Spa-Wellness-3D-Pogled-1536x864.jpg 1536w\" sizes=\"auto, (max-width: 1600px) 100vw, 1600px\" \/><\/a><br \/>\n<\/div><\/div><\/p>\n<h2>Galerija<\/h2>\nngg_shortcode_0_placeholder\n","protected":false},"excerpt":{"rendered":"<p>Va\u0161a oaza sprostitve! Predstavljamo vam Hosekra Modular wellness Sunset Spa, najnovej\u0161i dodatek v na\u0161i liniji, ki zdru\u017euje najbolj\u0161e iz sveta mobilnih hi\u0161k in kontejnerjev. Zasnovan za popolno sprostitev in u\u017eivanje v naravi z dotikom razko\u0161ja. Oglejte si video Katalog wellness Sunset Spa (.pdf) Masa\u017ena kad vam nudi vrhunsko sprostitev po dolgem dnevu, medtem ko ogrevana [&hellip;]<\/p>\n","protected":false},"author":1,"featured_media":0,"parent":12,"menu_order":29,"comment_status":"closed","ping_status":"closed","template":"produkti.php","meta":{"ngg_post_thumbnail":0,"footnotes":""},"class_list":["post-28","page","type-page","status-publish","hentry"],"yoast_head":"<!-- This site is optimized with the Yoast SEO plugin v27.4 - https:\/\/yoast.com\/product\/yoast-seo-wordpress\/ -->\n<title>Wellness Sunset Spa - Hosekra Modular<\/title>\n<meta name=\"robots\" content=\"index, follow, max-snippet:-1, max-image-preview:large, max-video-preview:-1\" \/>\n<link rel=\"canonical\" href=\"https:\/\/hosekra.com\/modular\/modeli\/wellness-sunset-spa\/\" \/>\n<meta property=\"og:locale\" content=\"sl_SI\" \/>\n<meta property=\"og:type\" content=\"article\" \/>\n<meta property=\"og:title\" content=\"Wellness Sunset Spa - Hosekra Modular\" \/>\n<meta property=\"og:description\" content=\"Va\u0161a oaza sprostitve! Predstavljamo vam Hosekra Modular wellness Sunset Spa, najnovej\u0161i dodatek v na\u0161i liniji, ki zdru\u017euje najbolj\u0161e iz sveta mobilnih hi\u0161k in kontejnerjev. Zasnovan za popolno sprostitev in u\u017eivanje v naravi z dotikom razko\u0161ja. Oglejte si video Katalog wellness Sunset Spa (.pdf) Masa\u017ena kad vam nudi vrhunsko sprostitev po dolgem dnevu, medtem ko ogrevana [&hellip;]\" \/>\n<meta property=\"og:url\" content=\"https:\/\/hosekra.com\/modular\/modeli\/wellness-sunset-spa\/\" \/>\n<meta property=\"og:site_name\" content=\"Hosekra Modular\" \/>\n<meta property=\"article:modified_time\" content=\"2025-11-27T17:45:52+00:00\" \/>\n<meta property=\"og:image\" content=\"https:\/\/hosekra.com\/modular\/wp-content\/uploads\/sites\/18\/Sunset_Spa-Wellnes.jpg\" \/>\n\t<meta property=\"og:image:width\" content=\"1156\" \/>\n\t<meta property=\"og:image:height\" content=\"530\" \/>\n\t<meta property=\"og:image:type\" content=\"image\/jpeg\" \/>\n<meta name=\"twitter:card\" content=\"summary_large_image\" \/>\n<meta name=\"twitter:label1\" content=\"Est. reading time\" \/>\n\t<meta name=\"twitter:data1\" content=\"1 minuta\" \/>\n<script type=\"application\/ld+json\" class=\"yoast-schema-graph\">{\"@context\":\"https:\\\/\\\/schema.org\",\"@graph\":[{\"@type\":\"WebPage\",\"@id\":\"https:\\\/\\\/hosekra.com\\\/modular\\\/modeli\\\/wellness-sunset-spa\\\/\",\"url\":\"https:\\\/\\\/hosekra.com\\\/modular\\\/modeli\\\/wellness-sunset-spa\\\/\",\"name\":\"Wellness Sunset Spa - Hosekra Modular\",\"isPartOf\":{\"@id\":\"https:\\\/\\\/hosekra.com\\\/modular\\\/#website\"},\"primaryImageOfPage\":{\"@id\":\"https:\\\/\\\/hosekra.com\\\/modular\\\/modeli\\\/wellness-sunset-spa\\\/#primaryimage\"},\"image\":{\"@id\":\"https:\\\/\\\/hosekra.com\\\/modular\\\/modeli\\\/wellness-sunset-spa\\\/#primaryimage\"},\"thumbnailUrl\":\"https:\\\/\\\/hosekra.com\\\/modular\\\/wp-content\\\/uploads\\\/sites\\\/18\\\/Sunset_Spa-Wellnes.jpg\",\"datePublished\":\"2024-06-17T19:01:23+00:00\",\"dateModified\":\"2025-11-27T17:45:52+00:00\",\"breadcrumb\":{\"@id\":\"https:\\\/\\\/hosekra.com\\\/modular\\\/modeli\\\/wellness-sunset-spa\\\/#breadcrumb\"},\"inLanguage\":\"sl-SI\",\"potentialAction\":[{\"@type\":\"ReadAction\",\"target\":[\"https:\\\/\\\/hosekra.com\\\/modular\\\/modeli\\\/wellness-sunset-spa\\\/\"]}]},{\"@type\":\"ImageObject\",\"inLanguage\":\"sl-SI\",\"@id\":\"https:\\\/\\\/hosekra.com\\\/modular\\\/modeli\\\/wellness-sunset-spa\\\/#primaryimage\",\"url\":\"https:\\\/\\\/hosekra.com\\\/modular\\\/wp-content\\\/uploads\\\/sites\\\/18\\\/Sunset_Spa-Wellnes.jpg\",\"contentUrl\":\"https:\\\/\\\/hosekra.com\\\/modular\\\/wp-content\\\/uploads\\\/sites\\\/18\\\/Sunset_Spa-Wellnes.jpg\",\"width\":1156,\"height\":530,\"caption\":\"Wellness SUNSET SPA\"},{\"@type\":\"BreadcrumbList\",\"@id\":\"https:\\\/\\\/hosekra.com\\\/modular\\\/modeli\\\/wellness-sunset-spa\\\/#breadcrumb\",\"itemListElement\":[{\"@type\":\"ListItem\",\"position\":1,\"name\":\"Home\",\"item\":\"https:\\\/\\\/hosekra.com\\\/modular\\\/\"},{\"@type\":\"ListItem\",\"position\":2,\"name\":\"Modeli\",\"item\":\"https:\\\/\\\/hosekra.com\\\/modular\\\/modeli\\\/\"},{\"@type\":\"ListItem\",\"position\":3,\"name\":\"Wellness Sunset Spa\"}]},{\"@type\":\"WebSite\",\"@id\":\"https:\\\/\\\/hosekra.com\\\/modular\\\/#website\",\"url\":\"https:\\\/\\\/hosekra.com\\\/modular\\\/\",\"name\":\"Hosekra Modular\",\"description\":\"Prihodnost Bivanja\",\"potentialAction\":[{\"@type\":\"SearchAction\",\"target\":{\"@type\":\"EntryPoint\",\"urlTemplate\":\"https:\\\/\\\/hosekra.com\\\/modular\\\/?s={search_term_string}\"},\"query-input\":{\"@type\":\"PropertyValueSpecification\",\"valueRequired\":true,\"valueName\":\"search_term_string\"}}],\"inLanguage\":\"sl-SI\"}]}<\/script>\n<!-- \/ Yoast SEO plugin. -->","yoast_head_json":{"title":"Wellness Sunset Spa - Hosekra Modular","robots":{"index":"index","follow":"follow","max-snippet":"max-snippet:-1","max-image-preview":"max-image-preview:large","max-video-preview":"max-video-preview:-1"},"canonical":"https:\/\/hosekra.com\/modular\/modeli\/wellness-sunset-spa\/","og_locale":"sl_SI","og_type":"article","og_title":"Wellness Sunset Spa - Hosekra Modular","og_description":"Va\u0161a oaza sprostitve! Predstavljamo vam Hosekra Modular wellness Sunset Spa, najnovej\u0161i dodatek v na\u0161i liniji, ki zdru\u017euje najbolj\u0161e iz sveta mobilnih hi\u0161k in kontejnerjev. Zasnovan za popolno sprostitev in u\u017eivanje v naravi z dotikom razko\u0161ja. Oglejte si video Katalog wellness Sunset Spa (.pdf) Masa\u017ena kad vam nudi vrhunsko sprostitev po dolgem dnevu, medtem ko ogrevana [&hellip;]","og_url":"https:\/\/hosekra.com\/modular\/modeli\/wellness-sunset-spa\/","og_site_name":"Hosekra Modular","article_modified_time":"2025-11-27T17:45:52+00:00","og_image":[{"width":1156,"height":530,"url":"https:\/\/hosekra.com\/modular\/wp-content\/uploads\/sites\/18\/Sunset_Spa-Wellnes.jpg","type":"image\/jpeg"}],"twitter_card":"summary_large_image","twitter_misc":{"Est. reading time":"1 minuta"},"schema":{"@context":"https:\/\/schema.org","@graph":[{"@type":"WebPage","@id":"https:\/\/hosekra.com\/modular\/modeli\/wellness-sunset-spa\/","url":"https:\/\/hosekra.com\/modular\/modeli\/wellness-sunset-spa\/","name":"Wellness Sunset Spa - Hosekra Modular","isPartOf":{"@id":"https:\/\/hosekra.com\/modular\/#website"},"primaryImageOfPage":{"@id":"https:\/\/hosekra.com\/modular\/modeli\/wellness-sunset-spa\/#primaryimage"},"image":{"@id":"https:\/\/hosekra.com\/modular\/modeli\/wellness-sunset-spa\/#primaryimage"},"thumbnailUrl":"https:\/\/hosekra.com\/modular\/wp-content\/uploads\/sites\/18\/Sunset_Spa-Wellnes.jpg","datePublished":"2024-06-17T19:01:23+00:00","dateModified":"2025-11-27T17:45:52+00:00","breadcrumb":{"@id":"https:\/\/hosekra.com\/modular\/modeli\/wellness-sunset-spa\/#breadcrumb"},"inLanguage":"sl-SI","potentialAction":[{"@type":"ReadAction","target":["https:\/\/hosekra.com\/modular\/modeli\/wellness-sunset-spa\/"]}]},{"@type":"ImageObject","inLanguage":"sl-SI","@id":"https:\/\/hosekra.com\/modular\/modeli\/wellness-sunset-spa\/#primaryimage","url":"https:\/\/hosekra.com\/modular\/wp-content\/uploads\/sites\/18\/Sunset_Spa-Wellnes.jpg","contentUrl":"https:\/\/hosekra.com\/modular\/wp-content\/uploads\/sites\/18\/Sunset_Spa-Wellnes.jpg","width":1156,"height":530,"caption":"Wellness SUNSET SPA"},{"@type":"BreadcrumbList","@id":"https:\/\/hosekra.com\/modular\/modeli\/wellness-sunset-spa\/#breadcrumb","itemListElement":[{"@type":"ListItem","position":1,"name":"Home","item":"https:\/\/hosekra.com\/modular\/"},{"@type":"ListItem","position":2,"name":"Modeli","item":"https:\/\/hosekra.com\/modular\/modeli\/"},{"@type":"ListItem","position":3,"name":"Wellness Sunset Spa"}]},{"@type":"WebSite","@id":"https:\/\/hosekra.com\/modular\/#website","url":"https:\/\/hosekra.com\/modular\/","name":"Hosekra Modular","description":"Prihodnost Bivanja","potentialAction":[{"@type":"SearchAction","target":{"@type":"EntryPoint","urlTemplate":"https:\/\/hosekra.com\/modular\/?s={search_term_string}"},"query-input":{"@type":"PropertyValueSpecification","valueRequired":true,"valueName":"search_term_string"}}],"inLanguage":"sl-SI"}]}},"_links":{"self":[{"href":"https:\/\/hosekra.com\/modular\/wp-json\/wp\/v2\/pages\/28","targetHints":{"allow":["GET"]}}],"collection":[{"href":"https:\/\/hosekra.com\/modular\/wp-json\/wp\/v2\/pages"}],"about":[{"href":"https:\/\/hosekra.com\/modular\/wp-json\/wp\/v2\/types\/page"}],"author":[{"embeddable":true,"href":"https:\/\/hosekra.com\/modular\/wp-json\/wp\/v2\/users\/1"}],"replies":[{"embeddable":true,"href":"https:\/\/hosekra.com\/modular\/wp-json\/wp\/v2\/comments?post=28"}],"version-history":[{"count":8,"href":"https:\/\/hosekra.com\/modular\/wp-json\/wp\/v2\/pages\/28\/revisions"}],"predecessor-version":[{"id":645,"href":"https:\/\/hosekra.com\/modular\/wp-json\/wp\/v2\/pages\/28\/revisions\/645"}],"up":[{"embeddable":true,"href":"https:\/\/hosekra.com\/modular\/wp-json\/wp\/v2\/pages\/12"}],"wp:attachment":[{"href":"https:\/\/hosekra.com\/modular\/wp-json\/wp\/v2\/media?parent=28"}],"curies":[{"name":"wp","href":"https:\/\/api.w.org\/{rel}","templated":true}]}}