{"id":32,"date":"2024-06-17T21:02:33","date_gmt":"2024-06-17T19:02:33","guid":{"rendered":"https:\/\/hosekra.com\/living\/?page_id=32"},"modified":"2026-01-21T21:11:38","modified_gmt":"2026-01-21T20:11:38","slug":"kontakt","status":"publish","type":"page","link":"https:\/\/hosekra.com\/modular\/kontakt\/","title":{"rendered":"Kontakt"},"content":{"rendered":"<div class=\"row\">\n<div class=\"col-md-6 col-sm-12\">\n<h2>HOSEKRA D.O.O.<\/h2>\n<address>\n<strong>Kolodvorska Ulica 37e<br \/>\n2310 Slovenska Bistrica, Slovenija<\/strong><br \/>\n<\/address>\n<dl class=\"row\">\n<dt class=\"col-sm-3\">Telefon:<\/dt>\n<dd class=\"col-sm-9\"><a href=\"tel:02 80 55 120\">02 80 55 120<\/a><\/dd>\n<dt class=\"col-sm-3\">E-po\u0161ta:<\/dt>\n<dd class=\"col-sm-9\"><a href=\"mailto:hosekra@hosekra.si\">hosekra@hosekra.si<\/a><\/dd>\n<dt class=\"col-sm-3\">Delovni \u010das:<\/dt>\n<dd class=\"col-sm-9\">Pon &#8211; pet: od 07:00 do 16:00 ure<\/dd>\n<\/dl>\n<hr \/>\n<h5>OSNOVNI PODATKI O PODJETJU<\/h5>\n<dl class=\"row\">\n<dt class=\"col-sm-3\">Dav\u010dna:<\/dt>\n<dd class=\"col-sm-9\">SI36923842<\/dd>\n<dt class=\"col-sm-3\">Mati\u010dna:<\/dt>\n<dd class=\"col-sm-9\">1923951<\/dd>\n<dt class=\"col-sm-3\">TRR:<\/dt>\n<dd class=\"col-sm-9\">NLB 02280-0254306865<\/dd>\n<dt class=\"col-sm-3\">TRR:<\/dt>\n<dd class=\"col-sm-9\">NKBM 04430-0002893042<\/dd>\n<\/dl>\n<\/div>\n<div class=\"col-md-6 col-sm-12\">\n<h2>KONTAKTNI OBRAZEC<\/h2>\n<div class=\"wrapper\">\n\n<div class=\"wpcf7 no-js\" id=\"wpcf7-f446-o1\" lang=\"sl-SI\" dir=\"ltr\" data-wpcf7-id=\"446\">\n<div class=\"screen-reader-response\"><p role=\"status\" aria-live=\"polite\" aria-atomic=\"true\"><\/p> <ul><\/ul><\/div>\n<form action=\"\/modular\/wp-json\/wp\/v2\/pages\/32#wpcf7-f446-o1\" method=\"post\" class=\"wpcf7-form init\" aria-label=\"Kontaktni obrazec\" novalidate=\"novalidate\" data-status=\"init\">\n<fieldset class=\"hidden-fields-container\"><input type=\"hidden\" name=\"_wpcf7\" value=\"446\" \/><input type=\"hidden\" name=\"_wpcf7_version\" value=\"6.1.5\" \/><input type=\"hidden\" name=\"_wpcf7_locale\" value=\"sl_SI\" \/><input type=\"hidden\" name=\"_wpcf7_unit_tag\" value=\"wpcf7-f446-o1\" \/><input type=\"hidden\" name=\"_wpcf7_container_post\" value=\"0\" \/><input type=\"hidden\" name=\"_wpcf7_posted_data_hash\" value=\"\" \/><input type=\"hidden\" name=\"_wpcf7_recaptcha_response\" value=\"\" \/>\n<\/fieldset>\n<table>\n\t<tr>\n\t\t<td width=\"50%\">\n\t\t\t<p><label>Ime *<\/label><span class=\"wpcf7-form-control-wrap\" data-name=\"vnos-ime\"><input size=\"40\" maxlength=\"400\" class=\"wpcf7-form-control wpcf7-text wpcf7-validates-as-required\" aria-required=\"true\" aria-invalid=\"false\" value=\"\" type=\"text\" name=\"vnos-ime\" \/><\/span>\n\t\t\t<\/p>\n\t\t<\/td>\n\t\t<td>\n\t\t\t<p>&nbsp;&nbsp;\n\t\t\t<\/p>\n\t\t<\/td>\n\t\t<td width=\"50%\">\n\t\t\t<p><label>E-naslov *<\/label><span class=\"wpcf7-form-control-wrap\" data-name=\"vnos-email\"><input size=\"40\" maxlength=\"400\" class=\"wpcf7-form-control wpcf7-email wpcf7-validates-as-required wpcf7-text wpcf7-validates-as-email\" aria-required=\"true\" aria-invalid=\"false\" value=\"\" type=\"email\" name=\"vnos-email\" \/><\/span>\n\t\t\t<\/p>\n\t\t<\/td>\n\t<\/tr>\n\t<tr>\n\t\t<td width=\"50%\">\n\t\t\t<p><label>Naslov<\/label><span class=\"wpcf7-form-control-wrap\" data-name=\"vnos-naslov\"><input size=\"40\" maxlength=\"400\" class=\"wpcf7-form-control wpcf7-text\" aria-invalid=\"false\" value=\"\" type=\"text\" name=\"vnos-naslov\" \/><\/span>\n\t\t\t<\/p>\n\t\t<\/td>\n\t\t<td>\n\t\t\t<p>&nbsp;&nbsp;\n\t\t\t<\/p>\n\t\t<\/td>\n\t\t<td width=\"50%\">\n\t\t\t<p><label>Telefon<\/label><span class=\"wpcf7-form-control-wrap\" data-name=\"vnos-telefon\"><input size=\"40\" maxlength=\"400\" class=\"wpcf7-form-control wpcf7-text\" aria-invalid=\"false\" value=\"\" type=\"text\" name=\"vnos-telefon\" \/><\/span>\n\t\t\t<\/p>\n\t\t<\/td>\n\t<\/tr>\n\t<tr>\n\t\t<td width=\"100%\" colspan=\"3\">\n\t\t\t<p><label>Va\u0161e sporo\u010dilo *<\/label><span class=\"wpcf7-form-control-wrap\" data-name=\"vnos-sporocilo\"><textarea cols=\"40\" rows=\"10\" maxlength=\"2000\" class=\"wpcf7-form-control wpcf7-textarea wpcf7-validates-as-required\" aria-required=\"true\" aria-invalid=\"false\" name=\"vnos-sporocilo\"><\/textarea><\/span>\n\t\t\t<\/p>\n\t\t<\/td>\n\t<\/tr>\n\t<tr>\n\t\t<td width=\"100%\" colspan=\"3\">\n\t\t\t<p><label>Povezava do slike v galeriji:<\/label><span class=\"wpcf7-form-control-wrap\" data-name=\"slika\"><input size=\"40\" maxlength=\"400\" class=\"wpcf7-form-control wpcf7-text\" aria-invalid=\"false\" value=\"\" type=\"text\" name=\"slika\" \/><\/span>\n\t\t\t<input class=\"wpcf7-form-control wpcf7-hidden\" value=\"\" type=\"hidden\" name=\"koncnica\" \/>\n\t\t\t<\/p>\n\t\t<\/td>\n\t<\/tr>\n\t<td width=\"100%\" colspan=\"3\">\n\t<span class=\"wpcf7-form-control-wrap recaptcha\" data-name=\"recaptcha\"><span data-sitekey=\"6LfQgi4UAAAAABgCBzXiXg9wvP_Dx3gspxdL3KV1\" class=\"wpcf7-form-control wpcf7-recaptcha g-recaptcha\"><\/span>\r\n<noscript>\r\n\t<div class=\"grecaptcha-noscript\">\r\n\t\t<iframe loading=\"lazy\" src=\"https:\/\/www.google.com\/recaptcha\/api\/fallback?k=6LfQgi4UAAAAABgCBzXiXg9wvP_Dx3gspxdL3KV1\" frameborder=\"0\" scrolling=\"no\" width=\"310\" height=\"430\">\r\n\t\t<\/iframe>\r\n\t\t<textarea name=\"g-recaptcha-response\" rows=\"3\" cols=\"40\" placeholder=\"reCaptcha Response Here\">\r\n\t\t<\/textarea>\r\n\t<\/div>\r\n<\/noscript>\r\n<\/span>\n\t<\/td>\n\t<tr>\n\t\t<td width=\"100%\" colspan=\"3\">\n\t\t\t<p><input class=\"wpcf7-form-control wpcf7-submit has-spinner btn btn-primary\" type=\"submit\" value=\"Po\u0161lji\" \/>\n\t\t\t<\/p>\n\t\t<\/td>\n\t<\/tr>\n<\/table><div class=\"wpcf7-response-output\" aria-hidden=\"true\"><\/div>\n<\/form>\n<\/div>\n\n<\/div>\n<\/div>\n<\/div>\n","protected":false},"excerpt":{"rendered":"<p>HOSEKRA D.O.O. Kolodvorska Ulica 37e 2310 Slovenska Bistrica, Slovenija Telefon: 02 80 55 120 E-po\u0161ta: hosekra@hosekra.si Delovni \u010das: Pon &#8211; pet: od 07:00 do 16:00 ure OSNOVNI PODATKI O PODJETJU Dav\u010dna: SI36923842 Mati\u010dna: 1923951 TRR: NLB 02280-0254306865 TRR: NKBM 04430-0002893042 KONTAKTNI OBRAZEC<\/p>\n","protected":false},"author":1,"featured_media":0,"parent":0,"menu_order":70,"comment_status":"closed","ping_status":"closed","template":"contact.php","meta":{"ngg_post_thumbnail":0,"footnotes":""},"class_list":["post-32","page","type-page","status-publish","hentry"],"yoast_head":"<!-- This site is optimized with the Yoast SEO plugin v27.4 - https:\/\/yoast.com\/product\/yoast-seo-wordpress\/ -->\n<title>Kontakt - Hosekra Modular<\/title>\n<meta name=\"robots\" content=\"index, follow, max-snippet:-1, max-image-preview:large, max-video-preview:-1\" \/>\n<link rel=\"canonical\" href=\"https:\/\/hosekra.com\/modular\/kontakt\/\" \/>\n<meta property=\"og:locale\" content=\"sl_SI\" \/>\n<meta property=\"og:type\" content=\"article\" \/>\n<meta property=\"og:title\" content=\"Kontakt - Hosekra Modular\" \/>\n<meta property=\"og:description\" content=\"HOSEKRA D.O.O. Kolodvorska Ulica 37e 2310 Slovenska Bistrica, Slovenija Telefon: 02 80 55 120 E-po\u0161ta: hosekra@hosekra.si Delovni \u010das: Pon &#8211; pet: od 07:00 do 16:00 ure OSNOVNI PODATKI O PODJETJU Dav\u010dna: SI36923842 Mati\u010dna: 1923951 TRR: NLB 02280-0254306865 TRR: NKBM 04430-0002893042 KONTAKTNI OBRAZEC\" \/>\n<meta property=\"og:url\" content=\"https:\/\/hosekra.com\/modular\/kontakt\/\" \/>\n<meta property=\"og:site_name\" content=\"Hosekra Modular\" \/>\n<meta property=\"article:modified_time\" content=\"2026-01-21T20:11:38+00:00\" \/>\n<meta name=\"twitter:card\" content=\"summary_large_image\" \/>\n<script type=\"application\/ld+json\" class=\"yoast-schema-graph\">{\"@context\":\"https:\\\/\\\/schema.org\",\"@graph\":[{\"@type\":\"WebPage\",\"@id\":\"https:\\\/\\\/hosekra.com\\\/modular\\\/kontakt\\\/\",\"url\":\"https:\\\/\\\/hosekra.com\\\/modular\\\/kontakt\\\/\",\"name\":\"Kontakt - Hosekra Modular\",\"isPartOf\":{\"@id\":\"https:\\\/\\\/hosekra.com\\\/modular\\\/#website\"},\"datePublished\":\"2024-06-17T19:02:33+00:00\",\"dateModified\":\"2026-01-21T20:11:38+00:00\",\"breadcrumb\":{\"@id\":\"https:\\\/\\\/hosekra.com\\\/modular\\\/kontakt\\\/#breadcrumb\"},\"inLanguage\":\"sl-SI\",\"potentialAction\":[{\"@type\":\"ReadAction\",\"target\":[\"https:\\\/\\\/hosekra.com\\\/modular\\\/kontakt\\\/\"]}]},{\"@type\":\"BreadcrumbList\",\"@id\":\"https:\\\/\\\/hosekra.com\\\/modular\\\/kontakt\\\/#breadcrumb\",\"itemListElement\":[{\"@type\":\"ListItem\",\"position\":1,\"name\":\"Home\",\"item\":\"https:\\\/\\\/hosekra.com\\\/modular\\\/\"},{\"@type\":\"ListItem\",\"position\":2,\"name\":\"Kontakt\"}]},{\"@type\":\"WebSite\",\"@id\":\"https:\\\/\\\/hosekra.com\\\/modular\\\/#website\",\"url\":\"https:\\\/\\\/hosekra.com\\\/modular\\\/\",\"name\":\"Hosekra Modular\",\"description\":\"Prihodnost Bivanja\",\"potentialAction\":[{\"@type\":\"SearchAction\",\"target\":{\"@type\":\"EntryPoint\",\"urlTemplate\":\"https:\\\/\\\/hosekra.com\\\/modular\\\/?s={search_term_string}\"},\"query-input\":{\"@type\":\"PropertyValueSpecification\",\"valueRequired\":true,\"valueName\":\"search_term_string\"}}],\"inLanguage\":\"sl-SI\"}]}<\/script>\n<!-- \/ Yoast SEO plugin. -->","yoast_head_json":{"title":"Kontakt - Hosekra Modular","robots":{"index":"index","follow":"follow","max-snippet":"max-snippet:-1","max-image-preview":"max-image-preview:large","max-video-preview":"max-video-preview:-1"},"canonical":"https:\/\/hosekra.com\/modular\/kontakt\/","og_locale":"sl_SI","og_type":"article","og_title":"Kontakt - Hosekra Modular","og_description":"HOSEKRA D.O.O. Kolodvorska Ulica 37e 2310 Slovenska Bistrica, Slovenija Telefon: 02 80 55 120 E-po\u0161ta: hosekra@hosekra.si Delovni \u010das: Pon &#8211; pet: od 07:00 do 16:00 ure OSNOVNI PODATKI O PODJETJU Dav\u010dna: SI36923842 Mati\u010dna: 1923951 TRR: NLB 02280-0254306865 TRR: NKBM 04430-0002893042 KONTAKTNI OBRAZEC","og_url":"https:\/\/hosekra.com\/modular\/kontakt\/","og_site_name":"Hosekra Modular","article_modified_time":"2026-01-21T20:11:38+00:00","twitter_card":"summary_large_image","schema":{"@context":"https:\/\/schema.org","@graph":[{"@type":"WebPage","@id":"https:\/\/hosekra.com\/modular\/kontakt\/","url":"https:\/\/hosekra.com\/modular\/kontakt\/","name":"Kontakt - Hosekra Modular","isPartOf":{"@id":"https:\/\/hosekra.com\/modular\/#website"},"datePublished":"2024-06-17T19:02:33+00:00","dateModified":"2026-01-21T20:11:38+00:00","breadcrumb":{"@id":"https:\/\/hosekra.com\/modular\/kontakt\/#breadcrumb"},"inLanguage":"sl-SI","potentialAction":[{"@type":"ReadAction","target":["https:\/\/hosekra.com\/modular\/kontakt\/"]}]},{"@type":"BreadcrumbList","@id":"https:\/\/hosekra.com\/modular\/kontakt\/#breadcrumb","itemListElement":[{"@type":"ListItem","position":1,"name":"Home","item":"https:\/\/hosekra.com\/modular\/"},{"@type":"ListItem","position":2,"name":"Kontakt"}]},{"@type":"WebSite","@id":"https:\/\/hosekra.com\/modular\/#website","url":"https:\/\/hosekra.com\/modular\/","name":"Hosekra Modular","description":"Prihodnost Bivanja","potentialAction":[{"@type":"SearchAction","target":{"@type":"EntryPoint","urlTemplate":"https:\/\/hosekra.com\/modular\/?s={search_term_string}"},"query-input":{"@type":"PropertyValueSpecification","valueRequired":true,"valueName":"search_term_string"}}],"inLanguage":"sl-SI"}]}},"_links":{"self":[{"href":"https:\/\/hosekra.com\/modular\/wp-json\/wp\/v2\/pages\/32","targetHints":{"allow":["GET"]}}],"collection":[{"href":"https:\/\/hosekra.com\/modular\/wp-json\/wp\/v2\/pages"}],"about":[{"href":"https:\/\/hosekra.com\/modular\/wp-json\/wp\/v2\/types\/page"}],"author":[{"embeddable":true,"href":"https:\/\/hosekra.com\/modular\/wp-json\/wp\/v2\/users\/1"}],"replies":[{"embeddable":true,"href":"https:\/\/hosekra.com\/modular\/wp-json\/wp\/v2\/comments?post=32"}],"version-history":[{"count":5,"href":"https:\/\/hosekra.com\/modular\/wp-json\/wp\/v2\/pages\/32\/revisions"}],"predecessor-version":[{"id":594,"href":"https:\/\/hosekra.com\/modular\/wp-json\/wp\/v2\/pages\/32\/revisions\/594"}],"wp:attachment":[{"href":"https:\/\/hosekra.com\/modular\/wp-json\/wp\/v2\/media?parent=32"}],"curies":[{"name":"wp","href":"https:\/\/api.w.org\/{rel}","templated":true}]}}