{"id":533,"date":"2025-04-02T19:36:56","date_gmt":"2025-04-02T17:36:56","guid":{"rendered":"https:\/\/hosekra.com\/living\/?page_id=533"},"modified":"2025-11-27T18:46:53","modified_gmt":"2025-11-27T17:46:53","slug":"pisarna-monarch","status":"publish","type":"page","link":"https:\/\/hosekra.com\/modular\/modeli\/pisarna-monarch\/","title":{"rendered":"Pisarna Monarch"},"content":{"rendered":"<p class=\"lead text-uppercase\">Funkcionalna pisarna, zasnovana za osebo, ki ceni presti\u017e in brez\u010dasno estetiko.<\/p>\n<p>Ustvarjamo presti\u017ene in elegantne delovne prostore, ki zdru\u017eujejo funkcionalnost in brez\u010dasni dizajn. Pisarna Monarch zdru\u017euje vrhunske materiale, premi\u0161ljeno zasnovo in dovr\u0161ene detajle, ki spodbujajo produktivnost in samozavest. Skrbno izbrana oprema, kot so \u010drni marmor, tople lesene obloge, sofisticirana umetni\u0161ka dela in prefinjeni organizatorji, ustvari okolje, kjer se prepletata stil in u\u010dinkovitost.<\/p>\n<div class=\"play-container\"><img loading=\"lazy\" decoding=\"async\" src=\"https:\/\/hosekra.com\/modular\/wp-content\/uploads\/sites\/18\/Pisarna_MONARCH_dnevna_svetloba.jpg\" alt=\"Pisarna Monarch\" width=\"1156\" height=\"530\" class=\"alignnone size-full wp-image-532\" srcset=\"https:\/\/hosekra.com\/modular\/wp-content\/uploads\/sites\/18\/Pisarna_MONARCH_dnevna_svetloba.jpg 1156w, https:\/\/hosekra.com\/modular\/wp-content\/uploads\/sites\/18\/Pisarna_MONARCH_dnevna_svetloba-548x251.jpg 548w, https:\/\/hosekra.com\/modular\/wp-content\/uploads\/sites\/18\/Pisarna_MONARCH_dnevna_svetloba-1024x469.jpg 1024w, https:\/\/hosekra.com\/modular\/wp-content\/uploads\/sites\/18\/Pisarna_MONARCH_dnevna_svetloba-768x352.jpg 768w\" sizes=\"auto, (max-width: 1156px) 100vw, 1156px\" \/><a class=\"btn-play btn-play-image\" title=\"Pisarna Cosmo\" href=\"https:\/\/www.youtube.com\/watch?v=YlVtNv2KbgI\">Oglejte si video<\/a><\/div>\n<div class=\"wrapper-general\">\n<a href=\"https:\/\/hosekra.com\/modular\/wp-content\/uploads\/sites\/18\/pisarna_Monarch_modular.pdf\">Katalog pisarna Monarch (.pdf)<\/a>\n<\/div>\n<h2>Prostorska zasnova<\/h2>\n<div class=\"row\"><div class=\"col-sm-6\">\n<h3 class=\"subtitle\">Tloris<\/h3>\n<p><a href=\"https:\/\/hosekra.com\/modular\/wp-content\/uploads\/sites\/18\/MONARCH-TLORIS.jpg\" data-rel=\"lightbox-image-0\" data-rl_title=\"Pisarna Monarch Tloris\" data-rl_caption=\"\" title=\"Pisarna Monarch Tloris\"><img loading=\"lazy\" decoding=\"async\" src=\"https:\/\/hosekra.com\/modular\/wp-content\/uploads\/sites\/18\/MONARCH-TLORIS.jpg\" alt=\"Pisarna Monarch Tloris\" width=\"1600\" height=\"900\" class=\"alignnone size-full wp-image-504\" srcset=\"https:\/\/hosekra.com\/modular\/wp-content\/uploads\/sites\/18\/MONARCH-TLORIS.jpg 1600w, https:\/\/hosekra.com\/modular\/wp-content\/uploads\/sites\/18\/MONARCH-TLORIS-548x308.jpg 548w, https:\/\/hosekra.com\/modular\/wp-content\/uploads\/sites\/18\/MONARCH-TLORIS-1024x576.jpg 1024w, https:\/\/hosekra.com\/modular\/wp-content\/uploads\/sites\/18\/MONARCH-TLORIS-768x432.jpg 768w, https:\/\/hosekra.com\/modular\/wp-content\/uploads\/sites\/18\/MONARCH-TLORIS-1536x864.jpg 1536w\" sizes=\"auto, (max-width: 1600px) 100vw, 1600px\" \/><\/a><br \/>\n<\/div><div class=\"col-sm-6\"><\/p>\n<h3 class=\"subtitle\">Stranski Pogled<\/h3>\n<p><a href=\"https:\/\/hosekra.com\/modular\/wp-content\/uploads\/sites\/18\/MONARCH-3D-POGLED-2.jpg\" data-rel=\"lightbox-image-1\" data-rl_title=\"Pisarna Monarch 3D Pogled\" data-rl_caption=\"\" title=\"Pisarna Monarch 3D Pogled\"><img loading=\"lazy\" decoding=\"async\" src=\"https:\/\/hosekra.com\/modular\/wp-content\/uploads\/sites\/18\/MONARCH-3D-POGLED-2.jpg\" alt=\"Pisarna Monarch 3D Pogled\" width=\"1600\" height=\"900\" class=\"alignnone size-full wp-image-505\" srcset=\"https:\/\/hosekra.com\/modular\/wp-content\/uploads\/sites\/18\/MONARCH-3D-POGLED-2.jpg 1600w, https:\/\/hosekra.com\/modular\/wp-content\/uploads\/sites\/18\/MONARCH-3D-POGLED-2-548x308.jpg 548w, https:\/\/hosekra.com\/modular\/wp-content\/uploads\/sites\/18\/MONARCH-3D-POGLED-2-1024x576.jpg 1024w, https:\/\/hosekra.com\/modular\/wp-content\/uploads\/sites\/18\/MONARCH-3D-POGLED-2-768x432.jpg 768w, https:\/\/hosekra.com\/modular\/wp-content\/uploads\/sites\/18\/MONARCH-3D-POGLED-2-1536x864.jpg 1536w\" sizes=\"auto, (max-width: 1600px) 100vw, 1600px\" \/><\/a><br \/>\n<\/div><\/div><\/p>\n<h2>Galerija<\/h2>\nngg_shortcode_0_placeholder\n","protected":false},"excerpt":{"rendered":"<p>Funkcionalna pisarna, zasnovana za osebo, ki ceni presti\u017e in brez\u010dasno estetiko. Ustvarjamo presti\u017ene in elegantne delovne prostore, ki zdru\u017eujejo funkcionalnost in brez\u010dasni dizajn. Pisarna Monarch zdru\u017euje vrhunske materiale, premi\u0161ljeno zasnovo in dovr\u0161ene detajle, ki spodbujajo produktivnost in samozavest. Skrbno izbrana oprema, kot so \u010drni marmor, tople lesene obloge, sofisticirana umetni\u0161ka dela in prefinjeni organizatorji, ustvari [&hellip;]<\/p>\n","protected":false},"author":1,"featured_media":0,"parent":12,"menu_order":27,"comment_status":"closed","ping_status":"closed","template":"produkti.php","meta":{"ngg_post_thumbnail":0,"footnotes":""},"class_list":["post-533","page","type-page","status-publish","hentry"],"yoast_head":"<!-- This site is optimized with the Yoast SEO plugin v27.4 - https:\/\/yoast.com\/product\/yoast-seo-wordpress\/ -->\n<title>Pisarna Monarch - Hosekra Modular<\/title>\n<meta name=\"robots\" content=\"index, follow, max-snippet:-1, max-image-preview:large, max-video-preview:-1\" \/>\n<link rel=\"canonical\" href=\"https:\/\/hosekra.com\/modular\/modeli\/pisarna-monarch\/\" \/>\n<meta property=\"og:locale\" content=\"sl_SI\" \/>\n<meta property=\"og:type\" content=\"article\" \/>\n<meta property=\"og:title\" content=\"Pisarna Monarch - Hosekra Modular\" \/>\n<meta property=\"og:description\" content=\"Funkcionalna pisarna, zasnovana za osebo, ki ceni presti\u017e in brez\u010dasno estetiko. Ustvarjamo presti\u017ene in elegantne delovne prostore, ki zdru\u017eujejo funkcionalnost in brez\u010dasni dizajn. Pisarna Monarch zdru\u017euje vrhunske materiale, premi\u0161ljeno zasnovo in dovr\u0161ene detajle, ki spodbujajo produktivnost in samozavest. Skrbno izbrana oprema, kot so \u010drni marmor, tople lesene obloge, sofisticirana umetni\u0161ka dela in prefinjeni organizatorji, ustvari [&hellip;]\" \/>\n<meta property=\"og:url\" content=\"https:\/\/hosekra.com\/modular\/modeli\/pisarna-monarch\/\" \/>\n<meta property=\"og:site_name\" content=\"Hosekra Modular\" \/>\n<meta property=\"article:modified_time\" content=\"2025-11-27T17:46:53+00:00\" \/>\n<meta property=\"og:image\" content=\"https:\/\/hosekra.com\/modular\/wp-content\/uploads\/sites\/18\/Pisarna_MONARCH_dnevna_svetloba.jpg\" \/>\n\t<meta property=\"og:image:width\" content=\"1156\" \/>\n\t<meta property=\"og:image:height\" content=\"530\" \/>\n\t<meta property=\"og:image:type\" content=\"image\/jpeg\" \/>\n<meta name=\"twitter:card\" content=\"summary_large_image\" \/>\n<script type=\"application\/ld+json\" class=\"yoast-schema-graph\">{\"@context\":\"https:\\\/\\\/schema.org\",\"@graph\":[{\"@type\":\"WebPage\",\"@id\":\"https:\\\/\\\/hosekra.com\\\/modular\\\/modeli\\\/pisarna-monarch\\\/\",\"url\":\"https:\\\/\\\/hosekra.com\\\/modular\\\/modeli\\\/pisarna-monarch\\\/\",\"name\":\"Pisarna Monarch - Hosekra Modular\",\"isPartOf\":{\"@id\":\"https:\\\/\\\/hosekra.com\\\/modular\\\/#website\"},\"primaryImageOfPage\":{\"@id\":\"https:\\\/\\\/hosekra.com\\\/modular\\\/modeli\\\/pisarna-monarch\\\/#primaryimage\"},\"image\":{\"@id\":\"https:\\\/\\\/hosekra.com\\\/modular\\\/modeli\\\/pisarna-monarch\\\/#primaryimage\"},\"thumbnailUrl\":\"https:\\\/\\\/hosekra.com\\\/modular\\\/wp-content\\\/uploads\\\/sites\\\/18\\\/Pisarna_MONARCH_dnevna_svetloba.jpg\",\"datePublished\":\"2025-04-02T17:36:56+00:00\",\"dateModified\":\"2025-11-27T17:46:53+00:00\",\"breadcrumb\":{\"@id\":\"https:\\\/\\\/hosekra.com\\\/modular\\\/modeli\\\/pisarna-monarch\\\/#breadcrumb\"},\"inLanguage\":\"sl-SI\",\"potentialAction\":[{\"@type\":\"ReadAction\",\"target\":[\"https:\\\/\\\/hosekra.com\\\/modular\\\/modeli\\\/pisarna-monarch\\\/\"]}]},{\"@type\":\"ImageObject\",\"inLanguage\":\"sl-SI\",\"@id\":\"https:\\\/\\\/hosekra.com\\\/modular\\\/modeli\\\/pisarna-monarch\\\/#primaryimage\",\"url\":\"https:\\\/\\\/hosekra.com\\\/modular\\\/wp-content\\\/uploads\\\/sites\\\/18\\\/Pisarna_MONARCH_dnevna_svetloba.jpg\",\"contentUrl\":\"https:\\\/\\\/hosekra.com\\\/modular\\\/wp-content\\\/uploads\\\/sites\\\/18\\\/Pisarna_MONARCH_dnevna_svetloba.jpg\",\"width\":1156,\"height\":530,\"caption\":\"Pisarna Monarch\"},{\"@type\":\"BreadcrumbList\",\"@id\":\"https:\\\/\\\/hosekra.com\\\/modular\\\/modeli\\\/pisarna-monarch\\\/#breadcrumb\",\"itemListElement\":[{\"@type\":\"ListItem\",\"position\":1,\"name\":\"Home\",\"item\":\"https:\\\/\\\/hosekra.com\\\/modular\\\/\"},{\"@type\":\"ListItem\",\"position\":2,\"name\":\"Modeli\",\"item\":\"https:\\\/\\\/hosekra.com\\\/modular\\\/modeli\\\/\"},{\"@type\":\"ListItem\",\"position\":3,\"name\":\"Pisarna Monarch\"}]},{\"@type\":\"WebSite\",\"@id\":\"https:\\\/\\\/hosekra.com\\\/modular\\\/#website\",\"url\":\"https:\\\/\\\/hosekra.com\\\/modular\\\/\",\"name\":\"Hosekra Modular\",\"description\":\"Prihodnost Bivanja\",\"potentialAction\":[{\"@type\":\"SearchAction\",\"target\":{\"@type\":\"EntryPoint\",\"urlTemplate\":\"https:\\\/\\\/hosekra.com\\\/modular\\\/?s={search_term_string}\"},\"query-input\":{\"@type\":\"PropertyValueSpecification\",\"valueRequired\":true,\"valueName\":\"search_term_string\"}}],\"inLanguage\":\"sl-SI\"}]}<\/script>\n<!-- \/ Yoast SEO plugin. -->","yoast_head_json":{"title":"Pisarna Monarch - Hosekra Modular","robots":{"index":"index","follow":"follow","max-snippet":"max-snippet:-1","max-image-preview":"max-image-preview:large","max-video-preview":"max-video-preview:-1"},"canonical":"https:\/\/hosekra.com\/modular\/modeli\/pisarna-monarch\/","og_locale":"sl_SI","og_type":"article","og_title":"Pisarna Monarch - Hosekra Modular","og_description":"Funkcionalna pisarna, zasnovana za osebo, ki ceni presti\u017e in brez\u010dasno estetiko. Ustvarjamo presti\u017ene in elegantne delovne prostore, ki zdru\u017eujejo funkcionalnost in brez\u010dasni dizajn. Pisarna Monarch zdru\u017euje vrhunske materiale, premi\u0161ljeno zasnovo in dovr\u0161ene detajle, ki spodbujajo produktivnost in samozavest. Skrbno izbrana oprema, kot so \u010drni marmor, tople lesene obloge, sofisticirana umetni\u0161ka dela in prefinjeni organizatorji, ustvari [&hellip;]","og_url":"https:\/\/hosekra.com\/modular\/modeli\/pisarna-monarch\/","og_site_name":"Hosekra Modular","article_modified_time":"2025-11-27T17:46:53+00:00","og_image":[{"width":1156,"height":530,"url":"https:\/\/hosekra.com\/modular\/wp-content\/uploads\/sites\/18\/Pisarna_MONARCH_dnevna_svetloba.jpg","type":"image\/jpeg"}],"twitter_card":"summary_large_image","schema":{"@context":"https:\/\/schema.org","@graph":[{"@type":"WebPage","@id":"https:\/\/hosekra.com\/modular\/modeli\/pisarna-monarch\/","url":"https:\/\/hosekra.com\/modular\/modeli\/pisarna-monarch\/","name":"Pisarna Monarch - Hosekra Modular","isPartOf":{"@id":"https:\/\/hosekra.com\/modular\/#website"},"primaryImageOfPage":{"@id":"https:\/\/hosekra.com\/modular\/modeli\/pisarna-monarch\/#primaryimage"},"image":{"@id":"https:\/\/hosekra.com\/modular\/modeli\/pisarna-monarch\/#primaryimage"},"thumbnailUrl":"https:\/\/hosekra.com\/modular\/wp-content\/uploads\/sites\/18\/Pisarna_MONARCH_dnevna_svetloba.jpg","datePublished":"2025-04-02T17:36:56+00:00","dateModified":"2025-11-27T17:46:53+00:00","breadcrumb":{"@id":"https:\/\/hosekra.com\/modular\/modeli\/pisarna-monarch\/#breadcrumb"},"inLanguage":"sl-SI","potentialAction":[{"@type":"ReadAction","target":["https:\/\/hosekra.com\/modular\/modeli\/pisarna-monarch\/"]}]},{"@type":"ImageObject","inLanguage":"sl-SI","@id":"https:\/\/hosekra.com\/modular\/modeli\/pisarna-monarch\/#primaryimage","url":"https:\/\/hosekra.com\/modular\/wp-content\/uploads\/sites\/18\/Pisarna_MONARCH_dnevna_svetloba.jpg","contentUrl":"https:\/\/hosekra.com\/modular\/wp-content\/uploads\/sites\/18\/Pisarna_MONARCH_dnevna_svetloba.jpg","width":1156,"height":530,"caption":"Pisarna Monarch"},{"@type":"BreadcrumbList","@id":"https:\/\/hosekra.com\/modular\/modeli\/pisarna-monarch\/#breadcrumb","itemListElement":[{"@type":"ListItem","position":1,"name":"Home","item":"https:\/\/hosekra.com\/modular\/"},{"@type":"ListItem","position":2,"name":"Modeli","item":"https:\/\/hosekra.com\/modular\/modeli\/"},{"@type":"ListItem","position":3,"name":"Pisarna Monarch"}]},{"@type":"WebSite","@id":"https:\/\/hosekra.com\/modular\/#website","url":"https:\/\/hosekra.com\/modular\/","name":"Hosekra Modular","description":"Prihodnost Bivanja","potentialAction":[{"@type":"SearchAction","target":{"@type":"EntryPoint","urlTemplate":"https:\/\/hosekra.com\/modular\/?s={search_term_string}"},"query-input":{"@type":"PropertyValueSpecification","valueRequired":true,"valueName":"search_term_string"}}],"inLanguage":"sl-SI"}]}},"_links":{"self":[{"href":"https:\/\/hosekra.com\/modular\/wp-json\/wp\/v2\/pages\/533","targetHints":{"allow":["GET"]}}],"collection":[{"href":"https:\/\/hosekra.com\/modular\/wp-json\/wp\/v2\/pages"}],"about":[{"href":"https:\/\/hosekra.com\/modular\/wp-json\/wp\/v2\/types\/page"}],"author":[{"embeddable":true,"href":"https:\/\/hosekra.com\/modular\/wp-json\/wp\/v2\/users\/1"}],"replies":[{"embeddable":true,"href":"https:\/\/hosekra.com\/modular\/wp-json\/wp\/v2\/comments?post=533"}],"version-history":[{"count":6,"href":"https:\/\/hosekra.com\/modular\/wp-json\/wp\/v2\/pages\/533\/revisions"}],"predecessor-version":[{"id":648,"href":"https:\/\/hosekra.com\/modular\/wp-json\/wp\/v2\/pages\/533\/revisions\/648"}],"up":[{"embeddable":true,"href":"https:\/\/hosekra.com\/modular\/wp-json\/wp\/v2\/pages\/12"}],"wp:attachment":[{"href":"https:\/\/hosekra.com\/modular\/wp-json\/wp\/v2\/media?parent=533"}],"curies":[{"name":"wp","href":"https:\/\/api.w.org\/{rel}","templated":true}]}}