{"id":566,"date":"2025-05-03T21:39:39","date_gmt":"2025-05-03T19:39:39","guid":{"rendered":"https:\/\/hosekra.com\/living\/?page_id=566"},"modified":"2026-02-03T18:41:00","modified_gmt":"2026-02-03T17:41:00","slug":"pisarna-noir","status":"publish","type":"page","link":"https:\/\/hosekra.com\/modular\/modeli\/pisarna-noir\/","title":{"rendered":"Pisarna Noir"},"content":{"rendered":"<p class=\"lead text-uppercase\">Zdru\u017euje brez\u010dasno eleganco, funkcionalno zasnovo in prijetno atmosfero.<\/p>\n<p>Hosekra Modular pisarna Noir je zasnovana za sodobno in vsestransko pisarni\u0161ko uporabo. Kombinacija svetlega lesa, \u010drnih kovinskih elementov in naravnih detajlov ustvarja harmoni\u010dno in funkcionalno okolje. Zasnova vklju\u010duje udoben delovni koti\u010dek in prostor za sestanke ter prijetno \u010dakalno ali sprostitveno obmo\u010dje z mehkim pohi\u0161tvom. Idealna izbira za pisarne, kjer \u017eelite zdru\u017eiti profesionalnost in udobje, za samostojno delo, sestanke ali sprejem strank.<\/p>\n<div class=\"play-container\"><img loading=\"lazy\" decoding=\"async\" src=\"https:\/\/hosekra.com\/modular\/wp-content\/uploads\/sites\/18\/NOIR-Dnevna-svetloba.jpg\" alt=\"Pisarna Noir\" width=\"1156\" height=\"530\" class=\"alignnone size-full wp-image-571\" srcset=\"https:\/\/hosekra.com\/modular\/wp-content\/uploads\/sites\/18\/NOIR-Dnevna-svetloba.jpg 1156w, https:\/\/hosekra.com\/modular\/wp-content\/uploads\/sites\/18\/NOIR-Dnevna-svetloba-548x251.jpg 548w, https:\/\/hosekra.com\/modular\/wp-content\/uploads\/sites\/18\/NOIR-Dnevna-svetloba-1024x469.jpg 1024w, https:\/\/hosekra.com\/modular\/wp-content\/uploads\/sites\/18\/NOIR-Dnevna-svetloba-768x352.jpg 768w\" sizes=\"auto, (max-width: 1156px) 100vw, 1156px\" \/><a class=\"btn-play btn-play-image\" title=\"Pisarna Noir\" href=\"https:\/\/www.youtube.com\/watch?v=z9uZV0Sv1N0\">Oglejte si video<\/a><\/div>\n<div class=\"wrapper-general\">\n<a href=\"https:\/\/hosekra.com\/modular\/wp-content\/uploads\/sites\/18\/pisarna_Noir_modular.pdf\">Katalog pisarna Noir (.pdf)<\/a>\n<\/div>\n<h2>Prostorska zasnova<\/h2>\n<div class=\"row\"><div class=\"col-sm-6\">\n<h3 class=\"subtitle\">Tloris<\/h3>\n<p><a href=\"https:\/\/hosekra.com\/modular\/wp-content\/uploads\/sites\/18\/NOIR-TLORIS.jpg\" data-rel=\"lightbox-image-0\" data-rl_title=\"Pisarna Noir Tloris\" data-rl_caption=\"\" title=\"Pisarna Noir Tloris\"><img loading=\"lazy\" decoding=\"async\" src=\"https:\/\/hosekra.com\/modular\/wp-content\/uploads\/sites\/18\/NOIR-TLORIS.jpg\" alt=\"Pisarna Noir Tloris\" width=\"1600\" height=\"900\" class=\"alignnone size-full wp-image-570\" srcset=\"https:\/\/hosekra.com\/modular\/wp-content\/uploads\/sites\/18\/NOIR-TLORIS.jpg 1600w, https:\/\/hosekra.com\/modular\/wp-content\/uploads\/sites\/18\/NOIR-TLORIS-548x308.jpg 548w, https:\/\/hosekra.com\/modular\/wp-content\/uploads\/sites\/18\/NOIR-TLORIS-1024x576.jpg 1024w, https:\/\/hosekra.com\/modular\/wp-content\/uploads\/sites\/18\/NOIR-TLORIS-768x432.jpg 768w, https:\/\/hosekra.com\/modular\/wp-content\/uploads\/sites\/18\/NOIR-TLORIS-1536x864.jpg 1536w\" sizes=\"auto, (max-width: 1600px) 100vw, 1600px\" \/><\/a><br \/>\n<\/div><div class=\"col-sm-6\"><\/p>\n<h3 class=\"subtitle\">Stranski Pogled<\/h3>\n<p><a href=\"https:\/\/hosekra.com\/modular\/wp-content\/uploads\/sites\/18\/NOIR-3D-POGLED-1.jpg\" data-rel=\"lightbox-image-1\" data-rl_title=\"Pisarna Noir 3D pogled\" data-rl_caption=\"\" title=\"Pisarna Noir 3D pogled\"><img loading=\"lazy\" decoding=\"async\" src=\"https:\/\/hosekra.com\/modular\/wp-content\/uploads\/sites\/18\/NOIR-3D-POGLED-1.jpg\" alt=\"Pisarna Noir 3D pogled\" width=\"1600\" height=\"900\" class=\"alignnone size-full wp-image-569\" srcset=\"https:\/\/hosekra.com\/modular\/wp-content\/uploads\/sites\/18\/NOIR-3D-POGLED-1.jpg 1600w, https:\/\/hosekra.com\/modular\/wp-content\/uploads\/sites\/18\/NOIR-3D-POGLED-1-548x308.jpg 548w, https:\/\/hosekra.com\/modular\/wp-content\/uploads\/sites\/18\/NOIR-3D-POGLED-1-1024x576.jpg 1024w, https:\/\/hosekra.com\/modular\/wp-content\/uploads\/sites\/18\/NOIR-3D-POGLED-1-768x432.jpg 768w, https:\/\/hosekra.com\/modular\/wp-content\/uploads\/sites\/18\/NOIR-3D-POGLED-1-1536x864.jpg 1536w\" sizes=\"auto, (max-width: 1600px) 100vw, 1600px\" \/><\/a><br \/>\n<\/div><\/div><\/p>\n<h2>Galerija<\/h2>\nngg_shortcode_0_placeholder\n<h2>Video<\/h2>\n<p><iframe loading=\"lazy\" title=\"Modularna Pisarna Noir\" width=\"422\" height=\"750\" src=\"https:\/\/www.youtube.com\/embed\/tYioP1BwwSM?feature=oembed\" frameborder=\"0\" allow=\"accelerometer; autoplay; clipboard-write; encrypted-media; gyroscope; picture-in-picture; web-share\" referrerpolicy=\"strict-origin-when-cross-origin\" allowfullscreen><\/iframe><\/p>\n","protected":false},"excerpt":{"rendered":"<p>Zdru\u017euje brez\u010dasno eleganco, funkcionalno zasnovo in prijetno atmosfero. Hosekra Modular pisarna Noir je zasnovana za sodobno in vsestransko pisarni\u0161ko uporabo. Kombinacija svetlega lesa, \u010drnih kovinskih elementov in naravnih detajlov ustvarja harmoni\u010dno in funkcionalno okolje. Zasnova vklju\u010duje udoben delovni koti\u010dek in prostor za sestanke ter prijetno \u010dakalno ali sprostitveno obmo\u010dje z mehkim pohi\u0161tvom. Idealna izbira za [&hellip;]<\/p>\n","protected":false},"author":1,"featured_media":0,"parent":12,"menu_order":28,"comment_status":"closed","ping_status":"closed","template":"produkti.php","meta":{"ngg_post_thumbnail":0,"footnotes":""},"class_list":["post-566","page","type-page","status-publish","hentry"],"yoast_head":"<!-- This site is optimized with the Yoast SEO plugin v27.4 - https:\/\/yoast.com\/product\/yoast-seo-wordpress\/ -->\n<title>Pisarna Noir - Hosekra Modular<\/title>\n<meta name=\"robots\" content=\"index, follow, max-snippet:-1, max-image-preview:large, max-video-preview:-1\" \/>\n<link rel=\"canonical\" href=\"https:\/\/hosekra.com\/modular\/modeli\/pisarna-noir\/\" \/>\n<meta property=\"og:locale\" content=\"sl_SI\" \/>\n<meta property=\"og:type\" content=\"article\" \/>\n<meta property=\"og:title\" content=\"Pisarna Noir - Hosekra Modular\" \/>\n<meta property=\"og:description\" content=\"Zdru\u017euje brez\u010dasno eleganco, funkcionalno zasnovo in prijetno atmosfero. Hosekra Modular pisarna Noir je zasnovana za sodobno in vsestransko pisarni\u0161ko uporabo. Kombinacija svetlega lesa, \u010drnih kovinskih elementov in naravnih detajlov ustvarja harmoni\u010dno in funkcionalno okolje. Zasnova vklju\u010duje udoben delovni koti\u010dek in prostor za sestanke ter prijetno \u010dakalno ali sprostitveno obmo\u010dje z mehkim pohi\u0161tvom. Idealna izbira za [&hellip;]\" \/>\n<meta property=\"og:url\" content=\"https:\/\/hosekra.com\/modular\/modeli\/pisarna-noir\/\" \/>\n<meta property=\"og:site_name\" content=\"Hosekra Modular\" \/>\n<meta property=\"article:modified_time\" content=\"2026-02-03T17:41:00+00:00\" \/>\n<meta property=\"og:image\" content=\"https:\/\/hosekra.com\/modular\/wp-content\/uploads\/sites\/18\/NOIR-Dnevna-svetloba.jpg\" \/>\n\t<meta property=\"og:image:width\" content=\"1156\" \/>\n\t<meta property=\"og:image:height\" content=\"530\" \/>\n\t<meta property=\"og:image:type\" content=\"image\/jpeg\" \/>\n<meta name=\"twitter:card\" content=\"summary_large_image\" \/>\n<meta name=\"twitter:label1\" content=\"Est. reading time\" \/>\n\t<meta name=\"twitter:data1\" content=\"2 minuti\" \/>\n<script type=\"application\/ld+json\" class=\"yoast-schema-graph\">{\"@context\":\"https:\\\/\\\/schema.org\",\"@graph\":[{\"@type\":\"WebPage\",\"@id\":\"https:\\\/\\\/hosekra.com\\\/modular\\\/modeli\\\/pisarna-noir\\\/\",\"url\":\"https:\\\/\\\/hosekra.com\\\/modular\\\/modeli\\\/pisarna-noir\\\/\",\"name\":\"Pisarna Noir - Hosekra Modular\",\"isPartOf\":{\"@id\":\"https:\\\/\\\/hosekra.com\\\/modular\\\/#website\"},\"primaryImageOfPage\":{\"@id\":\"https:\\\/\\\/hosekra.com\\\/modular\\\/modeli\\\/pisarna-noir\\\/#primaryimage\"},\"image\":{\"@id\":\"https:\\\/\\\/hosekra.com\\\/modular\\\/modeli\\\/pisarna-noir\\\/#primaryimage\"},\"thumbnailUrl\":\"https:\\\/\\\/hosekra.com\\\/modular\\\/wp-content\\\/uploads\\\/sites\\\/18\\\/NOIR-Dnevna-svetloba.jpg\",\"datePublished\":\"2025-05-03T19:39:39+00:00\",\"dateModified\":\"2026-02-03T17:41:00+00:00\",\"breadcrumb\":{\"@id\":\"https:\\\/\\\/hosekra.com\\\/modular\\\/modeli\\\/pisarna-noir\\\/#breadcrumb\"},\"inLanguage\":\"sl-SI\",\"potentialAction\":[{\"@type\":\"ReadAction\",\"target\":[\"https:\\\/\\\/hosekra.com\\\/modular\\\/modeli\\\/pisarna-noir\\\/\"]}]},{\"@type\":\"ImageObject\",\"inLanguage\":\"sl-SI\",\"@id\":\"https:\\\/\\\/hosekra.com\\\/modular\\\/modeli\\\/pisarna-noir\\\/#primaryimage\",\"url\":\"https:\\\/\\\/hosekra.com\\\/modular\\\/wp-content\\\/uploads\\\/sites\\\/18\\\/NOIR-Dnevna-svetloba.jpg\",\"contentUrl\":\"https:\\\/\\\/hosekra.com\\\/modular\\\/wp-content\\\/uploads\\\/sites\\\/18\\\/NOIR-Dnevna-svetloba.jpg\",\"width\":1156,\"height\":530,\"caption\":\"Pisarna Noir\"},{\"@type\":\"BreadcrumbList\",\"@id\":\"https:\\\/\\\/hosekra.com\\\/modular\\\/modeli\\\/pisarna-noir\\\/#breadcrumb\",\"itemListElement\":[{\"@type\":\"ListItem\",\"position\":1,\"name\":\"Home\",\"item\":\"https:\\\/\\\/hosekra.com\\\/modular\\\/\"},{\"@type\":\"ListItem\",\"position\":2,\"name\":\"Modeli\",\"item\":\"https:\\\/\\\/hosekra.com\\\/modular\\\/modeli\\\/\"},{\"@type\":\"ListItem\",\"position\":3,\"name\":\"Pisarna Noir\"}]},{\"@type\":\"WebSite\",\"@id\":\"https:\\\/\\\/hosekra.com\\\/modular\\\/#website\",\"url\":\"https:\\\/\\\/hosekra.com\\\/modular\\\/\",\"name\":\"Hosekra Modular\",\"description\":\"Prihodnost Bivanja\",\"potentialAction\":[{\"@type\":\"SearchAction\",\"target\":{\"@type\":\"EntryPoint\",\"urlTemplate\":\"https:\\\/\\\/hosekra.com\\\/modular\\\/?s={search_term_string}\"},\"query-input\":{\"@type\":\"PropertyValueSpecification\",\"valueRequired\":true,\"valueName\":\"search_term_string\"}}],\"inLanguage\":\"sl-SI\"}]}<\/script>\n<!-- \/ Yoast SEO plugin. -->","yoast_head_json":{"title":"Pisarna Noir - Hosekra Modular","robots":{"index":"index","follow":"follow","max-snippet":"max-snippet:-1","max-image-preview":"max-image-preview:large","max-video-preview":"max-video-preview:-1"},"canonical":"https:\/\/hosekra.com\/modular\/modeli\/pisarna-noir\/","og_locale":"sl_SI","og_type":"article","og_title":"Pisarna Noir - Hosekra Modular","og_description":"Zdru\u017euje brez\u010dasno eleganco, funkcionalno zasnovo in prijetno atmosfero. Hosekra Modular pisarna Noir je zasnovana za sodobno in vsestransko pisarni\u0161ko uporabo. Kombinacija svetlega lesa, \u010drnih kovinskih elementov in naravnih detajlov ustvarja harmoni\u010dno in funkcionalno okolje. Zasnova vklju\u010duje udoben delovni koti\u010dek in prostor za sestanke ter prijetno \u010dakalno ali sprostitveno obmo\u010dje z mehkim pohi\u0161tvom. Idealna izbira za [&hellip;]","og_url":"https:\/\/hosekra.com\/modular\/modeli\/pisarna-noir\/","og_site_name":"Hosekra Modular","article_modified_time":"2026-02-03T17:41:00+00:00","og_image":[{"width":1156,"height":530,"url":"https:\/\/hosekra.com\/modular\/wp-content\/uploads\/sites\/18\/NOIR-Dnevna-svetloba.jpg","type":"image\/jpeg"}],"twitter_card":"summary_large_image","twitter_misc":{"Est. reading time":"2 minuti"},"schema":{"@context":"https:\/\/schema.org","@graph":[{"@type":"WebPage","@id":"https:\/\/hosekra.com\/modular\/modeli\/pisarna-noir\/","url":"https:\/\/hosekra.com\/modular\/modeli\/pisarna-noir\/","name":"Pisarna Noir - Hosekra Modular","isPartOf":{"@id":"https:\/\/hosekra.com\/modular\/#website"},"primaryImageOfPage":{"@id":"https:\/\/hosekra.com\/modular\/modeli\/pisarna-noir\/#primaryimage"},"image":{"@id":"https:\/\/hosekra.com\/modular\/modeli\/pisarna-noir\/#primaryimage"},"thumbnailUrl":"https:\/\/hosekra.com\/modular\/wp-content\/uploads\/sites\/18\/NOIR-Dnevna-svetloba.jpg","datePublished":"2025-05-03T19:39:39+00:00","dateModified":"2026-02-03T17:41:00+00:00","breadcrumb":{"@id":"https:\/\/hosekra.com\/modular\/modeli\/pisarna-noir\/#breadcrumb"},"inLanguage":"sl-SI","potentialAction":[{"@type":"ReadAction","target":["https:\/\/hosekra.com\/modular\/modeli\/pisarna-noir\/"]}]},{"@type":"ImageObject","inLanguage":"sl-SI","@id":"https:\/\/hosekra.com\/modular\/modeli\/pisarna-noir\/#primaryimage","url":"https:\/\/hosekra.com\/modular\/wp-content\/uploads\/sites\/18\/NOIR-Dnevna-svetloba.jpg","contentUrl":"https:\/\/hosekra.com\/modular\/wp-content\/uploads\/sites\/18\/NOIR-Dnevna-svetloba.jpg","width":1156,"height":530,"caption":"Pisarna Noir"},{"@type":"BreadcrumbList","@id":"https:\/\/hosekra.com\/modular\/modeli\/pisarna-noir\/#breadcrumb","itemListElement":[{"@type":"ListItem","position":1,"name":"Home","item":"https:\/\/hosekra.com\/modular\/"},{"@type":"ListItem","position":2,"name":"Modeli","item":"https:\/\/hosekra.com\/modular\/modeli\/"},{"@type":"ListItem","position":3,"name":"Pisarna Noir"}]},{"@type":"WebSite","@id":"https:\/\/hosekra.com\/modular\/#website","url":"https:\/\/hosekra.com\/modular\/","name":"Hosekra Modular","description":"Prihodnost Bivanja","potentialAction":[{"@type":"SearchAction","target":{"@type":"EntryPoint","urlTemplate":"https:\/\/hosekra.com\/modular\/?s={search_term_string}"},"query-input":{"@type":"PropertyValueSpecification","valueRequired":true,"valueName":"search_term_string"}}],"inLanguage":"sl-SI"}]}},"_links":{"self":[{"href":"https:\/\/hosekra.com\/modular\/wp-json\/wp\/v2\/pages\/566","targetHints":{"allow":["GET"]}}],"collection":[{"href":"https:\/\/hosekra.com\/modular\/wp-json\/wp\/v2\/pages"}],"about":[{"href":"https:\/\/hosekra.com\/modular\/wp-json\/wp\/v2\/types\/page"}],"author":[{"embeddable":true,"href":"https:\/\/hosekra.com\/modular\/wp-json\/wp\/v2\/users\/1"}],"replies":[{"embeddable":true,"href":"https:\/\/hosekra.com\/modular\/wp-json\/wp\/v2\/comments?post=566"}],"version-history":[{"count":6,"href":"https:\/\/hosekra.com\/modular\/wp-json\/wp\/v2\/pages\/566\/revisions"}],"predecessor-version":[{"id":859,"href":"https:\/\/hosekra.com\/modular\/wp-json\/wp\/v2\/pages\/566\/revisions\/859"}],"up":[{"embeddable":true,"href":"https:\/\/hosekra.com\/modular\/wp-json\/wp\/v2\/pages\/12"}],"wp:attachment":[{"href":"https:\/\/hosekra.com\/modular\/wp-json\/wp\/v2\/media?parent=566"}],"curies":[{"name":"wp","href":"https:\/\/api.w.org\/{rel}","templated":true}]}}