{"id":616,"date":"2025-11-24T18:02:56","date_gmt":"2025-11-24T17:02:56","guid":{"rendered":"https:\/\/hosekra.com\/modular\/?page_id=616"},"modified":"2026-01-22T22:05:56","modified_gmt":"2026-01-22T21:05:56","slug":"wellness-lumina-black","status":"publish","type":"page","link":"https:\/\/hosekra.com\/modular\/modeli\/wellness-lumina-black\/","title":{"rendered":"Wellness Lumina Black"},"content":{"rendered":"<p class=\"lead text-uppercase\">Razko\u0161na oaza, kjer se arhitektura, dizajn in udobje pove\u017eejo v nepozabno do\u017eivetje.<\/p>\n<p>Vstopite v Hosekra Modular Lumina Black, presti\u017eni wellness, kjer se zdru\u017eita luksuz in narava v popolni harmoniji. Ta edinstven objekt, zasnovan z izjemnim ob\u010dutkom za detajl, navdu\u0161uje s svojo impozantno vi\u0161ino \u0161tirih metrov, ki prostoru daje zra\u010dnost, eleganco in izraz arhitekturne drznosti.<\/p>\n<div class=\"play-container\"><img loading=\"lazy\" decoding=\"async\" src=\"https:\/\/hosekra.com\/modular\/wp-content\/uploads\/sites\/18\/Wellness_Lumino_Black.jpg\" alt=\"Wellness Lumina Black\" width=\"1156\" height=\"530\" class=\"alignnone size-full wp-image-622\" srcset=\"https:\/\/hosekra.com\/modular\/wp-content\/uploads\/sites\/18\/Wellness_Lumino_Black.jpg 1156w, https:\/\/hosekra.com\/modular\/wp-content\/uploads\/sites\/18\/Wellness_Lumino_Black-548x251.jpg 548w, https:\/\/hosekra.com\/modular\/wp-content\/uploads\/sites\/18\/Wellness_Lumino_Black-1024x469.jpg 1024w, https:\/\/hosekra.com\/modular\/wp-content\/uploads\/sites\/18\/Wellness_Lumino_Black-768x352.jpg 768w\" sizes=\"auto, (max-width: 1156px) 100vw, 1156px\" \/><a class=\"btn-play btn-play-image\" title=\"Wellness Lumina Black\" href=\"https:\/\/www.youtube.com\/watch?v=NOWFpMBQipo\">Oglejte si video<\/a><\/div>\n<div class=\"wrapper-general\">\n<a href=\"https:\/\/hosekra.com\/modular\/wp-content\/uploads\/sites\/18\/Wellnes_lumina-black.pdf\">Katalog Wellness Lumina Black (.pdf)<\/a>\n<\/div>\n<p>V sredi\u0161\u010du prostora se nahajata razko\u0161na savna in masa\u017ena kad, ki zagotavljata vrhunsko sprostitev in razvajanje. Ob njiju stojita dva elegantna po\u010divalnika, ki ustvarjata popolno zato\u010di\u0161\u010de za regeneracijo telesa in duha.<\/p>\n<h2>Prostorska zasnova<\/h2>\n<div class=\"row\"><div class=\"col-sm-6\">\n<h3 class=\"subtitle\">Zunanjost<\/h3>\n<p><a href=\"https:\/\/hosekra.com\/modular\/wp-content\/uploads\/sites\/18\/MODULAR-WELLNESS-ZUNANJOST-2.jpg\" data-rel=\"lightbox-image-0\" data-rl_title=\"MODULAR WELLNESS ZUNANJOST 2\" data-rl_caption=\"\" title=\"MODULAR WELLNESS ZUNANJOST 2\"><img loading=\"lazy\" decoding=\"async\" src=\"https:\/\/hosekra.com\/modular\/wp-content\/uploads\/sites\/18\/MODULAR-WELLNESS-ZUNANJOST-2.jpg\" alt=\"MODULAR WELLNESS LUMINA ZUNANJOST\" width=\"1600\" height=\"900\" class=\"alignnone size-full wp-image-618\" srcset=\"https:\/\/hosekra.com\/modular\/wp-content\/uploads\/sites\/18\/MODULAR-WELLNESS-ZUNANJOST-2.jpg 1600w, https:\/\/hosekra.com\/modular\/wp-content\/uploads\/sites\/18\/MODULAR-WELLNESS-ZUNANJOST-2-548x308.jpg 548w, https:\/\/hosekra.com\/modular\/wp-content\/uploads\/sites\/18\/MODULAR-WELLNESS-ZUNANJOST-2-1024x576.jpg 1024w, https:\/\/hosekra.com\/modular\/wp-content\/uploads\/sites\/18\/MODULAR-WELLNESS-ZUNANJOST-2-768x432.jpg 768w, https:\/\/hosekra.com\/modular\/wp-content\/uploads\/sites\/18\/MODULAR-WELLNESS-ZUNANJOST-2-1536x864.jpg 1536w\" sizes=\"auto, (max-width: 1600px) 100vw, 1600px\" \/><\/a><br \/>\n<\/div><div class=\"col-sm-6\"><\/p>\n<h3 class=\"subtitle\">Stranski Pogled<\/h3>\n<p><a href=\"https:\/\/hosekra.com\/modular\/wp-content\/uploads\/sites\/18\/MODULAR-WELLNESS-3D-POGLED.jpg\" data-rel=\"lightbox-image-1\" data-rl_title=\"MODULAR WELLNESS LUMINA 3D POGLED\" data-rl_caption=\"\" title=\"MODULAR WELLNESS LUMINA 3D POGLED\"><img loading=\"lazy\" decoding=\"async\" src=\"https:\/\/hosekra.com\/modular\/wp-content\/uploads\/sites\/18\/MODULAR-WELLNESS-3D-POGLED.jpg\" alt=\"MODULAR WELLNESS LUMINA 3D POGLED\" width=\"1600\" height=\"900\" class=\"alignnone size-full wp-image-619\" srcset=\"https:\/\/hosekra.com\/modular\/wp-content\/uploads\/sites\/18\/MODULAR-WELLNESS-3D-POGLED.jpg 1600w, https:\/\/hosekra.com\/modular\/wp-content\/uploads\/sites\/18\/MODULAR-WELLNESS-3D-POGLED-548x308.jpg 548w, https:\/\/hosekra.com\/modular\/wp-content\/uploads\/sites\/18\/MODULAR-WELLNESS-3D-POGLED-1024x576.jpg 1024w, https:\/\/hosekra.com\/modular\/wp-content\/uploads\/sites\/18\/MODULAR-WELLNESS-3D-POGLED-768x432.jpg 768w, https:\/\/hosekra.com\/modular\/wp-content\/uploads\/sites\/18\/MODULAR-WELLNESS-3D-POGLED-1536x864.jpg 1536w\" sizes=\"auto, (max-width: 1600px) 100vw, 1600px\" \/><\/a><br \/>\n<\/div><\/div><\/p>\n<h2>Galerija<\/h2>\nngg_shortcode_0_placeholder\n<h2>Video<\/h2>\n<p><iframe loading=\"lazy\" title=\"Wellness Lumina Black\" width=\"422\" height=\"750\" src=\"https:\/\/www.youtube.com\/embed\/9tKEjDa7tzM?feature=oembed\" frameborder=\"0\" allow=\"accelerometer; autoplay; clipboard-write; encrypted-media; gyroscope; picture-in-picture; web-share\" referrerpolicy=\"strict-origin-when-cross-origin\" allowfullscreen><\/iframe><\/p>\n","protected":false},"excerpt":{"rendered":"<p>Razko\u0161na oaza, kjer se arhitektura, dizajn in udobje pove\u017eejo v nepozabno do\u017eivetje. Vstopite v Hosekra Modular Lumina Black, presti\u017eni wellness, kjer se zdru\u017eita luksuz in narava v popolni harmoniji. Ta edinstven objekt, zasnovan z izjemnim ob\u010dutkom za detajl, navdu\u0161uje s svojo impozantno vi\u0161ino \u0161tirih metrov, ki prostoru daje zra\u010dnost, eleganco in izraz arhitekturne drznosti. Oglejte [&hellip;]<\/p>\n","protected":false},"author":1,"featured_media":0,"parent":12,"menu_order":31,"comment_status":"closed","ping_status":"closed","template":"produkti.php","meta":{"ngg_post_thumbnail":0,"footnotes":""},"class_list":["post-616","page","type-page","status-publish","hentry"],"yoast_head":"<!-- This site is optimized with the Yoast SEO plugin v27.4 - https:\/\/yoast.com\/product\/yoast-seo-wordpress\/ -->\n<title>Wellness Lumina Black - Hosekra Modular<\/title>\n<meta name=\"robots\" content=\"index, follow, max-snippet:-1, max-image-preview:large, max-video-preview:-1\" \/>\n<link rel=\"canonical\" href=\"https:\/\/hosekra.com\/modular\/modeli\/wellness-lumina-black\/\" \/>\n<meta property=\"og:locale\" content=\"sl_SI\" \/>\n<meta property=\"og:type\" content=\"article\" \/>\n<meta property=\"og:title\" content=\"Wellness Lumina Black - Hosekra Modular\" \/>\n<meta property=\"og:description\" content=\"Razko\u0161na oaza, kjer se arhitektura, dizajn in udobje pove\u017eejo v nepozabno do\u017eivetje. Vstopite v Hosekra Modular Lumina Black, presti\u017eni wellness, kjer se zdru\u017eita luksuz in narava v popolni harmoniji. Ta edinstven objekt, zasnovan z izjemnim ob\u010dutkom za detajl, navdu\u0161uje s svojo impozantno vi\u0161ino \u0161tirih metrov, ki prostoru daje zra\u010dnost, eleganco in izraz arhitekturne drznosti. Oglejte [&hellip;]\" \/>\n<meta property=\"og:url\" content=\"https:\/\/hosekra.com\/modular\/modeli\/wellness-lumina-black\/\" \/>\n<meta property=\"og:site_name\" content=\"Hosekra Modular\" \/>\n<meta property=\"article:modified_time\" content=\"2026-01-22T21:05:56+00:00\" \/>\n<meta property=\"og:image\" content=\"https:\/\/hosekra.com\/modular\/wp-content\/uploads\/sites\/18\/Wellness_Lumino_Black.jpg\" \/>\n\t<meta property=\"og:image:width\" content=\"1156\" \/>\n\t<meta property=\"og:image:height\" content=\"530\" \/>\n\t<meta property=\"og:image:type\" content=\"image\/jpeg\" \/>\n<meta name=\"twitter:card\" content=\"summary_large_image\" \/>\n<meta name=\"twitter:label1\" content=\"Est. reading time\" \/>\n\t<meta name=\"twitter:data1\" content=\"2 minuti\" \/>\n<script type=\"application\/ld+json\" class=\"yoast-schema-graph\">{\"@context\":\"https:\\\/\\\/schema.org\",\"@graph\":[{\"@type\":\"WebPage\",\"@id\":\"https:\\\/\\\/hosekra.com\\\/modular\\\/modeli\\\/wellness-lumina-black\\\/\",\"url\":\"https:\\\/\\\/hosekra.com\\\/modular\\\/modeli\\\/wellness-lumina-black\\\/\",\"name\":\"Wellness Lumina Black - Hosekra Modular\",\"isPartOf\":{\"@id\":\"https:\\\/\\\/hosekra.com\\\/modular\\\/#website\"},\"primaryImageOfPage\":{\"@id\":\"https:\\\/\\\/hosekra.com\\\/modular\\\/modeli\\\/wellness-lumina-black\\\/#primaryimage\"},\"image\":{\"@id\":\"https:\\\/\\\/hosekra.com\\\/modular\\\/modeli\\\/wellness-lumina-black\\\/#primaryimage\"},\"thumbnailUrl\":\"https:\\\/\\\/hosekra.com\\\/modular\\\/wp-content\\\/uploads\\\/sites\\\/18\\\/Wellness_Lumino_Black.jpg\",\"datePublished\":\"2025-11-24T17:02:56+00:00\",\"dateModified\":\"2026-01-22T21:05:56+00:00\",\"breadcrumb\":{\"@id\":\"https:\\\/\\\/hosekra.com\\\/modular\\\/modeli\\\/wellness-lumina-black\\\/#breadcrumb\"},\"inLanguage\":\"sl-SI\",\"potentialAction\":[{\"@type\":\"ReadAction\",\"target\":[\"https:\\\/\\\/hosekra.com\\\/modular\\\/modeli\\\/wellness-lumina-black\\\/\"]}]},{\"@type\":\"ImageObject\",\"inLanguage\":\"sl-SI\",\"@id\":\"https:\\\/\\\/hosekra.com\\\/modular\\\/modeli\\\/wellness-lumina-black\\\/#primaryimage\",\"url\":\"https:\\\/\\\/hosekra.com\\\/modular\\\/wp-content\\\/uploads\\\/sites\\\/18\\\/Wellness_Lumino_Black.jpg\",\"contentUrl\":\"https:\\\/\\\/hosekra.com\\\/modular\\\/wp-content\\\/uploads\\\/sites\\\/18\\\/Wellness_Lumino_Black.jpg\",\"width\":1156,\"height\":530,\"caption\":\"Wellness Lumino Black\"},{\"@type\":\"BreadcrumbList\",\"@id\":\"https:\\\/\\\/hosekra.com\\\/modular\\\/modeli\\\/wellness-lumina-black\\\/#breadcrumb\",\"itemListElement\":[{\"@type\":\"ListItem\",\"position\":1,\"name\":\"Home\",\"item\":\"https:\\\/\\\/hosekra.com\\\/modular\\\/\"},{\"@type\":\"ListItem\",\"position\":2,\"name\":\"Modeli\",\"item\":\"https:\\\/\\\/hosekra.com\\\/modular\\\/modeli\\\/\"},{\"@type\":\"ListItem\",\"position\":3,\"name\":\"Wellness Lumina Black\"}]},{\"@type\":\"WebSite\",\"@id\":\"https:\\\/\\\/hosekra.com\\\/modular\\\/#website\",\"url\":\"https:\\\/\\\/hosekra.com\\\/modular\\\/\",\"name\":\"Hosekra Modular\",\"description\":\"Prihodnost Bivanja\",\"potentialAction\":[{\"@type\":\"SearchAction\",\"target\":{\"@type\":\"EntryPoint\",\"urlTemplate\":\"https:\\\/\\\/hosekra.com\\\/modular\\\/?s={search_term_string}\"},\"query-input\":{\"@type\":\"PropertyValueSpecification\",\"valueRequired\":true,\"valueName\":\"search_term_string\"}}],\"inLanguage\":\"sl-SI\"}]}<\/script>\n<!-- \/ Yoast SEO plugin. -->","yoast_head_json":{"title":"Wellness Lumina Black - Hosekra Modular","robots":{"index":"index","follow":"follow","max-snippet":"max-snippet:-1","max-image-preview":"max-image-preview:large","max-video-preview":"max-video-preview:-1"},"canonical":"https:\/\/hosekra.com\/modular\/modeli\/wellness-lumina-black\/","og_locale":"sl_SI","og_type":"article","og_title":"Wellness Lumina Black - Hosekra Modular","og_description":"Razko\u0161na oaza, kjer se arhitektura, dizajn in udobje pove\u017eejo v nepozabno do\u017eivetje. Vstopite v Hosekra Modular Lumina Black, presti\u017eni wellness, kjer se zdru\u017eita luksuz in narava v popolni harmoniji. Ta edinstven objekt, zasnovan z izjemnim ob\u010dutkom za detajl, navdu\u0161uje s svojo impozantno vi\u0161ino \u0161tirih metrov, ki prostoru daje zra\u010dnost, eleganco in izraz arhitekturne drznosti. Oglejte [&hellip;]","og_url":"https:\/\/hosekra.com\/modular\/modeli\/wellness-lumina-black\/","og_site_name":"Hosekra Modular","article_modified_time":"2026-01-22T21:05:56+00:00","og_image":[{"width":1156,"height":530,"url":"https:\/\/hosekra.com\/modular\/wp-content\/uploads\/sites\/18\/Wellness_Lumino_Black.jpg","type":"image\/jpeg"}],"twitter_card":"summary_large_image","twitter_misc":{"Est. reading time":"2 minuti"},"schema":{"@context":"https:\/\/schema.org","@graph":[{"@type":"WebPage","@id":"https:\/\/hosekra.com\/modular\/modeli\/wellness-lumina-black\/","url":"https:\/\/hosekra.com\/modular\/modeli\/wellness-lumina-black\/","name":"Wellness Lumina Black - Hosekra Modular","isPartOf":{"@id":"https:\/\/hosekra.com\/modular\/#website"},"primaryImageOfPage":{"@id":"https:\/\/hosekra.com\/modular\/modeli\/wellness-lumina-black\/#primaryimage"},"image":{"@id":"https:\/\/hosekra.com\/modular\/modeli\/wellness-lumina-black\/#primaryimage"},"thumbnailUrl":"https:\/\/hosekra.com\/modular\/wp-content\/uploads\/sites\/18\/Wellness_Lumino_Black.jpg","datePublished":"2025-11-24T17:02:56+00:00","dateModified":"2026-01-22T21:05:56+00:00","breadcrumb":{"@id":"https:\/\/hosekra.com\/modular\/modeli\/wellness-lumina-black\/#breadcrumb"},"inLanguage":"sl-SI","potentialAction":[{"@type":"ReadAction","target":["https:\/\/hosekra.com\/modular\/modeli\/wellness-lumina-black\/"]}]},{"@type":"ImageObject","inLanguage":"sl-SI","@id":"https:\/\/hosekra.com\/modular\/modeli\/wellness-lumina-black\/#primaryimage","url":"https:\/\/hosekra.com\/modular\/wp-content\/uploads\/sites\/18\/Wellness_Lumino_Black.jpg","contentUrl":"https:\/\/hosekra.com\/modular\/wp-content\/uploads\/sites\/18\/Wellness_Lumino_Black.jpg","width":1156,"height":530,"caption":"Wellness Lumino Black"},{"@type":"BreadcrumbList","@id":"https:\/\/hosekra.com\/modular\/modeli\/wellness-lumina-black\/#breadcrumb","itemListElement":[{"@type":"ListItem","position":1,"name":"Home","item":"https:\/\/hosekra.com\/modular\/"},{"@type":"ListItem","position":2,"name":"Modeli","item":"https:\/\/hosekra.com\/modular\/modeli\/"},{"@type":"ListItem","position":3,"name":"Wellness Lumina Black"}]},{"@type":"WebSite","@id":"https:\/\/hosekra.com\/modular\/#website","url":"https:\/\/hosekra.com\/modular\/","name":"Hosekra Modular","description":"Prihodnost Bivanja","potentialAction":[{"@type":"SearchAction","target":{"@type":"EntryPoint","urlTemplate":"https:\/\/hosekra.com\/modular\/?s={search_term_string}"},"query-input":{"@type":"PropertyValueSpecification","valueRequired":true,"valueName":"search_term_string"}}],"inLanguage":"sl-SI"}]}},"_links":{"self":[{"href":"https:\/\/hosekra.com\/modular\/wp-json\/wp\/v2\/pages\/616","targetHints":{"allow":["GET"]}}],"collection":[{"href":"https:\/\/hosekra.com\/modular\/wp-json\/wp\/v2\/pages"}],"about":[{"href":"https:\/\/hosekra.com\/modular\/wp-json\/wp\/v2\/types\/page"}],"author":[{"embeddable":true,"href":"https:\/\/hosekra.com\/modular\/wp-json\/wp\/v2\/users\/1"}],"replies":[{"embeddable":true,"href":"https:\/\/hosekra.com\/modular\/wp-json\/wp\/v2\/comments?post=616"}],"version-history":[{"count":9,"href":"https:\/\/hosekra.com\/modular\/wp-json\/wp\/v2\/pages\/616\/revisions"}],"predecessor-version":[{"id":856,"href":"https:\/\/hosekra.com\/modular\/wp-json\/wp\/v2\/pages\/616\/revisions\/856"}],"up":[{"embeddable":true,"href":"https:\/\/hosekra.com\/modular\/wp-json\/wp\/v2\/pages\/12"}],"wp:attachment":[{"href":"https:\/\/hosekra.com\/modular\/wp-json\/wp\/v2\/media?parent=616"}],"curies":[{"name":"wp","href":"https:\/\/api.w.org\/{rel}","templated":true}]}}