{"id":715,"date":"2025-12-05T20:06:00","date_gmt":"2025-12-05T19:06:00","guid":{"rendered":"https:\/\/hosekra.com\/modular\/?page_id=715"},"modified":"2026-01-12T21:28:01","modified_gmt":"2026-01-12T20:28:01","slug":"poslovni-prostor-amethyst","status":"publish","type":"page","link":"https:\/\/hosekra.com\/modular\/modeli\/poslovni-prostor-amethyst\/","title":{"rendered":"Poslovni prostor Amethyst"},"content":{"rendered":"<p class=\"lead text-uppercase\">Umirjen, profesionalen in harmoni\u010den.<\/p>\n<p>Predstavljamo vam Hosekra Modular kozmeti\u010dni salon Amethyst, zasnovan kot prefinjeno zato\u010di\u0161\u010de lepote in sprostitve.<\/p>\n<div class=\"play-container\"><img loading=\"lazy\" decoding=\"async\" src=\"https:\/\/hosekra.com\/modular\/wp-content\/uploads\/sites\/18\/Kozmeticni_salon_AMETHYST.jpg\" alt=\"Kozmeti\u010dni salon Amethyst\" width=\"1156\" height=\"530\" class=\"size-full wp-image-78\" \/><a class=\"btn-play btn-play-image\" title=\"Kozmeti\u010dni salon Amethyst\" href=\"https:\/\/www.youtube.com\/watch?v=wZBvKf5kS14\">Oglejte si video<\/a><\/div>\n<div class=\"wrapper-general\">\n<a href=\"https:\/\/hosekra.com\/modular\/wp-content\/uploads\/sites\/18\/kozmeticni_salon_AMETHYST.pdf\">Katalog kozmeti\u010dni salon Amethyst (.pdf)<\/a>\n<\/div>\n<p>Prostor zdru\u017euje nevtralne be\u017e in sive tone s prepoznavnimi vijoli\u010dnimi poudarki, ki dajejo salonu njegov zna\u010daj in ustvarjajo ob\u010dutek sodobnega, luksuznega ambienta. Zdru\u017euje modularno prakti\u010dnost, mehko estetiko in sodoben pridih presti\u017ea \u2014 salon, ki navdihuje strokovnost, urejenost in ob\u010dutek dobrega po\u010dutja na vsakem koraku.<\/p>\n<h2>Prostorska zasnova<\/h2>\n<div class=\"row\"><div class=\"col-sm-6\">\n<h3 class=\"subtitle\">Tloris<\/h3>\n<p><a href=\"https:\/\/hosekra.com\/modular\/wp-content\/uploads\/sites\/18\/AMETHYST-TLORIS.jpg\" data-rel=\"lightbox-image-0\" data-rl_title=\"Kozmeti\u010dni salon AMETHYST\" data-rl_caption=\"\" title=\"Kozmeti\u010dni salon AMETHYST\"><img loading=\"lazy\" decoding=\"async\" src=\"https:\/\/hosekra.com\/modular\/wp-content\/uploads\/sites\/18\/AMETHYST-TLORIS-1024x576.jpg\" alt=\"Kozmeti\u010dni salon AMETHYST\" width=\"1024\" height=\"576\" class=\"alignnone size-large wp-image-720\" srcset=\"https:\/\/hosekra.com\/modular\/wp-content\/uploads\/sites\/18\/AMETHYST-TLORIS-1024x576.jpg 1024w, https:\/\/hosekra.com\/modular\/wp-content\/uploads\/sites\/18\/AMETHYST-TLORIS-548x308.jpg 548w, https:\/\/hosekra.com\/modular\/wp-content\/uploads\/sites\/18\/AMETHYST-TLORIS-768x432.jpg 768w, https:\/\/hosekra.com\/modular\/wp-content\/uploads\/sites\/18\/AMETHYST-TLORIS-1536x864.jpg 1536w, https:\/\/hosekra.com\/modular\/wp-content\/uploads\/sites\/18\/AMETHYST-TLORIS.jpg 1600w\" sizes=\"auto, (max-width: 1024px) 100vw, 1024px\" \/><\/a><br \/>\n<\/div><div class=\"col-sm-6\"><\/p>\n<h3 class=\"subtitle\">Stranski Pogled<\/h3>\n<p><a href=\"https:\/\/hosekra.com\/modular\/wp-content\/uploads\/sites\/18\/2-AMETHYST-3D.jpg\" data-rel=\"lightbox-image-1\" data-rl_title=\"Kozmeti\u010dni salon AMETHYST\" data-rl_caption=\"\" title=\"Kozmeti\u010dni salon AMETHYST\"><img loading=\"lazy\" decoding=\"async\" src=\"https:\/\/hosekra.com\/modular\/wp-content\/uploads\/sites\/18\/2-AMETHYST-3D-1024x576.jpg\" alt=\"Kozmeti\u010dni salon AMETHYST\" width=\"1024\" height=\"576\" class=\"alignnone size-large wp-image-721\" srcset=\"https:\/\/hosekra.com\/modular\/wp-content\/uploads\/sites\/18\/2-AMETHYST-3D-1024x576.jpg 1024w, https:\/\/hosekra.com\/modular\/wp-content\/uploads\/sites\/18\/2-AMETHYST-3D-548x308.jpg 548w, https:\/\/hosekra.com\/modular\/wp-content\/uploads\/sites\/18\/2-AMETHYST-3D-768x432.jpg 768w, https:\/\/hosekra.com\/modular\/wp-content\/uploads\/sites\/18\/2-AMETHYST-3D-1536x864.jpg 1536w, https:\/\/hosekra.com\/modular\/wp-content\/uploads\/sites\/18\/2-AMETHYST-3D.jpg 1600w\" sizes=\"auto, (max-width: 1024px) 100vw, 1024px\" \/><\/a><br \/>\n<\/div><\/div><\/p>\n<h2>Galerija<\/h2>\nngg_shortcode_0_placeholder\n","protected":false},"excerpt":{"rendered":"<p>Umirjen, profesionalen in harmoni\u010den. Predstavljamo vam Hosekra Modular kozmeti\u010dni salon Amethyst, zasnovan kot prefinjeno zato\u010di\u0161\u010de lepote in sprostitve. Oglejte si video Katalog kozmeti\u010dni salon Amethyst (.pdf) Prostor zdru\u017euje nevtralne be\u017e in sive tone s prepoznavnimi vijoli\u010dnimi poudarki, ki dajejo salonu njegov zna\u010daj in ustvarjajo ob\u010dutek sodobnega, luksuznega ambienta. Zdru\u017euje modularno prakti\u010dnost, mehko estetiko in sodoben [&hellip;]<\/p>\n","protected":false},"author":1,"featured_media":0,"parent":12,"menu_order":41,"comment_status":"closed","ping_status":"closed","template":"produkti.php","meta":{"ngg_post_thumbnail":0,"footnotes":""},"class_list":["post-715","page","type-page","status-publish","hentry"],"yoast_head":"<!-- This site is optimized with the Yoast SEO plugin v27.4 - https:\/\/yoast.com\/product\/yoast-seo-wordpress\/ -->\n<title>Poslovni prostor Amethyst - Hosekra Modular<\/title>\n<meta name=\"robots\" content=\"index, follow, max-snippet:-1, max-image-preview:large, max-video-preview:-1\" \/>\n<link rel=\"canonical\" href=\"https:\/\/hosekra.com\/modular\/modeli\/poslovni-prostor-amethyst\/\" \/>\n<meta property=\"og:locale\" content=\"sl_SI\" \/>\n<meta property=\"og:type\" content=\"article\" \/>\n<meta property=\"og:title\" content=\"Poslovni prostor Amethyst - Hosekra Modular\" \/>\n<meta property=\"og:description\" content=\"Umirjen, profesionalen in harmoni\u010den. Predstavljamo vam Hosekra Modular kozmeti\u010dni salon Amethyst, zasnovan kot prefinjeno zato\u010di\u0161\u010de lepote in sprostitve. Oglejte si video Katalog kozmeti\u010dni salon Amethyst (.pdf) Prostor zdru\u017euje nevtralne be\u017e in sive tone s prepoznavnimi vijoli\u010dnimi poudarki, ki dajejo salonu njegov zna\u010daj in ustvarjajo ob\u010dutek sodobnega, luksuznega ambienta. Zdru\u017euje modularno prakti\u010dnost, mehko estetiko in sodoben [&hellip;]\" \/>\n<meta property=\"og:url\" content=\"https:\/\/hosekra.com\/modular\/modeli\/poslovni-prostor-amethyst\/\" \/>\n<meta property=\"og:site_name\" content=\"Hosekra Modular\" \/>\n<meta property=\"article:modified_time\" content=\"2026-01-12T20:28:01+00:00\" \/>\n<meta property=\"og:image\" content=\"https:\/\/hosekra.com\/modular\/wp-content\/uploads\/sites\/18\/Zen_Garden_Yoga_Studio.jpg\" \/>\n\t<meta property=\"og:image:width\" content=\"1156\" \/>\n\t<meta property=\"og:image:height\" content=\"530\" \/>\n\t<meta property=\"og:image:type\" content=\"image\/jpeg\" \/>\n<meta name=\"twitter:card\" content=\"summary_large_image\" \/>\n<meta name=\"twitter:label1\" content=\"Est. reading time\" \/>\n\t<meta name=\"twitter:data1\" content=\"2 minuti\" \/>\n<script type=\"application\/ld+json\" class=\"yoast-schema-graph\">{\"@context\":\"https:\\\/\\\/schema.org\",\"@graph\":[{\"@type\":\"WebPage\",\"@id\":\"https:\\\/\\\/hosekra.com\\\/modular\\\/modeli\\\/poslovni-prostor-amethyst\\\/\",\"url\":\"https:\\\/\\\/hosekra.com\\\/modular\\\/modeli\\\/poslovni-prostor-amethyst\\\/\",\"name\":\"Poslovni prostor Amethyst - Hosekra Modular\",\"isPartOf\":{\"@id\":\"https:\\\/\\\/hosekra.com\\\/modular\\\/#website\"},\"primaryImageOfPage\":{\"@id\":\"https:\\\/\\\/hosekra.com\\\/modular\\\/modeli\\\/poslovni-prostor-amethyst\\\/#primaryimage\"},\"image\":{\"@id\":\"https:\\\/\\\/hosekra.com\\\/modular\\\/modeli\\\/poslovni-prostor-amethyst\\\/#primaryimage\"},\"thumbnailUrl\":\"https:\\\/\\\/hosekra.com\\\/modular\\\/wp-content\\\/uploads\\\/sites\\\/18\\\/Kozmeticni_salon_AMETHYST.jpg\",\"datePublished\":\"2025-12-05T19:06:00+00:00\",\"dateModified\":\"2026-01-12T20:28:01+00:00\",\"breadcrumb\":{\"@id\":\"https:\\\/\\\/hosekra.com\\\/modular\\\/modeli\\\/poslovni-prostor-amethyst\\\/#breadcrumb\"},\"inLanguage\":\"sl-SI\",\"potentialAction\":[{\"@type\":\"ReadAction\",\"target\":[\"https:\\\/\\\/hosekra.com\\\/modular\\\/modeli\\\/poslovni-prostor-amethyst\\\/\"]}]},{\"@type\":\"ImageObject\",\"inLanguage\":\"sl-SI\",\"@id\":\"https:\\\/\\\/hosekra.com\\\/modular\\\/modeli\\\/poslovni-prostor-amethyst\\\/#primaryimage\",\"url\":\"https:\\\/\\\/hosekra.com\\\/modular\\\/wp-content\\\/uploads\\\/sites\\\/18\\\/Zen_Garden_Yoga_Studio.jpg\",\"contentUrl\":\"https:\\\/\\\/hosekra.com\\\/modular\\\/wp-content\\\/uploads\\\/sites\\\/18\\\/Zen_Garden_Yoga_Studio.jpg\",\"width\":1156,\"height\":530,\"caption\":\"WellnessZENGARDEN\"},{\"@type\":\"BreadcrumbList\",\"@id\":\"https:\\\/\\\/hosekra.com\\\/modular\\\/modeli\\\/poslovni-prostor-amethyst\\\/#breadcrumb\",\"itemListElement\":[{\"@type\":\"ListItem\",\"position\":1,\"name\":\"Home\",\"item\":\"https:\\\/\\\/hosekra.com\\\/modular\\\/\"},{\"@type\":\"ListItem\",\"position\":2,\"name\":\"Modeli\",\"item\":\"https:\\\/\\\/hosekra.com\\\/modular\\\/modeli\\\/\"},{\"@type\":\"ListItem\",\"position\":3,\"name\":\"Poslovni prostor Amethyst\"}]},{\"@type\":\"WebSite\",\"@id\":\"https:\\\/\\\/hosekra.com\\\/modular\\\/#website\",\"url\":\"https:\\\/\\\/hosekra.com\\\/modular\\\/\",\"name\":\"Hosekra Modular\",\"description\":\"Prihodnost Bivanja\",\"potentialAction\":[{\"@type\":\"SearchAction\",\"target\":{\"@type\":\"EntryPoint\",\"urlTemplate\":\"https:\\\/\\\/hosekra.com\\\/modular\\\/?s={search_term_string}\"},\"query-input\":{\"@type\":\"PropertyValueSpecification\",\"valueRequired\":true,\"valueName\":\"search_term_string\"}}],\"inLanguage\":\"sl-SI\"}]}<\/script>\n<!-- \/ Yoast SEO plugin. -->","yoast_head_json":{"title":"Poslovni prostor Amethyst - Hosekra Modular","robots":{"index":"index","follow":"follow","max-snippet":"max-snippet:-1","max-image-preview":"max-image-preview:large","max-video-preview":"max-video-preview:-1"},"canonical":"https:\/\/hosekra.com\/modular\/modeli\/poslovni-prostor-amethyst\/","og_locale":"sl_SI","og_type":"article","og_title":"Poslovni prostor Amethyst - Hosekra Modular","og_description":"Umirjen, profesionalen in harmoni\u010den. Predstavljamo vam Hosekra Modular kozmeti\u010dni salon Amethyst, zasnovan kot prefinjeno zato\u010di\u0161\u010de lepote in sprostitve. Oglejte si video Katalog kozmeti\u010dni salon Amethyst (.pdf) Prostor zdru\u017euje nevtralne be\u017e in sive tone s prepoznavnimi vijoli\u010dnimi poudarki, ki dajejo salonu njegov zna\u010daj in ustvarjajo ob\u010dutek sodobnega, luksuznega ambienta. Zdru\u017euje modularno prakti\u010dnost, mehko estetiko in sodoben [&hellip;]","og_url":"https:\/\/hosekra.com\/modular\/modeli\/poslovni-prostor-amethyst\/","og_site_name":"Hosekra Modular","article_modified_time":"2026-01-12T20:28:01+00:00","og_image":[{"width":1156,"height":530,"url":"https:\/\/hosekra.com\/modular\/wp-content\/uploads\/sites\/18\/Zen_Garden_Yoga_Studio.jpg","type":"image\/jpeg"}],"twitter_card":"summary_large_image","twitter_misc":{"Est. reading time":"2 minuti"},"schema":{"@context":"https:\/\/schema.org","@graph":[{"@type":"WebPage","@id":"https:\/\/hosekra.com\/modular\/modeli\/poslovni-prostor-amethyst\/","url":"https:\/\/hosekra.com\/modular\/modeli\/poslovni-prostor-amethyst\/","name":"Poslovni prostor Amethyst - Hosekra Modular","isPartOf":{"@id":"https:\/\/hosekra.com\/modular\/#website"},"primaryImageOfPage":{"@id":"https:\/\/hosekra.com\/modular\/modeli\/poslovni-prostor-amethyst\/#primaryimage"},"image":{"@id":"https:\/\/hosekra.com\/modular\/modeli\/poslovni-prostor-amethyst\/#primaryimage"},"thumbnailUrl":"https:\/\/hosekra.com\/modular\/wp-content\/uploads\/sites\/18\/Kozmeticni_salon_AMETHYST.jpg","datePublished":"2025-12-05T19:06:00+00:00","dateModified":"2026-01-12T20:28:01+00:00","breadcrumb":{"@id":"https:\/\/hosekra.com\/modular\/modeli\/poslovni-prostor-amethyst\/#breadcrumb"},"inLanguage":"sl-SI","potentialAction":[{"@type":"ReadAction","target":["https:\/\/hosekra.com\/modular\/modeli\/poslovni-prostor-amethyst\/"]}]},{"@type":"ImageObject","inLanguage":"sl-SI","@id":"https:\/\/hosekra.com\/modular\/modeli\/poslovni-prostor-amethyst\/#primaryimage","url":"https:\/\/hosekra.com\/modular\/wp-content\/uploads\/sites\/18\/Zen_Garden_Yoga_Studio.jpg","contentUrl":"https:\/\/hosekra.com\/modular\/wp-content\/uploads\/sites\/18\/Zen_Garden_Yoga_Studio.jpg","width":1156,"height":530,"caption":"WellnessZENGARDEN"},{"@type":"BreadcrumbList","@id":"https:\/\/hosekra.com\/modular\/modeli\/poslovni-prostor-amethyst\/#breadcrumb","itemListElement":[{"@type":"ListItem","position":1,"name":"Home","item":"https:\/\/hosekra.com\/modular\/"},{"@type":"ListItem","position":2,"name":"Modeli","item":"https:\/\/hosekra.com\/modular\/modeli\/"},{"@type":"ListItem","position":3,"name":"Poslovni prostor Amethyst"}]},{"@type":"WebSite","@id":"https:\/\/hosekra.com\/modular\/#website","url":"https:\/\/hosekra.com\/modular\/","name":"Hosekra Modular","description":"Prihodnost Bivanja","potentialAction":[{"@type":"SearchAction","target":{"@type":"EntryPoint","urlTemplate":"https:\/\/hosekra.com\/modular\/?s={search_term_string}"},"query-input":{"@type":"PropertyValueSpecification","valueRequired":true,"valueName":"search_term_string"}}],"inLanguage":"sl-SI"}]}},"_links":{"self":[{"href":"https:\/\/hosekra.com\/modular\/wp-json\/wp\/v2\/pages\/715","targetHints":{"allow":["GET"]}}],"collection":[{"href":"https:\/\/hosekra.com\/modular\/wp-json\/wp\/v2\/pages"}],"about":[{"href":"https:\/\/hosekra.com\/modular\/wp-json\/wp\/v2\/types\/page"}],"author":[{"embeddable":true,"href":"https:\/\/hosekra.com\/modular\/wp-json\/wp\/v2\/users\/1"}],"replies":[{"embeddable":true,"href":"https:\/\/hosekra.com\/modular\/wp-json\/wp\/v2\/comments?post=715"}],"version-history":[{"count":4,"href":"https:\/\/hosekra.com\/modular\/wp-json\/wp\/v2\/pages\/715\/revisions"}],"predecessor-version":[{"id":814,"href":"https:\/\/hosekra.com\/modular\/wp-json\/wp\/v2\/pages\/715\/revisions\/814"}],"up":[{"embeddable":true,"href":"https:\/\/hosekra.com\/modular\/wp-json\/wp\/v2\/pages\/12"}],"wp:attachment":[{"href":"https:\/\/hosekra.com\/modular\/wp-json\/wp\/v2\/media?parent=715"}],"curies":[{"name":"wp","href":"https:\/\/api.w.org\/{rel}","templated":true}]}}