{"id":802,"date":"2026-01-12T21:17:06","date_gmt":"2026-01-12T20:17:06","guid":{"rendered":"https:\/\/hosekra.com\/modular\/?page_id=802"},"modified":"2026-01-12T21:25:01","modified_gmt":"2026-01-12T20:25:01","slug":"soba-blossom","status":"publish","type":"page","link":"https:\/\/hosekra.com\/modular\/modeli\/soba-blossom\/","title":{"rendered":"Soba Blossom"},"content":{"rendered":"<p class=\"lead text-uppercase\">Ne\u017een prostor za velike sanje.<\/p>\n<p>Hosekra Modular mladinska soba BLOSSOM je zasnovana kot svetel, prijeten in harmoni\u010den prostor, ki spodbuja ob\u010dutek varnosti, ustvarjalnosti in dobrega po\u010dutja. Mehki ro\u017enati in be\u017e odtenki ustvarjajo ne\u017eno barvno kuliso, ki deluje umirjeno, a hkrati sodobno in igrivo.<\/p>\n<div class=\"play-container\"><img loading=\"lazy\" decoding=\"async\" src=\"https:\/\/hosekra.com\/modular\/wp-content\/uploads\/sites\/18\/BLOSSOM_soba-1024x469.jpg\" alt=\"SOBA BLOSSOM\" width=\"1024\" height=\"469\" class=\"alignnone size-large wp-image-746\" srcset=\"https:\/\/hosekra.com\/modular\/wp-content\/uploads\/sites\/18\/BLOSSOM_soba-1024x469.jpg 1024w, https:\/\/hosekra.com\/modular\/wp-content\/uploads\/sites\/18\/BLOSSOM_soba-548x251.jpg 548w, https:\/\/hosekra.com\/modular\/wp-content\/uploads\/sites\/18\/BLOSSOM_soba-768x352.jpg 768w, https:\/\/hosekra.com\/modular\/wp-content\/uploads\/sites\/18\/BLOSSOM_soba.jpg 1156w\" sizes=\"auto, (max-width: 1024px) 100vw, 1024px\" \/><a class=\"btn-play btn-play-image\" title=\"Mladinska soba Blossom\" href=\"https:\/\/www.youtube.com\/watch?v=4z8jiR0WxeI\">Oglejte si video<\/a><\/div>\n<div class=\"wrapper-general\">\n<a href=\"https:\/\/hosekra.com\/modular\/wp-content\/uploads\/sites\/18\/soba_BLOSSOM.pdf\">Katalog mladinska soba Blossom (.pdf)<\/a>\n<\/div>\n<p>Pohi\u0161tvo v toplih, naravnih tonih prostora ne obremeni, temve\u010d ga vizualno odpre in pove\u017ee v celoto. Premi\u0161ljeno razporejeni elementi omogo\u010dajo funkcionalno uporabo prostora za u\u010denje, po\u010ditek in prosti \u010das, medtem ko dekorativni detajli in tekstil dodajo osebno noto ter ob\u010dutek doma\u010dnosti.<\/p>\n<h2>Prostorska zasnova<\/h2>\n<div class=\"row\"><div class=\"col-sm-6\">\n<h3 class=\"subtitle\">Tloris<\/h3>\n<p><a href=\"https:\/\/hosekra.com\/modular\/wp-content\/uploads\/sites\/18\/2-BLOSSOM-TLORIS.jpg\" data-rel=\"lightbox-image-0\" data-rl_title=\"SOBA BLOSSOM TLORIS\" data-rl_caption=\"\" title=\"SOBA BLOSSOM TLORIS\"><img loading=\"lazy\" decoding=\"async\" src=\"https:\/\/hosekra.com\/modular\/wp-content\/uploads\/sites\/18\/2-BLOSSOM-TLORIS-1024x576.jpg\" alt=\"SOBA BLOSSOM TLORIS\" width=\"1024\" height=\"576\" class=\"alignnone size-large wp-image-750\" srcset=\"https:\/\/hosekra.com\/modular\/wp-content\/uploads\/sites\/18\/2-BLOSSOM-TLORIS-1024x576.jpg 1024w, https:\/\/hosekra.com\/modular\/wp-content\/uploads\/sites\/18\/2-BLOSSOM-TLORIS-548x308.jpg 548w, https:\/\/hosekra.com\/modular\/wp-content\/uploads\/sites\/18\/2-BLOSSOM-TLORIS-768x432.jpg 768w, https:\/\/hosekra.com\/modular\/wp-content\/uploads\/sites\/18\/2-BLOSSOM-TLORIS-1536x864.jpg 1536w, https:\/\/hosekra.com\/modular\/wp-content\/uploads\/sites\/18\/2-BLOSSOM-TLORIS.jpg 1600w\" sizes=\"auto, (max-width: 1024px) 100vw, 1024px\" \/><\/a><br \/>\n<\/div><div class=\"col-sm-6\"><\/p>\n<h3 class=\"subtitle\">Stranski Pogled<\/h3>\n<p><a href=\"https:\/\/hosekra.com\/modular\/wp-content\/uploads\/sites\/18\/3-BLOSSOM-3D.jpg\" data-rel=\"lightbox-image-1\" data-rl_title=\"SOBA BLOSSOM 3D\" data-rl_caption=\"\" title=\"SOBA BLOSSOM 3D\"><img loading=\"lazy\" decoding=\"async\" src=\"https:\/\/hosekra.com\/modular\/wp-content\/uploads\/sites\/18\/3-BLOSSOM-3D-1024x576.jpg\" alt=\"SOBA BLOSSOM 3D\" width=\"1024\" height=\"576\" class=\"alignnone size-large wp-image-749\" srcset=\"https:\/\/hosekra.com\/modular\/wp-content\/uploads\/sites\/18\/3-BLOSSOM-3D-1024x576.jpg 1024w, https:\/\/hosekra.com\/modular\/wp-content\/uploads\/sites\/18\/3-BLOSSOM-3D-548x308.jpg 548w, https:\/\/hosekra.com\/modular\/wp-content\/uploads\/sites\/18\/3-BLOSSOM-3D-768x432.jpg 768w, https:\/\/hosekra.com\/modular\/wp-content\/uploads\/sites\/18\/3-BLOSSOM-3D-1536x864.jpg 1536w, https:\/\/hosekra.com\/modular\/wp-content\/uploads\/sites\/18\/3-BLOSSOM-3D.jpg 1600w\" sizes=\"auto, (max-width: 1024px) 100vw, 1024px\" \/><\/a><br \/>\n<\/div><\/div><\/p>\n<h2>Galerija<\/h2>\nngg_shortcode_0_placeholder\n","protected":false},"excerpt":{"rendered":"<p>Ne\u017een prostor za velike sanje. Hosekra Modular mladinska soba BLOSSOM je zasnovana kot svetel, prijeten in harmoni\u010den prostor, ki spodbuja ob\u010dutek varnosti, ustvarjalnosti in dobrega po\u010dutja. Mehki ro\u017enati in be\u017e odtenki ustvarjajo ne\u017eno barvno kuliso, ki deluje umirjeno, a hkrati sodobno in igrivo. Oglejte si video Katalog mladinska soba Blossom (.pdf) Pohi\u0161tvo v toplih, naravnih [&hellip;]<\/p>\n","protected":false},"author":1,"featured_media":0,"parent":12,"menu_order":50,"comment_status":"closed","ping_status":"closed","template":"produkti.php","meta":{"ngg_post_thumbnail":0,"footnotes":""},"class_list":["post-802","page","type-page","status-publish","hentry"],"yoast_head":"<!-- This site is optimized with the Yoast SEO plugin v27.4 - https:\/\/yoast.com\/product\/yoast-seo-wordpress\/ -->\n<title>Soba Blossom - Hosekra Modular<\/title>\n<meta name=\"robots\" content=\"index, follow, max-snippet:-1, max-image-preview:large, max-video-preview:-1\" \/>\n<link rel=\"canonical\" href=\"https:\/\/hosekra.com\/modular\/modeli\/soba-blossom\/\" \/>\n<meta property=\"og:locale\" content=\"sl_SI\" \/>\n<meta property=\"og:type\" content=\"article\" \/>\n<meta property=\"og:title\" content=\"Soba Blossom - Hosekra Modular\" \/>\n<meta property=\"og:description\" content=\"Ne\u017een prostor za velike sanje. Hosekra Modular mladinska soba BLOSSOM je zasnovana kot svetel, prijeten in harmoni\u010den prostor, ki spodbuja ob\u010dutek varnosti, ustvarjalnosti in dobrega po\u010dutja. Mehki ro\u017enati in be\u017e odtenki ustvarjajo ne\u017eno barvno kuliso, ki deluje umirjeno, a hkrati sodobno in igrivo. Oglejte si video Katalog mladinska soba Blossom (.pdf) Pohi\u0161tvo v toplih, naravnih [&hellip;]\" \/>\n<meta property=\"og:url\" content=\"https:\/\/hosekra.com\/modular\/modeli\/soba-blossom\/\" \/>\n<meta property=\"og:site_name\" content=\"Hosekra Modular\" \/>\n<meta property=\"article:modified_time\" content=\"2026-01-12T20:25:01+00:00\" \/>\n<meta property=\"og:image\" content=\"https:\/\/hosekra.com\/modular\/wp-content\/uploads\/sites\/18\/BLOSSOM_soba.jpg\" \/>\n\t<meta property=\"og:image:width\" content=\"1156\" \/>\n\t<meta property=\"og:image:height\" content=\"530\" \/>\n\t<meta property=\"og:image:type\" content=\"image\/jpeg\" \/>\n<meta name=\"twitter:card\" content=\"summary_large_image\" \/>\n<meta name=\"twitter:label1\" content=\"Est. reading time\" \/>\n\t<meta name=\"twitter:data1\" content=\"2 minuti\" \/>\n<script type=\"application\/ld+json\" class=\"yoast-schema-graph\">{\"@context\":\"https:\\\/\\\/schema.org\",\"@graph\":[{\"@type\":\"WebPage\",\"@id\":\"https:\\\/\\\/hosekra.com\\\/modular\\\/modeli\\\/soba-blossom\\\/\",\"url\":\"https:\\\/\\\/hosekra.com\\\/modular\\\/modeli\\\/soba-blossom\\\/\",\"name\":\"Soba Blossom - Hosekra Modular\",\"isPartOf\":{\"@id\":\"https:\\\/\\\/hosekra.com\\\/modular\\\/#website\"},\"primaryImageOfPage\":{\"@id\":\"https:\\\/\\\/hosekra.com\\\/modular\\\/modeli\\\/soba-blossom\\\/#primaryimage\"},\"image\":{\"@id\":\"https:\\\/\\\/hosekra.com\\\/modular\\\/modeli\\\/soba-blossom\\\/#primaryimage\"},\"thumbnailUrl\":\"https:\\\/\\\/hosekra.com\\\/modular\\\/wp-content\\\/uploads\\\/sites\\\/18\\\/BLOSSOM_soba-1024x469.jpg\",\"datePublished\":\"2026-01-12T20:17:06+00:00\",\"dateModified\":\"2026-01-12T20:25:01+00:00\",\"breadcrumb\":{\"@id\":\"https:\\\/\\\/hosekra.com\\\/modular\\\/modeli\\\/soba-blossom\\\/#breadcrumb\"},\"inLanguage\":\"sl-SI\",\"potentialAction\":[{\"@type\":\"ReadAction\",\"target\":[\"https:\\\/\\\/hosekra.com\\\/modular\\\/modeli\\\/soba-blossom\\\/\"]}]},{\"@type\":\"ImageObject\",\"inLanguage\":\"sl-SI\",\"@id\":\"https:\\\/\\\/hosekra.com\\\/modular\\\/modeli\\\/soba-blossom\\\/#primaryimage\",\"url\":\"https:\\\/\\\/hosekra.com\\\/modular\\\/wp-content\\\/uploads\\\/sites\\\/18\\\/BLOSSOM_soba.jpg\",\"contentUrl\":\"https:\\\/\\\/hosekra.com\\\/modular\\\/wp-content\\\/uploads\\\/sites\\\/18\\\/BLOSSOM_soba.jpg\",\"width\":1156,\"height\":530,\"caption\":\"SOBA BLOSSOM\"},{\"@type\":\"BreadcrumbList\",\"@id\":\"https:\\\/\\\/hosekra.com\\\/modular\\\/modeli\\\/soba-blossom\\\/#breadcrumb\",\"itemListElement\":[{\"@type\":\"ListItem\",\"position\":1,\"name\":\"Home\",\"item\":\"https:\\\/\\\/hosekra.com\\\/modular\\\/\"},{\"@type\":\"ListItem\",\"position\":2,\"name\":\"Modeli\",\"item\":\"https:\\\/\\\/hosekra.com\\\/modular\\\/modeli\\\/\"},{\"@type\":\"ListItem\",\"position\":3,\"name\":\"Soba Blossom\"}]},{\"@type\":\"WebSite\",\"@id\":\"https:\\\/\\\/hosekra.com\\\/modular\\\/#website\",\"url\":\"https:\\\/\\\/hosekra.com\\\/modular\\\/\",\"name\":\"Hosekra Modular\",\"description\":\"Prihodnost Bivanja\",\"potentialAction\":[{\"@type\":\"SearchAction\",\"target\":{\"@type\":\"EntryPoint\",\"urlTemplate\":\"https:\\\/\\\/hosekra.com\\\/modular\\\/?s={search_term_string}\"},\"query-input\":{\"@type\":\"PropertyValueSpecification\",\"valueRequired\":true,\"valueName\":\"search_term_string\"}}],\"inLanguage\":\"sl-SI\"}]}<\/script>\n<!-- \/ Yoast SEO plugin. -->","yoast_head_json":{"title":"Soba Blossom - Hosekra Modular","robots":{"index":"index","follow":"follow","max-snippet":"max-snippet:-1","max-image-preview":"max-image-preview:large","max-video-preview":"max-video-preview:-1"},"canonical":"https:\/\/hosekra.com\/modular\/modeli\/soba-blossom\/","og_locale":"sl_SI","og_type":"article","og_title":"Soba Blossom - Hosekra Modular","og_description":"Ne\u017een prostor za velike sanje. Hosekra Modular mladinska soba BLOSSOM je zasnovana kot svetel, prijeten in harmoni\u010den prostor, ki spodbuja ob\u010dutek varnosti, ustvarjalnosti in dobrega po\u010dutja. Mehki ro\u017enati in be\u017e odtenki ustvarjajo ne\u017eno barvno kuliso, ki deluje umirjeno, a hkrati sodobno in igrivo. Oglejte si video Katalog mladinska soba Blossom (.pdf) Pohi\u0161tvo v toplih, naravnih [&hellip;]","og_url":"https:\/\/hosekra.com\/modular\/modeli\/soba-blossom\/","og_site_name":"Hosekra Modular","article_modified_time":"2026-01-12T20:25:01+00:00","og_image":[{"width":1156,"height":530,"url":"https:\/\/hosekra.com\/modular\/wp-content\/uploads\/sites\/18\/BLOSSOM_soba.jpg","type":"image\/jpeg"}],"twitter_card":"summary_large_image","twitter_misc":{"Est. reading time":"2 minuti"},"schema":{"@context":"https:\/\/schema.org","@graph":[{"@type":"WebPage","@id":"https:\/\/hosekra.com\/modular\/modeli\/soba-blossom\/","url":"https:\/\/hosekra.com\/modular\/modeli\/soba-blossom\/","name":"Soba Blossom - Hosekra Modular","isPartOf":{"@id":"https:\/\/hosekra.com\/modular\/#website"},"primaryImageOfPage":{"@id":"https:\/\/hosekra.com\/modular\/modeli\/soba-blossom\/#primaryimage"},"image":{"@id":"https:\/\/hosekra.com\/modular\/modeli\/soba-blossom\/#primaryimage"},"thumbnailUrl":"https:\/\/hosekra.com\/modular\/wp-content\/uploads\/sites\/18\/BLOSSOM_soba-1024x469.jpg","datePublished":"2026-01-12T20:17:06+00:00","dateModified":"2026-01-12T20:25:01+00:00","breadcrumb":{"@id":"https:\/\/hosekra.com\/modular\/modeli\/soba-blossom\/#breadcrumb"},"inLanguage":"sl-SI","potentialAction":[{"@type":"ReadAction","target":["https:\/\/hosekra.com\/modular\/modeli\/soba-blossom\/"]}]},{"@type":"ImageObject","inLanguage":"sl-SI","@id":"https:\/\/hosekra.com\/modular\/modeli\/soba-blossom\/#primaryimage","url":"https:\/\/hosekra.com\/modular\/wp-content\/uploads\/sites\/18\/BLOSSOM_soba.jpg","contentUrl":"https:\/\/hosekra.com\/modular\/wp-content\/uploads\/sites\/18\/BLOSSOM_soba.jpg","width":1156,"height":530,"caption":"SOBA BLOSSOM"},{"@type":"BreadcrumbList","@id":"https:\/\/hosekra.com\/modular\/modeli\/soba-blossom\/#breadcrumb","itemListElement":[{"@type":"ListItem","position":1,"name":"Home","item":"https:\/\/hosekra.com\/modular\/"},{"@type":"ListItem","position":2,"name":"Modeli","item":"https:\/\/hosekra.com\/modular\/modeli\/"},{"@type":"ListItem","position":3,"name":"Soba Blossom"}]},{"@type":"WebSite","@id":"https:\/\/hosekra.com\/modular\/#website","url":"https:\/\/hosekra.com\/modular\/","name":"Hosekra Modular","description":"Prihodnost Bivanja","potentialAction":[{"@type":"SearchAction","target":{"@type":"EntryPoint","urlTemplate":"https:\/\/hosekra.com\/modular\/?s={search_term_string}"},"query-input":{"@type":"PropertyValueSpecification","valueRequired":true,"valueName":"search_term_string"}}],"inLanguage":"sl-SI"}]}},"_links":{"self":[{"href":"https:\/\/hosekra.com\/modular\/wp-json\/wp\/v2\/pages\/802","targetHints":{"allow":["GET"]}}],"collection":[{"href":"https:\/\/hosekra.com\/modular\/wp-json\/wp\/v2\/pages"}],"about":[{"href":"https:\/\/hosekra.com\/modular\/wp-json\/wp\/v2\/types\/page"}],"author":[{"embeddable":true,"href":"https:\/\/hosekra.com\/modular\/wp-json\/wp\/v2\/users\/1"}],"replies":[{"embeddable":true,"href":"https:\/\/hosekra.com\/modular\/wp-json\/wp\/v2\/comments?post=802"}],"version-history":[{"count":3,"href":"https:\/\/hosekra.com\/modular\/wp-json\/wp\/v2\/pages\/802\/revisions"}],"predecessor-version":[{"id":810,"href":"https:\/\/hosekra.com\/modular\/wp-json\/wp\/v2\/pages\/802\/revisions\/810"}],"up":[{"embeddable":true,"href":"https:\/\/hosekra.com\/modular\/wp-json\/wp\/v2\/pages\/12"}],"wp:attachment":[{"href":"https:\/\/hosekra.com\/modular\/wp-json\/wp\/v2\/media?parent=802"}],"curies":[{"name":"wp","href":"https:\/\/api.w.org\/{rel}","templated":true}]}}