{"id":804,"date":"2026-01-12T21:20:24","date_gmt":"2026-01-12T20:20:24","guid":{"rendered":"https:\/\/hosekra.com\/modular\/?page_id=804"},"modified":"2026-01-12T21:25:19","modified_gmt":"2026-01-12T20:25:19","slug":"soba-pulse","status":"publish","type":"page","link":"https:\/\/hosekra.com\/modular\/modeli\/soba-pulse\/","title":{"rendered":"Soba Pulse"},"content":{"rendered":"<p class=\"lead text-uppercase\">Sodobno zasnovan prostor, ki zdru\u017euje funkcionalnost, estetiko in mladostno energijo.<\/p>\n<p>Hosekra Modular mladinska soba PULSE je zasnovana kot sodoben, funkcionalen in estetsko uravnote\u017een prostor za odra\u0161\u010danje, u\u010denje in po\u010ditek. Nevtralna barvna osnova ustvarja mirno okolje, ki ga po\u017eivi poudarjena stena z lesnim panelom v tirolsko modrem odtenku. Isti panel se ponovi tudi v delu s pisalno mizo in prostoru doda vizualno povezanost ter zna\u010daj.<\/p>\n<div class=\"play-container\"><img loading=\"lazy\" decoding=\"async\" src=\"https:\/\/hosekra.com\/modular\/wp-content\/uploads\/sites\/18\/PULSE_MLADINSKA_SOBA-1024x469.jpg\" alt=\"PULSE MLADINSKA SOBA\" width=\"1024\" height=\"469\" class=\"alignnone size-large wp-image-741\" srcset=\"https:\/\/hosekra.com\/modular\/wp-content\/uploads\/sites\/18\/PULSE_MLADINSKA_SOBA-1024x469.jpg 1024w, https:\/\/hosekra.com\/modular\/wp-content\/uploads\/sites\/18\/PULSE_MLADINSKA_SOBA-548x251.jpg 548w, https:\/\/hosekra.com\/modular\/wp-content\/uploads\/sites\/18\/PULSE_MLADINSKA_SOBA-768x352.jpg 768w, https:\/\/hosekra.com\/modular\/wp-content\/uploads\/sites\/18\/PULSE_MLADINSKA_SOBA.jpg 1156w\" sizes=\"auto, (max-width: 1024px) 100vw, 1024px\" \/><a class=\"btn-play btn-play-image\" title=\"Mladinska soba Pulse\" href=\"https:\/\/www.youtube.com\/watch?v=dNx5l_VpAoY\">Oglejte si video<\/a><\/div>\n<div class=\"wrapper-general\">\n<a href=\"https:\/\/hosekra.com\/modular\/wp-content\/uploads\/sites\/18\/soba_PULSE.pdf\">Katalog mladinska soba Pulse (.pdf)<\/a>\n<\/div>\n<p>Mladinska soba PULSE zdru\u017euje estetiko, prakti\u010dnost in mladostno energijo \u2013 prostor, ki raste skupaj s svojim uporabnikom.<\/p>\n<h2>Prostorska zasnova<\/h2>\n<div class=\"row\"><div class=\"col-sm-6\">\n<h3 class=\"subtitle\">Tloris<\/h3>\n<p><a href=\"https:\/\/hosekra.com\/modular\/wp-content\/uploads\/sites\/18\/TLORIS-PULSE-MLADINSKA-SOBA-3.jpg\" data-rel=\"lightbox-image-0\" data-rl_title=\"PULSE MLADINSKA SOBA TLORIS\" data-rl_caption=\"\" title=\"PULSE MLADINSKA SOBA TLORIS\"><img loading=\"lazy\" decoding=\"async\" src=\"https:\/\/hosekra.com\/modular\/wp-content\/uploads\/sites\/18\/TLORIS-PULSE-MLADINSKA-SOBA-3-1024x576.jpg\" alt=\"PULSE MLADINSKA SOBA TLORIS\" width=\"1024\" height=\"576\" class=\"alignnone size-large wp-image-745\" srcset=\"https:\/\/hosekra.com\/modular\/wp-content\/uploads\/sites\/18\/TLORIS-PULSE-MLADINSKA-SOBA-3-1024x576.jpg 1024w, https:\/\/hosekra.com\/modular\/wp-content\/uploads\/sites\/18\/TLORIS-PULSE-MLADINSKA-SOBA-3-548x308.jpg 548w, https:\/\/hosekra.com\/modular\/wp-content\/uploads\/sites\/18\/TLORIS-PULSE-MLADINSKA-SOBA-3-768x432.jpg 768w, https:\/\/hosekra.com\/modular\/wp-content\/uploads\/sites\/18\/TLORIS-PULSE-MLADINSKA-SOBA-3-1536x864.jpg 1536w, https:\/\/hosekra.com\/modular\/wp-content\/uploads\/sites\/18\/TLORIS-PULSE-MLADINSKA-SOBA-3.jpg 1600w\" sizes=\"auto, (max-width: 1024px) 100vw, 1024px\" \/><\/a><br \/>\n<\/div><div class=\"col-sm-6\"><\/p>\n<h3 class=\"subtitle\">Stranski Pogled<\/h3>\n<p><a href=\"https:\/\/hosekra.com\/modular\/wp-content\/uploads\/sites\/18\/3D-PULSE-MLADINSKA-SOBA-1.jpg\" data-rel=\"lightbox-image-1\" data-rl_title=\"PULSE MLADINSKA SOBA 3D\" data-rl_caption=\"\" title=\"PULSE MLADINSKA SOBA 3D\"><img loading=\"lazy\" decoding=\"async\" src=\"https:\/\/hosekra.com\/modular\/wp-content\/uploads\/sites\/18\/3D-PULSE-MLADINSKA-SOBA-1-1024x576.jpg\" alt=\"PULSE MLADINSKA SOBA 3D\" width=\"1024\" height=\"576\" class=\"alignnone size-large wp-image-744\" srcset=\"https:\/\/hosekra.com\/modular\/wp-content\/uploads\/sites\/18\/3D-PULSE-MLADINSKA-SOBA-1-1024x576.jpg 1024w, https:\/\/hosekra.com\/modular\/wp-content\/uploads\/sites\/18\/3D-PULSE-MLADINSKA-SOBA-1-548x308.jpg 548w, https:\/\/hosekra.com\/modular\/wp-content\/uploads\/sites\/18\/3D-PULSE-MLADINSKA-SOBA-1-768x432.jpg 768w, https:\/\/hosekra.com\/modular\/wp-content\/uploads\/sites\/18\/3D-PULSE-MLADINSKA-SOBA-1-1536x864.jpg 1536w, https:\/\/hosekra.com\/modular\/wp-content\/uploads\/sites\/18\/3D-PULSE-MLADINSKA-SOBA-1.jpg 1600w\" sizes=\"auto, (max-width: 1024px) 100vw, 1024px\" \/><\/a><br \/>\n<\/div><\/div><\/p>\n<h2>Galerija<\/h2>\nngg_shortcode_0_placeholder\n","protected":false},"excerpt":{"rendered":"<p>Sodobno zasnovan prostor, ki zdru\u017euje funkcionalnost, estetiko in mladostno energijo. Hosekra Modular mladinska soba PULSE je zasnovana kot sodoben, funkcionalen in estetsko uravnote\u017een prostor za odra\u0161\u010danje, u\u010denje in po\u010ditek. Nevtralna barvna osnova ustvarja mirno okolje, ki ga po\u017eivi poudarjena stena z lesnim panelom v tirolsko modrem odtenku. Isti panel se ponovi tudi v delu s [&hellip;]<\/p>\n","protected":false},"author":1,"featured_media":0,"parent":12,"menu_order":51,"comment_status":"closed","ping_status":"closed","template":"produkti.php","meta":{"ngg_post_thumbnail":0,"footnotes":""},"class_list":["post-804","page","type-page","status-publish","hentry"],"yoast_head":"<!-- This site is optimized with the Yoast SEO plugin v27.4 - https:\/\/yoast.com\/product\/yoast-seo-wordpress\/ -->\n<title>Soba Pulse - Hosekra Modular<\/title>\n<meta name=\"robots\" content=\"index, follow, max-snippet:-1, max-image-preview:large, max-video-preview:-1\" \/>\n<link rel=\"canonical\" href=\"https:\/\/hosekra.com\/modular\/modeli\/soba-pulse\/\" \/>\n<meta property=\"og:locale\" content=\"sl_SI\" \/>\n<meta property=\"og:type\" content=\"article\" \/>\n<meta property=\"og:title\" content=\"Soba Pulse - Hosekra Modular\" \/>\n<meta property=\"og:description\" content=\"Sodobno zasnovan prostor, ki zdru\u017euje funkcionalnost, estetiko in mladostno energijo. Hosekra Modular mladinska soba PULSE je zasnovana kot sodoben, funkcionalen in estetsko uravnote\u017een prostor za odra\u0161\u010danje, u\u010denje in po\u010ditek. Nevtralna barvna osnova ustvarja mirno okolje, ki ga po\u017eivi poudarjena stena z lesnim panelom v tirolsko modrem odtenku. Isti panel se ponovi tudi v delu s [&hellip;]\" \/>\n<meta property=\"og:url\" content=\"https:\/\/hosekra.com\/modular\/modeli\/soba-pulse\/\" \/>\n<meta property=\"og:site_name\" content=\"Hosekra Modular\" \/>\n<meta property=\"article:modified_time\" content=\"2026-01-12T20:25:19+00:00\" \/>\n<meta property=\"og:image\" content=\"https:\/\/hosekra.com\/modular\/wp-content\/uploads\/sites\/18\/PULSE_MLADINSKA_SOBA.jpg\" \/>\n\t<meta property=\"og:image:width\" content=\"1156\" \/>\n\t<meta property=\"og:image:height\" content=\"530\" \/>\n\t<meta property=\"og:image:type\" content=\"image\/jpeg\" \/>\n<meta name=\"twitter:card\" content=\"summary_large_image\" \/>\n<meta name=\"twitter:label1\" content=\"Est. reading time\" \/>\n\t<meta name=\"twitter:data1\" content=\"2 minuti\" \/>\n<script type=\"application\/ld+json\" class=\"yoast-schema-graph\">{\"@context\":\"https:\\\/\\\/schema.org\",\"@graph\":[{\"@type\":\"WebPage\",\"@id\":\"https:\\\/\\\/hosekra.com\\\/modular\\\/modeli\\\/soba-pulse\\\/\",\"url\":\"https:\\\/\\\/hosekra.com\\\/modular\\\/modeli\\\/soba-pulse\\\/\",\"name\":\"Soba Pulse - Hosekra Modular\",\"isPartOf\":{\"@id\":\"https:\\\/\\\/hosekra.com\\\/modular\\\/#website\"},\"primaryImageOfPage\":{\"@id\":\"https:\\\/\\\/hosekra.com\\\/modular\\\/modeli\\\/soba-pulse\\\/#primaryimage\"},\"image\":{\"@id\":\"https:\\\/\\\/hosekra.com\\\/modular\\\/modeli\\\/soba-pulse\\\/#primaryimage\"},\"thumbnailUrl\":\"https:\\\/\\\/hosekra.com\\\/modular\\\/wp-content\\\/uploads\\\/sites\\\/18\\\/PULSE_MLADINSKA_SOBA-1024x469.jpg\",\"datePublished\":\"2026-01-12T20:20:24+00:00\",\"dateModified\":\"2026-01-12T20:25:19+00:00\",\"breadcrumb\":{\"@id\":\"https:\\\/\\\/hosekra.com\\\/modular\\\/modeli\\\/soba-pulse\\\/#breadcrumb\"},\"inLanguage\":\"sl-SI\",\"potentialAction\":[{\"@type\":\"ReadAction\",\"target\":[\"https:\\\/\\\/hosekra.com\\\/modular\\\/modeli\\\/soba-pulse\\\/\"]}]},{\"@type\":\"ImageObject\",\"inLanguage\":\"sl-SI\",\"@id\":\"https:\\\/\\\/hosekra.com\\\/modular\\\/modeli\\\/soba-pulse\\\/#primaryimage\",\"url\":\"https:\\\/\\\/hosekra.com\\\/modular\\\/wp-content\\\/uploads\\\/sites\\\/18\\\/PULSE_MLADINSKA_SOBA.jpg\",\"contentUrl\":\"https:\\\/\\\/hosekra.com\\\/modular\\\/wp-content\\\/uploads\\\/sites\\\/18\\\/PULSE_MLADINSKA_SOBA.jpg\",\"width\":1156,\"height\":530,\"caption\":\"PULSE MLADINSKA SOBA\"},{\"@type\":\"BreadcrumbList\",\"@id\":\"https:\\\/\\\/hosekra.com\\\/modular\\\/modeli\\\/soba-pulse\\\/#breadcrumb\",\"itemListElement\":[{\"@type\":\"ListItem\",\"position\":1,\"name\":\"Home\",\"item\":\"https:\\\/\\\/hosekra.com\\\/modular\\\/\"},{\"@type\":\"ListItem\",\"position\":2,\"name\":\"Modeli\",\"item\":\"https:\\\/\\\/hosekra.com\\\/modular\\\/modeli\\\/\"},{\"@type\":\"ListItem\",\"position\":3,\"name\":\"Soba Pulse\"}]},{\"@type\":\"WebSite\",\"@id\":\"https:\\\/\\\/hosekra.com\\\/modular\\\/#website\",\"url\":\"https:\\\/\\\/hosekra.com\\\/modular\\\/\",\"name\":\"Hosekra Modular\",\"description\":\"Prihodnost Bivanja\",\"potentialAction\":[{\"@type\":\"SearchAction\",\"target\":{\"@type\":\"EntryPoint\",\"urlTemplate\":\"https:\\\/\\\/hosekra.com\\\/modular\\\/?s={search_term_string}\"},\"query-input\":{\"@type\":\"PropertyValueSpecification\",\"valueRequired\":true,\"valueName\":\"search_term_string\"}}],\"inLanguage\":\"sl-SI\"}]}<\/script>\n<!-- \/ Yoast SEO plugin. -->","yoast_head_json":{"title":"Soba Pulse - Hosekra Modular","robots":{"index":"index","follow":"follow","max-snippet":"max-snippet:-1","max-image-preview":"max-image-preview:large","max-video-preview":"max-video-preview:-1"},"canonical":"https:\/\/hosekra.com\/modular\/modeli\/soba-pulse\/","og_locale":"sl_SI","og_type":"article","og_title":"Soba Pulse - Hosekra Modular","og_description":"Sodobno zasnovan prostor, ki zdru\u017euje funkcionalnost, estetiko in mladostno energijo. Hosekra Modular mladinska soba PULSE je zasnovana kot sodoben, funkcionalen in estetsko uravnote\u017een prostor za odra\u0161\u010danje, u\u010denje in po\u010ditek. Nevtralna barvna osnova ustvarja mirno okolje, ki ga po\u017eivi poudarjena stena z lesnim panelom v tirolsko modrem odtenku. Isti panel se ponovi tudi v delu s [&hellip;]","og_url":"https:\/\/hosekra.com\/modular\/modeli\/soba-pulse\/","og_site_name":"Hosekra Modular","article_modified_time":"2026-01-12T20:25:19+00:00","og_image":[{"width":1156,"height":530,"url":"https:\/\/hosekra.com\/modular\/wp-content\/uploads\/sites\/18\/PULSE_MLADINSKA_SOBA.jpg","type":"image\/jpeg"}],"twitter_card":"summary_large_image","twitter_misc":{"Est. reading time":"2 minuti"},"schema":{"@context":"https:\/\/schema.org","@graph":[{"@type":"WebPage","@id":"https:\/\/hosekra.com\/modular\/modeli\/soba-pulse\/","url":"https:\/\/hosekra.com\/modular\/modeli\/soba-pulse\/","name":"Soba Pulse - Hosekra Modular","isPartOf":{"@id":"https:\/\/hosekra.com\/modular\/#website"},"primaryImageOfPage":{"@id":"https:\/\/hosekra.com\/modular\/modeli\/soba-pulse\/#primaryimage"},"image":{"@id":"https:\/\/hosekra.com\/modular\/modeli\/soba-pulse\/#primaryimage"},"thumbnailUrl":"https:\/\/hosekra.com\/modular\/wp-content\/uploads\/sites\/18\/PULSE_MLADINSKA_SOBA-1024x469.jpg","datePublished":"2026-01-12T20:20:24+00:00","dateModified":"2026-01-12T20:25:19+00:00","breadcrumb":{"@id":"https:\/\/hosekra.com\/modular\/modeli\/soba-pulse\/#breadcrumb"},"inLanguage":"sl-SI","potentialAction":[{"@type":"ReadAction","target":["https:\/\/hosekra.com\/modular\/modeli\/soba-pulse\/"]}]},{"@type":"ImageObject","inLanguage":"sl-SI","@id":"https:\/\/hosekra.com\/modular\/modeli\/soba-pulse\/#primaryimage","url":"https:\/\/hosekra.com\/modular\/wp-content\/uploads\/sites\/18\/PULSE_MLADINSKA_SOBA.jpg","contentUrl":"https:\/\/hosekra.com\/modular\/wp-content\/uploads\/sites\/18\/PULSE_MLADINSKA_SOBA.jpg","width":1156,"height":530,"caption":"PULSE MLADINSKA SOBA"},{"@type":"BreadcrumbList","@id":"https:\/\/hosekra.com\/modular\/modeli\/soba-pulse\/#breadcrumb","itemListElement":[{"@type":"ListItem","position":1,"name":"Home","item":"https:\/\/hosekra.com\/modular\/"},{"@type":"ListItem","position":2,"name":"Modeli","item":"https:\/\/hosekra.com\/modular\/modeli\/"},{"@type":"ListItem","position":3,"name":"Soba Pulse"}]},{"@type":"WebSite","@id":"https:\/\/hosekra.com\/modular\/#website","url":"https:\/\/hosekra.com\/modular\/","name":"Hosekra Modular","description":"Prihodnost Bivanja","potentialAction":[{"@type":"SearchAction","target":{"@type":"EntryPoint","urlTemplate":"https:\/\/hosekra.com\/modular\/?s={search_term_string}"},"query-input":{"@type":"PropertyValueSpecification","valueRequired":true,"valueName":"search_term_string"}}],"inLanguage":"sl-SI"}]}},"_links":{"self":[{"href":"https:\/\/hosekra.com\/modular\/wp-json\/wp\/v2\/pages\/804","targetHints":{"allow":["GET"]}}],"collection":[{"href":"https:\/\/hosekra.com\/modular\/wp-json\/wp\/v2\/pages"}],"about":[{"href":"https:\/\/hosekra.com\/modular\/wp-json\/wp\/v2\/types\/page"}],"author":[{"embeddable":true,"href":"https:\/\/hosekra.com\/modular\/wp-json\/wp\/v2\/users\/1"}],"replies":[{"embeddable":true,"href":"https:\/\/hosekra.com\/modular\/wp-json\/wp\/v2\/comments?post=804"}],"version-history":[{"count":4,"href":"https:\/\/hosekra.com\/modular\/wp-json\/wp\/v2\/pages\/804\/revisions"}],"predecessor-version":[{"id":811,"href":"https:\/\/hosekra.com\/modular\/wp-json\/wp\/v2\/pages\/804\/revisions\/811"}],"up":[{"embeddable":true,"href":"https:\/\/hosekra.com\/modular\/wp-json\/wp\/v2\/pages\/12"}],"wp:attachment":[{"href":"https:\/\/hosekra.com\/modular\/wp-json\/wp\/v2\/media?parent=804"}],"curies":[{"name":"wp","href":"https:\/\/api.w.org\/{rel}","templated":true}]}}