{"id":827,"date":"2026-01-21T21:12:33","date_gmt":"2026-01-21T20:12:33","guid":{"rendered":"https:\/\/hosekra.com\/modular\/?page_id=827"},"modified":"2026-01-21T21:21:40","modified_gmt":"2026-01-21T20:21:40","slug":"knjiznica-forum","status":"publish","type":"page","link":"https:\/\/hosekra.com\/modular\/modeli\/knjiznica-forum\/","title":{"rendered":"Knji\u017enica Forum"},"content":{"rendered":"<p class=\"lead text-uppercase\">Ve\u010d kot prostor za knjige \u2013 je prostor za ideje, umirjenost in sre\u010danja.<\/p>\n<p>Sodobno zasnovana modularna knji\u017enica, ustvarjena kot prostor miru, znanja in prijetnega dru\u017eenja. S svojo vi\u0161ino, kar 4 metre deluje odprto, zra\u010dno in presti\u017eno, hkrati pa ohranja toplino doma\u010dega ambienta. Nevtralne, svetle stene ustvarjajo brez\u010dasno osnovo, ki omogo\u010da, da v ospredje stopijo naravni materiali in premi\u0161ljena razporeditev opreme.<\/p>\n<div class=\"play-container\"><img loading=\"lazy\" decoding=\"async\" src=\"https:\/\/hosekra.com\/modular\/wp-content\/uploads\/sites\/18\/Knjiznica_Forum-1024x469.jpg\" alt=\"KNJI\u017dNICA FORUM\" width=\"1024\" height=\"469\" class=\"alignnone size-large wp-image-822\" srcset=\"https:\/\/hosekra.com\/modular\/wp-content\/uploads\/sites\/18\/Knjiznica_Forum-1024x469.jpg 1024w, https:\/\/hosekra.com\/modular\/wp-content\/uploads\/sites\/18\/Knjiznica_Forum-548x251.jpg 548w, https:\/\/hosekra.com\/modular\/wp-content\/uploads\/sites\/18\/Knjiznica_Forum-768x352.jpg 768w, https:\/\/hosekra.com\/modular\/wp-content\/uploads\/sites\/18\/Knjiznica_Forum.jpg 1156w\" sizes=\"auto, (max-width: 1024px) 100vw, 1024px\" \/><a class=\"btn-play btn-play-image\" title=\"Knji\u017enica Forum\" href=\"https:\/\/www.youtube.com\/watch?v=QLrWmeZeEJ0\">Oglejte si video<\/a><\/div>\n<div class=\"wrapper-general\">\n<a href=\"https:\/\/hosekra.com\/modular\/wp-content\/uploads\/sites\/18\/katalog_knjiznica_FORUM.pdf\">Katalog knji\u017enica Forum (.pdf)<\/a>\n<\/div>\n<p>V prostoru se nahaja ve\u010d knji\u017enih polic v lesu, ki knji\u017enici dajejo ob\u010dutek strukture in zna\u010daja, obenem pa ponujajo veliko prostora za knjige in dekorativne elemente. Osrednji del dopolnjuje sede\u017ena garnitura ter ve\u010d udobnih naslanja\u010dev, ki ustvarjajo razli\u010dne koti\u010dke za branje, sprostitev ali pogovor.<\/p>\n<h2>Prostorska zasnova<\/h2>\n<div class=\"row\"><div class=\"col-sm-6\">\n<h3 class=\"subtitle\">Tloris<\/h3>\n<p><a href=\"https:\/\/hosekra.com\/modular\/wp-content\/uploads\/sites\/18\/1-KNJIZNICA-TLORIS.jpg\" data-rel=\"lightbox-image-0\" data-rl_title=\"KNJI\u017dNICA TLORIS\" data-rl_caption=\"\" title=\"KNJI\u017dNICA TLORIS\"><img loading=\"lazy\" decoding=\"async\" src=\"https:\/\/hosekra.com\/modular\/wp-content\/uploads\/sites\/18\/1-KNJIZNICA-TLORIS-1024x576.jpg\" alt=\"KNJI\u017dNICA TLORIS\" width=\"1024\" height=\"576\" class=\"alignnone size-large wp-image-825\" srcset=\"https:\/\/hosekra.com\/modular\/wp-content\/uploads\/sites\/18\/1-KNJIZNICA-TLORIS-1024x576.jpg 1024w, https:\/\/hosekra.com\/modular\/wp-content\/uploads\/sites\/18\/1-KNJIZNICA-TLORIS-548x308.jpg 548w, https:\/\/hosekra.com\/modular\/wp-content\/uploads\/sites\/18\/1-KNJIZNICA-TLORIS-768x432.jpg 768w, https:\/\/hosekra.com\/modular\/wp-content\/uploads\/sites\/18\/1-KNJIZNICA-TLORIS-1536x864.jpg 1536w, https:\/\/hosekra.com\/modular\/wp-content\/uploads\/sites\/18\/1-KNJIZNICA-TLORIS.jpg 1600w\" sizes=\"auto, (max-width: 1024px) 100vw, 1024px\" \/><\/a><br \/>\n<\/div><div class=\"col-sm-6\"><\/p>\n<h3 class=\"subtitle\">Stranski Pogled<\/h3>\n<p><a href=\"https:\/\/hosekra.com\/modular\/wp-content\/uploads\/sites\/18\/KNJIZNICA-3D-POGLED-2.jpg\" data-rel=\"lightbox-image-1\" data-rl_title=\"KNJI\u017dNICA 3D\" data-rl_caption=\"\" title=\"KNJI\u017dNICA 3D\"><img loading=\"lazy\" decoding=\"async\" src=\"https:\/\/hosekra.com\/modular\/wp-content\/uploads\/sites\/18\/KNJIZNICA-3D-POGLED-2-1024x576.jpg\" alt=\"KNJI\u017dNICA 3D\" width=\"1024\" height=\"576\" class=\"alignnone size-large wp-image-826\" srcset=\"https:\/\/hosekra.com\/modular\/wp-content\/uploads\/sites\/18\/KNJIZNICA-3D-POGLED-2-1024x576.jpg 1024w, https:\/\/hosekra.com\/modular\/wp-content\/uploads\/sites\/18\/KNJIZNICA-3D-POGLED-2-548x308.jpg 548w, https:\/\/hosekra.com\/modular\/wp-content\/uploads\/sites\/18\/KNJIZNICA-3D-POGLED-2-768x432.jpg 768w, https:\/\/hosekra.com\/modular\/wp-content\/uploads\/sites\/18\/KNJIZNICA-3D-POGLED-2-1536x864.jpg 1536w, https:\/\/hosekra.com\/modular\/wp-content\/uploads\/sites\/18\/KNJIZNICA-3D-POGLED-2.jpg 1600w\" sizes=\"auto, (max-width: 1024px) 100vw, 1024px\" \/><\/a><br \/>\n<\/div><\/div><\/p>\n<h2>Galerija<\/h2>\nngg_shortcode_0_placeholder\n","protected":false},"excerpt":{"rendered":"<p>Ve\u010d kot prostor za knjige \u2013 je prostor za ideje, umirjenost in sre\u010danja. Sodobno zasnovana modularna knji\u017enica, ustvarjena kot prostor miru, znanja in prijetnega dru\u017eenja. S svojo vi\u0161ino, kar 4 metre deluje odprto, zra\u010dno in presti\u017eno, hkrati pa ohranja toplino doma\u010dega ambienta. Nevtralne, svetle stene ustvarjajo brez\u010dasno osnovo, ki omogo\u010da, da v ospredje stopijo naravni [&hellip;]<\/p>\n","protected":false},"author":1,"featured_media":0,"parent":12,"menu_order":60,"comment_status":"closed","ping_status":"closed","template":"produkti.php","meta":{"ngg_post_thumbnail":0,"footnotes":""},"class_list":["post-827","page","type-page","status-publish","hentry"],"yoast_head":"<!-- This site is optimized with the Yoast SEO plugin v27.4 - https:\/\/yoast.com\/product\/yoast-seo-wordpress\/ -->\n<title>Knji\u017enica Forum - Hosekra Modular<\/title>\n<meta name=\"robots\" content=\"index, follow, max-snippet:-1, max-image-preview:large, max-video-preview:-1\" \/>\n<link rel=\"canonical\" href=\"https:\/\/hosekra.com\/modular\/modeli\/knjiznica-forum\/\" \/>\n<meta property=\"og:locale\" content=\"sl_SI\" \/>\n<meta property=\"og:type\" content=\"article\" \/>\n<meta property=\"og:title\" content=\"Knji\u017enica Forum - Hosekra Modular\" \/>\n<meta property=\"og:description\" content=\"Ve\u010d kot prostor za knjige \u2013 je prostor za ideje, umirjenost in sre\u010danja. Sodobno zasnovana modularna knji\u017enica, ustvarjena kot prostor miru, znanja in prijetnega dru\u017eenja. S svojo vi\u0161ino, kar 4 metre deluje odprto, zra\u010dno in presti\u017eno, hkrati pa ohranja toplino doma\u010dega ambienta. Nevtralne, svetle stene ustvarjajo brez\u010dasno osnovo, ki omogo\u010da, da v ospredje stopijo naravni [&hellip;]\" \/>\n<meta property=\"og:url\" content=\"https:\/\/hosekra.com\/modular\/modeli\/knjiznica-forum\/\" \/>\n<meta property=\"og:site_name\" content=\"Hosekra Modular\" \/>\n<meta property=\"article:modified_time\" content=\"2026-01-21T20:21:40+00:00\" \/>\n<meta property=\"og:image\" content=\"https:\/\/hosekra.com\/modular\/wp-content\/uploads\/sites\/18\/Knjiznica_Forum.jpg\" \/>\n\t<meta property=\"og:image:width\" content=\"1156\" \/>\n\t<meta property=\"og:image:height\" content=\"530\" \/>\n\t<meta property=\"og:image:type\" content=\"image\/jpeg\" \/>\n<meta name=\"twitter:card\" content=\"summary_large_image\" \/>\n<meta name=\"twitter:label1\" content=\"Est. reading time\" \/>\n\t<meta name=\"twitter:data1\" content=\"2 minuti\" \/>\n<script type=\"application\/ld+json\" class=\"yoast-schema-graph\">{\"@context\":\"https:\\\/\\\/schema.org\",\"@graph\":[{\"@type\":\"WebPage\",\"@id\":\"https:\\\/\\\/hosekra.com\\\/modular\\\/modeli\\\/knjiznica-forum\\\/\",\"url\":\"https:\\\/\\\/hosekra.com\\\/modular\\\/modeli\\\/knjiznica-forum\\\/\",\"name\":\"Knji\u017enica Forum - Hosekra Modular\",\"isPartOf\":{\"@id\":\"https:\\\/\\\/hosekra.com\\\/modular\\\/#website\"},\"primaryImageOfPage\":{\"@id\":\"https:\\\/\\\/hosekra.com\\\/modular\\\/modeli\\\/knjiznica-forum\\\/#primaryimage\"},\"image\":{\"@id\":\"https:\\\/\\\/hosekra.com\\\/modular\\\/modeli\\\/knjiznica-forum\\\/#primaryimage\"},\"thumbnailUrl\":\"https:\\\/\\\/hosekra.com\\\/modular\\\/wp-content\\\/uploads\\\/sites\\\/18\\\/Knjiznica_Forum-1024x469.jpg\",\"datePublished\":\"2026-01-21T20:12:33+00:00\",\"dateModified\":\"2026-01-21T20:21:40+00:00\",\"breadcrumb\":{\"@id\":\"https:\\\/\\\/hosekra.com\\\/modular\\\/modeli\\\/knjiznica-forum\\\/#breadcrumb\"},\"inLanguage\":\"sl-SI\",\"potentialAction\":[{\"@type\":\"ReadAction\",\"target\":[\"https:\\\/\\\/hosekra.com\\\/modular\\\/modeli\\\/knjiznica-forum\\\/\"]}]},{\"@type\":\"ImageObject\",\"inLanguage\":\"sl-SI\",\"@id\":\"https:\\\/\\\/hosekra.com\\\/modular\\\/modeli\\\/knjiznica-forum\\\/#primaryimage\",\"url\":\"https:\\\/\\\/hosekra.com\\\/modular\\\/wp-content\\\/uploads\\\/sites\\\/18\\\/Knjiznica_Forum.jpg\",\"contentUrl\":\"https:\\\/\\\/hosekra.com\\\/modular\\\/wp-content\\\/uploads\\\/sites\\\/18\\\/Knjiznica_Forum.jpg\",\"width\":1156,\"height\":530,\"caption\":\"KNJI\u017dNICA FORUM\"},{\"@type\":\"BreadcrumbList\",\"@id\":\"https:\\\/\\\/hosekra.com\\\/modular\\\/modeli\\\/knjiznica-forum\\\/#breadcrumb\",\"itemListElement\":[{\"@type\":\"ListItem\",\"position\":1,\"name\":\"Home\",\"item\":\"https:\\\/\\\/hosekra.com\\\/modular\\\/\"},{\"@type\":\"ListItem\",\"position\":2,\"name\":\"Modeli\",\"item\":\"https:\\\/\\\/hosekra.com\\\/modular\\\/modeli\\\/\"},{\"@type\":\"ListItem\",\"position\":3,\"name\":\"Knji\u017enica Forum\"}]},{\"@type\":\"WebSite\",\"@id\":\"https:\\\/\\\/hosekra.com\\\/modular\\\/#website\",\"url\":\"https:\\\/\\\/hosekra.com\\\/modular\\\/\",\"name\":\"Hosekra Modular\",\"description\":\"Prihodnost Bivanja\",\"potentialAction\":[{\"@type\":\"SearchAction\",\"target\":{\"@type\":\"EntryPoint\",\"urlTemplate\":\"https:\\\/\\\/hosekra.com\\\/modular\\\/?s={search_term_string}\"},\"query-input\":{\"@type\":\"PropertyValueSpecification\",\"valueRequired\":true,\"valueName\":\"search_term_string\"}}],\"inLanguage\":\"sl-SI\"}]}<\/script>\n<!-- \/ Yoast SEO plugin. -->","yoast_head_json":{"title":"Knji\u017enica Forum - Hosekra Modular","robots":{"index":"index","follow":"follow","max-snippet":"max-snippet:-1","max-image-preview":"max-image-preview:large","max-video-preview":"max-video-preview:-1"},"canonical":"https:\/\/hosekra.com\/modular\/modeli\/knjiznica-forum\/","og_locale":"sl_SI","og_type":"article","og_title":"Knji\u017enica Forum - Hosekra Modular","og_description":"Ve\u010d kot prostor za knjige \u2013 je prostor za ideje, umirjenost in sre\u010danja. Sodobno zasnovana modularna knji\u017enica, ustvarjena kot prostor miru, znanja in prijetnega dru\u017eenja. S svojo vi\u0161ino, kar 4 metre deluje odprto, zra\u010dno in presti\u017eno, hkrati pa ohranja toplino doma\u010dega ambienta. Nevtralne, svetle stene ustvarjajo brez\u010dasno osnovo, ki omogo\u010da, da v ospredje stopijo naravni [&hellip;]","og_url":"https:\/\/hosekra.com\/modular\/modeli\/knjiznica-forum\/","og_site_name":"Hosekra Modular","article_modified_time":"2026-01-21T20:21:40+00:00","og_image":[{"width":1156,"height":530,"url":"https:\/\/hosekra.com\/modular\/wp-content\/uploads\/sites\/18\/Knjiznica_Forum.jpg","type":"image\/jpeg"}],"twitter_card":"summary_large_image","twitter_misc":{"Est. reading time":"2 minuti"},"schema":{"@context":"https:\/\/schema.org","@graph":[{"@type":"WebPage","@id":"https:\/\/hosekra.com\/modular\/modeli\/knjiznica-forum\/","url":"https:\/\/hosekra.com\/modular\/modeli\/knjiznica-forum\/","name":"Knji\u017enica Forum - Hosekra Modular","isPartOf":{"@id":"https:\/\/hosekra.com\/modular\/#website"},"primaryImageOfPage":{"@id":"https:\/\/hosekra.com\/modular\/modeli\/knjiznica-forum\/#primaryimage"},"image":{"@id":"https:\/\/hosekra.com\/modular\/modeli\/knjiznica-forum\/#primaryimage"},"thumbnailUrl":"https:\/\/hosekra.com\/modular\/wp-content\/uploads\/sites\/18\/Knjiznica_Forum-1024x469.jpg","datePublished":"2026-01-21T20:12:33+00:00","dateModified":"2026-01-21T20:21:40+00:00","breadcrumb":{"@id":"https:\/\/hosekra.com\/modular\/modeli\/knjiznica-forum\/#breadcrumb"},"inLanguage":"sl-SI","potentialAction":[{"@type":"ReadAction","target":["https:\/\/hosekra.com\/modular\/modeli\/knjiznica-forum\/"]}]},{"@type":"ImageObject","inLanguage":"sl-SI","@id":"https:\/\/hosekra.com\/modular\/modeli\/knjiznica-forum\/#primaryimage","url":"https:\/\/hosekra.com\/modular\/wp-content\/uploads\/sites\/18\/Knjiznica_Forum.jpg","contentUrl":"https:\/\/hosekra.com\/modular\/wp-content\/uploads\/sites\/18\/Knjiznica_Forum.jpg","width":1156,"height":530,"caption":"KNJI\u017dNICA FORUM"},{"@type":"BreadcrumbList","@id":"https:\/\/hosekra.com\/modular\/modeli\/knjiznica-forum\/#breadcrumb","itemListElement":[{"@type":"ListItem","position":1,"name":"Home","item":"https:\/\/hosekra.com\/modular\/"},{"@type":"ListItem","position":2,"name":"Modeli","item":"https:\/\/hosekra.com\/modular\/modeli\/"},{"@type":"ListItem","position":3,"name":"Knji\u017enica Forum"}]},{"@type":"WebSite","@id":"https:\/\/hosekra.com\/modular\/#website","url":"https:\/\/hosekra.com\/modular\/","name":"Hosekra Modular","description":"Prihodnost Bivanja","potentialAction":[{"@type":"SearchAction","target":{"@type":"EntryPoint","urlTemplate":"https:\/\/hosekra.com\/modular\/?s={search_term_string}"},"query-input":{"@type":"PropertyValueSpecification","valueRequired":true,"valueName":"search_term_string"}}],"inLanguage":"sl-SI"}]}},"_links":{"self":[{"href":"https:\/\/hosekra.com\/modular\/wp-json\/wp\/v2\/pages\/827","targetHints":{"allow":["GET"]}}],"collection":[{"href":"https:\/\/hosekra.com\/modular\/wp-json\/wp\/v2\/pages"}],"about":[{"href":"https:\/\/hosekra.com\/modular\/wp-json\/wp\/v2\/types\/page"}],"author":[{"embeddable":true,"href":"https:\/\/hosekra.com\/modular\/wp-json\/wp\/v2\/users\/1"}],"replies":[{"embeddable":true,"href":"https:\/\/hosekra.com\/modular\/wp-json\/wp\/v2\/comments?post=827"}],"version-history":[{"count":5,"href":"https:\/\/hosekra.com\/modular\/wp-json\/wp\/v2\/pages\/827\/revisions"}],"predecessor-version":[{"id":846,"href":"https:\/\/hosekra.com\/modular\/wp-json\/wp\/v2\/pages\/827\/revisions\/846"}],"up":[{"embeddable":true,"href":"https:\/\/hosekra.com\/modular\/wp-json\/wp\/v2\/pages\/12"}],"wp:attachment":[{"href":"https:\/\/hosekra.com\/modular\/wp-json\/wp\/v2\/media?parent=827"}],"curies":[{"name":"wp","href":"https:\/\/api.w.org\/{rel}","templated":true}]}}