{"id":917,"date":"2026-02-12T20:01:47","date_gmt":"2026-02-12T19:01:47","guid":{"rendered":"https:\/\/hosekra.com\/modular\/?page_id=917"},"modified":"2026-02-12T20:10:06","modified_gmt":"2026-02-12T19:10:06","slug":"soba-stardust","status":"publish","type":"page","link":"https:\/\/hosekra.com\/modular\/modeli\/soba-stardust\/","title":{"rendered":"Soba Stardust"},"content":{"rendered":"<p class=\"lead text-uppercase\">Soba, ki raste skupaj z otrokom.<\/p>\n<p>Hosekra Modular otro\u0161ka soba Stardust je zasnovana kot ne\u017een, pravlji\u010den prostor, kjer se igra, po\u010ditek in domi\u0161ljija zdru\u017eijo v varno in toplo okolje. Mehki pastelni odtenki, naravni materiali in skrbno izbrani dekorativni elementi ustvarjajo ob\u010dutek topline ter spodbujajo ustvarjalnost najmlaj\u0161ih.<\/p>\n<div class=\"play-container\"><img loading=\"lazy\" decoding=\"async\" src=\"https:\/\/hosekra.com\/modular\/wp-content\/uploads\/sites\/18\/Soba_STARDUST-1024x469.jpg\" alt=\"Soba STARDUST\" width=\"1024\" height=\"469\" class=\"alignnone size-large wp-image-862\" srcset=\"https:\/\/hosekra.com\/modular\/wp-content\/uploads\/sites\/18\/Soba_STARDUST-1024x469.jpg 1024w, https:\/\/hosekra.com\/modular\/wp-content\/uploads\/sites\/18\/Soba_STARDUST-548x251.jpg 548w, https:\/\/hosekra.com\/modular\/wp-content\/uploads\/sites\/18\/Soba_STARDUST-768x352.jpg 768w, https:\/\/hosekra.com\/modular\/wp-content\/uploads\/sites\/18\/Soba_STARDUST.jpg 1156w\" sizes=\"auto, (max-width: 1024px) 100vw, 1024px\" \/><a class=\"btn-play btn-play-image\" title=\"Soba Stardust\" href=\"https:\/\/www.youtube.com\/watch?v=Cg3DJnmgPOI\">Oglejte si video<\/a><\/div>\n<div class=\"wrapper-general\">\n<a href=\"https:\/\/hosekra.com\/modular\/wp-content\/uploads\/sites\/18\/soba_STARDUST.pdf\">Katalog Soba Stardust (.pdf)<\/a>\n<\/div>\n<p>Osrednji del sobe predstavlja postelja z baldahinom v ne\u017enem ro\u017enatem tonu, ki prostoru doda igrivost in ob\u010dutek zavetja. Svetlo pohi\u0161tvo, garderobna omara in nizki shranjevalni elementi omogo\u010dajo prakti\u010dno organizacijo ter prilagodljivost skozi razli\u010dna obdobja odra\u0161\u010danja.<\/p>\n<h2>Prostorska zasnova<\/h2>\n<div class=\"row\"><div class=\"col-sm-6\">\n<h3 class=\"subtitle\">Tloris<\/h3>\n<p><a href=\"https:\/\/hosekra.com\/modular\/wp-content\/uploads\/sites\/18\/STARDUST-TLORIS_.jpg\" data-rel=\"lightbox-image-0\" data-rl_title=\"STARDUST TLORIS\" data-rl_caption=\"\" title=\"STARDUST TLORIS\"><img loading=\"lazy\" decoding=\"async\" src=\"https:\/\/hosekra.com\/modular\/wp-content\/uploads\/sites\/18\/STARDUST-TLORIS_-1024x576.jpg\" alt=\"STARDUST TLORIS\" width=\"1024\" height=\"576\" class=\"alignnone size-large wp-image-865\" srcset=\"https:\/\/hosekra.com\/modular\/wp-content\/uploads\/sites\/18\/STARDUST-TLORIS_-1024x576.jpg 1024w, https:\/\/hosekra.com\/modular\/wp-content\/uploads\/sites\/18\/STARDUST-TLORIS_-548x308.jpg 548w, https:\/\/hosekra.com\/modular\/wp-content\/uploads\/sites\/18\/STARDUST-TLORIS_-768x432.jpg 768w, https:\/\/hosekra.com\/modular\/wp-content\/uploads\/sites\/18\/STARDUST-TLORIS_-1536x864.jpg 1536w, https:\/\/hosekra.com\/modular\/wp-content\/uploads\/sites\/18\/STARDUST-TLORIS_.jpg 1600w\" sizes=\"auto, (max-width: 1024px) 100vw, 1024px\" \/><\/a><br \/>\n<\/div><div class=\"col-sm-6\"><\/p>\n<h3 class=\"subtitle\">Stranski Pogled<\/h3>\n<p><a href=\"https:\/\/hosekra.com\/modular\/wp-content\/uploads\/sites\/18\/STARDUST-3D-POGLED_.jpg\" data-rel=\"lightbox-image-1\" data-rl_title=\"STARDUST 3D\" data-rl_caption=\"\" title=\"STARDUST 3D\"><img loading=\"lazy\" decoding=\"async\" src=\"https:\/\/hosekra.com\/modular\/wp-content\/uploads\/sites\/18\/STARDUST-3D-POGLED_-1024x576.jpg\" alt=\"STARDUST 3D\" width=\"1024\" height=\"576\" class=\"alignnone size-large wp-image-864\" srcset=\"https:\/\/hosekra.com\/modular\/wp-content\/uploads\/sites\/18\/STARDUST-3D-POGLED_-1024x576.jpg 1024w, https:\/\/hosekra.com\/modular\/wp-content\/uploads\/sites\/18\/STARDUST-3D-POGLED_-548x308.jpg 548w, https:\/\/hosekra.com\/modular\/wp-content\/uploads\/sites\/18\/STARDUST-3D-POGLED_-768x432.jpg 768w, https:\/\/hosekra.com\/modular\/wp-content\/uploads\/sites\/18\/STARDUST-3D-POGLED_-1536x864.jpg 1536w, https:\/\/hosekra.com\/modular\/wp-content\/uploads\/sites\/18\/STARDUST-3D-POGLED_.jpg 1600w\" sizes=\"auto, (max-width: 1024px) 100vw, 1024px\" \/><\/a><br \/>\n<\/div><\/div><\/p>\n<h2>Galerija<\/h2>\nngg_shortcode_0_placeholder\n","protected":false},"excerpt":{"rendered":"<p>Soba, ki raste skupaj z otrokom. Hosekra Modular otro\u0161ka soba Stardust je zasnovana kot ne\u017een, pravlji\u010den prostor, kjer se igra, po\u010ditek in domi\u0161ljija zdru\u017eijo v varno in toplo okolje. Mehki pastelni odtenki, naravni materiali in skrbno izbrani dekorativni elementi ustvarjajo ob\u010dutek topline ter spodbujajo ustvarjalnost najmlaj\u0161ih. Oglejte si video Katalog Soba Stardust (.pdf) Osrednji del [&hellip;]<\/p>\n","protected":false},"author":1,"featured_media":0,"parent":12,"menu_order":52,"comment_status":"closed","ping_status":"closed","template":"produkti.php","meta":{"ngg_post_thumbnail":0,"footnotes":""},"class_list":["post-917","page","type-page","status-publish","hentry"],"yoast_head":"<!-- This site is optimized with the Yoast SEO plugin v27.4 - https:\/\/yoast.com\/product\/yoast-seo-wordpress\/ -->\n<title>Soba Stardust - Hosekra Modular<\/title>\n<meta name=\"robots\" content=\"index, follow, max-snippet:-1, max-image-preview:large, max-video-preview:-1\" \/>\n<link rel=\"canonical\" href=\"https:\/\/hosekra.com\/modular\/modeli\/soba-stardust\/\" \/>\n<meta property=\"og:locale\" content=\"sl_SI\" \/>\n<meta property=\"og:type\" content=\"article\" \/>\n<meta property=\"og:title\" content=\"Soba Stardust - Hosekra Modular\" \/>\n<meta property=\"og:description\" content=\"Soba, ki raste skupaj z otrokom. Hosekra Modular otro\u0161ka soba Stardust je zasnovana kot ne\u017een, pravlji\u010den prostor, kjer se igra, po\u010ditek in domi\u0161ljija zdru\u017eijo v varno in toplo okolje. Mehki pastelni odtenki, naravni materiali in skrbno izbrani dekorativni elementi ustvarjajo ob\u010dutek topline ter spodbujajo ustvarjalnost najmlaj\u0161ih. Oglejte si video Katalog Soba Stardust (.pdf) Osrednji del [&hellip;]\" \/>\n<meta property=\"og:url\" content=\"https:\/\/hosekra.com\/modular\/modeli\/soba-stardust\/\" \/>\n<meta property=\"og:site_name\" content=\"Hosekra Modular\" \/>\n<meta property=\"article:modified_time\" content=\"2026-02-12T19:10:06+00:00\" \/>\n<meta property=\"og:image\" content=\"https:\/\/hosekra.com\/modular\/wp-content\/uploads\/sites\/18\/Soba_STARDUST.jpg\" \/>\n\t<meta property=\"og:image:width\" content=\"1156\" \/>\n\t<meta property=\"og:image:height\" content=\"530\" \/>\n\t<meta property=\"og:image:type\" content=\"image\/jpeg\" \/>\n<meta name=\"twitter:card\" content=\"summary_large_image\" \/>\n<meta name=\"twitter:label1\" content=\"Est. reading time\" \/>\n\t<meta name=\"twitter:data1\" content=\"2 minuti\" \/>\n<script type=\"application\/ld+json\" class=\"yoast-schema-graph\">{\"@context\":\"https:\\\/\\\/schema.org\",\"@graph\":[{\"@type\":\"WebPage\",\"@id\":\"https:\\\/\\\/hosekra.com\\\/modular\\\/modeli\\\/soba-stardust\\\/\",\"url\":\"https:\\\/\\\/hosekra.com\\\/modular\\\/modeli\\\/soba-stardust\\\/\",\"name\":\"Soba Stardust - Hosekra Modular\",\"isPartOf\":{\"@id\":\"https:\\\/\\\/hosekra.com\\\/modular\\\/#website\"},\"primaryImageOfPage\":{\"@id\":\"https:\\\/\\\/hosekra.com\\\/modular\\\/modeli\\\/soba-stardust\\\/#primaryimage\"},\"image\":{\"@id\":\"https:\\\/\\\/hosekra.com\\\/modular\\\/modeli\\\/soba-stardust\\\/#primaryimage\"},\"thumbnailUrl\":\"https:\\\/\\\/hosekra.com\\\/modular\\\/wp-content\\\/uploads\\\/sites\\\/18\\\/Soba_STARDUST-1024x469.jpg\",\"datePublished\":\"2026-02-12T19:01:47+00:00\",\"dateModified\":\"2026-02-12T19:10:06+00:00\",\"breadcrumb\":{\"@id\":\"https:\\\/\\\/hosekra.com\\\/modular\\\/modeli\\\/soba-stardust\\\/#breadcrumb\"},\"inLanguage\":\"sl-SI\",\"potentialAction\":[{\"@type\":\"ReadAction\",\"target\":[\"https:\\\/\\\/hosekra.com\\\/modular\\\/modeli\\\/soba-stardust\\\/\"]}]},{\"@type\":\"ImageObject\",\"inLanguage\":\"sl-SI\",\"@id\":\"https:\\\/\\\/hosekra.com\\\/modular\\\/modeli\\\/soba-stardust\\\/#primaryimage\",\"url\":\"https:\\\/\\\/hosekra.com\\\/modular\\\/wp-content\\\/uploads\\\/sites\\\/18\\\/Soba_STARDUST.jpg\",\"contentUrl\":\"https:\\\/\\\/hosekra.com\\\/modular\\\/wp-content\\\/uploads\\\/sites\\\/18\\\/Soba_STARDUST.jpg\",\"width\":1156,\"height\":530,\"caption\":\"Soba STARDUST\"},{\"@type\":\"BreadcrumbList\",\"@id\":\"https:\\\/\\\/hosekra.com\\\/modular\\\/modeli\\\/soba-stardust\\\/#breadcrumb\",\"itemListElement\":[{\"@type\":\"ListItem\",\"position\":1,\"name\":\"Home\",\"item\":\"https:\\\/\\\/hosekra.com\\\/modular\\\/\"},{\"@type\":\"ListItem\",\"position\":2,\"name\":\"Modeli\",\"item\":\"https:\\\/\\\/hosekra.com\\\/modular\\\/modeli\\\/\"},{\"@type\":\"ListItem\",\"position\":3,\"name\":\"Soba Stardust\"}]},{\"@type\":\"WebSite\",\"@id\":\"https:\\\/\\\/hosekra.com\\\/modular\\\/#website\",\"url\":\"https:\\\/\\\/hosekra.com\\\/modular\\\/\",\"name\":\"Hosekra Modular\",\"description\":\"Prihodnost Bivanja\",\"potentialAction\":[{\"@type\":\"SearchAction\",\"target\":{\"@type\":\"EntryPoint\",\"urlTemplate\":\"https:\\\/\\\/hosekra.com\\\/modular\\\/?s={search_term_string}\"},\"query-input\":{\"@type\":\"PropertyValueSpecification\",\"valueRequired\":true,\"valueName\":\"search_term_string\"}}],\"inLanguage\":\"sl-SI\"}]}<\/script>\n<!-- \/ Yoast SEO plugin. -->","yoast_head_json":{"title":"Soba Stardust - Hosekra Modular","robots":{"index":"index","follow":"follow","max-snippet":"max-snippet:-1","max-image-preview":"max-image-preview:large","max-video-preview":"max-video-preview:-1"},"canonical":"https:\/\/hosekra.com\/modular\/modeli\/soba-stardust\/","og_locale":"sl_SI","og_type":"article","og_title":"Soba Stardust - Hosekra Modular","og_description":"Soba, ki raste skupaj z otrokom. Hosekra Modular otro\u0161ka soba Stardust je zasnovana kot ne\u017een, pravlji\u010den prostor, kjer se igra, po\u010ditek in domi\u0161ljija zdru\u017eijo v varno in toplo okolje. Mehki pastelni odtenki, naravni materiali in skrbno izbrani dekorativni elementi ustvarjajo ob\u010dutek topline ter spodbujajo ustvarjalnost najmlaj\u0161ih. Oglejte si video Katalog Soba Stardust (.pdf) Osrednji del [&hellip;]","og_url":"https:\/\/hosekra.com\/modular\/modeli\/soba-stardust\/","og_site_name":"Hosekra Modular","article_modified_time":"2026-02-12T19:10:06+00:00","og_image":[{"width":1156,"height":530,"url":"https:\/\/hosekra.com\/modular\/wp-content\/uploads\/sites\/18\/Soba_STARDUST.jpg","type":"image\/jpeg"}],"twitter_card":"summary_large_image","twitter_misc":{"Est. reading time":"2 minuti"},"schema":{"@context":"https:\/\/schema.org","@graph":[{"@type":"WebPage","@id":"https:\/\/hosekra.com\/modular\/modeli\/soba-stardust\/","url":"https:\/\/hosekra.com\/modular\/modeli\/soba-stardust\/","name":"Soba Stardust - Hosekra Modular","isPartOf":{"@id":"https:\/\/hosekra.com\/modular\/#website"},"primaryImageOfPage":{"@id":"https:\/\/hosekra.com\/modular\/modeli\/soba-stardust\/#primaryimage"},"image":{"@id":"https:\/\/hosekra.com\/modular\/modeli\/soba-stardust\/#primaryimage"},"thumbnailUrl":"https:\/\/hosekra.com\/modular\/wp-content\/uploads\/sites\/18\/Soba_STARDUST-1024x469.jpg","datePublished":"2026-02-12T19:01:47+00:00","dateModified":"2026-02-12T19:10:06+00:00","breadcrumb":{"@id":"https:\/\/hosekra.com\/modular\/modeli\/soba-stardust\/#breadcrumb"},"inLanguage":"sl-SI","potentialAction":[{"@type":"ReadAction","target":["https:\/\/hosekra.com\/modular\/modeli\/soba-stardust\/"]}]},{"@type":"ImageObject","inLanguage":"sl-SI","@id":"https:\/\/hosekra.com\/modular\/modeli\/soba-stardust\/#primaryimage","url":"https:\/\/hosekra.com\/modular\/wp-content\/uploads\/sites\/18\/Soba_STARDUST.jpg","contentUrl":"https:\/\/hosekra.com\/modular\/wp-content\/uploads\/sites\/18\/Soba_STARDUST.jpg","width":1156,"height":530,"caption":"Soba STARDUST"},{"@type":"BreadcrumbList","@id":"https:\/\/hosekra.com\/modular\/modeli\/soba-stardust\/#breadcrumb","itemListElement":[{"@type":"ListItem","position":1,"name":"Home","item":"https:\/\/hosekra.com\/modular\/"},{"@type":"ListItem","position":2,"name":"Modeli","item":"https:\/\/hosekra.com\/modular\/modeli\/"},{"@type":"ListItem","position":3,"name":"Soba Stardust"}]},{"@type":"WebSite","@id":"https:\/\/hosekra.com\/modular\/#website","url":"https:\/\/hosekra.com\/modular\/","name":"Hosekra Modular","description":"Prihodnost Bivanja","potentialAction":[{"@type":"SearchAction","target":{"@type":"EntryPoint","urlTemplate":"https:\/\/hosekra.com\/modular\/?s={search_term_string}"},"query-input":{"@type":"PropertyValueSpecification","valueRequired":true,"valueName":"search_term_string"}}],"inLanguage":"sl-SI"}]}},"_links":{"self":[{"href":"https:\/\/hosekra.com\/modular\/wp-json\/wp\/v2\/pages\/917","targetHints":{"allow":["GET"]}}],"collection":[{"href":"https:\/\/hosekra.com\/modular\/wp-json\/wp\/v2\/pages"}],"about":[{"href":"https:\/\/hosekra.com\/modular\/wp-json\/wp\/v2\/types\/page"}],"author":[{"embeddable":true,"href":"https:\/\/hosekra.com\/modular\/wp-json\/wp\/v2\/users\/1"}],"replies":[{"embeddable":true,"href":"https:\/\/hosekra.com\/modular\/wp-json\/wp\/v2\/comments?post=917"}],"version-history":[{"count":3,"href":"https:\/\/hosekra.com\/modular\/wp-json\/wp\/v2\/pages\/917\/revisions"}],"predecessor-version":[{"id":924,"href":"https:\/\/hosekra.com\/modular\/wp-json\/wp\/v2\/pages\/917\/revisions\/924"}],"up":[{"embeddable":true,"href":"https:\/\/hosekra.com\/modular\/wp-json\/wp\/v2\/pages\/12"}],"wp:attachment":[{"href":"https:\/\/hosekra.com\/modular\/wp-json\/wp\/v2\/media?parent=917"}],"curies":[{"name":"wp","href":"https:\/\/api.w.org\/{rel}","templated":true}]}}