{"id":919,"date":"2026-02-12T20:02:39","date_gmt":"2026-02-12T19:02:39","guid":{"rendered":"https:\/\/hosekra.com\/modular\/?page_id=919"},"modified":"2026-02-12T20:19:59","modified_gmt":"2026-02-12T19:19:59","slug":"soba-nexus","status":"publish","type":"page","link":"https:\/\/hosekra.com\/modular\/modeli\/soba-nexus\/","title":{"rendered":"Soba Nexus"},"content":{"rendered":"<p class=\"lead text-uppercase\">Osebni command center, prostor fokusa, sprostitve in do\u017eivetja.<\/p>\n<p>Hosekra Modular NEXUS sodobno zasnovan gaming in \u201cmen room\u201d prostor, kjer se tehnologija, udobje in mo\u010dan vizualni zna\u010daj zdru\u017eijo v edinstveno izku\u0161njo bivanja in zabave. Temelj prostora predstavljajo fasadni paneli Pianno V v antracit odtenku, dopolnjeni z LED trakovi, ki ustvarjajo dinami\u010dno svetlobno kuliso in poudarjajo globino prostora.<\/p>\n<div class=\"play-container\"><img loading=\"lazy\" decoding=\"async\" src=\"https:\/\/hosekra.com\/modular\/wp-content\/uploads\/sites\/18\/Soba_NEXUS-1024x469.jpg\" alt=\"Soba NEXUS\" width=\"1024\" height=\"469\" class=\"alignnone size-large wp-image-867\" srcset=\"https:\/\/hosekra.com\/modular\/wp-content\/uploads\/sites\/18\/Soba_NEXUS-1024x469.jpg 1024w, https:\/\/hosekra.com\/modular\/wp-content\/uploads\/sites\/18\/Soba_NEXUS-548x251.jpg 548w, https:\/\/hosekra.com\/modular\/wp-content\/uploads\/sites\/18\/Soba_NEXUS-768x352.jpg 768w, https:\/\/hosekra.com\/modular\/wp-content\/uploads\/sites\/18\/Soba_NEXUS.jpg 1156w\" sizes=\"auto, (max-width: 1024px) 100vw, 1024px\" \/><a class=\"btn-play btn-play-image\" title=\"Gaming soba NEXUS\" href=\"https:\/\/www.youtube.com\/watch?v=68dIbWRmX4M\">Oglejte si video<\/a><\/div>\n<div class=\"play-container\"><img loading=\"lazy\" decoding=\"async\" src=\"https:\/\/hosekra.com\/modular\/wp-content\/uploads\/sites\/18\/Soba_NEXUS_NOCNA-1024x469.jpg\" alt=\"Soba NEXUS\" width=\"1024\" height=\"469\" class=\"alignnone size-large wp-image-877\" srcset=\"https:\/\/hosekra.com\/modular\/wp-content\/uploads\/sites\/18\/Soba_NEXUS_NOCNA-1024x469.jpg 1024w, https:\/\/hosekra.com\/modular\/wp-content\/uploads\/sites\/18\/Soba_NEXUS_NOCNA-548x251.jpg 548w, https:\/\/hosekra.com\/modular\/wp-content\/uploads\/sites\/18\/Soba_NEXUS_NOCNA-768x352.jpg 768w, https:\/\/hosekra.com\/modular\/wp-content\/uploads\/sites\/18\/Soba_NEXUS_NOCNA.jpg 1156w\" sizes=\"auto, (max-width: 1024px) 100vw, 1024px\" \/><a class=\"btn-play btn-play-image\" title=\"Gaming soba NEXUS\" href=\"https:\/\/www.youtube.com\/watch?v=JHkx0FbA9IQ\">Oglejte si video<\/a><\/div>\n<div class=\"wrapper-general\">\n<a href=\"https:\/\/hosekra.com\/modular\/wp-content\/uploads\/sites\/18\/gaming_room_NEXUS.pdf\">Katalog Gaming soba NEXUS (.pdf)<\/a>\n<\/div>\n<h2>Prostorska zasnova<\/h2>\n<div class=\"row\"><div class=\"col-sm-6\">\n<h3 class=\"subtitle\">Tloris<\/h3>\n<p><a href=\"https:\/\/hosekra.com\/modular\/wp-content\/uploads\/sites\/18\/NEUX-TLORIS.jpg\" data-rel=\"lightbox-image-0\" data-rl_title=\"NEXUS TLORIS\" data-rl_caption=\"\" title=\"NEXUS TLORIS\"><img loading=\"lazy\" decoding=\"async\" src=\"https:\/\/hosekra.com\/modular\/wp-content\/uploads\/sites\/18\/NEUX-TLORIS-1024x576.jpg\" alt=\"NEXUS TLORIS\" width=\"1024\" height=\"576\" class=\"alignnone size-large wp-image-870\" srcset=\"https:\/\/hosekra.com\/modular\/wp-content\/uploads\/sites\/18\/NEUX-TLORIS-1024x576.jpg 1024w, https:\/\/hosekra.com\/modular\/wp-content\/uploads\/sites\/18\/NEUX-TLORIS-548x308.jpg 548w, https:\/\/hosekra.com\/modular\/wp-content\/uploads\/sites\/18\/NEUX-TLORIS-768x432.jpg 768w, https:\/\/hosekra.com\/modular\/wp-content\/uploads\/sites\/18\/NEUX-TLORIS-1536x864.jpg 1536w, https:\/\/hosekra.com\/modular\/wp-content\/uploads\/sites\/18\/NEUX-TLORIS.jpg 1600w\" sizes=\"auto, (max-width: 1024px) 100vw, 1024px\" \/><\/a><br \/>\n<\/div><div class=\"col-sm-6\"><\/p>\n<h3 class=\"subtitle\">Stranski Pogled<\/h3>\n<p><a href=\"https:\/\/hosekra.com\/modular\/wp-content\/uploads\/sites\/18\/NEUX-3D-POGLED-2.jpg\" data-rel=\"lightbox-image-1\" data-rl_title=\"NEUX 3D POGLED\" data-rl_caption=\"\" title=\"NEUX 3D POGLED\"><img loading=\"lazy\" decoding=\"async\" src=\"https:\/\/hosekra.com\/modular\/wp-content\/uploads\/sites\/18\/NEUX-3D-POGLED-2-1024x576.jpg\" alt=\"NEUX 3D POGLED\" width=\"1024\" height=\"576\" class=\"alignnone size-large wp-image-869\" srcset=\"https:\/\/hosekra.com\/modular\/wp-content\/uploads\/sites\/18\/NEUX-3D-POGLED-2-1024x576.jpg 1024w, https:\/\/hosekra.com\/modular\/wp-content\/uploads\/sites\/18\/NEUX-3D-POGLED-2-548x308.jpg 548w, https:\/\/hosekra.com\/modular\/wp-content\/uploads\/sites\/18\/NEUX-3D-POGLED-2-768x432.jpg 768w, https:\/\/hosekra.com\/modular\/wp-content\/uploads\/sites\/18\/NEUX-3D-POGLED-2-1536x864.jpg 1536w, https:\/\/hosekra.com\/modular\/wp-content\/uploads\/sites\/18\/NEUX-3D-POGLED-2.jpg 1600w\" sizes=\"auto, (max-width: 1024px) 100vw, 1024px\" \/><\/a><br \/>\n<\/div><\/div><\/p>\n<h2>Galerija<\/h2>\nngg_shortcode_0_placeholder\n","protected":false},"excerpt":{"rendered":"<p>Osebni command center, prostor fokusa, sprostitve in do\u017eivetja. Hosekra Modular NEXUS sodobno zasnovan gaming in \u201cmen room\u201d prostor, kjer se tehnologija, udobje in mo\u010dan vizualni zna\u010daj zdru\u017eijo v edinstveno izku\u0161njo bivanja in zabave. Temelj prostora predstavljajo fasadni paneli Pianno V v antracit odtenku, dopolnjeni z LED trakovi, ki ustvarjajo dinami\u010dno svetlobno kuliso in poudarjajo globino [&hellip;]<\/p>\n","protected":false},"author":1,"featured_media":0,"parent":12,"menu_order":53,"comment_status":"closed","ping_status":"closed","template":"produkti.php","meta":{"ngg_post_thumbnail":0,"footnotes":""},"class_list":["post-919","page","type-page","status-publish","hentry"],"yoast_head":"<!-- This site is optimized with the Yoast SEO plugin v27.4 - https:\/\/yoast.com\/product\/yoast-seo-wordpress\/ -->\n<title>Soba Nexus - Hosekra Modular<\/title>\n<meta name=\"robots\" content=\"index, follow, max-snippet:-1, max-image-preview:large, max-video-preview:-1\" \/>\n<link rel=\"canonical\" href=\"https:\/\/hosekra.com\/modular\/modeli\/soba-nexus\/\" \/>\n<meta property=\"og:locale\" content=\"sl_SI\" \/>\n<meta property=\"og:type\" content=\"article\" \/>\n<meta property=\"og:title\" content=\"Soba Nexus - Hosekra Modular\" \/>\n<meta property=\"og:description\" content=\"Osebni command center, prostor fokusa, sprostitve in do\u017eivetja. Hosekra Modular NEXUS sodobno zasnovan gaming in \u201cmen room\u201d prostor, kjer se tehnologija, udobje in mo\u010dan vizualni zna\u010daj zdru\u017eijo v edinstveno izku\u0161njo bivanja in zabave. Temelj prostora predstavljajo fasadni paneli Pianno V v antracit odtenku, dopolnjeni z LED trakovi, ki ustvarjajo dinami\u010dno svetlobno kuliso in poudarjajo globino [&hellip;]\" \/>\n<meta property=\"og:url\" content=\"https:\/\/hosekra.com\/modular\/modeli\/soba-nexus\/\" \/>\n<meta property=\"og:site_name\" content=\"Hosekra Modular\" \/>\n<meta property=\"article:modified_time\" content=\"2026-02-12T19:19:59+00:00\" \/>\n<meta property=\"og:image\" content=\"https:\/\/hosekra.com\/modular\/wp-content\/uploads\/sites\/18\/Soba_NEXUS.jpg\" \/>\n\t<meta property=\"og:image:width\" content=\"1156\" \/>\n\t<meta property=\"og:image:height\" content=\"530\" \/>\n\t<meta property=\"og:image:type\" content=\"image\/jpeg\" \/>\n<meta name=\"twitter:card\" content=\"summary_large_image\" \/>\n<meta name=\"twitter:label1\" content=\"Est. reading time\" \/>\n\t<meta name=\"twitter:data1\" content=\"2 minuti\" \/>\n<script type=\"application\/ld+json\" class=\"yoast-schema-graph\">{\"@context\":\"https:\\\/\\\/schema.org\",\"@graph\":[{\"@type\":\"WebPage\",\"@id\":\"https:\\\/\\\/hosekra.com\\\/modular\\\/modeli\\\/soba-nexus\\\/\",\"url\":\"https:\\\/\\\/hosekra.com\\\/modular\\\/modeli\\\/soba-nexus\\\/\",\"name\":\"Soba Nexus - Hosekra Modular\",\"isPartOf\":{\"@id\":\"https:\\\/\\\/hosekra.com\\\/modular\\\/#website\"},\"primaryImageOfPage\":{\"@id\":\"https:\\\/\\\/hosekra.com\\\/modular\\\/modeli\\\/soba-nexus\\\/#primaryimage\"},\"image\":{\"@id\":\"https:\\\/\\\/hosekra.com\\\/modular\\\/modeli\\\/soba-nexus\\\/#primaryimage\"},\"thumbnailUrl\":\"https:\\\/\\\/hosekra.com\\\/modular\\\/wp-content\\\/uploads\\\/sites\\\/18\\\/Soba_NEXUS-1024x469.jpg\",\"datePublished\":\"2026-02-12T19:02:39+00:00\",\"dateModified\":\"2026-02-12T19:19:59+00:00\",\"breadcrumb\":{\"@id\":\"https:\\\/\\\/hosekra.com\\\/modular\\\/modeli\\\/soba-nexus\\\/#breadcrumb\"},\"inLanguage\":\"sl-SI\",\"potentialAction\":[{\"@type\":\"ReadAction\",\"target\":[\"https:\\\/\\\/hosekra.com\\\/modular\\\/modeli\\\/soba-nexus\\\/\"]}]},{\"@type\":\"ImageObject\",\"inLanguage\":\"sl-SI\",\"@id\":\"https:\\\/\\\/hosekra.com\\\/modular\\\/modeli\\\/soba-nexus\\\/#primaryimage\",\"url\":\"https:\\\/\\\/hosekra.com\\\/modular\\\/wp-content\\\/uploads\\\/sites\\\/18\\\/Soba_NEXUS.jpg\",\"contentUrl\":\"https:\\\/\\\/hosekra.com\\\/modular\\\/wp-content\\\/uploads\\\/sites\\\/18\\\/Soba_NEXUS.jpg\",\"width\":1156,\"height\":530,\"caption\":\"Soba NEXUS\"},{\"@type\":\"BreadcrumbList\",\"@id\":\"https:\\\/\\\/hosekra.com\\\/modular\\\/modeli\\\/soba-nexus\\\/#breadcrumb\",\"itemListElement\":[{\"@type\":\"ListItem\",\"position\":1,\"name\":\"Home\",\"item\":\"https:\\\/\\\/hosekra.com\\\/modular\\\/\"},{\"@type\":\"ListItem\",\"position\":2,\"name\":\"Modeli\",\"item\":\"https:\\\/\\\/hosekra.com\\\/modular\\\/modeli\\\/\"},{\"@type\":\"ListItem\",\"position\":3,\"name\":\"Soba Nexus\"}]},{\"@type\":\"WebSite\",\"@id\":\"https:\\\/\\\/hosekra.com\\\/modular\\\/#website\",\"url\":\"https:\\\/\\\/hosekra.com\\\/modular\\\/\",\"name\":\"Hosekra Modular\",\"description\":\"Prihodnost Bivanja\",\"potentialAction\":[{\"@type\":\"SearchAction\",\"target\":{\"@type\":\"EntryPoint\",\"urlTemplate\":\"https:\\\/\\\/hosekra.com\\\/modular\\\/?s={search_term_string}\"},\"query-input\":{\"@type\":\"PropertyValueSpecification\",\"valueRequired\":true,\"valueName\":\"search_term_string\"}}],\"inLanguage\":\"sl-SI\"}]}<\/script>\n<!-- \/ Yoast SEO plugin. -->","yoast_head_json":{"title":"Soba Nexus - Hosekra Modular","robots":{"index":"index","follow":"follow","max-snippet":"max-snippet:-1","max-image-preview":"max-image-preview:large","max-video-preview":"max-video-preview:-1"},"canonical":"https:\/\/hosekra.com\/modular\/modeli\/soba-nexus\/","og_locale":"sl_SI","og_type":"article","og_title":"Soba Nexus - Hosekra Modular","og_description":"Osebni command center, prostor fokusa, sprostitve in do\u017eivetja. Hosekra Modular NEXUS sodobno zasnovan gaming in \u201cmen room\u201d prostor, kjer se tehnologija, udobje in mo\u010dan vizualni zna\u010daj zdru\u017eijo v edinstveno izku\u0161njo bivanja in zabave. Temelj prostora predstavljajo fasadni paneli Pianno V v antracit odtenku, dopolnjeni z LED trakovi, ki ustvarjajo dinami\u010dno svetlobno kuliso in poudarjajo globino [&hellip;]","og_url":"https:\/\/hosekra.com\/modular\/modeli\/soba-nexus\/","og_site_name":"Hosekra Modular","article_modified_time":"2026-02-12T19:19:59+00:00","og_image":[{"width":1156,"height":530,"url":"https:\/\/hosekra.com\/modular\/wp-content\/uploads\/sites\/18\/Soba_NEXUS.jpg","type":"image\/jpeg"}],"twitter_card":"summary_large_image","twitter_misc":{"Est. reading time":"2 minuti"},"schema":{"@context":"https:\/\/schema.org","@graph":[{"@type":"WebPage","@id":"https:\/\/hosekra.com\/modular\/modeli\/soba-nexus\/","url":"https:\/\/hosekra.com\/modular\/modeli\/soba-nexus\/","name":"Soba Nexus - Hosekra Modular","isPartOf":{"@id":"https:\/\/hosekra.com\/modular\/#website"},"primaryImageOfPage":{"@id":"https:\/\/hosekra.com\/modular\/modeli\/soba-nexus\/#primaryimage"},"image":{"@id":"https:\/\/hosekra.com\/modular\/modeli\/soba-nexus\/#primaryimage"},"thumbnailUrl":"https:\/\/hosekra.com\/modular\/wp-content\/uploads\/sites\/18\/Soba_NEXUS-1024x469.jpg","datePublished":"2026-02-12T19:02:39+00:00","dateModified":"2026-02-12T19:19:59+00:00","breadcrumb":{"@id":"https:\/\/hosekra.com\/modular\/modeli\/soba-nexus\/#breadcrumb"},"inLanguage":"sl-SI","potentialAction":[{"@type":"ReadAction","target":["https:\/\/hosekra.com\/modular\/modeli\/soba-nexus\/"]}]},{"@type":"ImageObject","inLanguage":"sl-SI","@id":"https:\/\/hosekra.com\/modular\/modeli\/soba-nexus\/#primaryimage","url":"https:\/\/hosekra.com\/modular\/wp-content\/uploads\/sites\/18\/Soba_NEXUS.jpg","contentUrl":"https:\/\/hosekra.com\/modular\/wp-content\/uploads\/sites\/18\/Soba_NEXUS.jpg","width":1156,"height":530,"caption":"Soba NEXUS"},{"@type":"BreadcrumbList","@id":"https:\/\/hosekra.com\/modular\/modeli\/soba-nexus\/#breadcrumb","itemListElement":[{"@type":"ListItem","position":1,"name":"Home","item":"https:\/\/hosekra.com\/modular\/"},{"@type":"ListItem","position":2,"name":"Modeli","item":"https:\/\/hosekra.com\/modular\/modeli\/"},{"@type":"ListItem","position":3,"name":"Soba Nexus"}]},{"@type":"WebSite","@id":"https:\/\/hosekra.com\/modular\/#website","url":"https:\/\/hosekra.com\/modular\/","name":"Hosekra Modular","description":"Prihodnost Bivanja","potentialAction":[{"@type":"SearchAction","target":{"@type":"EntryPoint","urlTemplate":"https:\/\/hosekra.com\/modular\/?s={search_term_string}"},"query-input":{"@type":"PropertyValueSpecification","valueRequired":true,"valueName":"search_term_string"}}],"inLanguage":"sl-SI"}]}},"_links":{"self":[{"href":"https:\/\/hosekra.com\/modular\/wp-json\/wp\/v2\/pages\/919","targetHints":{"allow":["GET"]}}],"collection":[{"href":"https:\/\/hosekra.com\/modular\/wp-json\/wp\/v2\/pages"}],"about":[{"href":"https:\/\/hosekra.com\/modular\/wp-json\/wp\/v2\/types\/page"}],"author":[{"embeddable":true,"href":"https:\/\/hosekra.com\/modular\/wp-json\/wp\/v2\/users\/1"}],"replies":[{"embeddable":true,"href":"https:\/\/hosekra.com\/modular\/wp-json\/wp\/v2\/comments?post=919"}],"version-history":[{"count":3,"href":"https:\/\/hosekra.com\/modular\/wp-json\/wp\/v2\/pages\/919\/revisions"}],"predecessor-version":[{"id":926,"href":"https:\/\/hosekra.com\/modular\/wp-json\/wp\/v2\/pages\/919\/revisions\/926"}],"up":[{"embeddable":true,"href":"https:\/\/hosekra.com\/modular\/wp-json\/wp\/v2\/pages\/12"}],"wp:attachment":[{"href":"https:\/\/hosekra.com\/modular\/wp-json\/wp\/v2\/media?parent=919"}],"curies":[{"name":"wp","href":"https:\/\/api.w.org\/{rel}","templated":true}]}}