{"id":921,"date":"2026-02-12T20:03:34","date_gmt":"2026-02-12T19:03:34","guid":{"rendered":"https:\/\/hosekra.com\/modular\/?page_id=921"},"modified":"2026-03-05T21:36:15","modified_gmt":"2026-03-05T20:36:15","slug":"pisarna-serenity","status":"publish","type":"page","link":"https:\/\/hosekra.com\/modular\/modeli\/pisarna-serenity\/","title":{"rendered":"Pisarna Serenity"},"content":{"rendered":"<p class=\"lead text-uppercase\">Ustvarjena za tiste, ki cenijo ravnovesje med estetiko, funkcionalnostjo in dobrim po\u010dutjem.<\/p>\n<p>Hosekra Modular pisarna Serenity je zasnovana kot sodoben delovni prostor, kjer se funkcionalnost prepleta z ob\u010dutkom umirjenosti in estetske harmonije. Nevtralna barvna osnova, naravni materiali in mehki tekstilni poudarki ustvarjajo prijetno okolje za zbrano delo, sestanke in ustvarjanje.<\/p>\n<div class=\"play-container\"><img loading=\"lazy\" decoding=\"async\" src=\"https:\/\/hosekra.com\/modular\/wp-content\/uploads\/sites\/18\/Pisarna_SERENITY-1024x469.jpg\" alt=\"Pisarna SERENITY\" width=\"1024\" height=\"469\" class=\"alignnone size-large wp-image-873\" srcset=\"https:\/\/hosekra.com\/modular\/wp-content\/uploads\/sites\/18\/Pisarna_SERENITY-1024x469.jpg 1024w, https:\/\/hosekra.com\/modular\/wp-content\/uploads\/sites\/18\/Pisarna_SERENITY-548x251.jpg 548w, https:\/\/hosekra.com\/modular\/wp-content\/uploads\/sites\/18\/Pisarna_SERENITY-768x352.jpg 768w, https:\/\/hosekra.com\/modular\/wp-content\/uploads\/sites\/18\/Pisarna_SERENITY.jpg 1156w\" sizes=\"auto, (max-width: 1024px) 100vw, 1024px\" \/><a class=\"btn-play btn-play-image\" title=\"Pisarna Serenity\" href=\"https:\/\/www.youtube.com\/watch?v=ekkMtkD9kHc\">Oglejte si video<\/a><\/div>\n<div class=\"wrapper-general\">\n<a href=\"https:\/\/hosekra.com\/modular\/wp-content\/uploads\/sites\/18\/pisarna_SERENITY.pdf\">Katalog Pisarna Serenity (.pdf)<\/a>\n<\/div>\n<p>Naravna svetloba, filtrirana skozi zavese, mehko osvetljuje prostor in poudarja ob\u010dutek odprtosti, medtem ko rastline v prostor vna\u0161ajo sve\u017eino in stik z naravo.<\/p>\n<h2>Prostorska zasnova<\/h2>\n<div class=\"row\"><div class=\"col-sm-6\">\n<h3 class=\"subtitle\">Tloris<\/h3>\n<p><a href=\"https:\/\/hosekra.com\/modular\/wp-content\/uploads\/sites\/18\/2-TLORIS-SERENITY.jpg\" data-rel=\"lightbox-image-0\" data-rl_title=\"Pisarna TLORIS SERENITY\" data-rl_caption=\"\" title=\"Pisarna TLORIS SERENITY\"><img loading=\"lazy\" decoding=\"async\" src=\"https:\/\/hosekra.com\/modular\/wp-content\/uploads\/sites\/18\/2-TLORIS-SERENITY-1024x576.jpg\" alt=\"Pisarna TLORIS SERENITY\" width=\"1024\" height=\"576\" class=\"alignnone size-large wp-image-875\" srcset=\"https:\/\/hosekra.com\/modular\/wp-content\/uploads\/sites\/18\/2-TLORIS-SERENITY-1024x576.jpg 1024w, https:\/\/hosekra.com\/modular\/wp-content\/uploads\/sites\/18\/2-TLORIS-SERENITY-548x308.jpg 548w, https:\/\/hosekra.com\/modular\/wp-content\/uploads\/sites\/18\/2-TLORIS-SERENITY-768x432.jpg 768w, https:\/\/hosekra.com\/modular\/wp-content\/uploads\/sites\/18\/2-TLORIS-SERENITY-1536x864.jpg 1536w, https:\/\/hosekra.com\/modular\/wp-content\/uploads\/sites\/18\/2-TLORIS-SERENITY.jpg 1600w\" sizes=\"auto, (max-width: 1024px) 100vw, 1024px\" \/><\/a><br \/>\n<\/div><div class=\"col-sm-6\"><\/p>\n<h3 class=\"subtitle\">Stranski Pogled<\/h3>\n<p><a href=\"https:\/\/hosekra.com\/modular\/wp-content\/uploads\/sites\/18\/3-3D-POGLED-SERENITY.jpg\" data-rel=\"lightbox-image-1\" data-rl_title=\"Pisarna SERENITY 3D\" data-rl_caption=\"\" title=\"Pisarna SERENITY 3D\"><img loading=\"lazy\" decoding=\"async\" src=\"https:\/\/hosekra.com\/modular\/wp-content\/uploads\/sites\/18\/3-3D-POGLED-SERENITY-1024x576.jpg\" alt=\"Pisarna SERENITY 3D\" width=\"1024\" height=\"576\" class=\"alignnone size-large wp-image-876\" srcset=\"https:\/\/hosekra.com\/modular\/wp-content\/uploads\/sites\/18\/3-3D-POGLED-SERENITY-1024x576.jpg 1024w, https:\/\/hosekra.com\/modular\/wp-content\/uploads\/sites\/18\/3-3D-POGLED-SERENITY-548x308.jpg 548w, https:\/\/hosekra.com\/modular\/wp-content\/uploads\/sites\/18\/3-3D-POGLED-SERENITY-768x432.jpg 768w, https:\/\/hosekra.com\/modular\/wp-content\/uploads\/sites\/18\/3-3D-POGLED-SERENITY-1536x864.jpg 1536w, https:\/\/hosekra.com\/modular\/wp-content\/uploads\/sites\/18\/3-3D-POGLED-SERENITY.jpg 1600w\" sizes=\"auto, (max-width: 1024px) 100vw, 1024px\" \/><\/a><br \/>\n<\/div><\/div><\/p>\n<h2>Galerija<\/h2>\nngg_shortcode_0_placeholder\n","protected":false},"excerpt":{"rendered":"<p>Ustvarjena za tiste, ki cenijo ravnovesje med estetiko, funkcionalnostjo in dobrim po\u010dutjem. Hosekra Modular pisarna Serenity je zasnovana kot sodoben delovni prostor, kjer se funkcionalnost prepleta z ob\u010dutkom umirjenosti in estetske harmonije. Nevtralna barvna osnova, naravni materiali in mehki tekstilni poudarki ustvarjajo prijetno okolje za zbrano delo, sestanke in ustvarjanje. Oglejte si video Katalog Pisarna [&hellip;]<\/p>\n","protected":false},"author":1,"featured_media":0,"parent":12,"menu_order":28,"comment_status":"closed","ping_status":"closed","template":"produkti.php","meta":{"ngg_post_thumbnail":0,"footnotes":""},"class_list":["post-921","page","type-page","status-publish","hentry"],"yoast_head":"<!-- This site is optimized with the Yoast SEO plugin v27.4 - https:\/\/yoast.com\/product\/yoast-seo-wordpress\/ -->\n<title>Pisarna Serenity - Hosekra Modular<\/title>\n<meta name=\"robots\" content=\"index, follow, max-snippet:-1, max-image-preview:large, max-video-preview:-1\" \/>\n<link rel=\"canonical\" href=\"https:\/\/hosekra.com\/modular\/modeli\/pisarna-serenity\/\" \/>\n<meta property=\"og:locale\" content=\"sl_SI\" \/>\n<meta property=\"og:type\" content=\"article\" \/>\n<meta property=\"og:title\" content=\"Pisarna Serenity - Hosekra Modular\" \/>\n<meta property=\"og:description\" content=\"Ustvarjena za tiste, ki cenijo ravnovesje med estetiko, funkcionalnostjo in dobrim po\u010dutjem. Hosekra Modular pisarna Serenity je zasnovana kot sodoben delovni prostor, kjer se funkcionalnost prepleta z ob\u010dutkom umirjenosti in estetske harmonije. Nevtralna barvna osnova, naravni materiali in mehki tekstilni poudarki ustvarjajo prijetno okolje za zbrano delo, sestanke in ustvarjanje. Oglejte si video Katalog Pisarna [&hellip;]\" \/>\n<meta property=\"og:url\" content=\"https:\/\/hosekra.com\/modular\/modeli\/pisarna-serenity\/\" \/>\n<meta property=\"og:site_name\" content=\"Hosekra Modular\" \/>\n<meta property=\"article:modified_time\" content=\"2026-03-05T20:36:15+00:00\" \/>\n<meta property=\"og:image\" content=\"https:\/\/hosekra.com\/modular\/wp-content\/uploads\/sites\/18\/Pisarna_SERENITY.jpg\" \/>\n\t<meta property=\"og:image:width\" content=\"1156\" \/>\n\t<meta property=\"og:image:height\" content=\"530\" \/>\n\t<meta property=\"og:image:type\" content=\"image\/jpeg\" \/>\n<meta name=\"twitter:card\" content=\"summary_large_image\" \/>\n<meta name=\"twitter:label1\" content=\"Est. reading time\" \/>\n\t<meta name=\"twitter:data1\" content=\"2 minuti\" \/>\n<script type=\"application\/ld+json\" class=\"yoast-schema-graph\">{\"@context\":\"https:\\\/\\\/schema.org\",\"@graph\":[{\"@type\":\"WebPage\",\"@id\":\"https:\\\/\\\/hosekra.com\\\/modular\\\/modeli\\\/pisarna-serenity\\\/\",\"url\":\"https:\\\/\\\/hosekra.com\\\/modular\\\/modeli\\\/pisarna-serenity\\\/\",\"name\":\"Pisarna Serenity - Hosekra Modular\",\"isPartOf\":{\"@id\":\"https:\\\/\\\/hosekra.com\\\/modular\\\/#website\"},\"primaryImageOfPage\":{\"@id\":\"https:\\\/\\\/hosekra.com\\\/modular\\\/modeli\\\/pisarna-serenity\\\/#primaryimage\"},\"image\":{\"@id\":\"https:\\\/\\\/hosekra.com\\\/modular\\\/modeli\\\/pisarna-serenity\\\/#primaryimage\"},\"thumbnailUrl\":\"https:\\\/\\\/hosekra.com\\\/modular\\\/wp-content\\\/uploads\\\/sites\\\/18\\\/Pisarna_SERENITY-1024x469.jpg\",\"datePublished\":\"2026-02-12T19:03:34+00:00\",\"dateModified\":\"2026-03-05T20:36:15+00:00\",\"breadcrumb\":{\"@id\":\"https:\\\/\\\/hosekra.com\\\/modular\\\/modeli\\\/pisarna-serenity\\\/#breadcrumb\"},\"inLanguage\":\"sl-SI\",\"potentialAction\":[{\"@type\":\"ReadAction\",\"target\":[\"https:\\\/\\\/hosekra.com\\\/modular\\\/modeli\\\/pisarna-serenity\\\/\"]}]},{\"@type\":\"ImageObject\",\"inLanguage\":\"sl-SI\",\"@id\":\"https:\\\/\\\/hosekra.com\\\/modular\\\/modeli\\\/pisarna-serenity\\\/#primaryimage\",\"url\":\"https:\\\/\\\/hosekra.com\\\/modular\\\/wp-content\\\/uploads\\\/sites\\\/18\\\/Pisarna_SERENITY.jpg\",\"contentUrl\":\"https:\\\/\\\/hosekra.com\\\/modular\\\/wp-content\\\/uploads\\\/sites\\\/18\\\/Pisarna_SERENITY.jpg\",\"width\":1156,\"height\":530,\"caption\":\"Pisarna SERENITY\"},{\"@type\":\"BreadcrumbList\",\"@id\":\"https:\\\/\\\/hosekra.com\\\/modular\\\/modeli\\\/pisarna-serenity\\\/#breadcrumb\",\"itemListElement\":[{\"@type\":\"ListItem\",\"position\":1,\"name\":\"Home\",\"item\":\"https:\\\/\\\/hosekra.com\\\/modular\\\/\"},{\"@type\":\"ListItem\",\"position\":2,\"name\":\"Modeli\",\"item\":\"https:\\\/\\\/hosekra.com\\\/modular\\\/modeli\\\/\"},{\"@type\":\"ListItem\",\"position\":3,\"name\":\"Pisarna Serenity\"}]},{\"@type\":\"WebSite\",\"@id\":\"https:\\\/\\\/hosekra.com\\\/modular\\\/#website\",\"url\":\"https:\\\/\\\/hosekra.com\\\/modular\\\/\",\"name\":\"Hosekra Modular\",\"description\":\"Prihodnost Bivanja\",\"potentialAction\":[{\"@type\":\"SearchAction\",\"target\":{\"@type\":\"EntryPoint\",\"urlTemplate\":\"https:\\\/\\\/hosekra.com\\\/modular\\\/?s={search_term_string}\"},\"query-input\":{\"@type\":\"PropertyValueSpecification\",\"valueRequired\":true,\"valueName\":\"search_term_string\"}}],\"inLanguage\":\"sl-SI\"}]}<\/script>\n<!-- \/ Yoast SEO plugin. -->","yoast_head_json":{"title":"Pisarna Serenity - Hosekra Modular","robots":{"index":"index","follow":"follow","max-snippet":"max-snippet:-1","max-image-preview":"max-image-preview:large","max-video-preview":"max-video-preview:-1"},"canonical":"https:\/\/hosekra.com\/modular\/modeli\/pisarna-serenity\/","og_locale":"sl_SI","og_type":"article","og_title":"Pisarna Serenity - Hosekra Modular","og_description":"Ustvarjena za tiste, ki cenijo ravnovesje med estetiko, funkcionalnostjo in dobrim po\u010dutjem. Hosekra Modular pisarna Serenity je zasnovana kot sodoben delovni prostor, kjer se funkcionalnost prepleta z ob\u010dutkom umirjenosti in estetske harmonije. Nevtralna barvna osnova, naravni materiali in mehki tekstilni poudarki ustvarjajo prijetno okolje za zbrano delo, sestanke in ustvarjanje. Oglejte si video Katalog Pisarna [&hellip;]","og_url":"https:\/\/hosekra.com\/modular\/modeli\/pisarna-serenity\/","og_site_name":"Hosekra Modular","article_modified_time":"2026-03-05T20:36:15+00:00","og_image":[{"width":1156,"height":530,"url":"https:\/\/hosekra.com\/modular\/wp-content\/uploads\/sites\/18\/Pisarna_SERENITY.jpg","type":"image\/jpeg"}],"twitter_card":"summary_large_image","twitter_misc":{"Est. reading time":"2 minuti"},"schema":{"@context":"https:\/\/schema.org","@graph":[{"@type":"WebPage","@id":"https:\/\/hosekra.com\/modular\/modeli\/pisarna-serenity\/","url":"https:\/\/hosekra.com\/modular\/modeli\/pisarna-serenity\/","name":"Pisarna Serenity - Hosekra Modular","isPartOf":{"@id":"https:\/\/hosekra.com\/modular\/#website"},"primaryImageOfPage":{"@id":"https:\/\/hosekra.com\/modular\/modeli\/pisarna-serenity\/#primaryimage"},"image":{"@id":"https:\/\/hosekra.com\/modular\/modeli\/pisarna-serenity\/#primaryimage"},"thumbnailUrl":"https:\/\/hosekra.com\/modular\/wp-content\/uploads\/sites\/18\/Pisarna_SERENITY-1024x469.jpg","datePublished":"2026-02-12T19:03:34+00:00","dateModified":"2026-03-05T20:36:15+00:00","breadcrumb":{"@id":"https:\/\/hosekra.com\/modular\/modeli\/pisarna-serenity\/#breadcrumb"},"inLanguage":"sl-SI","potentialAction":[{"@type":"ReadAction","target":["https:\/\/hosekra.com\/modular\/modeli\/pisarna-serenity\/"]}]},{"@type":"ImageObject","inLanguage":"sl-SI","@id":"https:\/\/hosekra.com\/modular\/modeli\/pisarna-serenity\/#primaryimage","url":"https:\/\/hosekra.com\/modular\/wp-content\/uploads\/sites\/18\/Pisarna_SERENITY.jpg","contentUrl":"https:\/\/hosekra.com\/modular\/wp-content\/uploads\/sites\/18\/Pisarna_SERENITY.jpg","width":1156,"height":530,"caption":"Pisarna SERENITY"},{"@type":"BreadcrumbList","@id":"https:\/\/hosekra.com\/modular\/modeli\/pisarna-serenity\/#breadcrumb","itemListElement":[{"@type":"ListItem","position":1,"name":"Home","item":"https:\/\/hosekra.com\/modular\/"},{"@type":"ListItem","position":2,"name":"Modeli","item":"https:\/\/hosekra.com\/modular\/modeli\/"},{"@type":"ListItem","position":3,"name":"Pisarna Serenity"}]},{"@type":"WebSite","@id":"https:\/\/hosekra.com\/modular\/#website","url":"https:\/\/hosekra.com\/modular\/","name":"Hosekra Modular","description":"Prihodnost Bivanja","potentialAction":[{"@type":"SearchAction","target":{"@type":"EntryPoint","urlTemplate":"https:\/\/hosekra.com\/modular\/?s={search_term_string}"},"query-input":{"@type":"PropertyValueSpecification","valueRequired":true,"valueName":"search_term_string"}}],"inLanguage":"sl-SI"}]}},"_links":{"self":[{"href":"https:\/\/hosekra.com\/modular\/wp-json\/wp\/v2\/pages\/921","targetHints":{"allow":["GET"]}}],"collection":[{"href":"https:\/\/hosekra.com\/modular\/wp-json\/wp\/v2\/pages"}],"about":[{"href":"https:\/\/hosekra.com\/modular\/wp-json\/wp\/v2\/types\/page"}],"author":[{"embeddable":true,"href":"https:\/\/hosekra.com\/modular\/wp-json\/wp\/v2\/users\/1"}],"replies":[{"embeddable":true,"href":"https:\/\/hosekra.com\/modular\/wp-json\/wp\/v2\/comments?post=921"}],"version-history":[{"count":3,"href":"https:\/\/hosekra.com\/modular\/wp-json\/wp\/v2\/pages\/921\/revisions"}],"predecessor-version":[{"id":928,"href":"https:\/\/hosekra.com\/modular\/wp-json\/wp\/v2\/pages\/921\/revisions\/928"}],"up":[{"embeddable":true,"href":"https:\/\/hosekra.com\/modular\/wp-json\/wp\/v2\/pages\/12"}],"wp:attachment":[{"href":"https:\/\/hosekra.com\/modular\/wp-json\/wp\/v2\/media?parent=921"}],"curies":[{"name":"wp","href":"https:\/\/api.w.org\/{rel}","templated":true}]}}