{"id":956,"date":"2026-03-05T21:29:48","date_gmt":"2026-03-05T20:29:48","guid":{"rendered":"https:\/\/hosekra.com\/modular\/?page_id=956"},"modified":"2026-03-06T19:49:06","modified_gmt":"2026-03-06T18:49:06","slug":"pisarna-aura","status":"publish","type":"page","link":"https:\/\/hosekra.com\/modular\/modeli\/pisarna-aura\/","title":{"rendered":"Pisarna Aura"},"content":{"rendered":"<p class=\"lead text-uppercase\">Prostor lahkotnega sodelovanja in ustvarjalnih idej.<\/p>\n<p>Hosekra Modular pisarna AURA je zasnovana kot svetel, prijeten in harmoni\u010den delovni prostor, kjer se funkcionalnost prepleta z ob\u010dutkom topline in umirjene elegance. Naravni materiali, mehki tekstilni poudarki in ne\u017ena barvna paleta ustvarjajo okolje, ki spodbuja ustvarjalnost, sodelovanje in prijetno vsakodnevno delo. <\/p>\n<div class=\"play-container\"><img loading=\"lazy\" decoding=\"async\" src=\"https:\/\/hosekra.com\/modular\/wp-content\/uploads\/sites\/18\/Pisarna_AURA-1024x469.jpg\" alt=\"Pisarna AURA\" width=\"1024\" height=\"469\" class=\"alignnone size-large wp-image-953\" srcset=\"https:\/\/hosekra.com\/modular\/wp-content\/uploads\/sites\/18\/Pisarna_AURA-1024x469.jpg 1024w, https:\/\/hosekra.com\/modular\/wp-content\/uploads\/sites\/18\/Pisarna_AURA-548x251.jpg 548w, https:\/\/hosekra.com\/modular\/wp-content\/uploads\/sites\/18\/Pisarna_AURA-768x352.jpg 768w, https:\/\/hosekra.com\/modular\/wp-content\/uploads\/sites\/18\/Pisarna_AURA.jpg 1156w\" sizes=\"auto, (max-width: 1024px) 100vw, 1024px\" \/><a class=\"btn-play btn-play-image\" title=\"Pisarna Aura\" href=\"https:\/\/www.youtube.com\/watch?v=Xwz_8XPrS-U\">Oglejte si video<\/a><\/div>\n<div class=\"wrapper-general\">\n<a href=\"https:\/\/hosekra.com\/modular\/wp-content\/uploads\/sites\/18\/pisarna_AURA.pdf\">Katalog pisarna Aura (.pdf)<\/a>\n<\/div>\n<p>Osrednji del prostora predstavlja dvojna delovna postaja, namenjena dvema uporabnicama. Svetla pisalna miza, odprte knji\u017ene police in prakti\u010dni shranjevalni elementi omogo\u010dajo urejeno organizacijo dokumentov ter delovnih pripomo\u010dkov, hkrati pa ohranjajo prostor odprt in pregleden.<\/p>\n<h2>Prostorska zasnova<\/h2>\n<div class=\"row\"><div class=\"col-sm-6\">\n<h3 class=\"subtitle\">Tloris<\/h3>\n<p><a href=\"https:\/\/hosekra.com\/modular\/wp-content\/uploads\/sites\/18\/AURA-TLORIS.jpg\" data-rel=\"lightbox-image-0\" data-rl_title=\"Pisarna AURA TLORIS\" data-rl_caption=\"\" title=\"Pisarna AURA TLORIS\"><img loading=\"lazy\" decoding=\"async\" src=\"https:\/\/hosekra.com\/modular\/wp-content\/uploads\/sites\/18\/AURA-TLORIS-1024x576.jpg\" alt=\"Pisarna AURA TLORIS\" width=\"1024\" height=\"576\" class=\"alignnone size-large wp-image-955\" srcset=\"https:\/\/hosekra.com\/modular\/wp-content\/uploads\/sites\/18\/AURA-TLORIS-1024x576.jpg 1024w, https:\/\/hosekra.com\/modular\/wp-content\/uploads\/sites\/18\/AURA-TLORIS-548x308.jpg 548w, https:\/\/hosekra.com\/modular\/wp-content\/uploads\/sites\/18\/AURA-TLORIS-768x432.jpg 768w, https:\/\/hosekra.com\/modular\/wp-content\/uploads\/sites\/18\/AURA-TLORIS-1536x864.jpg 1536w, https:\/\/hosekra.com\/modular\/wp-content\/uploads\/sites\/18\/AURA-TLORIS.jpg 1600w\" sizes=\"auto, (max-width: 1024px) 100vw, 1024px\" \/><\/a><br \/>\n<\/div><div class=\"col-sm-6\"><\/p>\n<h3 class=\"subtitle\">Stranski Pogled<\/h3>\n<p><a href=\"https:\/\/hosekra.com\/modular\/wp-content\/uploads\/sites\/18\/AURA-3D-POGLED-2.jpg\" data-rel=\"lightbox-image-1\" data-rl_title=\"Pisarna AURA 3D\" data-rl_caption=\"\" title=\"Pisarna AURA 3D\"><img loading=\"lazy\" decoding=\"async\" src=\"https:\/\/hosekra.com\/modular\/wp-content\/uploads\/sites\/18\/AURA-3D-POGLED-2-1024x576.jpg\" alt=\"Pisarna AURA 3D\" width=\"1024\" height=\"576\" class=\"alignnone size-large wp-image-954\" srcset=\"https:\/\/hosekra.com\/modular\/wp-content\/uploads\/sites\/18\/AURA-3D-POGLED-2-1024x576.jpg 1024w, https:\/\/hosekra.com\/modular\/wp-content\/uploads\/sites\/18\/AURA-3D-POGLED-2-548x308.jpg 548w, https:\/\/hosekra.com\/modular\/wp-content\/uploads\/sites\/18\/AURA-3D-POGLED-2-768x432.jpg 768w, https:\/\/hosekra.com\/modular\/wp-content\/uploads\/sites\/18\/AURA-3D-POGLED-2-1536x864.jpg 1536w, https:\/\/hosekra.com\/modular\/wp-content\/uploads\/sites\/18\/AURA-3D-POGLED-2.jpg 1600w\" sizes=\"auto, (max-width: 1024px) 100vw, 1024px\" \/><\/a><br \/>\n<\/div><\/div><\/p>\n<h2>Galerija<\/h2>\nngg_shortcode_0_placeholder\n","protected":false},"excerpt":{"rendered":"<p>Prostor lahkotnega sodelovanja in ustvarjalnih idej. Hosekra Modular pisarna AURA je zasnovana kot svetel, prijeten in harmoni\u010den delovni prostor, kjer se funkcionalnost prepleta z ob\u010dutkom topline in umirjene elegance. Naravni materiali, mehki tekstilni poudarki in ne\u017ena barvna paleta ustvarjajo okolje, ki spodbuja ustvarjalnost, sodelovanje in prijetno vsakodnevno delo. Oglejte si video Katalog pisarna Aura (.pdf) [&hellip;]<\/p>\n","protected":false},"author":1,"featured_media":0,"parent":12,"menu_order":28,"comment_status":"closed","ping_status":"closed","template":"produkti.php","meta":{"ngg_post_thumbnail":0,"footnotes":""},"class_list":["post-956","page","type-page","status-publish","hentry"],"yoast_head":"<!-- This site is optimized with the Yoast SEO plugin v27.4 - https:\/\/yoast.com\/product\/yoast-seo-wordpress\/ -->\n<title>Pisarna Aura - Hosekra Modular<\/title>\n<meta name=\"robots\" content=\"index, follow, max-snippet:-1, max-image-preview:large, max-video-preview:-1\" \/>\n<link rel=\"canonical\" href=\"https:\/\/hosekra.com\/modular\/modeli\/pisarna-aura\/\" \/>\n<meta property=\"og:locale\" content=\"sl_SI\" \/>\n<meta property=\"og:type\" content=\"article\" \/>\n<meta property=\"og:title\" content=\"Pisarna Aura - Hosekra Modular\" \/>\n<meta property=\"og:description\" content=\"Prostor lahkotnega sodelovanja in ustvarjalnih idej. Hosekra Modular pisarna AURA je zasnovana kot svetel, prijeten in harmoni\u010den delovni prostor, kjer se funkcionalnost prepleta z ob\u010dutkom topline in umirjene elegance. Naravni materiali, mehki tekstilni poudarki in ne\u017ena barvna paleta ustvarjajo okolje, ki spodbuja ustvarjalnost, sodelovanje in prijetno vsakodnevno delo. Oglejte si video Katalog pisarna Aura (.pdf) [&hellip;]\" \/>\n<meta property=\"og:url\" content=\"https:\/\/hosekra.com\/modular\/modeli\/pisarna-aura\/\" \/>\n<meta property=\"og:site_name\" content=\"Hosekra Modular\" \/>\n<meta property=\"article:modified_time\" content=\"2026-03-06T18:49:06+00:00\" \/>\n<meta property=\"og:image\" content=\"https:\/\/hosekra.com\/modular\/wp-content\/uploads\/sites\/18\/Pisarna_AURA.jpg\" \/>\n\t<meta property=\"og:image:width\" content=\"1156\" \/>\n\t<meta property=\"og:image:height\" content=\"530\" \/>\n\t<meta property=\"og:image:type\" content=\"image\/jpeg\" \/>\n<meta name=\"twitter:card\" content=\"summary_large_image\" \/>\n<meta name=\"twitter:label1\" content=\"Est. reading time\" \/>\n\t<meta name=\"twitter:data1\" content=\"2 minuti\" \/>\n<script type=\"application\/ld+json\" class=\"yoast-schema-graph\">{\"@context\":\"https:\\\/\\\/schema.org\",\"@graph\":[{\"@type\":\"WebPage\",\"@id\":\"https:\\\/\\\/hosekra.com\\\/modular\\\/modeli\\\/pisarna-aura\\\/\",\"url\":\"https:\\\/\\\/hosekra.com\\\/modular\\\/modeli\\\/pisarna-aura\\\/\",\"name\":\"Pisarna Aura - Hosekra Modular\",\"isPartOf\":{\"@id\":\"https:\\\/\\\/hosekra.com\\\/modular\\\/#website\"},\"primaryImageOfPage\":{\"@id\":\"https:\\\/\\\/hosekra.com\\\/modular\\\/modeli\\\/pisarna-aura\\\/#primaryimage\"},\"image\":{\"@id\":\"https:\\\/\\\/hosekra.com\\\/modular\\\/modeli\\\/pisarna-aura\\\/#primaryimage\"},\"thumbnailUrl\":\"https:\\\/\\\/hosekra.com\\\/modular\\\/wp-content\\\/uploads\\\/sites\\\/18\\\/Pisarna_AURA-1024x469.jpg\",\"datePublished\":\"2026-03-05T20:29:48+00:00\",\"dateModified\":\"2026-03-06T18:49:06+00:00\",\"breadcrumb\":{\"@id\":\"https:\\\/\\\/hosekra.com\\\/modular\\\/modeli\\\/pisarna-aura\\\/#breadcrumb\"},\"inLanguage\":\"sl-SI\",\"potentialAction\":[{\"@type\":\"ReadAction\",\"target\":[\"https:\\\/\\\/hosekra.com\\\/modular\\\/modeli\\\/pisarna-aura\\\/\"]}]},{\"@type\":\"ImageObject\",\"inLanguage\":\"sl-SI\",\"@id\":\"https:\\\/\\\/hosekra.com\\\/modular\\\/modeli\\\/pisarna-aura\\\/#primaryimage\",\"url\":\"https:\\\/\\\/hosekra.com\\\/modular\\\/wp-content\\\/uploads\\\/sites\\\/18\\\/Pisarna_AURA.jpg\",\"contentUrl\":\"https:\\\/\\\/hosekra.com\\\/modular\\\/wp-content\\\/uploads\\\/sites\\\/18\\\/Pisarna_AURA.jpg\",\"width\":1156,\"height\":530,\"caption\":\"Pisarna AURA\"},{\"@type\":\"BreadcrumbList\",\"@id\":\"https:\\\/\\\/hosekra.com\\\/modular\\\/modeli\\\/pisarna-aura\\\/#breadcrumb\",\"itemListElement\":[{\"@type\":\"ListItem\",\"position\":1,\"name\":\"Home\",\"item\":\"https:\\\/\\\/hosekra.com\\\/modular\\\/\"},{\"@type\":\"ListItem\",\"position\":2,\"name\":\"Modeli\",\"item\":\"https:\\\/\\\/hosekra.com\\\/modular\\\/modeli\\\/\"},{\"@type\":\"ListItem\",\"position\":3,\"name\":\"Pisarna Aura\"}]},{\"@type\":\"WebSite\",\"@id\":\"https:\\\/\\\/hosekra.com\\\/modular\\\/#website\",\"url\":\"https:\\\/\\\/hosekra.com\\\/modular\\\/\",\"name\":\"Hosekra Modular\",\"description\":\"Prihodnost Bivanja\",\"potentialAction\":[{\"@type\":\"SearchAction\",\"target\":{\"@type\":\"EntryPoint\",\"urlTemplate\":\"https:\\\/\\\/hosekra.com\\\/modular\\\/?s={search_term_string}\"},\"query-input\":{\"@type\":\"PropertyValueSpecification\",\"valueRequired\":true,\"valueName\":\"search_term_string\"}}],\"inLanguage\":\"sl-SI\"}]}<\/script>\n<!-- \/ Yoast SEO plugin. -->","yoast_head_json":{"title":"Pisarna Aura - Hosekra Modular","robots":{"index":"index","follow":"follow","max-snippet":"max-snippet:-1","max-image-preview":"max-image-preview:large","max-video-preview":"max-video-preview:-1"},"canonical":"https:\/\/hosekra.com\/modular\/modeli\/pisarna-aura\/","og_locale":"sl_SI","og_type":"article","og_title":"Pisarna Aura - Hosekra Modular","og_description":"Prostor lahkotnega sodelovanja in ustvarjalnih idej. Hosekra Modular pisarna AURA je zasnovana kot svetel, prijeten in harmoni\u010den delovni prostor, kjer se funkcionalnost prepleta z ob\u010dutkom topline in umirjene elegance. Naravni materiali, mehki tekstilni poudarki in ne\u017ena barvna paleta ustvarjajo okolje, ki spodbuja ustvarjalnost, sodelovanje in prijetno vsakodnevno delo. Oglejte si video Katalog pisarna Aura (.pdf) [&hellip;]","og_url":"https:\/\/hosekra.com\/modular\/modeli\/pisarna-aura\/","og_site_name":"Hosekra Modular","article_modified_time":"2026-03-06T18:49:06+00:00","og_image":[{"width":1156,"height":530,"url":"https:\/\/hosekra.com\/modular\/wp-content\/uploads\/sites\/18\/Pisarna_AURA.jpg","type":"image\/jpeg"}],"twitter_card":"summary_large_image","twitter_misc":{"Est. reading time":"2 minuti"},"schema":{"@context":"https:\/\/schema.org","@graph":[{"@type":"WebPage","@id":"https:\/\/hosekra.com\/modular\/modeli\/pisarna-aura\/","url":"https:\/\/hosekra.com\/modular\/modeli\/pisarna-aura\/","name":"Pisarna Aura - Hosekra Modular","isPartOf":{"@id":"https:\/\/hosekra.com\/modular\/#website"},"primaryImageOfPage":{"@id":"https:\/\/hosekra.com\/modular\/modeli\/pisarna-aura\/#primaryimage"},"image":{"@id":"https:\/\/hosekra.com\/modular\/modeli\/pisarna-aura\/#primaryimage"},"thumbnailUrl":"https:\/\/hosekra.com\/modular\/wp-content\/uploads\/sites\/18\/Pisarna_AURA-1024x469.jpg","datePublished":"2026-03-05T20:29:48+00:00","dateModified":"2026-03-06T18:49:06+00:00","breadcrumb":{"@id":"https:\/\/hosekra.com\/modular\/modeli\/pisarna-aura\/#breadcrumb"},"inLanguage":"sl-SI","potentialAction":[{"@type":"ReadAction","target":["https:\/\/hosekra.com\/modular\/modeli\/pisarna-aura\/"]}]},{"@type":"ImageObject","inLanguage":"sl-SI","@id":"https:\/\/hosekra.com\/modular\/modeli\/pisarna-aura\/#primaryimage","url":"https:\/\/hosekra.com\/modular\/wp-content\/uploads\/sites\/18\/Pisarna_AURA.jpg","contentUrl":"https:\/\/hosekra.com\/modular\/wp-content\/uploads\/sites\/18\/Pisarna_AURA.jpg","width":1156,"height":530,"caption":"Pisarna AURA"},{"@type":"BreadcrumbList","@id":"https:\/\/hosekra.com\/modular\/modeli\/pisarna-aura\/#breadcrumb","itemListElement":[{"@type":"ListItem","position":1,"name":"Home","item":"https:\/\/hosekra.com\/modular\/"},{"@type":"ListItem","position":2,"name":"Modeli","item":"https:\/\/hosekra.com\/modular\/modeli\/"},{"@type":"ListItem","position":3,"name":"Pisarna Aura"}]},{"@type":"WebSite","@id":"https:\/\/hosekra.com\/modular\/#website","url":"https:\/\/hosekra.com\/modular\/","name":"Hosekra Modular","description":"Prihodnost Bivanja","potentialAction":[{"@type":"SearchAction","target":{"@type":"EntryPoint","urlTemplate":"https:\/\/hosekra.com\/modular\/?s={search_term_string}"},"query-input":{"@type":"PropertyValueSpecification","valueRequired":true,"valueName":"search_term_string"}}],"inLanguage":"sl-SI"}]}},"_links":{"self":[{"href":"https:\/\/hosekra.com\/modular\/wp-json\/wp\/v2\/pages\/956","targetHints":{"allow":["GET"]}}],"collection":[{"href":"https:\/\/hosekra.com\/modular\/wp-json\/wp\/v2\/pages"}],"about":[{"href":"https:\/\/hosekra.com\/modular\/wp-json\/wp\/v2\/types\/page"}],"author":[{"embeddable":true,"href":"https:\/\/hosekra.com\/modular\/wp-json\/wp\/v2\/users\/1"}],"replies":[{"embeddable":true,"href":"https:\/\/hosekra.com\/modular\/wp-json\/wp\/v2\/comments?post=956"}],"version-history":[{"count":2,"href":"https:\/\/hosekra.com\/modular\/wp-json\/wp\/v2\/pages\/956\/revisions"}],"predecessor-version":[{"id":981,"href":"https:\/\/hosekra.com\/modular\/wp-json\/wp\/v2\/pages\/956\/revisions\/981"}],"up":[{"embeddable":true,"href":"https:\/\/hosekra.com\/modular\/wp-json\/wp\/v2\/pages\/12"}],"wp:attachment":[{"href":"https:\/\/hosekra.com\/modular\/wp-json\/wp\/v2\/media?parent=956"}],"curies":[{"name":"wp","href":"https:\/\/api.w.org\/{rel}","templated":true}]}}