{"id":1036,"date":"2024-02-26T08:14:57","date_gmt":"2024-02-26T07:14:57","guid":{"rendered":"https:\/\/hosekra.com\/outlet\/izdelek\/container-6x23m\/"},"modified":"2024-02-26T08:14:57","modified_gmt":"2024-02-26T07:14:57","slug":"container-6x23m","status":"publish","type":"product","link":"https:\/\/hosekra.com\/outlet\/de\/produkt\/container-6x23m\/","title":{"rendered":"Container 6&#215;2,3m"},"content":{"rendered":"<p>Standardcontainer mit Ma\u00dfen von 6 m x 2,3 m x 2,3 m sofort verf\u00fcgbar. Nutzen Sie jetzt unser Angebot und profitieren Sie von unserem Schlussverkauf neuer Hosekra-Container.<\/p>\n<p>Unsere Container sind aufgrund ihrer hochwertigen Materialien nahezu wartungsfrei und eignen sich f\u00fcr eine Vielzahl von Eins\u00e4tzen \u2013 ob als B\u00fcro, Werkstatt, Lager,\u00a0Garderobe,\u00a0Umkleideraum, Toilette.<\/p>\n<p>&nbsp;<\/p>\n<p>Wir bieten auch individuell anpassbare Containerl\u00f6sungen, die optimal auf Ihre Anforderungen abgestimmt sind.\u00a0k\u00f6nnen aber nach Ihren W\u00fcnschen bis zu einer Gr\u00f6\u00dfe von 8 m L\u00e4nge, 2,85 m Breite und 2,8 m H\u00f6he angepasst werden. F\u00fcr spezifische Bed\u00fcrfnisse ist auch eine Verkleinerung m\u00f6glich, und bei Bedarf bieten wir die Option als Doppelcontainer f\u00fcr mehr Platz.<\/p>\n<p>Zus\u00e4tzlich zur Grundausstattung k\u00f6nnen wir nach Wunsch eine Klimaanlage und ein WC mit Badezimmer installieren.<\/p>\n<p>Der Transport wird separat berechnet und richtet sich nach den gefahrenen Kilometern und Erreichbarkeit des Standortes was der Kunde selber garantieren muss sowie rechtzeitige Vorbereitung von Fundament.<\/p>\n<p>Bitte beachten Sie, dass wir eine vollst\u00e4ndige Bezahlung vor der Lieferung ben\u00f6tigen, um eine reibungslose und effiziente Abwicklung zu gew\u00e4hrleisten.<\/p>\n","protected":false},"excerpt":{"rendered":"<p>Standardcontainer mit Ma\u00dfen von 6 m x 2,3 m x 2,3 m sofort verf\u00fcgbar. Nutzen Sie jetzt unser Angebot und profitieren Sie von unserem Schlussverkauf neuer Hosekra-Container. Unsere Container sind aufgrund ihrer hochwertigen Materialien nahezu wartungsfrei und eignen sich f\u00fcr eine Vielzahl von Eins\u00e4tzen \u2013 ob als B\u00fcro, Werkstatt, Lager,\u00a0Garderobe,\u00a0Umkleideraum, Toilette. &nbsp; Wir bieten auch [&hellip;]<\/p>\n","protected":false},"featured_media":707,"template":"","meta":{"ngg_post_thumbnail":0,"footnotes":""},"product_brand":[],"product_cat":[91],"product_tag":[99],"class_list":{"0":"post-1036","1":"product","2":"type-product","3":"status-publish","4":"has-post-thumbnail","6":"product_cat-containers","7":"product_tag-k10-de","9":"first","10":"instock","11":"sale","12":"shipping-taxable","13":"purchasable","14":"product-type-simple"},"_links":{"self":[{"href":"https:\/\/hosekra.com\/outlet\/de\/wp-json\/wp\/v2\/product\/1036","targetHints":{"allow":["GET"]}}],"collection":[{"href":"https:\/\/hosekra.com\/outlet\/de\/wp-json\/wp\/v2\/product"}],"about":[{"href":"https:\/\/hosekra.com\/outlet\/de\/wp-json\/wp\/v2\/types\/product"}],"version-history":[{"count":0,"href":"https:\/\/hosekra.com\/outlet\/de\/wp-json\/wp\/v2\/product\/1036\/revisions"}],"wp:featuredmedia":[{"embeddable":true,"href":"https:\/\/hosekra.com\/outlet\/de\/wp-json\/wp\/v2\/media\/707"}],"wp:attachment":[{"href":"https:\/\/hosekra.com\/outlet\/de\/wp-json\/wp\/v2\/media?parent=1036"}],"wp:term":[{"taxonomy":"product_brand","embeddable":true,"href":"https:\/\/hosekra.com\/outlet\/de\/wp-json\/wp\/v2\/product_brand?post=1036"},{"taxonomy":"product_cat","embeddable":true,"href":"https:\/\/hosekra.com\/outlet\/de\/wp-json\/wp\/v2\/product_cat?post=1036"},{"taxonomy":"product_tag","embeddable":true,"href":"https:\/\/hosekra.com\/outlet\/de\/wp-json\/wp\/v2\/product_tag?post=1036"}],"curies":[{"name":"wp","href":"https:\/\/api.w.org\/{rel}","templated":true}]}}