{"id":450,"date":"2024-01-21T15:15:57","date_gmt":"2024-01-21T14:15:57","guid":{"rendered":"https:\/\/hosekra.com\/outlet\/?page_id=450"},"modified":"2024-01-21T15:15:57","modified_gmt":"2024-01-21T14:15:57","slug":"piskotki","status":"publish","type":"page","link":"https:\/\/hosekra.com\/outlet\/piskotki\/","title":{"rendered":"Pi\u0161kotki"},"content":{"rendered":"<p>So male besedilne datoteke, ki jih ve\u010dina spletnih mest shrani v naprave, s katerimi uporabniki dostopajo do interneta z namenom prepoznavanja posameznih naprav, ki so jih uporabniki uporabili pri dostopu. Njihovo shranjevanje je pod popolnim nadzorom brskalnika, ki ga ima uporabnik \u2013 ta lahko <strong>shranjevanje pi\u0161kotov po \u017eelji omeji ali onemogo\u010di<\/strong>. Pi\u0161koti <strong>niso \u0161kodljivi <\/strong>in <strong>so vedno \u010dasovno omejeni<\/strong>.<\/p>\n<p><strong>Zakaj so pi\u0161koti potrebni?<\/strong><br \/>\nSo temeljnega pomena za <strong>zagotavljanje uporabniku prijaznih spletnih storitev<\/strong>. Interakcija med spletnim uporabnikom in spletnim mestom je s pomo\u010djo pi\u0161kotov hitrej\u0161a in enostavnej\u0161a. Z njihovo pomo\u010djo si spletno mesto zapomni posameznikove preference in izku\u0161nje, s tem je prihranjen \u010das, brskanje po spletnih mestih pa bolj u\u010dinkovito in prijazno.<\/p>\n<p>Nekaj konkretnih primerov uporabe pi\u0161kotov:<\/p>\n<ul>\n<li><strong>za bolj\u0161o uporabni\u0161ko izku\u0161njo<\/strong> spletne strani obiskovalcem prilagodimo prikaz vsebine glede na pretekle obiske<\/li>\n<li><strong>shranjevanje izbire <\/strong>pri ustvarjanju o\u017ejega izbora naprav in ponudbe ter njihove primerjave<\/li>\n<li>na delih spletnih mestih, kjer je potrebna prijava, <strong>vas ohranimo prijavljene <\/strong><\/li>\n<li>za prepoznavanje va\u0161e naprave (ra\u010dunalnik, tablica, mobitel), ki omogo\u010da <strong>prilagajanje prikaza vsebine va\u0161i napravi <\/strong><\/li>\n<li>za<strong> spremljanje obiska<\/strong>, kar omogo\u010da preverjanje u\u010dinkovitosti prikaza vsebin in ustreznosti oglasov ter stalno izbolj\u0161avo spletnih strani<\/li>\n<li><strong>za delovanje dolo\u010denih storitev so nujni <\/strong>(npr. spletne banke, spletne trgovine in druge oblike e-poslovanja, \u2026)<\/li>\n<\/ul>\n<p><strong>Onemogo\u010denje pi\u0161kotov<\/strong><\/p>\n<p>Vi odlo\u010dite, ali boste dovolili shranjevanje pi\u0161kotov na va\u0161i napravi. Nastavitve za pi\u0161kote lahko nadzirate in spreminjate v va\u0161em spletnem brskalniku.<\/p>\n<p>Za informacije o nastavitvah za pi\u0161kote izberite spletni brskalnik, ki ga uporabljate.<\/p>\n<ul>\n<li><a href=\"http:\/\/windows.microsoft.com\/sl-si\/windows7\/how-to-manage-cookies-in-internet-explorer-9\" target=\"_blank\" rel=\"noopener\">Internet Explorer 9<\/a><\/li>\n<li><a href=\"http:\/\/windows.microsoft.com\/sl-si\/windows-vista\/block-or-allow-cookies\" target=\"_blank\" rel=\"noopener\">Internet Explorer 7 in 8<\/a><\/li>\n<li><a href=\"https:\/\/support.google.com\/chrome\/answer\/95647?hl=sl-sl&amp;p=cpn_cookies\" target=\"_blank\" rel=\"noopener\">Chrome<\/a><\/li>\n<li><a href=\"http:\/\/support.mozilla.org\/sl\/kb\/Kako%20aktivirate%20in%20deaktivirate%20pi%C5%A1kote\" target=\"_blank\" rel=\"noopener\">Firefox<\/a><\/li>\n<li><a href=\"http:\/\/www.opera.com\/help\/tutorials\/security\/cookies\/\" target=\"_blank\" rel=\"noopener\">Opera<\/a> (stran v angle\u0161kem jeziku)<\/li>\n<li><a href=\"http:\/\/support.apple.com\/kb\/PH11913\" target=\"_blank\" rel=\"noopener\">Safari<\/a> (stran v angle\u0161kem jeziku)<\/li>\n<\/ul>\n","protected":false},"excerpt":{"rendered":"<p>So male besedilne datoteke, ki jih ve\u010dina spletnih mest shrani v naprave, s katerimi uporabniki dostopajo do interneta z namenom prepoznavanja posameznih naprav, ki so jih uporabniki uporabili pri dostopu. Njihovo shranjevanje je pod popolnim nadzorom brskalnika, ki ga ima uporabnik \u2013 ta lahko shranjevanje pi\u0161kotov po \u017eelji omeji ali onemogo\u010di. Pi\u0161koti niso \u0161kodljivi in [&hellip;]<\/p>\n","protected":false},"author":1,"featured_media":0,"parent":0,"menu_order":0,"comment_status":"closed","ping_status":"closed","template":"","meta":{"ngg_post_thumbnail":0,"footnotes":""},"class_list":["post-450","page","type-page","status-publish","hentry"],"_links":{"self":[{"href":"https:\/\/hosekra.com\/outlet\/wp-json\/wp\/v2\/pages\/450","targetHints":{"allow":["GET"]}}],"collection":[{"href":"https:\/\/hosekra.com\/outlet\/wp-json\/wp\/v2\/pages"}],"about":[{"href":"https:\/\/hosekra.com\/outlet\/wp-json\/wp\/v2\/types\/page"}],"author":[{"embeddable":true,"href":"https:\/\/hosekra.com\/outlet\/wp-json\/wp\/v2\/users\/1"}],"replies":[{"embeddable":true,"href":"https:\/\/hosekra.com\/outlet\/wp-json\/wp\/v2\/comments?post=450"}],"version-history":[{"count":1,"href":"https:\/\/hosekra.com\/outlet\/wp-json\/wp\/v2\/pages\/450\/revisions"}],"predecessor-version":[{"id":451,"href":"https:\/\/hosekra.com\/outlet\/wp-json\/wp\/v2\/pages\/450\/revisions\/451"}],"wp:attachment":[{"href":"https:\/\/hosekra.com\/outlet\/wp-json\/wp\/v2\/media?parent=450"}],"curies":[{"name":"wp","href":"https:\/\/api.w.org\/{rel}","templated":true}]}}