{"id":452,"date":"2024-01-21T15:16:13","date_gmt":"2024-01-21T14:16:13","guid":{"rendered":"https:\/\/hosekra.com\/outlet\/?page_id=452"},"modified":"2024-01-21T15:16:13","modified_gmt":"2024-01-21T14:16:13","slug":"pravno-obvestilo","status":"publish","type":"page","link":"https:\/\/hosekra.com\/outlet\/pravno-obvestilo\/","title":{"rendered":"Pravno obvestilo"},"content":{"rendered":"<p>Na spletnih straneh predstavljamo splo\u0161ne informacije o dru\u017ebi HOSEKRA D.O.O. njenem poslovanju in njenih proizvodih. Prosimo vas, da natan\u010dno preberete to obvestilo, ki se nana\u0161a na vsakogar, ki obi\u0161\u010de to spletno stran. Z uporabo spletne strani www.hosekra.com uporabnik potrjuje, da je sprejel tu opisane pogoje in se z njimi strinja.<\/p>\n<h5>PRAVNO OBVESTILO SPLETNEGA MESTA HOSEKRA.COM<\/h5>\n<p>Vse pravice so pridr\u017eane. Obvestilo se nana\u0161a na za\u010detno stran in vse podstrani spletnega mesta www.hosekra.com.<\/p>\n<p>Vse informacije in gradiva (pisna in slikovna) na elektronskem naslovu www.hosekra.com so v zakonsko dovoljenem okviru predmet avtorske za\u0161\u010dite ali druge oblike za\u0161\u010dite intelektualne lastnine dru\u017ebe HOSEKRA D.O.O.<\/p>\n<p>Uporabnik lahko uporablja vsebine na spletnem mestu www.hosekra.com izklju\u010dno za svojo osebno, to je nekomercialno rabo. Vsaka druga oblika uporabe vsebin omenjene spletne strani v komercialne namene je prepovedana.<br \/>\nOmejitev uporabe informacij in gradiv<\/p>\n<p>Vse informacije in gradiva (pisna in slikovna), objavljena na spletni strani www.hosekra.com, se lahko reproducirana le v nekomercialne namene, pri \u010demer se morajo ohraniti vsa navedena opozorila o avtorskih ali drugih pravicah.<\/p>\n<p>Informacij in gradiv, objavljenih na teh spletnih staneh, se ne sme prepisovati, razmno\u017eevati ali kako druga\u010de raz\u0161irjati v komercialne namene brez izrecnega pisnega dovoljenja dru\u017ebe HOSEKRA D.O.O. Na vsaki reprodukciji ali primerku vsebine teh spletnih strani mora biti uporabljen znak HOSEKRA D.O.O., v skladu s pravili celostne grafi\u010dne podobe \u2013 vse pravice pridr\u017eane.<\/p>\n<p>To pravno obvestilo lahko dru\u017eba HOSEKRA D.O.O., kadarkoli spremeni in je za uporabnike zavezujo\u010de v vsakokrat spremenjeni obliki, zato priporo\u010damo, da jih v primeru uporabe spremljate na spletni strani www.hosekra.com. Z uporabo teh strani ste izkazali in potrdili, da ste seznanjeni z na\u0161imi pogoji in se z njimi strinjate.<\/p>\n<p>Uporaba spletne strani www.hosekra.com v nasprotju z navedenimi pravili je prepovedana. Uporabnik, ki uporablja spletno stran na na\u010din, ki je v nasprotju z navedenimi pravili, je v celoti materialno in od\u0161kodninsko odgovoren.<br \/>\nOmejitev odgovornosti<\/p>\n<p>Vse informacije in gradiva na www.hosekra.com so informativne narave. Dru\u017eba HOSEKRA D.O.O. se trudi za pravilnost, a\u017eurnost in popolnost podatkov na spletnem mestu www.hosekra.com, vendar za njihovo to\u010dnost in celovitost ne more jam\u010diti in ne prevzema nikakr\u0161ne odgovornosti.<\/p>\n<p>Uporabniki uporabljajo objavljene vsebine na lastno odgovornost. Niti dru\u017eba HOSEKRA D.O.O., niti katerakoli pravna ali fizi\u010dna oseba, ki je sodelovala pri nastanku in izdelavi spletne strani www.hosekra.com ali \u0161e sodeluje pri nadgradnjah, zato ne odgovarja za nobeno \u0161kodo, ki bi izhajala iz dostopa do, uporabe ali ne mo\u017enosti uporabe informacij na teh spletnih straneh ali za kakr\u0161nekoli napake ali pomanjkljivosti v njihovi vsebini.<\/p>\n<p>Dru\u017eba HOSEKRA D.O.O. tudi ne more biti odgovorna za po\u0161kodbe (vklju\u010dno tiste, ki jih povzro\u010dijo virusi) ra\u010dunalni\u0161ke opreme, mobilnih telefonov ali katerekoli druge aplikacije, s katero je mogo\u010de dostopati do spletne strani www.hosekra.com zaradi uporabnikovega obiska strani ali kakr\u0161nekoli njene uporabe.<\/p>\n<p>Dru\u017eba HOSEKRA D.O.O. ni odgovorna za nikakr\u0161no \u0161kodo kakr\u0161nekoli vrste, ki bi utegnila nastati zaradi uporabe ali nezmo\u017enosti uporabe spletne strani www.hosekra.com.<br \/>\nDru\u017eba HOSEKRA D.O.O. si pridr\u017euje pravico, da spremeni vsebino spletne strani www.hosekra.com kadarkoli, na kakr\u0161enkoli na\u010din in ne glede na razlog brez predhodnega obvestila, in ne prevzema nikakr\u0161ne odgovornosti za kakr\u0161nekoli posledice takih sprememb.<\/p>\n","protected":false},"excerpt":{"rendered":"<p>Na spletnih straneh predstavljamo splo\u0161ne informacije o dru\u017ebi HOSEKRA D.O.O. njenem poslovanju in njenih proizvodih. Prosimo vas, da natan\u010dno preberete to obvestilo, ki se nana\u0161a na vsakogar, ki obi\u0161\u010de to spletno stran. Z uporabo spletne strani www.hosekra.com uporabnik potrjuje, da je sprejel tu opisane pogoje in se z njimi strinja. PRAVNO OBVESTILO SPLETNEGA MESTA HOSEKRA.COM [&hellip;]<\/p>\n","protected":false},"author":1,"featured_media":0,"parent":0,"menu_order":0,"comment_status":"closed","ping_status":"closed","template":"","meta":{"ngg_post_thumbnail":0,"footnotes":""},"class_list":["post-452","page","type-page","status-publish","hentry"],"_links":{"self":[{"href":"https:\/\/hosekra.com\/outlet\/wp-json\/wp\/v2\/pages\/452","targetHints":{"allow":["GET"]}}],"collection":[{"href":"https:\/\/hosekra.com\/outlet\/wp-json\/wp\/v2\/pages"}],"about":[{"href":"https:\/\/hosekra.com\/outlet\/wp-json\/wp\/v2\/types\/page"}],"author":[{"embeddable":true,"href":"https:\/\/hosekra.com\/outlet\/wp-json\/wp\/v2\/users\/1"}],"replies":[{"embeddable":true,"href":"https:\/\/hosekra.com\/outlet\/wp-json\/wp\/v2\/comments?post=452"}],"version-history":[{"count":1,"href":"https:\/\/hosekra.com\/outlet\/wp-json\/wp\/v2\/pages\/452\/revisions"}],"predecessor-version":[{"id":453,"href":"https:\/\/hosekra.com\/outlet\/wp-json\/wp\/v2\/pages\/452\/revisions\/453"}],"wp:attachment":[{"href":"https:\/\/hosekra.com\/outlet\/wp-json\/wp\/v2\/media?parent=452"}],"curies":[{"name":"wp","href":"https:\/\/api.w.org\/{rel}","templated":true}]}}