{"id":96,"date":"2023-03-13T21:22:28","date_gmt":"2023-03-13T20:22:28","guid":{"rendered":"https:\/\/hosekra.com\/outlet\/?page_id=96"},"modified":"2026-02-15T16:21:41","modified_gmt":"2026-02-15T15:21:41","slug":"kontakt","status":"publish","type":"page","link":"https:\/\/hosekra.com\/outlet\/kontakt\/","title":{"rendered":"Kontakt"},"content":{"rendered":"<div class=\"row\">\n<div class=\"col-md-6 col-sm-12\">\n<h2>PO IZDELKIH<\/h2>\n<p><!--\/--><\/p>\n<address>\n<b>GARA\u017dE<\/b><br \/>\n<\/address>\n<dl class=\"row\">\n<dt class=\"col-sm-3\">Telefon:<\/dt>\n<dd class=\"col-sm-9\"><a href=\"tel:02 80 55 124\">02 80 55 124<\/a><\/dd>\n<dt class=\"col-sm-3\">Mobilni:<\/dt>\n<dd class=\"col-sm-9\"><a href=\"tel:040 427 292\">040 427 292<\/a> ali <a href=\"tel:031 644 465\">031 644 465<\/a><\/dd>\n<dt class=\"col-sm-3\">E-po\u0161ta:<\/dt>\n<dd class=\"col-sm-9\"><a href=\"mailto:uros.justinek@hosekra.si\">uros.justinek@hosekra.si<\/a> ali <a href=\"mailto:bojana.zivko@hosekra.si\">bojana.zivko@hosekra.si<\/a><\/dd>\n<\/dl>\n<hr>\n<address>\n<b>KONTEJNERJI<\/b><br \/>\n<\/address>\n<dl class=\"row\">\n<dt class=\"col-sm-3\">Telefon:<\/dt>\n<dd class=\"col-sm-9\"><a href=\"tel:02 80 55 124\">02 80 55 124<\/a><\/dd>\n<dt class=\"col-sm-3\">Mobilni:<\/dt>\n<dd class=\"col-sm-9\"><a href=\"tel:040 427 292\">040 427 292<\/a> ali <a href=\"tel:031 644 465\">031 644 465<\/a><\/dd>\n<dt class=\"col-sm-3\">E-po\u0161ta:<\/dt>\n<dd class=\"col-sm-9\"><a href=\"mailto:uros.justinek@hosekra.si\">uros.justinek@hosekra.si<\/a> ali <a href=\"mailto:bojana.zivko@hosekra.si\">bojana.zivko@hosekra.si<\/a><\/dd>\n<\/dl>\n<hr>\n<address>\n<b>MOBILNE HI\u0160KE<\/b><br \/>\n<\/address>\n<dl class=\"row\">\n<dt class=\"col-sm-3\">Telefon:<\/dt>\n<dd class=\"col-sm-9\"><a href=\"tel:02 80 55 121\">02 80 55 121<\/a><\/dd>\n<dt class=\"col-sm-3\">Mobilni:<\/dt>\n<dd class=\"col-sm-9\"><a href=\"tel:030 315 430\">030 315 430<\/a><\/dd>\n<dt class=\"col-sm-3\">E-po\u0161ta:<\/dt>\n<dd class=\"col-sm-9\"><a href=\"mailto:homes@hosekra.si\">homes@hosekra.si<\/a><\/dd>\n<\/dl>\n<hr>\n<address>\n<b>ZUNANJE KUHINJE<\/b><br \/>\n<\/address>\n<dl class=\"row\">\n<dt class=\"col-sm-3\">Telefon:<\/dt>\n<dd class=\"col-sm-9\"><a href=\"tel:02 80 55 120\">02 80 55 120<\/a><\/dd>\n<dt class=\"col-sm-3\">Mobilni:<\/dt>\n<dd class=\"col-sm-9\"><a href=\"tel:031 394 363\">031 394 363<\/a><\/dd>\n<dt class=\"col-sm-3\">E-po\u0161ta:<\/dt>\n<dd class=\"col-sm-9\"><a href=\"mailto:hosekra@hosekra.si\">hosekra@hosekra.si<\/a><\/dd>\n<\/dl>\n<hr>\n<address>\n<b>STREHE<\/b><br \/>\n<\/address>\n<dl class=\"row\">\n<dt class=\"col-sm-3\">Telefon:<\/dt>\n<dd class=\"col-sm-9\"><a href=\"tel:028055120\">02 80 55 120<\/a><\/dd>\n<dt class=\"col-sm-3\">Mobilni:<\/dt>\n<dd class=\"col-sm-9\"><a href=\"tel:031394363\">031 394 363<\/a><\/dd>\n<dt class=\"col-sm-3\">E-po\u0161ta:<\/dt>\n<dd class=\"col-sm-9\"><a href=\"mailto:hosekra@hosekra.si\">hosekra@hosekra.si<\/a><\/dd>\n<\/dl>\n<hr>\n<address>\n<b>NADSTRE\u0160KI<\/b><br \/>\n<\/address>\n<dl class=\"row\">\n<dt class=\"col-sm-3\">Mobilni:<\/dt>\n<dd class=\"col-sm-9\"><a href=\"tel:030 363 264\">030 363 264<\/a><\/dd>\n<dt class=\"col-sm-3\">E-po\u0161ta:<\/dt>\n<dd class=\"col-sm-9\"><a href=\"mailto:profili@hosekra.si\">profili@hosekra.si<\/a><\/dd>\n<\/dl>\n<hr>\n<address>\n<b>PROFILI<\/b><br \/>\n<\/address>\n<dl class=\"row\">\n<dt class=\"col-sm-3\">Mobilni:<\/dt>\n<dd class=\"col-sm-9\"><a href=\"tel:030 363 264\">030 363 264<\/a><\/dd>\n<dt class=\"col-sm-3\">E-po\u0161ta:<\/dt>\n<dd class=\"col-sm-9\"><a href=\"mailto:profili@hosekra.si\">profili@hosekra.si<\/a><\/dd>\n<\/dl>\n<hr>\n<address>\n<b>PRODAJA AVSTRIJSKI TRG<\/b><br \/>\n<\/address>\n<dl class=\"row\">\n<dt class=\"col-sm-3\">Telefon:<\/dt>\n<dd class=\"col-sm-9\"><a href=\"tel:+386 2 80 55 123\">+386 2 80 55 123<\/a><\/dd>\n<dt class=\"col-sm-3\">Mobilni:<\/dt>\n<dd class=\"col-sm-9\"><a href=\"tel:+43 664 2 531 960\">+43 664 2 531 960<\/a><\/dd>\n<dt class=\"col-sm-3\">E-po\u0161ta:<\/dt>\n<dd class=\"col-sm-9\"><a href=\"mailto:office@hosekra.si\">office@hosekra.si<\/a><\/dd>\n<\/dl>\n<p><!--\/--><\/p>\n<\/div>\n<div class=\"col-md-6 col-sm-12\">\n<h2>KONTAKTNI OBRAZEC<\/h2>\n<div class=\"wrapper\">\n\n<div class=\"wpcf7 no-js\" id=\"wpcf7-f4125-o1\" lang=\"sl-SI\" dir=\"ltr\" data-wpcf7-id=\"4125\">\n<div class=\"screen-reader-response\"><p role=\"status\" aria-live=\"polite\" aria-atomic=\"true\"><\/p> <ul><\/ul><\/div>\n<form action=\"\/outlet\/wp-json\/wp\/v2\/pages\/96#wpcf7-f4125-o1\" method=\"post\" class=\"wpcf7-form init\" aria-label=\"Kontaktni obrazec\" novalidate=\"novalidate\" data-status=\"init\">\n<fieldset class=\"hidden-fields-container\"><input type=\"hidden\" name=\"_wpcf7\" value=\"4125\" \/><input type=\"hidden\" name=\"_wpcf7_version\" value=\"6.1.5\" \/><input type=\"hidden\" name=\"_wpcf7_locale\" value=\"sl_SI\" \/><input type=\"hidden\" name=\"_wpcf7_unit_tag\" value=\"wpcf7-f4125-o1\" \/><input type=\"hidden\" name=\"_wpcf7_container_post\" value=\"0\" \/><input type=\"hidden\" name=\"_wpcf7_posted_data_hash\" value=\"\" \/><input type=\"hidden\" name=\"_wpcf7_recaptcha_response\" value=\"\" \/>\n<\/fieldset>\n<table>\n\t<tr>\n\t\t<td width=\"50%\">\n\t\t\t<p><label>Ime *<\/label><span class=\"wpcf7-form-control-wrap\" data-name=\"vnos-ime\"><input size=\"40\" maxlength=\"400\" class=\"wpcf7-form-control wpcf7-text wpcf7-validates-as-required\" aria-required=\"true\" aria-invalid=\"false\" value=\"\" type=\"text\" name=\"vnos-ime\" \/><\/span>\n\t\t\t<\/p>\n\t\t<\/td>\n\t\t<td>\n\t\t\t<p>&nbsp;&nbsp;\n\t\t\t<\/p>\n\t\t<\/td>\n\t\t<td width=\"50%\">\n\t\t\t<p><label>E-naslov *<\/label><span class=\"wpcf7-form-control-wrap\" data-name=\"vnos-email\"><input size=\"40\" maxlength=\"400\" class=\"wpcf7-form-control wpcf7-email wpcf7-validates-as-required wpcf7-text wpcf7-validates-as-email\" aria-required=\"true\" aria-invalid=\"false\" value=\"\" type=\"email\" name=\"vnos-email\" \/><\/span>\n\t\t\t<\/p>\n\t\t<\/td>\n\t<\/tr>\n\t<tr>\n\t\t<td width=\"50%\">\n\t\t\t<p><label>Naslov<\/label><span class=\"wpcf7-form-control-wrap\" data-name=\"vnos-naslov\"><input size=\"40\" maxlength=\"400\" class=\"wpcf7-form-control wpcf7-text\" aria-invalid=\"false\" value=\"\" type=\"text\" name=\"vnos-naslov\" \/><\/span>\n\t\t\t<\/p>\n\t\t<\/td>\n\t\t<td>\n\t\t\t<p>&nbsp;&nbsp;\n\t\t\t<\/p>\n\t\t<\/td>\n\t\t<td width=\"50%\">\n\t\t\t<p><label>Telefon<\/label><span class=\"wpcf7-form-control-wrap\" data-name=\"vnos-telefon\"><input size=\"40\" maxlength=\"400\" class=\"wpcf7-form-control wpcf7-text\" aria-invalid=\"false\" value=\"\" type=\"text\" name=\"vnos-telefon\" \/><\/span>\n\t\t\t<\/p>\n\t\t<\/td>\n\t<\/tr>\n\t<tr>\n\t\t<td width=\"100%\" colspan=\"3\">\n\t\t\t<p><label>Zanima me *<\/label>\n\t\t\t<\/p>\n\t\t\t<p><span class=\"wpcf7-form-control-wrap\" data-name=\"enquiry-type\"><select class=\"wpcf7-form-control wpcf7-select wpcf7-validates-as-required\" aria-required=\"true\" aria-invalid=\"false\" name=\"enquiry-type\"><option value=\"\">&#8212;Izberite mo\u017enost&#8212;<\/option><option value=\"Gara\u017ee\">Gara\u017ee<\/option><option value=\"Kontejnerji\">Kontejnerji<\/option><option value=\"Mobilne hi\u0161ke\">Mobilne hi\u0161ke<\/option><option value=\"Zunanje kuhinje\">Zunanje kuhinje<\/option><option value=\"Strehe\">Strehe<\/option><option value=\"Nadstre\u0161ki\">Nadstre\u0161ki<\/option><option value=\"Profili\">Profili<\/option><\/select><\/span>\n\t\t\t<\/p>\n\t\t<\/td>\n\t<\/tr>\n\t<tr>\n\t\t<td width=\"100%\" colspan=\"3\">\n\t\t\t<p><label>Va\u0161e sporo\u010dilo *<\/label><span class=\"wpcf7-form-control-wrap\" data-name=\"vnos-sporocilo\"><textarea cols=\"40\" rows=\"10\" maxlength=\"2000\" class=\"wpcf7-form-control wpcf7-textarea wpcf7-validates-as-required\" aria-required=\"true\" aria-invalid=\"false\" name=\"vnos-sporocilo\"><\/textarea><\/span>\n\t\t\t<\/p>\n\t\t<\/td>\n\t<\/tr>\n\t<tr>\n\t\t<td width=\"100%\" colspan=\"3\">\n\t\t<span class=\"wpcf7-form-control-wrap recaptcha\" data-name=\"recaptcha\"><span data-sitekey=\"6LfQgi4UAAAAABgCBzXiXg9wvP_Dx3gspxdL3KV1\" class=\"wpcf7-form-control wpcf7-recaptcha g-recaptcha\"><\/span>\r\n<noscript>\r\n\t<div class=\"grecaptcha-noscript\">\r\n\t\t<iframe loading=\"lazy\" src=\"https:\/\/www.google.com\/recaptcha\/api\/fallback?k=6LfQgi4UAAAAABgCBzXiXg9wvP_Dx3gspxdL3KV1\" frameborder=\"0\" scrolling=\"no\" width=\"310\" height=\"430\">\r\n\t\t<\/iframe>\r\n\t\t<textarea name=\"g-recaptcha-response\" rows=\"3\" cols=\"40\" placeholder=\"reCaptcha Response Here\">\r\n\t\t<\/textarea>\r\n\t<\/div>\r\n<\/noscript>\r\n<\/span>\n\t\t<\/td>\n\t<\/tr>\n\t<tr>\n\t\t<td width=\"100%\" colspan=\"3\">\n\t\t\t<p><input class=\"wpcf7-form-control wpcf7-submit has-spinner btn btn-primary\" type=\"submit\" value=\"Po\u0161lji\" \/>\n\t\t\t<\/p>\n\t\t<\/td>\n\t<\/tr>\n<\/table><div class=\"wpcf7-response-output\" aria-hidden=\"true\"><\/div>\n<\/form>\n<\/div>\n\n<\/div>\n<\/div>\n<\/div>\n<p><!--\n[polovica_levo]\n\n\n<h2>GARA\u017dE<\/h2>\n\n\n\n\n\n<dl class=\"row\">\n  \n\n<dt class=\"col-sm-3\">Telefon:<\/dt>\n\n\n  \n\n<dd class=\"col-sm-9\"><a href=\"tel:02 80 55 124\">02 80 55 124<\/a><\/dd>\n\n\n  \n\n<dt class=\"col-sm-3\">Mobilni:<\/dt>\n\n\n  \n\n<dd class=\"col-sm-9\"><a href=\"tel:040 427 292\">040 427 292<\/a> ali <a href=\"tel:031 644 465\">031 644 465<\/a><\/dd>\n\n\n  \n\n<dt class=\"col-sm-3\">E-po\u0161ta:<\/dt>\n\n\n  \n\n<dd class=\"col-sm-9\"><a href=\"mailto:uros.justinek@hosekra.si\">uros.justinek@hosekra.si<\/a> ali <a href=\"mailto:bojana.zivko@hosekra.si\">bojana.zivko@hosekra.si<\/a><\/dd>\n\n\n<\/dl>\n\n\n&nbsp;\n\n\n<hr class=\"hidden-md-up\" \/>\n[\/polovica_levo]\n\n[polovica_desno]\n\n\n<h2>KONTEJNERJI<\/h2>\n\n\n\n\n\n<dl class=\"row\">\n  \n\n<dt class=\"col-sm-3\">Telefon:<\/dt>\n\n\n  \n\n<dd class=\"col-sm-9\"><a href=\"tel:02 80 55 124\">02 80 55 124<\/a><\/dd>\n\n\n  \n\n<dt class=\"col-sm-3\">Mobilni:<\/dt>\n\n\n  \n\n<dd class=\"col-sm-9\"><a href=\"tel:040 427 292\">040 427 292<\/a> ali <a href=\"tel:031 644 465\">031 644 465<\/a><\/dd>\n\n\n  \n\n<dt class=\"col-sm-3\">E-po\u0161ta:<\/dt>\n\n\n  \n\n<dd class=\"col-sm-9\"><a href=\"mailto:uros.justinek@hosekra.si\">uros.justinek@hosekra.si<\/a> ali <a href=\"mailto:bojana.zivko@hosekra.si\">bojana.zivko@hosekra.si<\/a><\/dd>\n\n\n<\/dl>\n\n\n&nbsp;\n\n\n<hr class=\"hidden-md-up\" \/>\n[\/polovica_desno]\n\n\n\n<div class=\"hidden-sm-down\">[polovica_levo]\n\n<hr \/>\n\n[\/polovica_levo][polovica_desno]\n\n<hr \/>\n\n[\/polovica_desno]<\/div>\n\n\n\n[polovica_levo]\n\n\n<h2>MOBILNE HI\u0160KE<\/h2>\n\n\n\n\n\n<dl class=\"row\">\n  \n\n<dt class=\"col-sm-3\">Telefon:<\/dt>\n\n\n  \n\n<dd class=\"col-sm-9\"><a href=\"tel:02 80 55 121\">02 80 55 121<\/a><\/dd>\n\n\n  \n\n<dt class=\"col-sm-3\">Mobilni:<\/dt>\n\n\n  \n\n<dd class=\"col-sm-9\"><a href=\"tel:030 315 430\">030 315 430<\/a><\/dd>\n\n\n  \n\n<dt class=\"col-sm-3\">E-po\u0161ta:<\/dt>\n\n\n  \n\n<dd class=\"col-sm-9\"><a href=\"mailto:homes@hosekra.si\">homes@hosekra.si<\/a><\/dd>\n\n\n<\/dl>\n\n\n&nbsp;\n\n\n<hr class=\"hidden-md-up\" \/>\n[\/polovica_levo]\n\n[polovica_desno]\n\n\n<h2>ZUNANJE KUHINJE<\/h2>\n\n\n\n\n\n<dl class=\"row\">\n  \n\n<dt class=\"col-sm-3\">Telefon:<\/dt>\n\n\n  \n\n<dd class=\"col-sm-9\"><a href=\"tel:02 80 55 120\">02 80 55 120<\/a><\/dd>\n\n\n  \n\n<dt class=\"col-sm-3\">Mobilni:<\/dt>\n\n\n  \n\n<dd class=\"col-sm-9\"><a href=\"tel:031 394 363\">031 394 363<\/a><\/dd>\n\n\n  \n\n<dt class=\"col-sm-3\">E-po\u0161ta:<\/dt>\n\n\n  \n\n<dd class=\"col-sm-9\"><a href=\"mailto:hosekra@hosekra.si\">hosekra@hosekra.si<\/a><\/dd>\n\n\n<\/dl>\n\n\n&nbsp;\n\n\n<hr class=\"hidden-md-up\" \/>\n[\/polovica_desno]\n\n\n\n<div class=\"hidden-sm-down\">[polovica_levo]\n\n<hr \/>\n\n[\/polovica_levo][polovica_desno]\n\n<hr \/>\n\n[\/polovica_desno]<\/div>\n\n\n\n[polovica_levo]\n\n\n<h2>STREHE<\/h2>\n\n\n\n\n\n<dl class=\"row\">\n  \n\n<dt class=\"col-sm-3\">Telefon:<\/dt>\n\n\n  \n\n<dd class=\"col-sm-9\"><a href=\"tel:028055120\">02 80 55 120<\/a><\/dd>\n\n\n  \n\n<dt class=\"col-sm-3\">Mobilni:<\/dt>\n\n\n  \n\n<dd class=\"col-sm-9\"><a href=\"tel:031394363\">031 394 363<\/a><\/dd>\n\n\n  \n\n<dt class=\"col-sm-3\">E-po\u0161ta:<\/dt>\n\n\n  \n\n<dd class=\"col-sm-9\"><a href=\"mailto:hosekra@hosekra.si\">hosekra@hosekra.si<\/a><\/dd>\n\n\n<\/dl>\n\n\n&nbsp;\n\n\n<hr class=\"hidden-md-up\" \/>\n[\/polovica_levo]\n\n[polovica_desno]\n\n\n<h2>NADSTRE\u0160KI<\/h2>\n\n\n\n\n\n<dl class=\"row\">\n  \n\n<dt class=\"col-sm-3\">Mobilni:<\/dt>\n\n\n  \n\n<dd class=\"col-sm-9\"><a href=\"tel:030 363 264\">030 363 264<\/a><\/dd>\n\n\n  \n\n<dt class=\"col-sm-3\">E-po\u0161ta:<\/dt>\n\n\n  \n\n<dd class=\"col-sm-9\"><a href=\"mailto:profili@hosekra.si\">profili@hosekra.si<\/a><\/dd>\n\n\n<\/dl>\n\n\n&nbsp;\n\n\n<hr class=\"hidden-md-up\" \/>\n[\/polovica_desno]\n\n\n\n<div class=\"hidden-sm-down\">[polovica_levo]\n\n<hr \/>\n\n[\/polovica_levo][polovica_desno]\n\n<hr \/>\n\n[\/polovica_desno]<\/div>\n\n\n\n[polovica_levo]\n\n\n<h2>PROFILI<\/h2>\n\n\n\n\n\n<dl class=\"row\">\n  \n\n<dt class=\"col-sm-3\">Mobilni:<\/dt>\n\n\n  \n\n<dd class=\"col-sm-9\"><a href=\"tel:030 363 264\">030 363 264<\/a><\/dd>\n\n\n  \n\n<dt class=\"col-sm-3\">E-po\u0161ta:<\/dt>\n\n\n  \n\n<dd class=\"col-sm-9\"><a href=\"mailto:profili@hosekra.si\">profili@hosekra.si<\/a><\/dd>\n\n\n<\/dl>\n\n\n&nbsp;\n\n\n<hr class=\"hidden-md-up\" \/>\n[\/polovica_levo]\n\n[polovica_desno]\n\n\n<h2>PRODAJA AVSTRIJSKI TRG<\/h2>\n\n\n\n\n\n<dl class=\"row\">\n  \n\n<dt class=\"col-sm-3\">Telefon:<\/dt>\n\n\n  \n\n<dd class=\"col-sm-9\"><a href=\"tel:+386 2 80 55 123\">+386 2 80 55 123<\/a><\/dd>\n\n\n  \n\n<dt class=\"col-sm-3\">Mobilni:<\/dt>\n\n\n  \n\n<dd class=\"col-sm-9\"><a href=\"tel:+43 664 2 531 960\">+43 664 2 531 960<\/a><\/dd>\n\n\n  \n\n<dt class=\"col-sm-3\">E-po\u0161ta:<\/dt>\n\n\n  \n\n<dd class=\"col-sm-9\"><a href=\"mailto:office@hosekra.si\">office@hosekra.si<\/a><\/dd>\n\n\n<\/dl>\n\n\n&nbsp;\n[\/polovica_desno]\n--><\/p>\n","protected":false},"excerpt":{"rendered":"<p>PO IZDELKIH GARA\u017dE Telefon: 02 80 55 124 Mobilni: 040 427 292 ali 031 644 465 E-po\u0161ta: uros.justinek@hosekra.si ali bojana.zivko@hosekra.si KONTEJNERJI Telefon: 02 80 55 124 Mobilni: 040 427 292 ali 031 644 465 E-po\u0161ta: uros.justinek@hosekra.si ali bojana.zivko@hosekra.si MOBILNE HI\u0160KE Telefon: 02 80 55 121 Mobilni: 030 315 430 E-po\u0161ta: homes@hosekra.si ZUNANJE KUHINJE Telefon: 02 [&hellip;]<\/p>\n","protected":false},"author":1,"featured_media":0,"parent":0,"menu_order":0,"comment_status":"closed","ping_status":"closed","template":"contact.php","meta":{"ngg_post_thumbnail":0,"footnotes":""},"class_list":["post-96","page","type-page","status-publish","hentry"],"_links":{"self":[{"href":"https:\/\/hosekra.com\/outlet\/wp-json\/wp\/v2\/pages\/96","targetHints":{"allow":["GET"]}}],"collection":[{"href":"https:\/\/hosekra.com\/outlet\/wp-json\/wp\/v2\/pages"}],"about":[{"href":"https:\/\/hosekra.com\/outlet\/wp-json\/wp\/v2\/types\/page"}],"author":[{"embeddable":true,"href":"https:\/\/hosekra.com\/outlet\/wp-json\/wp\/v2\/users\/1"}],"replies":[{"embeddable":true,"href":"https:\/\/hosekra.com\/outlet\/wp-json\/wp\/v2\/comments?post=96"}],"version-history":[{"count":25,"href":"https:\/\/hosekra.com\/outlet\/wp-json\/wp\/v2\/pages\/96\/revisions"}],"predecessor-version":[{"id":4127,"href":"https:\/\/hosekra.com\/outlet\/wp-json\/wp\/v2\/pages\/96\/revisions\/4127"}],"wp:attachment":[{"href":"https:\/\/hosekra.com\/outlet\/wp-json\/wp\/v2\/media?parent=96"}],"curies":[{"name":"wp","href":"https:\/\/api.w.org\/{rel}","templated":true}]}}