{"id":98,"date":"2023-03-13T21:24:00","date_gmt":"2023-03-13T20:24:00","guid":{"rendered":"https:\/\/hosekra.com\/outlet\/?page_id=98"},"modified":"2025-09-23T10:44:28","modified_gmt":"2025-09-23T08:44:28","slug":"o-outletu","status":"publish","type":"page","link":"https:\/\/hosekra.com\/outlet\/o-outletu\/","title":{"rendered":"O outletu"},"content":{"rendered":"<div class=\"row\"><div class=\"col-sm-6\"><\/p>\n<p class=\"x_MsoNormal\" data-olk-copy-source=\"MessageBody\">Izdelki v OUTLET-u so novi izdelki z vizualnimi ali tehni\u010dnimi napakami in temu primerno zni\u017eana cena.<\/p>\n<p class=\"x_MsoNormal\">Pred nakupom, je priporo\u010dljivo, da si izdelek ogledate v \u017eivo.<\/p>\n<p class=\"x_MsoNormal\">V primeru nakupa velja sistem videno \u2013 kupljeno.<\/p>\n<p class=\"x_MsoNormal\">Vrata in okna je potrebno fino nastaviti v lastni re\u017eiji, po postavitvi na kon\u010dno mesto.<\/p>\n<p class=\"x_MsoNormal\">Popust velja samo za izdelke iz OUTLET-a v primeru naro\u010dila na\u0161ega produkta po lastnih \u017eeljah, ta popust ne velja.<\/p>\n<p class=\"x_MsoNormal\">Vse cene pri izdelkih so brez DDV in brez vklju\u010dene dostave.<\/p>\n<p class=\"x_MsoNormal\">Izdelek mora biti v celoti pla\u010dan pred nakladom.<\/p>\n<p class=\"x_MsoNormal\">Podlago za izdelek pripravi stranka v lastni re\u017eiji, za primernost podlage ne odgovarjamo.<\/p>\n<p class=\"x_MsoNormal\">Izdelki v OUTLETU-u so na voljo to\u010dno tak\u0161ni kot so in ni mo\u017ena nobena dodatna sprememba.<\/p>\n<p>Izdelke imamo na zalogi in si jih lahko ogledate na sede\u017eu podjetja.<\/p>\n<p>Zaloga izdelkov iz programa strehe (strehe, paneli, obrobe,&#8230;) je na voljo na na\u0161i novi lokaciji <strong>Zadru\u017ena ulica 6<\/strong>, 2310 Slovenska Bistrica.<\/p>\n<p>Delovni \u010das: Ponedeljek &#8211; Petek: od 07:00 do 16:00 ure<\/p>\n<p>Za to\u010dno zalogo nas predhodno <a href=\"https:\/\/hosekra.com\/outlet\/kontakt\/\">kontaktirajte<\/a>.<\/p>\n<p><\/div>\n<div class=\"col-sm-6\"><br \/>\n<a href=\"https:\/\/www.leanpay.si\/\" target=\"_blank\" rel=\"noopener\"><img loading=\"lazy\" decoding=\"async\" class=\"alignnone wp-image-8031 size-large\" src=\"https:\/\/www.hosekra.com\/wp-content\/uploads\/Home-page_1200x350_12x84-1024x299.png\" alt=\"\" width=\"1024\" height=\"299\" \/><\/a><\/p>\n<p>Oglejte si vse <a href=\"https:\/\/www.hosekra.com\/group\/nacini-placila\/\">na\u010dine pla\u010dil<\/a>.<\/p>\n<p><\/div><\/div>\n","protected":false},"excerpt":{"rendered":"","protected":false},"author":1,"featured_media":0,"parent":0,"menu_order":0,"comment_status":"closed","ping_status":"closed","template":"","meta":{"ngg_post_thumbnail":0,"footnotes":""},"class_list":["post-98","page","type-page","status-publish","hentry"],"_links":{"self":[{"href":"https:\/\/hosekra.com\/outlet\/wp-json\/wp\/v2\/pages\/98","targetHints":{"allow":["GET"]}}],"collection":[{"href":"https:\/\/hosekra.com\/outlet\/wp-json\/wp\/v2\/pages"}],"about":[{"href":"https:\/\/hosekra.com\/outlet\/wp-json\/wp\/v2\/types\/page"}],"author":[{"embeddable":true,"href":"https:\/\/hosekra.com\/outlet\/wp-json\/wp\/v2\/users\/1"}],"replies":[{"embeddable":true,"href":"https:\/\/hosekra.com\/outlet\/wp-json\/wp\/v2\/comments?post=98"}],"version-history":[{"count":24,"href":"https:\/\/hosekra.com\/outlet\/wp-json\/wp\/v2\/pages\/98\/revisions"}],"predecessor-version":[{"id":3416,"href":"https:\/\/hosekra.com\/outlet\/wp-json\/wp\/v2\/pages\/98\/revisions\/3416"}],"wp:attachment":[{"href":"https:\/\/hosekra.com\/outlet\/wp-json\/wp\/v2\/media?parent=98"}],"curies":[{"name":"wp","href":"https:\/\/api.w.org\/{rel}","templated":true}]}}