{"id":1150,"date":"2024-04-10T11:10:45","date_gmt":"2024-04-10T09:10:45","guid":{"rendered":"https:\/\/hosekra.com\/outlet\/?post_type=product&#038;p=1150"},"modified":"2024-04-18T11:11:16","modified_gmt":"2024-04-18T09:11:16","slug":"stresne-kritine-ostanki","status":"publish","type":"product","link":"https:\/\/hosekra.com\/outlet\/izdelek\/stresne-kritine-ostanki\/","title":{"rendered":"Stre\u0161ne kritine &#8211; 2. klasa"},"content":{"rendered":"<p>Razli\u010dni kosi razli\u010dnih oblik in dol\u017ein.\u00a0 <a href=\"https:\/\/www.hosekra.com\/strehe\/stresne-kritine\/stresna-kritina-tp20\/\">TP20<\/a>, <a href=\"https:\/\/www.hosekra.com\/strehe\/stresne-kritine\/stresna-kritina-t4\/\">T4<\/a>, <a href=\"https:\/\/www.hosekra.com\/strehe\/stresne-kritine\/stresna-kritina-valmetal\/\">VALMETAL<\/a>&#8230;<\/p>\n","protected":false},"excerpt":{"rendered":"<p>Razli\u010dni kosi razli\u010dnih oblik in dol\u017ein.\u00a0 TP20, T4, VALMETAL&#8230;<\/p>\n","protected":false},"featured_media":1162,"template":"","meta":{"ngg_post_thumbnail":0,"footnotes":""},"product_brand":[],"product_cat":[20],"product_tag":[],"class_list":{"0":"post-1150","1":"product","2":"type-product","3":"status-publish","4":"has-post-thumbnail","6":"product_cat-strehe","8":"first","9":"instock","10":"sale","11":"shipping-taxable","12":"purchasable","13":"product-type-simple"},"_links":{"self":[{"href":"https:\/\/hosekra.com\/outlet\/wp-json\/wp\/v2\/product\/1150","targetHints":{"allow":["GET"]}}],"collection":[{"href":"https:\/\/hosekra.com\/outlet\/wp-json\/wp\/v2\/product"}],"about":[{"href":"https:\/\/hosekra.com\/outlet\/wp-json\/wp\/v2\/types\/product"}],"version-history":[{"count":0,"href":"https:\/\/hosekra.com\/outlet\/wp-json\/wp\/v2\/product\/1150\/revisions"}],"wp:featuredmedia":[{"embeddable":true,"href":"https:\/\/hosekra.com\/outlet\/wp-json\/wp\/v2\/media\/1162"}],"wp:attachment":[{"href":"https:\/\/hosekra.com\/outlet\/wp-json\/wp\/v2\/media?parent=1150"}],"wp:term":[{"taxonomy":"product_brand","embeddable":true,"href":"https:\/\/hosekra.com\/outlet\/wp-json\/wp\/v2\/product_brand?post=1150"},{"taxonomy":"product_cat","embeddable":true,"href":"https:\/\/hosekra.com\/outlet\/wp-json\/wp\/v2\/product_cat?post=1150"},{"taxonomy":"product_tag","embeddable":true,"href":"https:\/\/hosekra.com\/outlet\/wp-json\/wp\/v2\/product_tag?post=1150"}],"curies":[{"name":"wp","href":"https:\/\/api.w.org\/{rel}","templated":true}]}}