{"id":1422,"date":"2025-09-04T11:45:16","date_gmt":"2025-09-04T09:45:16","guid":{"rendered":"https:\/\/hosekra.com\/outlet\/?post_type=product&#038;p=1422"},"modified":"2026-01-14T08:48:50","modified_gmt":"2026-01-14T07:48:50","slug":"letna-kuhinja-s-poviskom-200cm","status":"publish","type":"product","link":"https:\/\/hosekra.com\/outlet\/izdelek\/letna-kuhinja-s-poviskom-200cm\/","title":{"rendered":"Letna kuhinja s povi\u0161kom 200cm (160)"},"content":{"rendered":"<p>Kovinska letna Kuhinja s povi\u0161kom 200 cm, dvojna drsna vrata, korito, Kerrock pult s povi\u0161kom, z notranjimi policami, lamelna vrata, grelna pipa.<\/p>\n<p>Hosekrina zunanja kuhinja je zasnovana za brezskrbno uporabo na prostem, saj so vsi sestavni deli izjemno trpe\u017eni in odporni na vremenske vplive.<\/p>\n<ul>\n<li>Ogrodje iz Magnelis pocinkanega jekla nudi odli\u010dno za\u0161\u010dito pred korozijo.<\/li>\n<li>Kerrock pult pa je odporen na vse vremenske razmere, od vro\u010dine do mraza.<\/li>\n<li>Kuhinja ima drsna vrata z aluminijastim okvirjem in vodoodporne notranje police, ki so preproste za \u010di\u0161\u010denje.<\/li>\n<li>Grelna pipa omogo\u010da takoj\u0161njo toplo vodo, inox korito pa zagotavlja eleganten videz in trajnost.<\/li>\n<li>Celoten dizajn zagotavlja dolgoletno vzdr\u017eljivost in funkcionalnost.<\/li>\n<\/ul>\n","protected":false},"excerpt":{"rendered":"<p>Kovinska letna Kuhinja s povi\u0161kom 200 cm, dvojna drsna vrata, korito, Kerrock pult s povi\u0161kom, z notranjimi policami, lamelna vrata, grelna pipa. Hosekrina zunanja kuhinja je zasnovana za brezskrbno uporabo na prostem, saj so vsi sestavni deli izjemno trpe\u017eni in odporni na vremenske vplive. Ogrodje iz Magnelis pocinkanega jekla nudi odli\u010dno za\u0161\u010dito pred korozijo. Kerrock [&hellip;]<\/p>\n","protected":false},"featured_media":1424,"template":"","meta":{"ngg_post_thumbnail":0,"footnotes":""},"product_brand":[],"product_cat":[18],"product_tag":[],"class_list":{"0":"post-1422","1":"product","2":"type-product","3":"status-publish","4":"has-post-thumbnail","6":"product_cat-letne-kuhinje","8":"first","9":"instock","10":"sale","11":"virtual","12":"purchasable","13":"product-type-simple"},"_links":{"self":[{"href":"https:\/\/hosekra.com\/outlet\/wp-json\/wp\/v2\/product\/1422","targetHints":{"allow":["GET"]}}],"collection":[{"href":"https:\/\/hosekra.com\/outlet\/wp-json\/wp\/v2\/product"}],"about":[{"href":"https:\/\/hosekra.com\/outlet\/wp-json\/wp\/v2\/types\/product"}],"version-history":[{"count":2,"href":"https:\/\/hosekra.com\/outlet\/wp-json\/wp\/v2\/product\/1422\/revisions"}],"predecessor-version":[{"id":3763,"href":"https:\/\/hosekra.com\/outlet\/wp-json\/wp\/v2\/product\/1422\/revisions\/3763"}],"wp:featuredmedia":[{"embeddable":true,"href":"https:\/\/hosekra.com\/outlet\/wp-json\/wp\/v2\/media\/1424"}],"wp:attachment":[{"href":"https:\/\/hosekra.com\/outlet\/wp-json\/wp\/v2\/media?parent=1422"}],"wp:term":[{"taxonomy":"product_brand","embeddable":true,"href":"https:\/\/hosekra.com\/outlet\/wp-json\/wp\/v2\/product_brand?post=1422"},{"taxonomy":"product_cat","embeddable":true,"href":"https:\/\/hosekra.com\/outlet\/wp-json\/wp\/v2\/product_cat?post=1422"},{"taxonomy":"product_tag","embeddable":true,"href":"https:\/\/hosekra.com\/outlet\/wp-json\/wp\/v2\/product_tag?post=1422"}],"curies":[{"name":"wp","href":"https:\/\/api.w.org\/{rel}","templated":true}]}}