{"id":1439,"date":"2024-06-18T11:31:49","date_gmt":"2024-06-18T09:31:49","guid":{"rendered":"https:\/\/hosekra.com\/outlet\/?post_type=product&#038;p=1439"},"modified":"2024-07-12T10:34:31","modified_gmt":"2024-07-12T08:34:31","slug":"eko-max-mobilna-hiska-4x8m-bela-delux-3","status":"publish","type":"product","link":"https:\/\/hosekra.com\/outlet\/izdelek\/eko-max-mobilna-hiska-4x8m-bela-delux-3\/","title":{"rendered":"EKO MAX MOBILNA HI\u0160KA 4X8M bela &#8211; DELUX"},"content":{"rendered":"<p>CENA 18.905,\u00a0 ZNI\u017dANA 5%<\/p>\n<p>MOBILNA HI\u0160KA EKO MAX DELUX &#8211; EKSPONAT NA VOLJO TAKOJ BREZ DEKORACIJE!<br \/>\nOgled je mo\u017een na na\u0161em sede\u017eu v Slovenski Bistrici.<\/p>\n<p>Hi\u0161ica HOSEKRA EKO MAX DELUX(4x8m) je lahko va\u0161a \u017ee za 23.065,00 eur z v\u0161tetim 22% DDV.<br \/>\nCena je za hi\u0161ico Z VSO OPREMO (kopalnica, kuhinja, dnevni prostor in 2 spalnici). Dodatno je mo\u017eno naro\u010diti tudi teraso, cena terase 3x8m je 2.305,8 eur z v\u0161tetim 22% DDV.<\/p>\n<p>Uredimo vam lahko celotno postavitev hi\u0161ice, torej organiziramo prevoz, postavitev, ter postavitev terase, cena je odvisna od lokacije.<\/p>\n","protected":false},"excerpt":{"rendered":"<p>CENA 18.905,\u00a0 ZNI\u017dANA 5% MOBILNA HI\u0160KA EKO MAX DELUX &#8211; EKSPONAT NA VOLJO TAKOJ BREZ DEKORACIJE! Ogled je mo\u017een na na\u0161em sede\u017eu v Slovenski Bistrici. Hi\u0161ica HOSEKRA EKO MAX DELUX(4x8m) je lahko va\u0161a \u017ee za 23.065,00 eur z v\u0161tetim 22% DDV. Cena je za hi\u0161ico Z VSO OPREMO (kopalnica, kuhinja, dnevni prostor in 2 spalnici). [&hellip;]<\/p>\n","protected":false},"featured_media":1440,"template":"","meta":{"ngg_post_thumbnail":0,"footnotes":""},"product_brand":[],"product_cat":[17],"product_tag":[34],"class_list":{"0":"post-1439","1":"product","2":"type-product","3":"status-publish","4":"has-post-thumbnail","6":"product_cat-mobilne-hiske","7":"product_tag-eko","9":"first","10":"instock","11":"sale","12":"virtual","13":"purchasable","14":"product-type-simple"},"_links":{"self":[{"href":"https:\/\/hosekra.com\/outlet\/wp-json\/wp\/v2\/product\/1439","targetHints":{"allow":["GET"]}}],"collection":[{"href":"https:\/\/hosekra.com\/outlet\/wp-json\/wp\/v2\/product"}],"about":[{"href":"https:\/\/hosekra.com\/outlet\/wp-json\/wp\/v2\/types\/product"}],"version-history":[{"count":0,"href":"https:\/\/hosekra.com\/outlet\/wp-json\/wp\/v2\/product\/1439\/revisions"}],"wp:featuredmedia":[{"embeddable":true,"href":"https:\/\/hosekra.com\/outlet\/wp-json\/wp\/v2\/media\/1440"}],"wp:attachment":[{"href":"https:\/\/hosekra.com\/outlet\/wp-json\/wp\/v2\/media?parent=1439"}],"wp:term":[{"taxonomy":"product_brand","embeddable":true,"href":"https:\/\/hosekra.com\/outlet\/wp-json\/wp\/v2\/product_brand?post=1439"},{"taxonomy":"product_cat","embeddable":true,"href":"https:\/\/hosekra.com\/outlet\/wp-json\/wp\/v2\/product_cat?post=1439"},{"taxonomy":"product_tag","embeddable":true,"href":"https:\/\/hosekra.com\/outlet\/wp-json\/wp\/v2\/product_tag?post=1439"}],"curies":[{"name":"wp","href":"https:\/\/api.w.org\/{rel}","templated":true}]}}