{"id":1442,"date":"2024-06-18T11:41:14","date_gmt":"2024-06-18T09:41:14","guid":{"rendered":"https:\/\/hosekra.com\/outlet\/?post_type=product&#038;p=1442"},"modified":"2024-07-12T10:44:27","modified_gmt":"2024-07-12T08:44:27","slug":"mobilna-hiska-eko-panorama-2","status":"publish","type":"product","link":"https:\/\/hosekra.com\/outlet\/izdelek\/mobilna-hiska-eko-panorama-2\/","title":{"rendered":"Mobilna Hi\u0161ka EKO PANORAMA"},"content":{"rendered":"<p>MOBILNA HI\u0160KA EKO PANORAMA &#8211; ODPRODAJA EKSPONATA<br \/>\nOgled je mo\u017een na na\u0161em sede\u017eu v Slovenski Bistrici.<\/p>\n<p>Hi\u0161ica EKO PANORAMA (3x8m) je lahko va\u0161a \u017ee za 17.740,00 eur z v\u0161tetim 22% DDV.<br \/>\nCena je za hi\u0161ico Z VSO OPREMO (kopalnica, kuhinja, dnevni prostor in 2 spalnici). Dodatno je mo\u017eno naro\u010diti tudi teraso, cena terase 3x8m je 2.305,8 eur z v\u0161tetim 22% DDV.<\/p>\n<p>Uredimo vam lahko celotno postavitev hi\u0161ice, torej organiziramo prevoz, postavitev, ter postavitev terase, cena je odvisna od lokacije.<\/p>\n","protected":false},"excerpt":{"rendered":"<p>MOBILNA HI\u0160KA EKO PANORAMA &#8211; ODPRODAJA EKSPONATA Ogled je mo\u017een na na\u0161em sede\u017eu v Slovenski Bistrici. Hi\u0161ica EKO PANORAMA (3x8m) je lahko va\u0161a \u017ee za 17.740,00 eur z v\u0161tetim 22% DDV. Cena je za hi\u0161ico Z VSO OPREMO (kopalnica, kuhinja, dnevni prostor in 2 spalnici). Dodatno je mo\u017eno naro\u010diti tudi teraso, cena terase 3x8m je [&hellip;]<\/p>\n","protected":false},"featured_media":1444,"template":"","meta":{"ngg_post_thumbnail":0,"footnotes":""},"product_brand":[],"product_cat":[17],"product_tag":[],"class_list":{"0":"post-1442","1":"product","2":"type-product","3":"status-publish","4":"has-post-thumbnail","6":"product_cat-mobilne-hiske","8":"first","9":"instock","10":"sale","11":"virtual","12":"purchasable","13":"product-type-simple"},"_links":{"self":[{"href":"https:\/\/hosekra.com\/outlet\/wp-json\/wp\/v2\/product\/1442","targetHints":{"allow":["GET"]}}],"collection":[{"href":"https:\/\/hosekra.com\/outlet\/wp-json\/wp\/v2\/product"}],"about":[{"href":"https:\/\/hosekra.com\/outlet\/wp-json\/wp\/v2\/types\/product"}],"version-history":[{"count":0,"href":"https:\/\/hosekra.com\/outlet\/wp-json\/wp\/v2\/product\/1442\/revisions"}],"wp:featuredmedia":[{"embeddable":true,"href":"https:\/\/hosekra.com\/outlet\/wp-json\/wp\/v2\/media\/1444"}],"wp:attachment":[{"href":"https:\/\/hosekra.com\/outlet\/wp-json\/wp\/v2\/media?parent=1442"}],"wp:term":[{"taxonomy":"product_brand","embeddable":true,"href":"https:\/\/hosekra.com\/outlet\/wp-json\/wp\/v2\/product_brand?post=1442"},{"taxonomy":"product_cat","embeddable":true,"href":"https:\/\/hosekra.com\/outlet\/wp-json\/wp\/v2\/product_cat?post=1442"},{"taxonomy":"product_tag","embeddable":true,"href":"https:\/\/hosekra.com\/outlet\/wp-json\/wp\/v2\/product_tag?post=1442"}],"curies":[{"name":"wp","href":"https:\/\/api.w.org\/{rel}","templated":true}]}}