{"id":1481,"date":"2024-07-12T11:18:33","date_gmt":"2024-07-12T09:18:33","guid":{"rendered":"https:\/\/hosekra.com\/outlet\/?post_type=product&#038;p=1481"},"modified":"2024-11-12T09:03:11","modified_gmt":"2024-11-12T08:03:11","slug":"nadstresek-za-en-avtomobil-6x3-razstavni-eksponat","status":"publish","type":"product","link":"https:\/\/hosekra.com\/outlet\/izdelek\/nadstresek-za-en-avtomobil-6x3-razstavni-eksponat\/","title":{"rendered":"Nadstre\u0161ek za en avtomobil 6&#215;3 &#8211; RAZSTAVNI EKSPONAT"},"content":{"rendered":"<p>Prakti\u010den kovinski nadstre\u0161ek za za\u0161\u010dito va\u0161ega avtomobila pred vremenskimi vplivi. Dimenzije 6&#215;3 metrov, barva antracit, streha je izolirana za dodatno za\u0161\u010dito in trajnost. Nadstre\u0161ek je dobavljiv takoj.<\/p>\n<p>Cena je brez monta\u017ee in brez prevoza.<\/p>\n","protected":false},"excerpt":{"rendered":"<p>Prakti\u010den kovinski nadstre\u0161ek za za\u0161\u010dito va\u0161ega avtomobila pred vremenskimi vplivi. Dimenzije 6&#215;3 metrov, barva antracit, streha je izolirana za dodatno za\u0161\u010dito in trajnost. Nadstre\u0161ek je dobavljiv takoj. Cena je brez monta\u017ee in brez prevoza.<\/p>\n","protected":false},"featured_media":1482,"template":"","meta":{"ngg_post_thumbnail":0,"footnotes":""},"product_brand":[],"product_cat":[117],"product_tag":[],"class_list":{"0":"post-1481","1":"product","2":"type-product","3":"status-publish","4":"has-post-thumbnail","6":"product_cat-nadstreski","8":"first","9":"instock","10":"sale","11":"virtual","12":"purchasable","13":"product-type-simple"},"_links":{"self":[{"href":"https:\/\/hosekra.com\/outlet\/wp-json\/wp\/v2\/product\/1481","targetHints":{"allow":["GET"]}}],"collection":[{"href":"https:\/\/hosekra.com\/outlet\/wp-json\/wp\/v2\/product"}],"about":[{"href":"https:\/\/hosekra.com\/outlet\/wp-json\/wp\/v2\/types\/product"}],"version-history":[{"count":3,"href":"https:\/\/hosekra.com\/outlet\/wp-json\/wp\/v2\/product\/1481\/revisions"}],"predecessor-version":[{"id":2172,"href":"https:\/\/hosekra.com\/outlet\/wp-json\/wp\/v2\/product\/1481\/revisions\/2172"}],"wp:featuredmedia":[{"embeddable":true,"href":"https:\/\/hosekra.com\/outlet\/wp-json\/wp\/v2\/media\/1482"}],"wp:attachment":[{"href":"https:\/\/hosekra.com\/outlet\/wp-json\/wp\/v2\/media?parent=1481"}],"wp:term":[{"taxonomy":"product_brand","embeddable":true,"href":"https:\/\/hosekra.com\/outlet\/wp-json\/wp\/v2\/product_brand?post=1481"},{"taxonomy":"product_cat","embeddable":true,"href":"https:\/\/hosekra.com\/outlet\/wp-json\/wp\/v2\/product_cat?post=1481"},{"taxonomy":"product_tag","embeddable":true,"href":"https:\/\/hosekra.com\/outlet\/wp-json\/wp\/v2\/product_tag?post=1481"}],"curies":[{"name":"wp","href":"https:\/\/api.w.org\/{rel}","templated":true}]}}