{"id":1490,"date":"2024-07-12T11:26:28","date_gmt":"2024-07-12T09:26:28","guid":{"rendered":"https:\/\/hosekra.com\/outlet\/?post_type=product&#038;p=1490"},"modified":"2025-03-21T11:54:18","modified_gmt":"2025-03-21T10:54:18","slug":"garaza-1-velikosti-6mx3m","status":"publish","type":"product","link":"https:\/\/hosekra.com\/outlet\/izdelek\/garaza-1-velikosti-6mx3m\/","title":{"rendered":"Gara\u017ea 6mx3m"},"content":{"rendered":"<p>Gara\u017ea velikosti 6 x 3 metre je zasnovana za zagotavljanje varnega in prakti\u010dnega prostora za shranjevanje vozil ali drugih predmetov. Ima trpe\u017ena vrata Horman za enostaven dostop ter sodoben izgled v antracitni mat barvi, ki se enostavno prilagodi razli\u010dnim okoljem. Zaradi robustne konstrukcije je za\u0161\u010ditena pred vremenskimi vplivi, kar zagotavlja dolgo \u017eivljenjsko dobo. Ta gara\u017ea je idealna za osebno ali poslovno rabo, saj ponuja fleksibilnost in varen prostor za razli\u010dne potrebe.<\/p>\n","protected":false},"excerpt":{"rendered":"<p>Gara\u017ea velikosti 6 x 3 metre je zasnovana za zagotavljanje varnega in prakti\u010dnega prostora za shranjevanje vozil ali drugih predmetov. Ima trpe\u017ena vrata Horman za enostaven dostop ter sodoben izgled v antracitni mat barvi, ki se enostavno prilagodi razli\u010dnim okoljem. Zaradi robustne konstrukcije je za\u0161\u010ditena pred vremenskimi vplivi, kar zagotavlja dolgo \u017eivljenjsko dobo. Ta gara\u017ea [&hellip;]<\/p>\n","protected":false},"featured_media":1276,"template":"","meta":{"ngg_post_thumbnail":0,"footnotes":""},"product_brand":[],"product_cat":[15],"product_tag":[],"class_list":{"0":"post-1490","1":"product","2":"type-product","3":"status-publish","4":"has-post-thumbnail","6":"product_cat-garaze","8":"first","9":"instock","10":"sale","11":"virtual","12":"purchasable","13":"product-type-simple"},"_links":{"self":[{"href":"https:\/\/hosekra.com\/outlet\/wp-json\/wp\/v2\/product\/1490","targetHints":{"allow":["GET"]}}],"collection":[{"href":"https:\/\/hosekra.com\/outlet\/wp-json\/wp\/v2\/product"}],"about":[{"href":"https:\/\/hosekra.com\/outlet\/wp-json\/wp\/v2\/types\/product"}],"version-history":[{"count":1,"href":"https:\/\/hosekra.com\/outlet\/wp-json\/wp\/v2\/product\/1490\/revisions"}],"predecessor-version":[{"id":2690,"href":"https:\/\/hosekra.com\/outlet\/wp-json\/wp\/v2\/product\/1490\/revisions\/2690"}],"wp:featuredmedia":[{"embeddable":true,"href":"https:\/\/hosekra.com\/outlet\/wp-json\/wp\/v2\/media\/1276"}],"wp:attachment":[{"href":"https:\/\/hosekra.com\/outlet\/wp-json\/wp\/v2\/media?parent=1490"}],"wp:term":[{"taxonomy":"product_brand","embeddable":true,"href":"https:\/\/hosekra.com\/outlet\/wp-json\/wp\/v2\/product_brand?post=1490"},{"taxonomy":"product_cat","embeddable":true,"href":"https:\/\/hosekra.com\/outlet\/wp-json\/wp\/v2\/product_cat?post=1490"},{"taxonomy":"product_tag","embeddable":true,"href":"https:\/\/hosekra.com\/outlet\/wp-json\/wp\/v2\/product_tag?post=1490"}],"curies":[{"name":"wp","href":"https:\/\/api.w.org\/{rel}","templated":true}]}}