{"id":1545,"date":"2024-06-12T12:23:11","date_gmt":"2024-06-12T10:23:11","guid":{"rendered":"https:\/\/hosekra.com\/outlet\/?post_type=product&#038;p=1545"},"modified":"2026-02-23T13:11:43","modified_gmt":"2026-02-23T12:11:43","slug":"eko-hiska-3-x-8-delux-bela-osnovna","status":"publish","type":"product","link":"https:\/\/hosekra.com\/outlet\/izdelek\/eko-hiska-3-x-8-delux-bela-osnovna\/","title":{"rendered":"Eko mobilna hi\u0161ka 3 x 8 Delux bela, osnovna"},"content":{"rendered":"<p>Hi\u0161ka ima popolnoma opremljeno kopalnico, kuhinjo, dnevno sobo, ter 2 spalnici, z osnovnim pohi\u0161tvom. Za ve\u010d podrobnisti nas kontaktirajte.<\/p>\n","protected":false},"excerpt":{"rendered":"<p>Hi\u0161ka ima popolnoma opremljeno kopalnico, kuhinjo, dnevno sobo, ter 2 spalnici \u2013 v ceno je vklju\u010deno vse kar je vidno na slikah.<\/p>\n","protected":false},"featured_media":1554,"template":"","meta":{"ngg_post_thumbnail":0,"footnotes":""},"product_brand":[],"product_cat":[17],"product_tag":[],"class_list":{"0":"post-1545","1":"product","2":"type-product","3":"status-publish","4":"has-post-thumbnail","6":"product_cat-mobilne-hiske","8":"first","9":"instock","10":"sale","11":"virtual","12":"purchasable","13":"product-type-simple"},"_links":{"self":[{"href":"https:\/\/hosekra.com\/outlet\/wp-json\/wp\/v2\/product\/1545","targetHints":{"allow":["GET"]}}],"collection":[{"href":"https:\/\/hosekra.com\/outlet\/wp-json\/wp\/v2\/product"}],"about":[{"href":"https:\/\/hosekra.com\/outlet\/wp-json\/wp\/v2\/types\/product"}],"version-history":[{"count":1,"href":"https:\/\/hosekra.com\/outlet\/wp-json\/wp\/v2\/product\/1545\/revisions"}],"predecessor-version":[{"id":4223,"href":"https:\/\/hosekra.com\/outlet\/wp-json\/wp\/v2\/product\/1545\/revisions\/4223"}],"wp:featuredmedia":[{"embeddable":true,"href":"https:\/\/hosekra.com\/outlet\/wp-json\/wp\/v2\/media\/1554"}],"wp:attachment":[{"href":"https:\/\/hosekra.com\/outlet\/wp-json\/wp\/v2\/media?parent=1545"}],"wp:term":[{"taxonomy":"product_brand","embeddable":true,"href":"https:\/\/hosekra.com\/outlet\/wp-json\/wp\/v2\/product_brand?post=1545"},{"taxonomy":"product_cat","embeddable":true,"href":"https:\/\/hosekra.com\/outlet\/wp-json\/wp\/v2\/product_cat?post=1545"},{"taxonomy":"product_tag","embeddable":true,"href":"https:\/\/hosekra.com\/outlet\/wp-json\/wp\/v2\/product_tag?post=1545"}],"curies":[{"name":"wp","href":"https:\/\/api.w.org\/{rel}","templated":true}]}}