{"id":1588,"date":"2024-07-31T11:05:13","date_gmt":"2024-07-31T09:05:13","guid":{"rendered":"https:\/\/hosekra.com\/outlet\/?post_type=product&#038;p=1588"},"modified":"2024-10-03T12:28:50","modified_gmt":"2024-10-03T10:28:50","slug":"mobilna-hiska-eko-3-x-8m-z-leseno-fasado","status":"publish","type":"product","link":"https:\/\/hosekra.com\/outlet\/izdelek\/mobilna-hiska-eko-3-x-8m-z-leseno-fasado\/","title":{"rendered":"Mobilna hi\u0161ka EKO 3 x 8m z leseno fasado"},"content":{"rendered":"<p>Izkoristite na\u0161o posebno outlet ponudbo in si zagotovite svojo sanjsko mobilno hi\u0161ico HOSEKRA EKO, ki vklju\u010duje tudi \u010dudovito leseno dekoracijo za poseben videz! Ogled je mo\u017een na na\u0161em sede\u017eu v Slovenski Bistrici.<\/p>\n<p>Hi\u0161ica HOSEKRA EKO (3x8m) je lahko va\u0161a \u017ee za 17.555,8 eur z v\u0161tetim 22% DDV.<br \/>\nCena je za hi\u0161ico Z VSO OPREMO (kopalnica, kuhinja, dnevni prostor in 2 spalnici). Dodatno je mo\u017eno naro\u010diti tudi teraso, cena terase 3x8m je 2.305,8 eur z v\u0161tetim 22% DDV.<\/p>\n<p>Uredimo vam lahko celotno postavitev hi\u0161ice, torej organiziramo prevoz, postavitev, ter postavitev terase, cena je odvisna od lokacije.<\/p>\n<p>Za naro\u010dilo VA\u0160E nove HOSEKRA hi\u0161ice, TER ZA MOREBITNA VPRA\u0160ANJA smo vam na voljo na mail:<br \/>\nhomes@hosekra.si ali na telefonski \u0161tevilki: 02 80 55 121 in 030 315 430.<\/p>\n","protected":false},"excerpt":{"rendered":"<p><strong>MOBILNA HI\u0160ICA EKO Z DODATNO LESENO DEKORACIJO &#8211; Na voljo takoj!<\/strong><\/p>\n","protected":false},"featured_media":1591,"template":"","meta":{"ngg_post_thumbnail":0,"footnotes":""},"product_brand":[],"product_cat":[17],"product_tag":[],"class_list":{"0":"post-1588","1":"product","2":"type-product","3":"status-publish","4":"has-post-thumbnail","6":"product_cat-mobilne-hiske","8":"first","9":"instock","10":"sale","11":"virtual","12":"purchasable","13":"product-type-simple"},"_links":{"self":[{"href":"https:\/\/hosekra.com\/outlet\/wp-json\/wp\/v2\/product\/1588","targetHints":{"allow":["GET"]}}],"collection":[{"href":"https:\/\/hosekra.com\/outlet\/wp-json\/wp\/v2\/product"}],"about":[{"href":"https:\/\/hosekra.com\/outlet\/wp-json\/wp\/v2\/types\/product"}],"version-history":[{"count":0,"href":"https:\/\/hosekra.com\/outlet\/wp-json\/wp\/v2\/product\/1588\/revisions"}],"wp:featuredmedia":[{"embeddable":true,"href":"https:\/\/hosekra.com\/outlet\/wp-json\/wp\/v2\/media\/1591"}],"wp:attachment":[{"href":"https:\/\/hosekra.com\/outlet\/wp-json\/wp\/v2\/media?parent=1588"}],"wp:term":[{"taxonomy":"product_brand","embeddable":true,"href":"https:\/\/hosekra.com\/outlet\/wp-json\/wp\/v2\/product_brand?post=1588"},{"taxonomy":"product_cat","embeddable":true,"href":"https:\/\/hosekra.com\/outlet\/wp-json\/wp\/v2\/product_cat?post=1588"},{"taxonomy":"product_tag","embeddable":true,"href":"https:\/\/hosekra.com\/outlet\/wp-json\/wp\/v2\/product_tag?post=1588"}],"curies":[{"name":"wp","href":"https:\/\/api.w.org\/{rel}","templated":true}]}}