{"id":1743,"date":"2024-09-02T11:11:34","date_gmt":"2024-09-02T09:11:34","guid":{"rendered":"https:\/\/hosekra.com\/outlet\/?post_type=product&#038;p=1743"},"modified":"2026-02-12T11:43:37","modified_gmt":"2026-02-12T10:43:37","slug":"kontejner-pisarna-6x25m","status":"publish","type":"product","link":"https:\/\/hosekra.com\/outlet\/izdelek\/kontejner-pisarna-6x25m\/","title":{"rendered":"Kontejner Pisarna 6mx2,5m"},"content":{"rendered":"<p>Antracit sive barve, obilno zastekljen iz vseh strani, za dober pregled nad zunanjim dogajanjem, komplet izoliran, lu\u010d + vti\u010dnica.<\/p>\n<p>Kontejner pisarna 6&#215;2,5 m ima moderno antracitno fasado piano, ki mu daje eleganten in profesionalen videz. Popolnoma izoliran je, z vgrajeno osvetlitvijo in vti\u010dnico za takoj\u0161njo uporabo. Primeren je za pisarni\u0161ke prostore, razstavne prostore, sestanke ali druge profesionalne namene, saj ponuja fleksibilnost in hitro dostopnost. Zaradi svoje prakti\u010dnosti in hitre dostave je idealen za podjetja, ki potrebujejo hitro re\u0161itev za delovni prostor.<\/p>\n","protected":false},"excerpt":{"rendered":"<p>Antracit sive barve, obilno zastekljen iz vseh strani, za dober pregled nad zunanjim dogajanjem, komplet izoliran, lu\u010d + vti\u010dnica. Kontejner pisarna 6&#215;2,5 m ima moderno antracitno fasado piano, ki mu daje eleganten in profesionalen videz. Popolnoma izoliran je, z vgrajeno osvetlitvijo in vti\u010dnico za takoj\u0161njo uporabo. Primeren je za pisarni\u0161ke prostore, razstavne prostore, sestanke ali [&hellip;]<\/p>\n","protected":false},"featured_media":1946,"template":"","meta":{"ngg_post_thumbnail":0,"footnotes":""},"product_brand":[],"product_cat":[16],"product_tag":[],"class_list":{"0":"post-1743","1":"product","2":"type-product","3":"status-publish","4":"has-post-thumbnail","6":"product_cat-kontejnerji","8":"first","9":"onbackorder","10":"shipping-taxable","11":"product-type-simple"},"_links":{"self":[{"href":"https:\/\/hosekra.com\/outlet\/wp-json\/wp\/v2\/product\/1743","targetHints":{"allow":["GET"]}}],"collection":[{"href":"https:\/\/hosekra.com\/outlet\/wp-json\/wp\/v2\/product"}],"about":[{"href":"https:\/\/hosekra.com\/outlet\/wp-json\/wp\/v2\/types\/product"}],"version-history":[{"count":3,"href":"https:\/\/hosekra.com\/outlet\/wp-json\/wp\/v2\/product\/1743\/revisions"}],"predecessor-version":[{"id":2725,"href":"https:\/\/hosekra.com\/outlet\/wp-json\/wp\/v2\/product\/1743\/revisions\/2725"}],"wp:featuredmedia":[{"embeddable":true,"href":"https:\/\/hosekra.com\/outlet\/wp-json\/wp\/v2\/media\/1946"}],"wp:attachment":[{"href":"https:\/\/hosekra.com\/outlet\/wp-json\/wp\/v2\/media?parent=1743"}],"wp:term":[{"taxonomy":"product_brand","embeddable":true,"href":"https:\/\/hosekra.com\/outlet\/wp-json\/wp\/v2\/product_brand?post=1743"},{"taxonomy":"product_cat","embeddable":true,"href":"https:\/\/hosekra.com\/outlet\/wp-json\/wp\/v2\/product_cat?post=1743"},{"taxonomy":"product_tag","embeddable":true,"href":"https:\/\/hosekra.com\/outlet\/wp-json\/wp\/v2\/product_tag?post=1743"}],"curies":[{"name":"wp","href":"https:\/\/api.w.org\/{rel}","templated":true}]}}