{"id":1765,"date":"2024-09-02T12:47:47","date_gmt":"2024-09-02T10:47:47","guid":{"rendered":"https:\/\/hosekra.com\/outlet\/?post_type=product&#038;p=1765"},"modified":"2026-02-12T11:43:08","modified_gmt":"2026-02-12T10:43:08","slug":"kontejner-dvojni-6x46x27m-2","status":"publish","type":"product","link":"https:\/\/hosekra.com\/outlet\/izdelek\/kontejner-dvojni-6x46x27m-2\/","title":{"rendered":"Kontejner Dvojni 6&#215;4,6&#215;2,7m"},"content":{"rendered":"<p>Bele barve, obilno zastekljen iz vseh strani, za dober pregled nad zunanjim dogajanjem, komplet izoliran, lu\u010d + vti\u010dnica. Montiran brez podprnih stebrov na slikah. Streha dvokapnica. Povi\u0161an.<\/p>\n<p>Dvojni kontejner dimenzij 6 x 4,6 x 2,7 metra je odli\u010den za razli\u010dne namene, kot so ve\u010dje pisarne, jedilnice ali delavnice. Zasnovan je za hitro prilagoditev notranjosti, kar omogo\u010da enostavno preureditev v prostor, ki najbolje ustreza va\u0161im potrebam. Prednost tega kontejnerja je odli\u010dna izolacija, ki omogo\u010da uporabo skozi vse leto, medtem ko vgrajene lu\u010di in vti\u010dnice zagotavljajo takoj\u0161njo pripravljenost za uporabo. Zanesljivost, fleksibilnost in enostavna monta\u017ea naredijo ta kontejner idealno izbiro za hitre in funkcionalne poslovne prostore.<\/p>\n","protected":false},"excerpt":{"rendered":"<p>Bele barve, obilno zastekljen iz vseh strani, za dober pregled nad zunanjim dogajanjem, komplet izoliran, lu\u010d + vti\u010dnica. Montiran brez podprnih stebrov na slikah. Streha dvokapnica. Povi\u0161an. Dvojni kontejner dimenzij 6 x 4,6 x 2,7 metra je odli\u010den za razli\u010dne namene, kot so ve\u010dje pisarne, jedilnice ali delavnice. Zasnovan je za hitro prilagoditev notranjosti, kar [&hellip;]<\/p>\n","protected":false},"featured_media":1940,"template":"","meta":{"ngg_post_thumbnail":0,"footnotes":""},"product_brand":[],"product_cat":[16],"product_tag":[],"class_list":{"0":"post-1765","1":"product","2":"type-product","3":"status-publish","4":"has-post-thumbnail","6":"product_cat-kontejnerji","8":"first","9":"onbackorder","10":"shipping-taxable","11":"product-type-simple"},"_links":{"self":[{"href":"https:\/\/hosekra.com\/outlet\/wp-json\/wp\/v2\/product\/1765","targetHints":{"allow":["GET"]}}],"collection":[{"href":"https:\/\/hosekra.com\/outlet\/wp-json\/wp\/v2\/product"}],"about":[{"href":"https:\/\/hosekra.com\/outlet\/wp-json\/wp\/v2\/types\/product"}],"version-history":[{"count":2,"href":"https:\/\/hosekra.com\/outlet\/wp-json\/wp\/v2\/product\/1765\/revisions"}],"predecessor-version":[{"id":2723,"href":"https:\/\/hosekra.com\/outlet\/wp-json\/wp\/v2\/product\/1765\/revisions\/2723"}],"wp:featuredmedia":[{"embeddable":true,"href":"https:\/\/hosekra.com\/outlet\/wp-json\/wp\/v2\/media\/1940"}],"wp:attachment":[{"href":"https:\/\/hosekra.com\/outlet\/wp-json\/wp\/v2\/media?parent=1765"}],"wp:term":[{"taxonomy":"product_brand","embeddable":true,"href":"https:\/\/hosekra.com\/outlet\/wp-json\/wp\/v2\/product_brand?post=1765"},{"taxonomy":"product_cat","embeddable":true,"href":"https:\/\/hosekra.com\/outlet\/wp-json\/wp\/v2\/product_cat?post=1765"},{"taxonomy":"product_tag","embeddable":true,"href":"https:\/\/hosekra.com\/outlet\/wp-json\/wp\/v2\/product_tag?post=1765"}],"curies":[{"name":"wp","href":"https:\/\/api.w.org\/{rel}","templated":true}]}}