{"id":1989,"date":"2024-09-12T09:51:06","date_gmt":"2024-09-12T07:51:06","guid":{"rendered":"https:\/\/hosekra.com\/outlet\/?post_type=product&#038;p=1989"},"modified":"2026-02-23T13:11:28","modified_gmt":"2026-02-23T12:11:28","slug":"eko-hiska-3-x-8m","status":"publish","type":"product","link":"https:\/\/hosekra.com\/outlet\/izdelek\/eko-hiska-3-x-8m\/","title":{"rendered":"Eko mobillna hi\u0161ka 3 x 8m s kovinsko fasado"},"content":{"rendered":"<p>Bivalna mobilna hi\u0161ka 3&#215;8 m z dodatno 10 cm \u00a0izolacijo \u2013 posebna ugodna cena!<\/p>\n<p>Na voljo in dobavljiva takoj \u00a0je nova bivalna mobilna hi\u0161ka velikosti 3&#215;8 m. Hi\u0161ka je \u00a0primerna za celoletno bivanje in jo trenutno ponujamo po izjemno ugodni, zni\u017eani ceni! To je odli\u010dna prilo\u017enost za vse, ki i\u0161\u010dete trajno ali sezonsko bivalno re\u0161itev.<\/p>\n<p>Mobilna hi\u0161ka je zasnovana tako, da nudi popolno udobje ne glede na vremenske razmere. Izjemna izolacija zagotavlja energetsko u\u010dinkovitost in prijetno bivalno okolje. Odli\u010dna izbira za vikend, sezonsko bivanje ali celo kot trajno stanovanje!<\/p>\n<p>Hi\u0161ica HOSEKRA EKO (3x8m) je lahko va\u0161a \u017ee za 18.290,00 eur z v\u0161tetim 22% DDV.<\/p>\n<p>Cena je za hi\u0161ico Z VSO OPREMO (kopalnica, kuhinja, dnevni prostor in 2 spalnici). Dodatno je mo\u017eno naro\u010diti tudi teraso, cena terase 3x8m je 2.305,8 eur z v\u0161tetim 22% DDV.<\/p>\n<p>Uredimo vam lahko celotno postavitev hi\u0161ice, torej organiziramo prevoz, postavitev, ter postavitev terase, cena je odvisna od lokacije.<br \/>\nZa naro\u010dilo VA\u0160E nove HOSEKRA hi\u0161ice, TER ZA MOREBITNA VPRA\u0160ANJA smo vam na voljo na mail:<\/p>\n<p>homes@hosekra.si ali na telefonski \u0161tevilki: 02 80 55 121 in 030 315 430.<br \/>\nGalerija slik:<br \/>\nhttps:\/\/www.hosekra.com\/homes\/galerija\/eko\/<\/p>\n","protected":false},"excerpt":{"rendered":"<p>Bivalna mobilna hi\u0161ka 3&#215;8 m z dodatno 10 cm \u00a0izolacijo \u2013 posebna ugodna cena! Na voljo in dobavljiva takoj \u00a0je nova bivalna mobilna hi\u0161ka velikosti 3&#215;8 m. Hi\u0161ka je \u00a0primerna za celoletno bivanje in jo trenutno ponujamo po izjemno ugodni, zni\u017eani ceni! To je odli\u010dna prilo\u017enost za vse, ki i\u0161\u010dete trajno ali sezonsko bivalno re\u0161itev. [&hellip;]<\/p>\n","protected":false},"featured_media":1990,"template":"","meta":{"ngg_post_thumbnail":0,"footnotes":""},"product_brand":[],"product_cat":[17],"product_tag":[],"class_list":{"0":"post-1989","1":"product","2":"type-product","3":"status-publish","4":"has-post-thumbnail","6":"product_cat-mobilne-hiske","8":"first","9":"instock","10":"sale","11":"virtual","12":"purchasable","13":"product-type-simple"},"_links":{"self":[{"href":"https:\/\/hosekra.com\/outlet\/wp-json\/wp\/v2\/product\/1989","targetHints":{"allow":["GET"]}}],"collection":[{"href":"https:\/\/hosekra.com\/outlet\/wp-json\/wp\/v2\/product"}],"about":[{"href":"https:\/\/hosekra.com\/outlet\/wp-json\/wp\/v2\/types\/product"}],"version-history":[{"count":1,"href":"https:\/\/hosekra.com\/outlet\/wp-json\/wp\/v2\/product\/1989\/revisions"}],"predecessor-version":[{"id":4222,"href":"https:\/\/hosekra.com\/outlet\/wp-json\/wp\/v2\/product\/1989\/revisions\/4222"}],"wp:featuredmedia":[{"embeddable":true,"href":"https:\/\/hosekra.com\/outlet\/wp-json\/wp\/v2\/media\/1990"}],"wp:attachment":[{"href":"https:\/\/hosekra.com\/outlet\/wp-json\/wp\/v2\/media?parent=1989"}],"wp:term":[{"taxonomy":"product_brand","embeddable":true,"href":"https:\/\/hosekra.com\/outlet\/wp-json\/wp\/v2\/product_brand?post=1989"},{"taxonomy":"product_cat","embeddable":true,"href":"https:\/\/hosekra.com\/outlet\/wp-json\/wp\/v2\/product_cat?post=1989"},{"taxonomy":"product_tag","embeddable":true,"href":"https:\/\/hosekra.com\/outlet\/wp-json\/wp\/v2\/product_tag?post=1989"}],"curies":[{"name":"wp","href":"https:\/\/api.w.org\/{rel}","templated":true}]}}