{"id":2138,"date":"2024-10-08T08:05:10","date_gmt":"2024-10-08T06:05:10","guid":{"rendered":"https:\/\/hosekra.com\/outlet\/?post_type=product&#038;p=2138"},"modified":"2024-12-16T10:32:41","modified_gmt":"2024-12-16T09:32:41","slug":"nadstresek-za-en-avtomobil-6x3-2","status":"publish","type":"product","link":"https:\/\/hosekra.com\/outlet\/izdelek\/nadstresek-za-en-avtomobil-6x3-2\/","title":{"rendered":"Skelet za Nadstre\u0161ek ali ve\u010djo gara\u017eo 8x5x4,5m"},"content":{"rendered":"<p>Profilni skelet za nadstre\u0161ek ali ve\u010djo strojno gara\u017eo primerno za kmetijske stroje, industrijo,delavnico. Mere 8m x 5m x 4,5m. Skupaj 1100kg profilov.<\/p>\n<p>Dobavljivo takoj. Cena je brez monta\u017ee in brez prevoza.<\/p>\n<p>&nbsp;<\/p>\n","protected":false},"excerpt":{"rendered":"<p>Profilni skelet za nadstre\u0161ek ali ve\u010djo strojno gara\u017eo primerno za kmetijske stroje, industrijo,delavnico. Mere 8m x 5m x 4,5m. Skupaj 1100kg profilov. Dobavljivo takoj. Cena je brez monta\u017ee in brez prevoza. &nbsp;<\/p>\n","protected":false},"featured_media":2162,"template":"","meta":{"ngg_post_thumbnail":0,"footnotes":""},"product_brand":[],"product_cat":[118],"product_tag":[],"class_list":{"0":"post-2138","1":"product","2":"type-product","3":"status-publish","4":"has-post-thumbnail","6":"product_cat-profili","8":"first","9":"instock","10":"sale","11":"virtual","12":"purchasable","13":"product-type-simple"},"_links":{"self":[{"href":"https:\/\/hosekra.com\/outlet\/wp-json\/wp\/v2\/product\/2138","targetHints":{"allow":["GET"]}}],"collection":[{"href":"https:\/\/hosekra.com\/outlet\/wp-json\/wp\/v2\/product"}],"about":[{"href":"https:\/\/hosekra.com\/outlet\/wp-json\/wp\/v2\/types\/product"}],"version-history":[{"count":6,"href":"https:\/\/hosekra.com\/outlet\/wp-json\/wp\/v2\/product\/2138\/revisions"}],"predecessor-version":[{"id":2173,"href":"https:\/\/hosekra.com\/outlet\/wp-json\/wp\/v2\/product\/2138\/revisions\/2173"}],"wp:featuredmedia":[{"embeddable":true,"href":"https:\/\/hosekra.com\/outlet\/wp-json\/wp\/v2\/media\/2162"}],"wp:attachment":[{"href":"https:\/\/hosekra.com\/outlet\/wp-json\/wp\/v2\/media?parent=2138"}],"wp:term":[{"taxonomy":"product_brand","embeddable":true,"href":"https:\/\/hosekra.com\/outlet\/wp-json\/wp\/v2\/product_brand?post=2138"},{"taxonomy":"product_cat","embeddable":true,"href":"https:\/\/hosekra.com\/outlet\/wp-json\/wp\/v2\/product_cat?post=2138"},{"taxonomy":"product_tag","embeddable":true,"href":"https:\/\/hosekra.com\/outlet\/wp-json\/wp\/v2\/product_tag?post=2138"}],"curies":[{"name":"wp","href":"https:\/\/api.w.org\/{rel}","templated":true}]}}