{"id":2154,"date":"2024-10-08T08:23:01","date_gmt":"2024-10-08T06:23:01","guid":{"rendered":"https:\/\/hosekra.com\/outlet\/?post_type=product&#038;p=2154"},"modified":"2024-11-20T11:16:41","modified_gmt":"2024-11-20T10:16:41","slug":"nadstresek-za-en-avtomobil-6x3-razstavni-eksponat-2","status":"publish","type":"product","link":"https:\/\/hosekra.com\/outlet\/izdelek\/nadstresek-za-en-avtomobil-6x3-razstavni-eksponat-2\/","title":{"rendered":"Nadstre\u0161ek za en avtomobil 6x3m"},"content":{"rendered":"<p>Prakti\u010den kovinski nadstre\u0161ek za za\u0161\u010dito va\u0161ega avtomobila pred vremenskimi vplivi. Dimenzije 6&#215;3 metrov, barva antracit, streha je izolirana za dodatno za\u0161\u010dito in trajnost. Nadstre\u0161ek je dobavljiv takoj.<\/p>\n<p>Cena je brez monta\u017ee in brez prevoza.<\/p>\n<p>&nbsp;<\/p>\n","protected":false},"excerpt":{"rendered":"<p>Prakti\u010den kovinski nadstre\u0161ek za za\u0161\u010dito va\u0161ega avtomobila pred vremenskimi vplivi. Dimenzije 6&#215;3 metrov, barva antracit, streha je izolirana za dodatno za\u0161\u010dito in trajnost. Nadstre\u0161ek je dobavljiv takoj. Cena je brez monta\u017ee in brez prevoza. &nbsp;<\/p>\n","protected":false},"featured_media":2155,"template":"","meta":{"ngg_post_thumbnail":0,"footnotes":""},"product_brand":[],"product_cat":[117],"product_tag":[],"class_list":{"0":"post-2154","1":"product","2":"type-product","3":"status-publish","4":"has-post-thumbnail","6":"product_cat-nadstreski","8":"first","9":"instock","10":"sale","11":"virtual","12":"purchasable","13":"product-type-simple"},"_links":{"self":[{"href":"https:\/\/hosekra.com\/outlet\/wp-json\/wp\/v2\/product\/2154","targetHints":{"allow":["GET"]}}],"collection":[{"href":"https:\/\/hosekra.com\/outlet\/wp-json\/wp\/v2\/product"}],"about":[{"href":"https:\/\/hosekra.com\/outlet\/wp-json\/wp\/v2\/types\/product"}],"version-history":[{"count":5,"href":"https:\/\/hosekra.com\/outlet\/wp-json\/wp\/v2\/product\/2154\/revisions"}],"predecessor-version":[{"id":2170,"href":"https:\/\/hosekra.com\/outlet\/wp-json\/wp\/v2\/product\/2154\/revisions\/2170"}],"wp:featuredmedia":[{"embeddable":true,"href":"https:\/\/hosekra.com\/outlet\/wp-json\/wp\/v2\/media\/2155"}],"wp:attachment":[{"href":"https:\/\/hosekra.com\/outlet\/wp-json\/wp\/v2\/media?parent=2154"}],"wp:term":[{"taxonomy":"product_brand","embeddable":true,"href":"https:\/\/hosekra.com\/outlet\/wp-json\/wp\/v2\/product_brand?post=2154"},{"taxonomy":"product_cat","embeddable":true,"href":"https:\/\/hosekra.com\/outlet\/wp-json\/wp\/v2\/product_cat?post=2154"},{"taxonomy":"product_tag","embeddable":true,"href":"https:\/\/hosekra.com\/outlet\/wp-json\/wp\/v2\/product_tag?post=2154"}],"curies":[{"name":"wp","href":"https:\/\/api.w.org\/{rel}","templated":true}]}}