{"id":2253,"date":"2024-10-15T10:10:00","date_gmt":"2024-10-15T08:10:00","guid":{"rendered":"https:\/\/hosekra.com\/outlet\/?post_type=product&#038;p=2253"},"modified":"2026-02-23T13:11:06","modified_gmt":"2026-02-23T12:11:06","slug":"eko-hiska-3-x-8m-s-kovinsko-fasado","status":"publish","type":"product","link":"https:\/\/hosekra.com\/outlet\/izdelek\/eko-hiska-3-x-8m-s-kovinsko-fasado\/","title":{"rendered":"Eko mobilna hi\u0161ka 3 x 8m s kovinsko fasado"},"content":{"rendered":"<p class=\"x_MsoNormal\"><b data-olk-copy-source=\"MessageBody\">Mobilna hi\u0161ica HOSEKRA EKO z 5 % popusta \u2013 zagotovite si kakovost!<\/b><\/p>\n<p class=\"x_MsoNormal\"><span lang=\"SL\">\u00a0<\/span><\/p>\n<p class=\"x_MsoNormal\">V na\u0161i outlet ponudbi je zdaj na voljo mobilna hi\u0161ica HOSEKRA EKO (3&#215;8 m) s 5% popustom! Dodatno okno v kuhinji, lo\u010dene postelje in pripravljene in\u0161talacije za pomivalni stroj \u2013 vse to \u017ee vklju\u010deno!<\/p>\n<p>Cena z upo\u0161tevanim popustom: 1<span lang=\"SL\">4<\/span>.<span lang=\"SL\">4<\/span>9<span lang=\"SL\">8<\/span>\u00a0\u20ac\u00a0<span lang=\"SL\">+<\/span>\u00a0DDV!<\/p>\n<p>Cena je za hi\u0161ico Z VSO OPREMO (kopalnica, kuhinja, dnevni prostor in 2 spalnici). Dodatno je mo\u017eno naro\u010diti tudi teraso, cena terase 3x8m je 2.305,8 eur z v\u0161tetim 22% DDV.<\/p>\n<p>Uredimo vam lahko celotno postavitev hi\u0161ice, torej organiziramo prevoz, postavitev, ter postavitev terase, cena je odvisna od lokacije.<br \/>\nZa naro\u010dilo VA\u0160E nove HOSEKRA hi\u0161ice, TER ZA MOREBITNA VPRA\u0160ANJA smo vam na voljo na mail:<\/p>\n<p>homes@hosekra.si ali na telefonski \u0161tevilki: 02 80 55 121 in 030 315 430.<br \/>\nGalerija slik:<br \/>\nhttps:\/\/www.hosekra.com\/homes\/galerija\/eko\/<\/p>\n<p class=\"x_MsoNormal\"><span lang=\"SL\">\u017delim vam prijeten dan,<\/span><\/p>\n<p class=\"x_MsoNormal\"><span lang=\"SL\">Mateja Planinc<\/span><span lang=\"SL\"><br \/>\n<\/span><span lang=\"SL\">Referentka v prodaji mobilnih hi\u0161k<\/span><\/p>\n","protected":false},"excerpt":{"rendered":"<p>Mobilna hi\u0161ica HOSEKRA EKO z 5 % popusta \u2013 zagotovite si kakovost! \u00a0 V na\u0161i outlet ponudbi je zdaj na voljo mobilna hi\u0161ica HOSEKRA EKO (3&#215;8 m) s 5% popustom! Dodatno okno v kuhinji, lo\u010dene postelje in pripravljene in\u0161talacije za pomivalni stroj \u2013 vse to \u017ee vklju\u010deno! Cena z upo\u0161tevanim popustom: 14.498\u00a0\u20ac\u00a0+\u00a0DDV! Cena je za [&hellip;]<\/p>\n","protected":false},"featured_media":2262,"template":"","meta":{"ngg_post_thumbnail":0,"footnotes":""},"product_brand":[],"product_cat":[17],"product_tag":[],"class_list":{"0":"post-2253","1":"product","2":"type-product","3":"status-publish","4":"has-post-thumbnail","6":"product_cat-mobilne-hiske","8":"first","9":"instock","10":"sale","11":"virtual","12":"purchasable","13":"product-type-simple"},"_links":{"self":[{"href":"https:\/\/hosekra.com\/outlet\/wp-json\/wp\/v2\/product\/2253","targetHints":{"allow":["GET"]}}],"collection":[{"href":"https:\/\/hosekra.com\/outlet\/wp-json\/wp\/v2\/product"}],"about":[{"href":"https:\/\/hosekra.com\/outlet\/wp-json\/wp\/v2\/types\/product"}],"version-history":[{"count":3,"href":"https:\/\/hosekra.com\/outlet\/wp-json\/wp\/v2\/product\/2253\/revisions"}],"predecessor-version":[{"id":4220,"href":"https:\/\/hosekra.com\/outlet\/wp-json\/wp\/v2\/product\/2253\/revisions\/4220"}],"wp:featuredmedia":[{"embeddable":true,"href":"https:\/\/hosekra.com\/outlet\/wp-json\/wp\/v2\/media\/2262"}],"wp:attachment":[{"href":"https:\/\/hosekra.com\/outlet\/wp-json\/wp\/v2\/media?parent=2253"}],"wp:term":[{"taxonomy":"product_brand","embeddable":true,"href":"https:\/\/hosekra.com\/outlet\/wp-json\/wp\/v2\/product_brand?post=2253"},{"taxonomy":"product_cat","embeddable":true,"href":"https:\/\/hosekra.com\/outlet\/wp-json\/wp\/v2\/product_cat?post=2253"},{"taxonomy":"product_tag","embeddable":true,"href":"https:\/\/hosekra.com\/outlet\/wp-json\/wp\/v2\/product_tag?post=2253"}],"curies":[{"name":"wp","href":"https:\/\/api.w.org\/{rel}","templated":true}]}}