{"id":2265,"date":"2024-10-12T09:15:23","date_gmt":"2024-10-12T07:15:23","guid":{"rendered":"https:\/\/hosekra.com\/outlet\/?post_type=product&#038;p=2265"},"modified":"2026-02-23T13:11:17","modified_gmt":"2026-02-23T12:11:17","slug":"edinstvena-32-m%c2%b2-hiska-z-2-kopalnicama-in-10-cm-izolacije","status":"publish","type":"product","link":"https:\/\/hosekra.com\/outlet\/izdelek\/edinstvena-32-m%c2%b2-hiska-z-2-kopalnicama-in-10-cm-izolacije\/","title":{"rendered":"Edinstvena 32 m\u00b2 mobilna hi\u0161ka z 2 kopalnicama in 10 cm izolacije"},"content":{"rendered":"<p class=\"x_MsoNormal\">I\u0161\u010dete udobje in luksuz na enem mestu? Potem je na\u0161a HOSEKRA mobilna hi\u0161ka prava izbira za vas! Ne le da je zdaj na voljo po zni\u017eani ceni 2<span lang=\"SL\">1<\/span>.<span lang=\"SL\">7<\/span>90,00 \u20ac\u00a0<span lang=\"SL\">brez\u00a0<\/span>DDV (redna cena: 2<span lang=\"SL\">4<\/span>.<span lang=\"SL\">43<\/span>0,00 \u20ac\u00a0<span lang=\"SL\">brez\u00a0<\/span>DDV), temve\u010d ponuja tudi nekaj redkega v ponudbi \u2013 2 kopalnici in 10 cm debelo izolacijo, kar zagotavlja optimalno bivalno udobje v vseh letnih \u010dasih.<\/p>\n<p>Ta posebna izdaja je odli\u010dna prilo\u017enost, da si zagotovite maksimalno udobje, \u0161e posebej, \u010de jo uporabljate z dru\u017eino ali gostite prijatelje.<\/p>\n<p>Kaj vklju\u010duje na\u0161a mobilna hi\u0161ka?<\/p>\n<p>Cena vklju\u010duje popolnoma opremljeno hi\u0161ko, pripravljeno za takoj\u0161njo uporabo:<\/p>\n<p>&#8211; 2 kopalnici: Ve\u010d zasebnosti in udobja, idealno za ve\u010djo dru\u017eino ali goste.<br \/>\n&#8211; Kuhinja: Prakti\u010dna in moderna, s prostorom za pripravo va\u0161ih najljub\u0161ih jedi.<br \/>\n&#8211; Dnevni prostor: Prostoren in svetel, kot nala\u0161\u010d za dru\u017eenje in sprostitev.<br \/>\n&#8211; 2 spalnici: Za miren spanec in popoln po\u010ditek.<\/p>\n<p>Dodajte \u010dudovito teraso!<\/p>\n<p>\u017delite \u0161e ve\u010d prostora za u\u017eivanje na prostem? Nudimo tudi mo\u017enost dodatne terase velikosti 3 x 8 m za samo 2.305,8 \u20ac (z vklju\u010denim 22 % DDV). Ustvarite si popoln koti\u010dek za sprostitev na sve\u017eem zraku!<\/p>\n<p>Vse na enem mestu \u2013 prevoz in postavitev<\/p>\n<p>Poskrbimo za prevoz in postavitev va\u0161e nove hi\u0161ke, vklju\u010dno s postavitvijo terase. Cena je odvisna od lokacije, vendar vam zagotavljamo enostaven in brezskrben proces od za\u010detka do konca!<\/p>\n<p>Za ve\u010d informacij ali naro\u010dilo svoje nove HOSEKRA mobilne hi\u0161ke nas kontaktirajte:<\/p>\n<p>E-mail: homes@hosekra.si<br \/>\nTelefon: 02 80 55 121 ali 030 315 430<br \/>\nOglejte si galerijo slik in se prepri\u010dajte sami!<\/p>\n<p>Ne zamudite te prilo\u017enosti \u2013 edinstvena hi\u0161ka z 2 kopalnicama in dodatno 10 cm izolacijo po zni\u017eani ceni!<\/p>\n<p class=\"x_MsoNormal\"><span lang=\"SL\">\u00a0<\/span><\/p>\n","protected":false},"excerpt":{"rendered":"<p>I\u0161\u010dete udobje in luksuz na enem mestu? Potem je na\u0161a HOSEKRA mobilna hi\u0161ka prava izbira za vas! Ne le da je zdaj na voljo po zni\u017eani ceni 21.790,00 \u20ac\u00a0brez\u00a0DDV (redna cena: 24.430,00 \u20ac\u00a0brez\u00a0DDV), temve\u010d ponuja tudi nekaj redkega v ponudbi \u2013 2 kopalnici in 10 cm debelo izolacijo, kar zagotavlja optimalno bivalno udobje v vseh [&hellip;]<\/p>\n","protected":false},"featured_media":2274,"template":"","meta":{"ngg_post_thumbnail":0,"footnotes":""},"product_brand":[],"product_cat":[17],"product_tag":[],"class_list":{"0":"post-2265","1":"product","2":"type-product","3":"status-publish","4":"has-post-thumbnail","6":"product_cat-mobilne-hiske","8":"first","9":"instock","10":"sale","11":"virtual","12":"purchasable","13":"product-type-simple"},"_links":{"self":[{"href":"https:\/\/hosekra.com\/outlet\/wp-json\/wp\/v2\/product\/2265","targetHints":{"allow":["GET"]}}],"collection":[{"href":"https:\/\/hosekra.com\/outlet\/wp-json\/wp\/v2\/product"}],"about":[{"href":"https:\/\/hosekra.com\/outlet\/wp-json\/wp\/v2\/types\/product"}],"version-history":[{"count":4,"href":"https:\/\/hosekra.com\/outlet\/wp-json\/wp\/v2\/product\/2265\/revisions"}],"predecessor-version":[{"id":4221,"href":"https:\/\/hosekra.com\/outlet\/wp-json\/wp\/v2\/product\/2265\/revisions\/4221"}],"wp:featuredmedia":[{"embeddable":true,"href":"https:\/\/hosekra.com\/outlet\/wp-json\/wp\/v2\/media\/2274"}],"wp:attachment":[{"href":"https:\/\/hosekra.com\/outlet\/wp-json\/wp\/v2\/media?parent=2265"}],"wp:term":[{"taxonomy":"product_brand","embeddable":true,"href":"https:\/\/hosekra.com\/outlet\/wp-json\/wp\/v2\/product_brand?post=2265"},{"taxonomy":"product_cat","embeddable":true,"href":"https:\/\/hosekra.com\/outlet\/wp-json\/wp\/v2\/product_cat?post=2265"},{"taxonomy":"product_tag","embeddable":true,"href":"https:\/\/hosekra.com\/outlet\/wp-json\/wp\/v2\/product_tag?post=2265"}],"curies":[{"name":"wp","href":"https:\/\/api.w.org\/{rel}","templated":true}]}}