{"id":2382,"date":"2024-09-01T01:53:38","date_gmt":"2024-08-31T23:53:38","guid":{"rendered":"https:\/\/hosekra.com\/outlet\/?post_type=product&#038;p=2382"},"modified":"2025-11-25T09:17:41","modified_gmt":"2025-11-25T08:17:41","slug":"osnovni-kontejner-6x23m-5","status":"publish","type":"product","link":"https:\/\/hosekra.com\/outlet\/izdelek\/osnovni-kontejner-6x23m-5\/","title":{"rendered":"Osnovni Kontejner 6mx2,3m"},"content":{"rendered":"<p>Antraci barva, 1x okno, 1x vrata, Komplet izoliran, lu\u010d + vti\u010dnica<\/p>\n<p>Osnovni kontejner dimenzij 6&#215;2,3 metra v antracitni barvi je prakti\u010dna re\u0161itev za razli\u010dne poslovne in osebne potrebe. Zasnovan je z enim oknom in vrati, ki omogo\u010dajo enostaven dostop in naravno osvetlitev. Notranjost je izolirana, kar zagotavlja udobno temperaturo skozi vse leto. Poleg tega je opremljen z lu\u010djo in vti\u010dnico, kar omogo\u010da takoj\u0161njo uporabo za osnovne elektri\u010dne naprave.<\/p>\n<p>Prednost tega kontejnerja je njegova dostopnost po zni\u017eani ceni, kar pomeni, da gre za odli\u010dno izbiro za vse, ki i\u0161\u010dejo kakovostno in ugodno re\u0161itev.<\/p>\n","protected":false},"excerpt":{"rendered":"<p>Antraci barva, 1x okno, 1x vrata, Komplet izoliran, lu\u010d + vti\u010dnica Osnovni kontejner dimenzij 6&#215;2,3 metra v antracitni barvi je prakti\u010dna re\u0161itev za razli\u010dne poslovne in osebne potrebe. Zasnovan je z enim oknom in vrati, ki omogo\u010dajo enostaven dostop in naravno osvetlitev. Notranjost je izolirana, kar zagotavlja udobno temperaturo skozi vse leto. Poleg tega je [&hellip;]<\/p>\n","protected":false},"featured_media":2390,"template":"","meta":{"ngg_post_thumbnail":0,"footnotes":""},"product_brand":[],"product_cat":[16],"product_tag":[],"class_list":{"0":"post-2382","1":"product","2":"type-product","3":"status-publish","4":"has-post-thumbnail","6":"product_cat-kontejnerji","8":"first","9":"instock","10":"sale","11":"virtual","12":"purchasable","13":"product-type-simple"},"_links":{"self":[{"href":"https:\/\/hosekra.com\/outlet\/wp-json\/wp\/v2\/product\/2382","targetHints":{"allow":["GET"]}}],"collection":[{"href":"https:\/\/hosekra.com\/outlet\/wp-json\/wp\/v2\/product"}],"about":[{"href":"https:\/\/hosekra.com\/outlet\/wp-json\/wp\/v2\/types\/product"}],"version-history":[{"count":2,"href":"https:\/\/hosekra.com\/outlet\/wp-json\/wp\/v2\/product\/2382\/revisions"}],"predecessor-version":[{"id":2714,"href":"https:\/\/hosekra.com\/outlet\/wp-json\/wp\/v2\/product\/2382\/revisions\/2714"}],"wp:featuredmedia":[{"embeddable":true,"href":"https:\/\/hosekra.com\/outlet\/wp-json\/wp\/v2\/media\/2390"}],"wp:attachment":[{"href":"https:\/\/hosekra.com\/outlet\/wp-json\/wp\/v2\/media?parent=2382"}],"wp:term":[{"taxonomy":"product_brand","embeddable":true,"href":"https:\/\/hosekra.com\/outlet\/wp-json\/wp\/v2\/product_brand?post=2382"},{"taxonomy":"product_cat","embeddable":true,"href":"https:\/\/hosekra.com\/outlet\/wp-json\/wp\/v2\/product_cat?post=2382"},{"taxonomy":"product_tag","embeddable":true,"href":"https:\/\/hosekra.com\/outlet\/wp-json\/wp\/v2\/product_tag?post=2382"}],"curies":[{"name":"wp","href":"https:\/\/api.w.org\/{rel}","templated":true}]}}