{"id":2400,"date":"2024-08-05T12:59:24","date_gmt":"2024-08-05T10:59:24","guid":{"rendered":"https:\/\/hosekra.com\/outlet\/?post_type=product&#038;p=2400"},"modified":"2025-03-21T12:58:39","modified_gmt":"2025-03-21T11:58:39","slug":"osnovni-kontejner-6x23m-7","status":"publish","type":"product","link":"https:\/\/hosekra.com\/outlet\/izdelek\/osnovni-kontejner-6x23m-7\/","title":{"rendered":"Osnovni Kontejner 6mx2,3m"},"content":{"rendered":"<p>Osnovni kontejner dimenzij 6&#215;2,3 metra v beli barvi je prakti\u010den in funkcionalen prostor, primeren za razli\u010dne namene. Zasnovan je z enostavnimi linijami, opremljen z eno okno in preklopnimi vrati, kar omogo\u010da dostop in naravno osvetlitev. V notranjosti je \u017ee name\u0161\u010dena lu\u010d in vti\u010dnica, kar omogo\u010da takoj\u0161njo uporabo za osnovne elektri\u010dne potrebe.<\/p>\n<p>Prednost tega kontejnerja je njegova fleksibilnost in hitra dostopnost, saj je \u017ee pripravljen za uporabo in na voljo po ugodni zni\u017eani ceni, kar ga naredi idealnega za hitro postavitev pisarn, skladi\u0161\u010d ali drugih za\u010dasnih prostorov.<\/p>\n","protected":false},"excerpt":{"rendered":"<p>Osnovni kontejner dimenzij 6&#215;2,3 metra v beli barvi je prakti\u010den in funkcionalen prostor, primeren za razli\u010dne namene. Zasnovan je z enostavnimi linijami, opremljen z eno okno in preklopnimi vrati, kar omogo\u010da dostop in naravno osvetlitev. V notranjosti je \u017ee name\u0161\u010dena lu\u010d in vti\u010dnica, kar omogo\u010da takoj\u0161njo uporabo za osnovne elektri\u010dne potrebe. Prednost tega kontejnerja je [&hellip;]<\/p>\n","protected":false},"featured_media":2410,"template":"","meta":{"ngg_post_thumbnail":0,"footnotes":""},"product_brand":[],"product_cat":[16],"product_tag":[],"class_list":{"0":"post-2400","1":"product","2":"type-product","3":"status-publish","4":"has-post-thumbnail","6":"product_cat-kontejnerji","8":"first","9":"instock","10":"sale","11":"virtual","12":"purchasable","13":"product-type-simple"},"_links":{"self":[{"href":"https:\/\/hosekra.com\/outlet\/wp-json\/wp\/v2\/product\/2400","targetHints":{"allow":["GET"]}}],"collection":[{"href":"https:\/\/hosekra.com\/outlet\/wp-json\/wp\/v2\/product"}],"about":[{"href":"https:\/\/hosekra.com\/outlet\/wp-json\/wp\/v2\/types\/product"}],"version-history":[{"count":2,"href":"https:\/\/hosekra.com\/outlet\/wp-json\/wp\/v2\/product\/2400\/revisions"}],"predecessor-version":[{"id":2712,"href":"https:\/\/hosekra.com\/outlet\/wp-json\/wp\/v2\/product\/2400\/revisions\/2712"}],"wp:featuredmedia":[{"embeddable":true,"href":"https:\/\/hosekra.com\/outlet\/wp-json\/wp\/v2\/media\/2410"}],"wp:attachment":[{"href":"https:\/\/hosekra.com\/outlet\/wp-json\/wp\/v2\/media?parent=2400"}],"wp:term":[{"taxonomy":"product_brand","embeddable":true,"href":"https:\/\/hosekra.com\/outlet\/wp-json\/wp\/v2\/product_brand?post=2400"},{"taxonomy":"product_cat","embeddable":true,"href":"https:\/\/hosekra.com\/outlet\/wp-json\/wp\/v2\/product_cat?post=2400"},{"taxonomy":"product_tag","embeddable":true,"href":"https:\/\/hosekra.com\/outlet\/wp-json\/wp\/v2\/product_tag?post=2400"}],"curies":[{"name":"wp","href":"https:\/\/api.w.org\/{rel}","templated":true}]}}