{"id":2413,"date":"2024-08-05T13:02:29","date_gmt":"2024-08-05T11:02:29","guid":{"rendered":"https:\/\/hosekra.com\/outlet\/?post_type=product&#038;p=2413"},"modified":"2025-03-21T12:59:16","modified_gmt":"2025-03-21T11:59:16","slug":"osnovni-kontejner-6x23m-8","status":"publish","type":"product","link":"https:\/\/hosekra.com\/outlet\/izdelek\/osnovni-kontejner-6x23m-8\/","title":{"rendered":"Osnovni Kontejner 6mx2,3m"},"content":{"rendered":"<p>Osnovni kontejner dimenzij 6&#215;2,3 metra je funkcionalen in vsestranski prostor, ki je primeren za razli\u010dne namene. Bele barve s kontrastnimi antracitnimi obrobami, vsebuje eno okno in preklopna vrata, kar zagotavlja svetlost in enostaven dostop. Komplet je popolnoma izoliran, opremljen z lu\u010djo in vti\u010dnico za takoj\u0161njo uporabo. Ta kontejner je idealen za za\u010dasne pisarne, skladi\u0161\u010da ali druge poslovne potrebe.<\/p>\n<p>Prednost: Zaradi svoje preproste in prilagodljive zasnove se lahko uporablja tako za za\u010dasne kot dolgoro\u010dne projekte.<\/p>\n","protected":false},"excerpt":{"rendered":"<p>Osnovni kontejner dimenzij 6&#215;2,3 metra je funkcionalen in vsestranski prostor, ki je primeren za razli\u010dne namene. Bele barve s kontrastnimi antracitnimi obrobami, vsebuje eno okno in preklopna vrata, kar zagotavlja svetlost in enostaven dostop. Komplet je popolnoma izoliran, opremljen z lu\u010djo in vti\u010dnico za takoj\u0161njo uporabo. Ta kontejner je idealen za za\u010dasne pisarne, skladi\u0161\u010da ali [&hellip;]<\/p>\n","protected":false},"featured_media":2404,"template":"","meta":{"ngg_post_thumbnail":0,"footnotes":""},"product_brand":[],"product_cat":[16],"product_tag":[],"class_list":{"0":"post-2413","1":"product","2":"type-product","3":"status-publish","4":"has-post-thumbnail","6":"product_cat-kontejnerji","8":"first","9":"instock","10":"sale","11":"virtual","12":"purchasable","13":"product-type-simple"},"_links":{"self":[{"href":"https:\/\/hosekra.com\/outlet\/wp-json\/wp\/v2\/product\/2413","targetHints":{"allow":["GET"]}}],"collection":[{"href":"https:\/\/hosekra.com\/outlet\/wp-json\/wp\/v2\/product"}],"about":[{"href":"https:\/\/hosekra.com\/outlet\/wp-json\/wp\/v2\/types\/product"}],"version-history":[{"count":2,"href":"https:\/\/hosekra.com\/outlet\/wp-json\/wp\/v2\/product\/2413\/revisions"}],"predecessor-version":[{"id":2711,"href":"https:\/\/hosekra.com\/outlet\/wp-json\/wp\/v2\/product\/2413\/revisions\/2711"}],"wp:featuredmedia":[{"embeddable":true,"href":"https:\/\/hosekra.com\/outlet\/wp-json\/wp\/v2\/media\/2404"}],"wp:attachment":[{"href":"https:\/\/hosekra.com\/outlet\/wp-json\/wp\/v2\/media?parent=2413"}],"wp:term":[{"taxonomy":"product_brand","embeddable":true,"href":"https:\/\/hosekra.com\/outlet\/wp-json\/wp\/v2\/product_brand?post=2413"},{"taxonomy":"product_cat","embeddable":true,"href":"https:\/\/hosekra.com\/outlet\/wp-json\/wp\/v2\/product_cat?post=2413"},{"taxonomy":"product_tag","embeddable":true,"href":"https:\/\/hosekra.com\/outlet\/wp-json\/wp\/v2\/product_tag?post=2413"}],"curies":[{"name":"wp","href":"https:\/\/api.w.org\/{rel}","templated":true}]}}