{"id":2465,"date":"2024-08-12T13:24:04","date_gmt":"2024-08-12T11:24:04","guid":{"rendered":"https:\/\/hosekra.com\/outlet\/?post_type=product&#038;p=2465"},"modified":"2025-02-04T10:53:25","modified_gmt":"2025-02-04T09:53:25","slug":"kontejner-v-antracit-sivi-barvi-6x23m","status":"publish","type":"product","link":"https:\/\/hosekra.com\/outlet\/izdelek\/kontejner-v-antracit-sivi-barvi-6x23m\/","title":{"rendered":"Kontejner v antracit sivi barvi 6mx2,3m"},"content":{"rendered":"<p>Kontejner v antracit sivi barvi, dimenzij 6 x 2,3 metra, je zasnovan za fleksibilne in funkcionalne prostore. Zasnova vklju\u010duje dvojno okno in vrata, kar omogo\u010da enostaven dostop in dobro osvetlitev notranjosti. Ta kontejner je primeren za \u0161tevilne uporabe, kot so pisarne, skladi\u0161\u010da ali za\u010dasni prostori za razli\u010dne dejavnosti. Prednost tega kontejnerja je njegova elegantna in moderna barva antracit, ki se lepo vklopi v razli\u010dne okoljske nastavitve, hkrati pa zagotavlja prakti\u010dnost in estetski videz.<\/p>\n","protected":false},"excerpt":{"rendered":"<p>Kontejner v antracit sivi barvi, dimenzij 6 x 2,3 metra, je zasnovan za fleksibilne in funkcionalne prostore. Zasnova vklju\u010duje dvojno okno in vrata, kar omogo\u010da enostaven dostop in dobro osvetlitev notranjosti. Ta kontejner je primeren za \u0161tevilne uporabe, kot so pisarne, skladi\u0161\u010da ali za\u010dasni prostori za razli\u010dne dejavnosti. Prednost tega kontejnerja je njegova elegantna in [&hellip;]<\/p>\n","protected":false},"featured_media":2467,"template":"","meta":{"ngg_post_thumbnail":0,"footnotes":""},"product_brand":[],"product_cat":[16],"product_tag":[],"class_list":{"0":"post-2465","1":"product","2":"type-product","3":"status-publish","4":"has-post-thumbnail","6":"product_cat-kontejnerji","8":"first","9":"instock","10":"sale","11":"virtual","12":"purchasable","13":"product-type-simple"},"_links":{"self":[{"href":"https:\/\/hosekra.com\/outlet\/wp-json\/wp\/v2\/product\/2465","targetHints":{"allow":["GET"]}}],"collection":[{"href":"https:\/\/hosekra.com\/outlet\/wp-json\/wp\/v2\/product"}],"about":[{"href":"https:\/\/hosekra.com\/outlet\/wp-json\/wp\/v2\/types\/product"}],"version-history":[{"count":2,"href":"https:\/\/hosekra.com\/outlet\/wp-json\/wp\/v2\/product\/2465\/revisions"}],"predecessor-version":[{"id":2709,"href":"https:\/\/hosekra.com\/outlet\/wp-json\/wp\/v2\/product\/2465\/revisions\/2709"}],"wp:featuredmedia":[{"embeddable":true,"href":"https:\/\/hosekra.com\/outlet\/wp-json\/wp\/v2\/media\/2467"}],"wp:attachment":[{"href":"https:\/\/hosekra.com\/outlet\/wp-json\/wp\/v2\/media?parent=2465"}],"wp:term":[{"taxonomy":"product_brand","embeddable":true,"href":"https:\/\/hosekra.com\/outlet\/wp-json\/wp\/v2\/product_brand?post=2465"},{"taxonomy":"product_cat","embeddable":true,"href":"https:\/\/hosekra.com\/outlet\/wp-json\/wp\/v2\/product_cat?post=2465"},{"taxonomy":"product_tag","embeddable":true,"href":"https:\/\/hosekra.com\/outlet\/wp-json\/wp\/v2\/product_tag?post=2465"}],"curies":[{"name":"wp","href":"https:\/\/api.w.org\/{rel}","templated":true}]}}