{"id":2476,"date":"2024-08-06T13:33:38","date_gmt":"2024-08-06T11:33:38","guid":{"rendered":"https:\/\/hosekra.com\/outlet\/?post_type=product&#038;p=2476"},"modified":"2025-03-21T12:53:33","modified_gmt":"2025-03-21T11:53:33","slug":"manjsi-kontejner-48x23-2","status":"publish","type":"product","link":"https:\/\/hosekra.com\/outlet\/izdelek\/manjsi-kontejner-48x23-2\/","title":{"rendered":"Manj\u0161i Kontejner 4,7mx2,3m"},"content":{"rendered":"<p>Manj\u0161i kontejner dimenzij 4,7 \u00d7 2,3 metra je izjemno vsestranski prostor, ki je primeren za razli\u010dne poslovne ali osebne potrebe. S svojo modernostjo in enostavno monta\u017eo nudi podjetjem prilagodljiv prostor za pisarno, delavnico ali skladi\u0161\u010de. Vgrajena izolacija zagotavlja udobje skozi vse leto, medtem ko okrasna fasada iz macesna poskrbi za estetski videz. Vsebuje tudi lu\u010d, vti\u010dnico ter preklopna vrata za enostaven dostop.<\/p>\n<p>Prednost tega kontejnerja je njegova zmo\u017enost hitre postavitve in selitve, kar je idealno za podjetja, ki potrebujejo mobilne in prilagodljive prostore.<\/p>\n","protected":false},"excerpt":{"rendered":"<p>Manj\u0161i kontejner dimenzij 4,7 \u00d7 2,3 metra je izjemno vsestranski prostor, ki je primeren za razli\u010dne poslovne ali osebne potrebe. S svojo modernostjo in enostavno monta\u017eo nudi podjetjem prilagodljiv prostor za pisarno, delavnico ali skladi\u0161\u010de. Vgrajena izolacija zagotavlja udobje skozi vse leto, medtem ko okrasna fasada iz macesna poskrbi za estetski videz. Vsebuje tudi lu\u010d, [&hellip;]<\/p>\n","protected":false},"featured_media":2478,"template":"","meta":{"ngg_post_thumbnail":0,"footnotes":""},"product_brand":[],"product_cat":[16],"product_tag":[],"class_list":{"0":"post-2476","1":"product","2":"type-product","3":"status-publish","4":"has-post-thumbnail","6":"product_cat-kontejnerji","8":"first","9":"instock","10":"sale","11":"virtual","12":"purchasable","13":"product-type-simple"},"_links":{"self":[{"href":"https:\/\/hosekra.com\/outlet\/wp-json\/wp\/v2\/product\/2476","targetHints":{"allow":["GET"]}}],"collection":[{"href":"https:\/\/hosekra.com\/outlet\/wp-json\/wp\/v2\/product"}],"about":[{"href":"https:\/\/hosekra.com\/outlet\/wp-json\/wp\/v2\/types\/product"}],"version-history":[{"count":4,"href":"https:\/\/hosekra.com\/outlet\/wp-json\/wp\/v2\/product\/2476\/revisions"}],"predecessor-version":[{"id":2707,"href":"https:\/\/hosekra.com\/outlet\/wp-json\/wp\/v2\/product\/2476\/revisions\/2707"}],"wp:featuredmedia":[{"embeddable":true,"href":"https:\/\/hosekra.com\/outlet\/wp-json\/wp\/v2\/media\/2478"}],"wp:attachment":[{"href":"https:\/\/hosekra.com\/outlet\/wp-json\/wp\/v2\/media?parent=2476"}],"wp:term":[{"taxonomy":"product_brand","embeddable":true,"href":"https:\/\/hosekra.com\/outlet\/wp-json\/wp\/v2\/product_brand?post=2476"},{"taxonomy":"product_cat","embeddable":true,"href":"https:\/\/hosekra.com\/outlet\/wp-json\/wp\/v2\/product_cat?post=2476"},{"taxonomy":"product_tag","embeddable":true,"href":"https:\/\/hosekra.com\/outlet\/wp-json\/wp\/v2\/product_tag?post=2476"}],"curies":[{"name":"wp","href":"https:\/\/api.w.org\/{rel}","templated":true}]}}