{"id":2481,"date":"2024-08-06T13:35:29","date_gmt":"2024-08-06T11:35:29","guid":{"rendered":"https:\/\/hosekra.com\/outlet\/?post_type=product&#038;p=2481"},"modified":"2025-03-21T12:52:09","modified_gmt":"2025-03-21T11:52:09","slug":"manjsi-kontejner-48x23-3","status":"publish","type":"product","link":"https:\/\/hosekra.com\/outlet\/izdelek\/manjsi-kontejner-48x23-3\/","title":{"rendered":"Manj\u0161i Kontejner 4,7mx2,3m"},"content":{"rendered":"<p>Manj\u0161i kontejner dimenzij 4,7&#215;2,3 metra je idealna re\u0161itev za razli\u010dne poslovne potrebe, kot so majhne pisarne ali shranjevanje. Zasnovan je v antracitni barvi z dekorativno fasado iz macesna, kar mu daje estetski videz. Popolnoma je izoliran za udobno uporabo skozi vse leto. Opremljen je z lu\u010djo in vti\u010dnico za takoj\u0161njo uporabo.<\/p>\n<p>Kompaktna velikost tega kontejnerja omogo\u010da enostavno namestitev na manj\u0161e povr\u0161ine, kjer je prostor omejen, vendar je potrebna funkcionalnost.<\/p>\n","protected":false},"excerpt":{"rendered":"<p>Manj\u0161i kontejner dimenzij 4,7&#215;2,3 metra je idealna re\u0161itev za razli\u010dne poslovne potrebe, kot so majhne pisarne ali shranjevanje. Zasnovan je v antracitni barvi z dekorativno fasado iz macesna, kar mu daje estetski videz. Popolnoma je izoliran za udobno uporabo skozi vse leto. Opremljen je z lu\u010djo in vti\u010dnico za takoj\u0161njo uporabo. Kompaktna velikost tega kontejnerja [&hellip;]<\/p>\n","protected":false},"featured_media":2483,"template":"","meta":{"ngg_post_thumbnail":0,"footnotes":""},"product_brand":[],"product_cat":[16],"product_tag":[],"class_list":{"0":"post-2481","1":"product","2":"type-product","3":"status-publish","4":"has-post-thumbnail","6":"product_cat-kontejnerji","8":"first","9":"instock","10":"sale","11":"virtual","12":"purchasable","13":"product-type-simple"},"_links":{"self":[{"href":"https:\/\/hosekra.com\/outlet\/wp-json\/wp\/v2\/product\/2481","targetHints":{"allow":["GET"]}}],"collection":[{"href":"https:\/\/hosekra.com\/outlet\/wp-json\/wp\/v2\/product"}],"about":[{"href":"https:\/\/hosekra.com\/outlet\/wp-json\/wp\/v2\/types\/product"}],"version-history":[{"count":3,"href":"https:\/\/hosekra.com\/outlet\/wp-json\/wp\/v2\/product\/2481\/revisions"}],"predecessor-version":[{"id":2705,"href":"https:\/\/hosekra.com\/outlet\/wp-json\/wp\/v2\/product\/2481\/revisions\/2705"}],"wp:featuredmedia":[{"embeddable":true,"href":"https:\/\/hosekra.com\/outlet\/wp-json\/wp\/v2\/media\/2483"}],"wp:attachment":[{"href":"https:\/\/hosekra.com\/outlet\/wp-json\/wp\/v2\/media?parent=2481"}],"wp:term":[{"taxonomy":"product_brand","embeddable":true,"href":"https:\/\/hosekra.com\/outlet\/wp-json\/wp\/v2\/product_brand?post=2481"},{"taxonomy":"product_cat","embeddable":true,"href":"https:\/\/hosekra.com\/outlet\/wp-json\/wp\/v2\/product_cat?post=2481"},{"taxonomy":"product_tag","embeddable":true,"href":"https:\/\/hosekra.com\/outlet\/wp-json\/wp\/v2\/product_tag?post=2481"}],"curies":[{"name":"wp","href":"https:\/\/api.w.org\/{rel}","templated":true}]}}