{"id":2498,"date":"2024-01-06T13:45:50","date_gmt":"2024-01-06T12:45:50","guid":{"rendered":"https:\/\/hosekra.com\/outlet\/?post_type=product&#038;p=2498"},"modified":"2025-08-27T13:59:08","modified_gmt":"2025-08-27T11:59:08","slug":"manjsi-kontejner-48x23-5","status":"publish","type":"product","link":"https:\/\/hosekra.com\/outlet\/izdelek\/manjsi-kontejner-48x23-5\/","title":{"rendered":"Manj\u0161i Kontejner 4,7mx2,3m"},"content":{"rendered":"<p>Manj\u0161i kontejner dimenzij 4,7 x 2,3 metra je kompaktna re\u0161itev, primerna za pisarni\u0161ke prostore ali manj\u0161e shranjevanje. Ima fasado v antracitni barvi, opremljen je z enim oknom in enimi vrati za enostaven dostop in naravno svetlobo. Notranjost je popolnoma izolirana, kar omogo\u010da udobno delovno okolje skozi vse leto, poleti in pozimi. Opremljen je z lu\u010djo in vti\u010dnico za takoj\u0161njo uporabo.<\/p>\n<p>Prednost tega kontejnerja je njegova prilagodljivost za razli\u010dne poslovne potrebe, saj je primeren za hitro postavitev pisarne ali manj\u0161e skladi\u0161\u010de.<\/p>\n","protected":false},"excerpt":{"rendered":"<p>Manj\u0161i kontejner dimenzij 4,7 x 2,3 metra je kompaktna re\u0161itev, primerna za pisarni\u0161ke prostore ali manj\u0161e shranjevanje. Ima fasado v antracitni barvi, opremljen je z enim oknom in enimi vrati za enostaven dostop in naravno svetlobo. Notranjost je popolnoma izolirana, kar omogo\u010da udobno delovno okolje skozi vse leto, poleti in pozimi. Opremljen je z lu\u010djo [&hellip;]<\/p>\n","protected":false},"featured_media":2500,"template":"","meta":{"ngg_post_thumbnail":0,"footnotes":""},"product_brand":[],"product_cat":[16],"product_tag":[],"class_list":{"0":"post-2498","1":"product","2":"type-product","3":"status-publish","4":"has-post-thumbnail","6":"product_cat-kontejnerji","8":"first","9":"instock","10":"sale","11":"virtual","12":"purchasable","13":"product-type-simple"},"_links":{"self":[{"href":"https:\/\/hosekra.com\/outlet\/wp-json\/wp\/v2\/product\/2498","targetHints":{"allow":["GET"]}}],"collection":[{"href":"https:\/\/hosekra.com\/outlet\/wp-json\/wp\/v2\/product"}],"about":[{"href":"https:\/\/hosekra.com\/outlet\/wp-json\/wp\/v2\/types\/product"}],"version-history":[{"count":3,"href":"https:\/\/hosekra.com\/outlet\/wp-json\/wp\/v2\/product\/2498\/revisions"}],"predecessor-version":[{"id":2703,"href":"https:\/\/hosekra.com\/outlet\/wp-json\/wp\/v2\/product\/2498\/revisions\/2703"}],"wp:featuredmedia":[{"embeddable":true,"href":"https:\/\/hosekra.com\/outlet\/wp-json\/wp\/v2\/media\/2500"}],"wp:attachment":[{"href":"https:\/\/hosekra.com\/outlet\/wp-json\/wp\/v2\/media?parent=2498"}],"wp:term":[{"taxonomy":"product_brand","embeddable":true,"href":"https:\/\/hosekra.com\/outlet\/wp-json\/wp\/v2\/product_brand?post=2498"},{"taxonomy":"product_cat","embeddable":true,"href":"https:\/\/hosekra.com\/outlet\/wp-json\/wp\/v2\/product_cat?post=2498"},{"taxonomy":"product_tag","embeddable":true,"href":"https:\/\/hosekra.com\/outlet\/wp-json\/wp\/v2\/product_tag?post=2498"}],"curies":[{"name":"wp","href":"https:\/\/api.w.org\/{rel}","templated":true}]}}