{"id":2505,"date":"2024-02-06T13:46:59","date_gmt":"2024-02-06T12:46:59","guid":{"rendered":"https:\/\/hosekra.com\/outlet\/?post_type=product&#038;p=2505"},"modified":"2025-05-22T11:32:24","modified_gmt":"2025-05-22T09:32:24","slug":"osnovni-kontejner-6x23m-10","status":"publish","type":"product","link":"https:\/\/hosekra.com\/outlet\/izdelek\/osnovni-kontejner-6x23m-10\/","title":{"rendered":"Osnovni Kontejner 6mx2,3m"},"content":{"rendered":"<p>Kontejner dimenzij 6&#215;2,3 metra v antracit barvi je zasnovan za \u0161tevilne uporabe, kot so pisarne, skladi\u0161\u010da ali drugi delovni prostori. Zasnovan je za hitro monta\u017eo, z mo\u017enostjo enostavnih prilagoditev po potrebah uporabnika. Ima eno okno in vrata, kar omogo\u010da dostop ter naravno svetlobo. Popolnoma je izoliran, kar zagotavlja udobno temperaturo skozi vse leto. V notranjosti je \u017ee name\u0161\u010dena lu\u010d in vti\u010dnica za osnovne elektri\u010dne potreb\u0161\u010dine. Prednost tega kontejnerja je njegova fleksibilnost in mo\u017enost nadgradnje, kar omogo\u010da prilagoditev razli\u010dnih poslovnim potrebam.<\/p>\n","protected":false},"excerpt":{"rendered":"<p>Kontejner dimenzij 6&#215;2,3 metra v antracit barvi je zasnovan za \u0161tevilne uporabe, kot so pisarne, skladi\u0161\u010da ali drugi delovni prostori. Zasnovan je za hitro monta\u017eo, z mo\u017enostjo enostavnih prilagoditev po potrebah uporabnika. Ima eno okno in vrata, kar omogo\u010da dostop ter naravno svetlobo. Popolnoma je izoliran, kar zagotavlja udobno temperaturo skozi vse leto. V notranjosti [&hellip;]<\/p>\n","protected":false},"featured_media":2507,"template":"","meta":{"ngg_post_thumbnail":0,"footnotes":""},"product_brand":[],"product_cat":[16],"product_tag":[],"class_list":{"0":"post-2505","1":"product","2":"type-product","3":"status-publish","4":"has-post-thumbnail","6":"product_cat-kontejnerji","8":"first","9":"instock","10":"sale","11":"virtual","12":"purchasable","13":"product-type-simple"},"_links":{"self":[{"href":"https:\/\/hosekra.com\/outlet\/wp-json\/wp\/v2\/product\/2505","targetHints":{"allow":["GET"]}}],"collection":[{"href":"https:\/\/hosekra.com\/outlet\/wp-json\/wp\/v2\/product"}],"about":[{"href":"https:\/\/hosekra.com\/outlet\/wp-json\/wp\/v2\/types\/product"}],"version-history":[{"count":2,"href":"https:\/\/hosekra.com\/outlet\/wp-json\/wp\/v2\/product\/2505\/revisions"}],"predecessor-version":[{"id":2702,"href":"https:\/\/hosekra.com\/outlet\/wp-json\/wp\/v2\/product\/2505\/revisions\/2702"}],"wp:featuredmedia":[{"embeddable":true,"href":"https:\/\/hosekra.com\/outlet\/wp-json\/wp\/v2\/media\/2507"}],"wp:attachment":[{"href":"https:\/\/hosekra.com\/outlet\/wp-json\/wp\/v2\/media?parent=2505"}],"wp:term":[{"taxonomy":"product_brand","embeddable":true,"href":"https:\/\/hosekra.com\/outlet\/wp-json\/wp\/v2\/product_brand?post=2505"},{"taxonomy":"product_cat","embeddable":true,"href":"https:\/\/hosekra.com\/outlet\/wp-json\/wp\/v2\/product_cat?post=2505"},{"taxonomy":"product_tag","embeddable":true,"href":"https:\/\/hosekra.com\/outlet\/wp-json\/wp\/v2\/product_tag?post=2505"}],"curies":[{"name":"wp","href":"https:\/\/api.w.org\/{rel}","templated":true}]}}