{"id":2510,"date":"2024-08-06T13:49:11","date_gmt":"2024-08-06T11:49:11","guid":{"rendered":"https:\/\/hosekra.com\/outlet\/?post_type=product&#038;p=2510"},"modified":"2025-03-21T12:57:11","modified_gmt":"2025-03-21T11:57:11","slug":"kontejner-6x23-11","status":"publish","type":"product","link":"https:\/\/hosekra.com\/outlet\/izdelek\/kontejner-6x23-11\/","title":{"rendered":"Osnovni Kontejner 6mx2,3m"},"content":{"rendered":"<p>Osnovni kontejner dimenzij 6&#215;2,3 metra je preprosta in funkcionalna re\u0161itev za razli\u010dne potrebe. Ima trpe\u017eno belo zunanjost in antracitno okno ter bela vrata za enostaven dostop. Popolnoma izoliran kontejner zagotavlja udobno temperaturo skozi vse leto. Vgrajena lu\u010d in vti\u010dnica omogo\u010data hitro uporabo za osnovne elektri\u010dne potrebe. Prednost tega kontejnerja je njegova fleksibilnost in pripravljena uporabnost takoj po dostavi, kar omogo\u010da hitro implementacijo v poslovnem ali osebnem okolju.<\/p>\n","protected":false},"excerpt":{"rendered":"<p>Osnovni kontejner dimenzij 6&#215;2,3 metra je preprosta in funkcionalna re\u0161itev za razli\u010dne potrebe. Ima trpe\u017eno belo zunanjost in antracitno okno ter bela vrata za enostaven dostop. Popolnoma izoliran kontejner zagotavlja udobno temperaturo skozi vse leto. Vgrajena lu\u010d in vti\u010dnica omogo\u010data hitro uporabo za osnovne elektri\u010dne potrebe. Prednost tega kontejnerja je njegova fleksibilnost in pripravljena uporabnost [&hellip;]<\/p>\n","protected":false},"featured_media":2517,"template":"","meta":{"ngg_post_thumbnail":0,"footnotes":""},"product_brand":[],"product_cat":[16],"product_tag":[],"class_list":{"0":"post-2510","1":"product","2":"type-product","3":"status-publish","4":"has-post-thumbnail","6":"product_cat-kontejnerji","8":"first","9":"instock","10":"sale","11":"virtual","12":"purchasable","13":"product-type-simple"},"_links":{"self":[{"href":"https:\/\/hosekra.com\/outlet\/wp-json\/wp\/v2\/product\/2510","targetHints":{"allow":["GET"]}}],"collection":[{"href":"https:\/\/hosekra.com\/outlet\/wp-json\/wp\/v2\/product"}],"about":[{"href":"https:\/\/hosekra.com\/outlet\/wp-json\/wp\/v2\/types\/product"}],"version-history":[{"count":5,"href":"https:\/\/hosekra.com\/outlet\/wp-json\/wp\/v2\/product\/2510\/revisions"}],"predecessor-version":[{"id":2701,"href":"https:\/\/hosekra.com\/outlet\/wp-json\/wp\/v2\/product\/2510\/revisions\/2701"}],"wp:featuredmedia":[{"embeddable":true,"href":"https:\/\/hosekra.com\/outlet\/wp-json\/wp\/v2\/media\/2517"}],"wp:attachment":[{"href":"https:\/\/hosekra.com\/outlet\/wp-json\/wp\/v2\/media?parent=2510"}],"wp:term":[{"taxonomy":"product_brand","embeddable":true,"href":"https:\/\/hosekra.com\/outlet\/wp-json\/wp\/v2\/product_brand?post=2510"},{"taxonomy":"product_cat","embeddable":true,"href":"https:\/\/hosekra.com\/outlet\/wp-json\/wp\/v2\/product_cat?post=2510"},{"taxonomy":"product_tag","embeddable":true,"href":"https:\/\/hosekra.com\/outlet\/wp-json\/wp\/v2\/product_tag?post=2510"}],"curies":[{"name":"wp","href":"https:\/\/api.w.org\/{rel}","templated":true}]}}